{"id":1028,"date":"2021-03-19T16:15:01","date_gmt":"2021-03-19T15:15:01","guid":{"rendered":"https:\/\/julielimoges.wordpress.com\/?page_id=1028"},"modified":"2021-03-19T16:24:51","modified_gmt":"2021-03-19T15:24:51","slug":"manga-domu","status":"publish","type":"page","link":"https:\/\/julie-limoges.fr\/?page_id=1028","title":{"rendered":"Manga : D\u00f4mu"},"content":{"rendered":"<p>Article publi\u00e9 originalement sur le site <a href=\"http:\/\/hydralune.com\/lecture-dauteurs\/domu-katsuhiro-otomo-avis-de-julie-limoges\/\">Hydralune<\/a>.<\/p>\n<p style=\"text-align:justify;\">Je ne m\u2019en cache pas, j\u2019ai \u00e9t\u00e9 bien plus influenc\u00e9e par le cin\u00e9ma et la bande dessin\u00e9e que par la litt\u00e9rature. Alors, quand j\u2019ai d\u00fb choisir une \u0153uvre qui me tient \u00e0 c\u0153ur pour la pr\u00e9senter ici, c\u2019est naturellement vers ces m\u00e9dias que je me suis tourn\u00e9e. J\u2019ai jet\u00e9 mon d\u00e9volu sur un manga peu connu de par chez nous, mais dont l\u2019auteur l\u2019est beaucoup plus.<\/p>\n<p style=\"text-align:justify;\">En effet, avant de travailler sur Akira, son manga le plus c\u00e9l\u00e8bre, Katsuhiro Otomo proposa D\u00f4mu, une nouvelle graphique originalement publi\u00e9e dans Weekly Young Magazine \u00e0 partir du 19 janvier 1980. Compos\u00e9 de trois tomes dans sa version ind\u00e9pendante, elle est aujourd\u2019hui disponible en int\u00e9grale dans notre pays (la quatri\u00e8me \u00e9dition est \u00e0 privil\u00e9gier, car publi\u00e9e dans le sens de lecture original). Moins connu que son successeur, D\u00f4mu a n\u00e9anmoins re\u00e7u de nombreux prix et a \u00e9t\u00e9 vendu \u00e0 plus de 500\u2009000 exemplaires rien qu\u2019au Japon.<\/p>\n<p style=\"text-align:justify;\">L\u2019histoire se d\u00e9roule au c\u0153ur des barres d\u2019immeubles d&#8217;un complexe d\u2019habitation en p\u00e9riph\u00e9rie de Tokyo. L\u2019inspecteur Yamagawa et son \u00e9quipe sont envoy\u00e9s sur place pour \u00e9lucider une \u00e9trange s\u00e9rie de suicides. Trente-deux morts en trois ans, uniquement dans un seul b\u00e2timent. La derni\u00e8re victime se serait jet\u00e9e du toit. Or, en aucun cas elle ne pouvait s&#8217;y rendre, son acc\u00e8s \u00e9tant condamn\u00e9 depuis longtemps.<br \/>\nEn enqu\u00eatant, l\u2019inspecteur rencontre les habitants les plus insolites du complexe : un homme \u00e0 la stature de buffle, mais simplet, un p\u00e8re violent, une femme devenue folle apr\u00e8s une fausse couche et m\u00eame un vieillard s\u00e9nile se comportant comme un enfant. Puis, une r\u00e9sidente lui d\u00e9clare avoir vu la derni\u00e8re victime d\u00e9ambulant comme en transe, casquette de baseball viss\u00e9e sur la t\u00eate. Une casquette qui n\u2019a jamais \u00e9t\u00e9 retrouv\u00e9e. Alors, quand un policier se suicide \u00e0 son tour et que son arme dispara\u00eet myst\u00e9rieusement, Yamagawa n\u2019a plus de doute : le tueur collectionne les objets les plus personnels de ses victimes.<br \/>\nL\u2019enqu\u00eate avance, mais bient\u00f4t c\u2019est le corps d\u00e9sarticul\u00e9 de l\u2019inspecteur que l\u2019on d\u00e9couvre au pied de l\u2019immeuble. Les \u00e9v\u00e8nements \u00e9tranges et mortels semblent devoir se poursuivre ind\u00e9finiment. D\u00e8s le lendemain, cependant, la jeune Etsuko emm\u00e9nage dans le b\u00e2timent avec sa famille. De nouvelles victimes ?<br \/>\nPeut-\u00eatre, mais Etsuko n\u2019est pas une fillette comme les autres.<\/p>\n<p style=\"text-align:justify;\">Le th\u00e8me principal de ce manga, une lutte sans merci entre deux \u00ab\u2009enfants\u2009\u00bb dou\u00e9s de pouvoirs extrasensoriels, annonce d\u00e9j\u00e0 Akira. En revanche, son impl\u00e9mentation dans une banlieue nippone confondante de normalit\u00e9 l\u2019en \u00e9loigne. Le traitement de la difficult\u00e9 de l\u2019enfant \u00e0 passer \u00e0 l\u2019\u00e2ge adulte, de l\u2019incompr\u00e9hension qu\u2019il rencontre aupr\u00e8s de ses a\u00een\u00e9s ainsi que de l\u2019irruption violente du surnaturel dans le quotidien semble primer sur l\u2019enqu\u00eate polici\u00e8re, qui sert ici juste d\u2019ancrage avant le basculement dans le fantastique.<br \/>\nL\u2019histoire est d\u2019ailleurs tir\u00e9e d\u2019un fait r\u00e9el qui s\u2019est d\u00e9roul\u00e9 dans les ann\u00e9es 70. Une vague de suicides inexpliqu\u00e9s s\u2019est en effet produite dans un complexe d\u2019habitations flambant neuf. Pas moins de 150 personnes seraient mortes, et ce nombre effroyable aurait pu encore augmenter si les autorit\u00e9s n\u2019avaient pas fait condamner les acc\u00e8s au toit et fait poser des filets de s\u00e9curit\u00e9. Ces faits divers auraient d\u2019autant plus touch\u00e9 Otomo qu\u2019il vivait dans un autre ensemble, non loin de celui endeuill\u00e9 par ces drames.<\/p>\n<p style=\"text-align:justify;\">Au-del\u00e0 des th\u00e8mes abord\u00e9s et d\u00e9velopp\u00e9s avec brio au fil des 240 pages, D\u00f4mu est aussi une \u0153uvre graphique magistrale. Il b\u00e9n\u00e9ficie d\u2019une approche cin\u00e9matographique \u00e0 la limite du story-board tant chaque case est au service du r\u00e9cit. Les cadrages millim\u00e9tr\u00e9s, les perspectives vertigineuses, les plans larges (si rares dans un genre souvent avare en place) oppressants, le d\u00e9coupage des planches asym\u00e9triques et dynamiques : tous participent \u00e0 emporter le lecteur dans cette exp\u00e9rience graphique o\u00f9 la fronti\u00e8re entre images fixes et images anim\u00e9es devient floue.<br \/>\nLe talent d\u2019Otomo est partout. De ces longues s\u00e9quences sans aucun dialogue o\u00f9 seul le visuel conte l\u2019histoire, \u00e0 la minutie du dessin, \u00e0 la fois empreint de sa patte graphique et d\u2019un r\u00e9alisme gla\u00e7ant. Les sc\u00e8nes d\u2019action et de destruction sont stup\u00e9fiantes et admirablement ma\u00eetris\u00e9es.<\/p>\n<p style=\"text-align:justify;\">J\u2019ai personnellement \u00e9t\u00e9 bluff\u00e9e par cette \u0153uvre. Lors de ma premi\u00e8re lecture, je n\u2019ai pas pu l\u00e2cher le livre avant de l\u2019avoir fini. La technique de l\u2019auteur et la mani\u00e8re dont il l\u2019utilise afin de rendre plus puissant son r\u00e9cit m\u2019ont subjugu\u00e9e. Au fil de l\u2019histoire, j\u2019ai ressenti des \u00e9motions multiples, comme le vertige dans les passages a\u00e9riens au-dessus des immeubles, l\u2019angoisse lorsque l\u2019auteur sonde les recoins les plus sombres de l\u2019enfance ou encore cette l\u00e9g\u00e8ret\u00e9 funeste propre au r\u00eave, ou au cauchemar, qui s\u2019insinue \u00e0 mesure que l\u2019on progresse jusqu\u2019au final, terrifiant.<\/p>\n<p style=\"text-align:justify;\">Apr\u00e8s tout, \u00ab\u2009D\u00f4mu\u2009\u00bb ne signifie-t-il pas litt\u00e9ralement \u00ab\u2009r\u00eave d\u2019enfant\u2009\u00bb en japonais\u2009?<\/p>\n<p style=\"text-align:justify;\"><strong>D\u00f4mu, de Katsuhiro Otomo<\/strong><br \/>\nType : <strong>Manga (Seinen)<\/strong><br \/>\nGenre : <strong>Surnaturel, horreur<\/strong><br \/>\nSorti le <strong>19 janvier 1980<\/strong><\/p>\n","protected":false},"excerpt":{"rendered":"<p>Article publi\u00e9 originalement sur le site Hydralune. Je ne m\u2019en cache pas, j\u2019ai \u00e9t\u00e9 bien plus influenc\u00e9e par le cin\u00e9ma [&hellip;]<\/p>\n","protected":false},"author":1,"featured_media":1426,"parent":1093,"menu_order":0,"comment_status":"closed","ping_status":"closed","template":"","meta":{"site-sidebar-layout":"default","site-content-layout":"","ast-site-content-layout":"default","site-content-style":"default","site-sidebar-style":"default","ast-global-header-display":"","ast-banner-title-visibility":"","ast-main-header-display":"","ast-hfb-above-header-display":"","ast-hfb-below-header-display":"","ast-hfb-mobile-header-display":"","site-post-title":"","ast-breadcrumbs-content":"","ast-featured-img":"","footer-sml-layout":"","ast-disable-related-posts":"","theme-transparent-header-meta":"","adv-header-id-meta":"","stick-header-meta":"","header-above-stick-meta":"","header-main-stick-meta":"","header-below-stick-meta":"","astra-migrate-meta-layouts":"default","ast-page-background-enabled":"default","ast-page-background-meta":{"desktop":{"background-color":"var(--ast-global-color-4)","background-image":"","background-repeat":"repeat","background-position":"center center","background-size":"auto","background-attachment":"scroll","background-type":"","background-media":"","overlay-type":"","overlay-color":"","overlay-opacity":"","overlay-gradient":""},"tablet":{"background-color":"","background-image":"","background-repeat":"repeat","background-position":"center center","background-size":"auto","background-attachment":"scroll","background-type":"","background-media":"","overlay-type":"","overlay-color":"","overlay-opacity":"","overlay-gradient":""},"mobile":{"background-color":"","background-image":"","background-repeat":"repeat","background-position":"center center","background-size":"auto","background-attachment":"scroll","background-type":"","background-media":"","overlay-type":"","overlay-color":"","overlay-opacity":"","overlay-gradient":""}},"ast-content-background-meta":{"desktop":{"background-color":"var(--ast-global-color-5)","background-image":"","background-repeat":"repeat","background-position":"center center","background-size":"auto","background-attachment":"scroll","background-type":"","background-media":"","overlay-type":"","overlay-color":"","overlay-opacity":"","overlay-gradient":""},"tablet":{"background-color":"var(--ast-global-color-5)","background-image":"","background-repeat":"repeat","background-position":"center center","background-size":"auto","background-attachment":"scroll","background-type":"","background-media":"","overlay-type":"","overlay-color":"","overlay-opacity":"","overlay-gradient":""},"mobile":{"background-color":"var(--ast-global-color-5)","background-image":"","background-repeat":"repeat","background-position":"center center","background-size":"auto","background-attachment":"scroll","background-type":"","background-media":"","overlay-type":"","overlay-color":"","overlay-opacity":"","overlay-gradient":""}},"jetpack_post_was_ever_published":false,"footnotes":""},"class_list":["post-1028","page","type-page","status-publish","has-post-thumbnail","hentry"],"jetpack_sharing_enabled":true,"jetpack_shortlink":"https:\/\/wp.me\/P9nlNh-gA","jetpack-related-posts":[{"id":817,"url":"https:\/\/julie-limoges.fr\/?page_id=817","url_meta":{"origin":1028,"position":0},"title":"Illustration : Paul Bonner","author":"Kyvar","date":"11 May 2016","format":false,"excerpt":"Pour inaugurer cette section, rien de mieux que l'un de mes illustrateurs pr\u00e9f\u00e9r\u00e9s : Paul Bonner. Bien connu des joueurs de Warhammer, Shadowrun et Magic, cet artiste a \u00e0 son actif un nombre d'autant plus impressionnant d'illustrations qu'elles sont de qualit\u00e9. Ses domaines principaux sont la science-fiction et la fantasy.\u2026","rel":"","context":"Similar post","block_context":{"text":"Similar post","link":""},"img":{"alt_text":"","src":"https:\/\/i0.wp.com\/julie-limoges.fr\/wp-content\/uploads\/2016\/05\/234994.jpg?fit=1200%2C574&ssl=1&resize=350%2C200","width":350,"height":200,"srcset":"https:\/\/i0.wp.com\/julie-limoges.fr\/wp-content\/uploads\/2016\/05\/234994.jpg?fit=1200%2C574&ssl=1&resize=350%2C200 1x, https:\/\/i0.wp.com\/julie-limoges.fr\/wp-content\/uploads\/2016\/05\/234994.jpg?fit=1200%2C574&ssl=1&resize=525%2C300 1.5x, https:\/\/i0.wp.com\/julie-limoges.fr\/wp-content\/uploads\/2016\/05\/234994.jpg?fit=1200%2C574&ssl=1&resize=700%2C400 2x, https:\/\/i0.wp.com\/julie-limoges.fr\/wp-content\/uploads\/2016\/05\/234994.jpg?fit=1200%2C574&ssl=1&resize=1050%2C600 3x"},"classes":[]},{"id":1025,"url":"https:\/\/julie-limoges.fr\/?page_id=1025","url_meta":{"origin":1028,"position":1},"title":"Bande dessin\u00e9e : Les lumi\u00e8res de l&#8217;Amalou","author":"Kyvar","date":"19 March 2021","format":false,"excerpt":"Article publi\u00e9 originalement sur le site Hydralune. C\u2019est de nouveau mon tour de vous pr\u00e9senter une \u0153uvre qui m\u2019est ch\u00e8re et qui m\u2019a influenc\u00e9e dans mon parcours d\u2019\u00e9crivain. Apr\u00e8s un manga, D\u00f4mu, je reviens dans l'Hexagone pour vous parler d\u2019une bande dessin\u00e9e bien de chez nous\u00a0: les Lumi\u00e8res de Lamalou.\u2026","rel":"","context":"Similar post","block_context":{"text":"Similar post","link":""},"img":{"alt_text":"","src":"https:\/\/i0.wp.com\/julie-limoges.fr\/wp-content\/uploads\/2017\/04\/les-lumieres-de-l-amalou-e1616167326768.jpg?fit=400%2C393&ssl=1&resize=350%2C200","width":350,"height":200},"classes":[]},{"id":1038,"url":"https:\/\/julie-limoges.fr\/?page_id=1038","url_meta":{"origin":1028,"position":2},"title":"Ce qu&#8217;on en dit","author":"Kyvar","date":"27 July 2017","format":false,"excerpt":"Vous retrouverez ici les critiques et articles sur le cycle Le soleil des hommes ! \u00a0 Nuit de cendres Site de Catherine Loiseau J\u2019ai eu la chance de d\u00e9couvrir ce roman en avant-premi\u00e8re, vu que je suis l\u2019une des marraines de ce tome au sein du\u00a0collectif Hydralune. Franchement, d\u00e8s les\u2026","rel":"","context":"Similar post","block_context":{"text":"Similar post","link":""},"img":{"alt_text":"","src":"https:\/\/i0.wp.com\/julie-limoges.fr\/wp-content\/uploads\/2017\/07\/SDH_cequonendit.jpg?fit=1072%2C435&ssl=1&resize=350%2C200","width":350,"height":200,"srcset":"https:\/\/i0.wp.com\/julie-limoges.fr\/wp-content\/uploads\/2017\/07\/SDH_cequonendit.jpg?fit=1072%2C435&ssl=1&resize=350%2C200 1x, https:\/\/i0.wp.com\/julie-limoges.fr\/wp-content\/uploads\/2017\/07\/SDH_cequonendit.jpg?fit=1072%2C435&ssl=1&resize=525%2C300 1.5x, https:\/\/i0.wp.com\/julie-limoges.fr\/wp-content\/uploads\/2017\/07\/SDH_cequonendit.jpg?fit=1072%2C435&ssl=1&resize=700%2C400 2x, https:\/\/i0.wp.com\/julie-limoges.fr\/wp-content\/uploads\/2017\/07\/SDH_cequonendit.jpg?fit=1072%2C435&ssl=1&resize=1050%2C600 3x"},"classes":[]},{"id":1476,"url":"https:\/\/julie-limoges.fr\/?page_id=1476","url_meta":{"origin":1028,"position":3},"title":"Memento Natalis","author":"Kyvar","date":"9 January 2023","format":false,"excerpt":"\u00a0 Imaginez un monde o\u00f9 plus personne ne mourrait, toujours plus vieillissant et bloqu\u00e9 dans une horrible routine. Une certaine f\u00eate interdite pourrait-elle faire office de r\u00e9bellion et, mieux, briser cette mal\u00e9diction ? \u00a0 \u00a0 \u00a0 \u00a0 Extrait : \u2014 Je sors les cartes, les arr\u00eata Auguste. Car nous sommes\u2026","rel":"","context":"Similar post","block_context":{"text":"Similar post","link":""},"img":{"alt_text":"","src":"https:\/\/i0.wp.com\/julie-limoges.fr\/wp-content\/uploads\/2023\/01\/MenentoLimoges.jpg?resize=350%2C200&ssl=1","width":350,"height":200},"classes":[]},{"id":660,"url":"https:\/\/julie-limoges.fr\/?page_id=660","url_meta":{"origin":1028,"position":4},"title":"Extrait : Mains de Mort","author":"Kyvar","date":"19 October 2015","format":false,"excerpt":"Mains de Mort \u00a0 L\u2019homme s\u2019effondra d\u00e8s que mes doigts effleur\u00e8rent la peau de son visage. Il s\u2019\u00e9croula sur le sol humide, fauch\u00e9 par la mort en un instant. Crev\u00e9 en plein vol. La femme tomba \u00e0 genoux \u00e0 la vue de son compagnon \u2013 sans doute son mari \u2013\u2026","rel":"","context":"Similar post","block_context":{"text":"Similar post","link":""},"img":{"alt_text":"","src":"","width":0,"height":0},"classes":[]},{"id":1075,"url":"https:\/\/julie-limoges.fr\/?page_id=1075","url_meta":{"origin":1028,"position":5},"title":"Un long chemin","author":"Kyvar","date":"31 July 2017","format":false,"excerpt":"La vie est un long chemin aux ramifications infinies. Au fil des culs-de-sac, des raccourcis ou des \u00e9garements, elle prend souvent des tournants insoup\u00e7onn\u00e9s. Des changements de direction parfois b\u00e9n\u00e9fiques, parfois funestes. C\u2019est ce que Mains de Mort, bourreau d\u2019\u00c9tat, va d\u00e9couvrir lors d\u2019une de ses missions de routine. Dot\u00e9\u2026","rel":"","context":"Similar post","block_context":{"text":"Similar post","link":""},"img":{"alt_text":"","src":"https:\/\/i0.wp.com\/julie-limoges.fr\/wp-content\/uploads\/2017\/07\/unlongchemin.jpg?fit=1072%2C435&ssl=1&resize=350%2C200","width":350,"height":200,"srcset":"https:\/\/i0.wp.com\/julie-limoges.fr\/wp-content\/uploads\/2017\/07\/unlongchemin.jpg?fit=1072%2C435&ssl=1&resize=350%2C200 1x, https:\/\/i0.wp.com\/julie-limoges.fr\/wp-content\/uploads\/2017\/07\/unlongchemin.jpg?fit=1072%2C435&ssl=1&resize=525%2C300 1.5x, https:\/\/i0.wp.com\/julie-limoges.fr\/wp-content\/uploads\/2017\/07\/unlongchemin.jpg?fit=1072%2C435&ssl=1&resize=700%2C400 2x, https:\/\/i0.wp.com\/julie-limoges.fr\/wp-content\/uploads\/2017\/07\/unlongchemin.jpg?fit=1072%2C435&ssl=1&resize=1050%2C600 3x"},"classes":[]}],"_links":{"self":[{"href":"https:\/\/julie-limoges.fr\/index.php?rest_route=\/wp\/v2\/pages\/1028","targetHints":{"allow":["GET"]}}],"collection":[{"href":"https:\/\/julie-limoges.fr\/index.php?rest_route=\/wp\/v2\/pages"}],"about":[{"href":"https:\/\/julie-limoges.fr\/index.php?rest_route=\/wp\/v2\/types\/page"}],"author":[{"embeddable":true,"href":"https:\/\/julie-limoges.fr\/index.php?rest_route=\/wp\/v2\/users\/1"}],"replies":[{"embeddable":true,"href":"https:\/\/julie-limoges.fr\/index.php?rest_route=%2Fwp%2Fv2%2Fcomments&post=1028"}],"version-history":[{"count":1,"href":"https:\/\/julie-limoges.fr\/index.php?rest_route=\/wp\/v2\/pages\/1028\/revisions"}],"predecessor-version":[{"id":1419,"href":"https:\/\/julie-limoges.fr\/index.php?rest_route=\/wp\/v2\/pages\/1028\/revisions\/1419"}],"up":[{"embeddable":true,"href":"https:\/\/julie-limoges.fr\/index.php?rest_route=\/wp\/v2\/pages\/1093"}],"wp:featuredmedia":[{"embeddable":true,"href":"https:\/\/julie-limoges.fr\/index.php?rest_route=\/wp\/v2\/media\/1426"}],"wp:attachment":[{"href":"https:\/\/julie-limoges.fr\/index.php?rest_route=%2Fwp%2Fv2%2Fmedia&parent=1028"}],"curies":[{"name":"wp","href":"https:\/\/api.w.org\/{rel}","templated":true}]}}