{"id":1038,"date":"2017-07-27T15:53:03","date_gmt":"2017-07-27T14:53:03","guid":{"rendered":"https:\/\/julielimoges.wordpress.com\/?page_id=1038"},"modified":"2021-03-17T17:22:55","modified_gmt":"2021-03-17T16:22:55","slug":"ce-que-les-autres-en-disent","status":"publish","type":"page","link":"https:\/\/julie-limoges.fr\/?page_id=1038","title":{"rendered":"Ce qu&#8217;on en dit"},"content":{"rendered":"<p>Vous retrouverez ici les critiques et articles sur le cycle <em>Le soleil des hommes<\/em> !<\/p>\n<p>&nbsp;<\/p>\n<h1>Nuit de cendres<\/h1>\n<h3><strong>Site de <a href=\"http:\/\/catherine-loiseau.fr\/\">Catherine Loiseau<\/a><\/strong><\/h3>\n<blockquote>\n<p style=\"text-align: justify;\">J\u2019ai eu la chance de d\u00e9couvrir ce roman en avant-premi\u00e8re, vu que je suis l\u2019une des marraines de ce tome au sein du&nbsp;<a href=\"http:\/\/hydralune.com\/\">collectif Hydralune<\/a>.<\/p>\n<p style=\"text-align: justify;\">Franchement, d\u00e8s les premi\u00e8res pages,&nbsp;<strong>j\u2019ai eu un gros coup de c\u0153ur pour cette histoire<\/strong>, et ce pour plusieurs raisons.<\/p>\n<p style=\"text-align: justify;\">D\u2019abord,&nbsp;<strong>le style est exceptionnel<\/strong>&nbsp;: \u00e0 la fois tr\u00e8s travaill\u00e9 et tr\u00e8s fluide. Les descriptions sont \u00e9poustouflantes, les sc\u00e8nes d\u2019actions magnifiques, bref, un style tr\u00e8s cisel\u00e9 qui ne laisse absolument rien au hasard.<\/p>\n<\/blockquote>\n<p>La suite de l&#8217;article <a href=\"http:\/\/catherine-loiseau.fr\/critiques\/nuit-de-cendres-soleil-hommes-t1-julie-limoges\" target=\"_blank\" rel=\"noopener noreferrer\">ici<\/a>.<\/p>\n<h3><strong>Le blog <a href=\"http:\/\/lamagiedesmots.be\/\" target=\"_blank\" rel=\"noopener noreferrer\">La Magie des Mots<\/a><\/strong><\/h3>\n<blockquote>\n<p style=\"text-align: justify;\">J\u2019ai d\u00e9couvert Julie Limoges gr\u00e2ce aux nouvelles qu\u2019elle a publi\u00e9 dans plusieurs num\u00e9ros de la revue Etherval. Sa plume m\u2019a tout de suite accroch\u00e9e. C\u2019est donc sans h\u00e9sitation que je me suis plong\u00e9e dans le premier volume de sa trilogie \u00ab Le Soleil des Hommes \u00bb.<\/p>\n<p style=\"text-align: justify;\">A l\u2019heure o\u00f9 je r\u00e9dige cette chronique, plusieurs mois se sont \u00e9coul\u00e9s depuis ma lecture de \u00ab Une nuit de cendres \u00bb. Les d\u00e9tails du r\u00e9cit se sont envol\u00e9s, mais je me souviens avec nettet\u00e9 de mes sentiments lorsque je tournais les pages num\u00e9riques de ce livre.<br \/>\nComme le pr\u00e9sente si bien le quart de couverture, il y a de l\u2019action. Beaucoup. Mais ne vous attendez pas pour autant \u00e0 un r\u00e9cit guerrier sans morale ni saveur.<\/p>\n<\/blockquote>\n<p>La suite de l&#8217;article <a href=\"http:\/\/lamagiedesmots.be\/le-soleil-des-hommes-nuit-de-cendres-tome-1-julie-limoges\/\" target=\"_blank\" rel=\"noopener noreferrer\">ici<\/a>.<\/p>\n<h3><strong>Le blog <a href=\"https:\/\/trollombrerobot.wordpress.com\/\" target=\"_blank\" rel=\"noopener noreferrer\">Le Troll, l&#8217;Ombre et le Robot<\/a><\/strong><\/h3>\n<blockquote>\n<p style=\"text-align: justify;\"><em>Nuit de cendres<\/em>, tome I du cycle Le soleil des hommes, est une \u00e9pop\u00e9e qui se d\u00e9roule dans un univers que la lumi\u00e8re a d\u00e9sert\u00e9. Difficile d\u2019ailleurs de situer l\u2019espace-temps de ce r\u00e9cit : les r\u00e9f\u00e9rences m\u00e9di\u00e9vales sont nombreuses (des troubadours, des malandrins, un monde organis\u00e9 ou r\u00e9organis\u00e9 en duch\u00e9s\u2026), mais r\u00e9f\u00e9rences m\u00eal\u00e9es \u00e0 des figures tir\u00e9es du bestiaire fantastique ( les goules ), l\u2019ensemble s\u2019inscrivant clairement dans une veine d\u2019hero\u00efc fantasy. Voil\u00e0 pour le cadre.<\/p>\n<p style=\"text-align: justify;\">L\u2019action : Akhyla et sa petite troupe de mercenaires doivent d\u00e9rober un myst\u00e9rieux objet, une sph\u00e8re couleur bronze, dans la statue du dieu de Pranak. Celle-ci se trouve dans une auberge aux abords poisseux, bond\u00e9e de Multins, de monstres et de soudards. Dans cet univers assez glauque, il pleut, beaucoup, \u00e7a pue jusqu\u2019\u00e0 la naus\u00e9e, et \u00e7a cogne fort tr\u00e8s vite.<\/p>\n<p style=\"text-align: justify;\">Les Multins, dites-vous ? Les hommes sont pris en tenaille entre ces derniers qui viennent du nord, cr\u00e9atures difformes et peu commodes, ennemies des humains, et les morts-vivants, au sud. Le roman d\u00e9roule avec vigueur cette \u00e9quation de g\u00e9ographie survivaliste. Dans ce monde disloqu\u00e9 et \u00e9teint, les hordes et les esp\u00e8ces se croisent, cohabitent au gr\u00e9 des circonstances, et se font la guerre. On n\u2019est parfois pas loin d\u2019une ambiance far-west, avec bagarres au zinc revisit\u00e9es. La noirceur du r\u00e9cit est relev\u00e9e par les nombreux moments d\u2019action purs et durs, et le style parfois parl\u00e9 et direct de l\u2019autrice, y compris hors-dialogue. Ce qui donne au texte sa tonalit\u00e9 assez singuli\u00e8re, toujours coh\u00e9rente.<\/p>\n<\/blockquote>\n<p>La suite de l&#8217;article <a href=\"https:\/\/trollombrerobot.wordpress.com\/2018\/08\/30\/nuit-de-cendres-de-julie-limoges\/\" target=\"_blank\" rel=\"noopener noreferrer\">ici<\/a>.<\/p>\n<h3><strong>Le blog <a href=\"https:\/\/lessortilegesdesmots.blogspot.com\" target=\"_blank\" rel=\"noopener noreferrer\">Les sortil\u00e8ges des mots<\/a><\/strong><\/h3>\n<p><iframe loading=\"lazy\" src=\"\/\/www.youtube.com\/embed\/-pTys2o4CwM\" width=\"560\" height=\"314\" allowfullscreen=\"allowfullscreen\"><\/iframe><\/p>\n<blockquote>\n<p style=\"text-align: justify;\">Je vous rassure. Ce roman poss\u00e8de une \u00e9criture addictive et puissante qui s&#8217;adapte \u00e0 chaque situation et personnage. Rien que pour \u00e7a il faut le lire. D&#8217;autant plus si vous connaissez les codes de la fantasy, vous serez d\u00e9pays\u00e9 tant l&#8217;autrice s&#8217;amuse \u00e0 ne pas les utiliser \u00e0 part un peut-\u00eatre et encore. Ce qui est le plus d\u00e9paysant est le fait que pour une fois les personnages centraux ne font pas parti int\u00e9grante de la qu\u00eate ou du but de l&#8217;histoire. Au contraire, ils vont se retrouver face \u00e0 une guerre plus t\u00f4t que pr\u00e9vu.<\/p>\n<\/blockquote>\n<p style=\"text-align: justify;\">Vous trouverez la version \u00e9crite de la chronique <a href=\"https:\/\/lessortilegesdesmots.blogspot.com\/2018\/09\/le-soleil-des-hommes-tome-1-nuit-de.html\" rel=\"noopener noreferrer\" target=\"_blank\">ici<\/a>.<\/p>\n<p>Voir la page de la vid\u00e9o <a href=\"https:\/\/lessortilegesdesmots.blogspot.com\/2018\/09\/point-lecture-5-septembre-2018.html\" target=\"_blank\" rel=\"noopener noreferrer\">ici<\/a>.<\/p>\n<h3><strong>Le blog <a href=\"https:\/\/limaginaerumdesymphonie.wordpress.com\/\" target=\"_blank\" rel=\"noopener noreferrer\">L&#8217;imaginaerum de Symphonie<\/a><\/strong><\/h3>\n<blockquote>\n<p style=\"text-align: justify;\">L\u2019univers est le premier bon point de ce premier tome, entre autres parce qu\u2019on ne sait pas grand chose sur ce qui est arriv\u00e9. Un cataclysme aurait en effet apport\u00e9 une nuit \u00e9ternelle au monde. De quelle nature ? Pourquoi ? Comment ? Ch\u00e2timent divin ou exc\u00e8s d\u2019orgueil des humains ? Et puis ce monde, c\u2019est un monde invent\u00e9, ou bien une version sombre de notre futur ? En attendant d\u2019en savoir plus, c\u2019est toujours sympa de sp\u00e9culer^^<br \/>\nCe monde, donc, partage des traits de la Dark Fantasy et de la Science-fiction. Ce qu\u2019il reste de l\u2019humanit\u00e9 se retrouve coinc\u00e9e entre des non-morts et des Multins, cr\u00e9atures qui me fascinent par leur vari\u00e9t\u00e9 mais dont je m\u2019interroge sur la nature. Bien que la nuit soit sans fin, certaines technologies fonctionnent encore, comme l\u2019\u00e9lectricit\u00e9.<br \/>\nC\u2019est aussi un monde crasseux, sombre, sans espoir, o\u00f9 chaque all\u00e9e, chaque caillou peut receler un aller simple vers la tombe. Et quand en plus l\u2019autrice semble adorer torturer ses personnages, eh bien \u00e7a donne des rencontres plut\u00f4t \u00e9piques^^ D\u2019ailleurs\u2026 On est dans de la Dark. Ne filez pas ce livre \u00e0 votre petit cousin de 10 ans\u2026 Sa sant\u00e9 mentale vous remerciera^^<\/p>\n<p style=\"text-align: justify;\">Les personnages<\/p>\n<p style=\"text-align: justify;\">Un autre des aspects que j\u2019ai beaucoup appr\u00e9ci\u00e9 : le livre propose aussi bien le point de vue des \u00ab gentils \u00bb que des \u00ab m\u00e9chants \u00bb.<\/p>\n<p>[&#8230;]<\/p>\n<p style=\"text-align: justify;\">Julie Limoges parvient tr\u00e8s bien \u00e0 nous rendre l\u2019aspect crasseux de son univers, les dialogues sont nerveux et r\u00e9alistes, et ses sc\u00e8nes d\u2019action sont \u00e0 la fois claires et prenantes, sans \u00eatre trop pr\u00e9sentes.<\/p>\n<\/blockquote>\n<p>La suite de l&#8217;article <a href=\"https:\/\/limaginaerumdesymphonie.wordpress.com\/2018\/09\/23\/le-soleil-des-hommes-t1-nuit-de-cendres-julie-limoges\/\" target=\"_blank\" rel=\"noopener noreferrer\">ici<\/a>.<\/p>\n<h3><strong>Le blog <a href=\"https:\/\/lespipelettesenparlent.com\/\" target=\"_blank\" rel=\"noopener noreferrer\">Les Pipelettes en parlent<\/a><\/strong><\/h3>\n<blockquote>\n<p style=\"text-align: justify;\">Il m\u2019aura fallu un peu de temps pour p\u00e9n\u00e9trer enti\u00e8rement dans ce r\u00e9cit, mais apr\u00e8s le premier chapitre, impossible de le l\u00e2cher. Nuit de cendres est un r\u00e9cit d\u2019aventure sombre, violent, sanglant et myst\u00e9rieux.<\/p>\n<p style=\"text-align: justify;\">D\u00e8s les premiers paragraphes, j\u2019ai \u00e9t\u00e9 plong\u00e9e dans l\u2019obscurit\u00e9 et la boue aux c\u00f4t\u00e9s des personnages. Les descriptions pr\u00e9cises de Julie Limoges sont si bien faites qu\u2019il est possible de se faire une repr\u00e9sentation du physique des h\u00e9ros, de leurs v\u00eatements, de leur odeur ainsi que des lieux qu\u2019ils traversent. Je ne me suis pas ennuy\u00e9e un seul instant : le vocabulaire est riche, la mise en sc\u00e8ne est \u00e9tonnante avec de l\u2019action et des sc\u00e8nes politiques, en passant par la vie des personnages et leur relations dans ce monde post-apocalyptique.<\/p>\n<\/blockquote>\n<p>La suite de l&#8217;article <a href=\"https:\/\/lespipelettesenparlent.com\/2019\/02\/nuit-de-cendres-julie-limoges\/\" target=\"_blank\" rel=\"noopener noreferrer\">ici<\/a>.<\/p>\n<p>&nbsp;<\/p>\n<h1>Jusqu&#8217;au ciel<\/h1>\n<h3><strong>Le blog <a href=\"http:\/\/lamagiedesmots.be\/\" target=\"_blank\" rel=\"noopener noreferrer\">La Magie des Mots<\/a><\/strong><\/h3>\n<blockquote>\n<p style=\"text-align: justify;\">J\u2019attendais ce second tome du Soleil des hommes depuis plusieurs mois, mais mon impatience s\u2019est nettement amplifi\u00e9e apr\u00e8s avoir r\u00e9dig\u00e9 ma chronique sur le premier volet: Nuit de cendres. J\u2019ai donc profit\u00e9 de mes vacances \u00e0 l\u2019\u00e9tranger pour d\u00e9vorer Jusqu\u2019au ciel.<\/p>\n<p style=\"text-align: justify;\">L\u2019histoire reprend l\u00e0 o\u00f9 elle s\u2019\u00e9tait arr\u00eat\u00e9e. Notre groupe de mercenaire est scind\u00e9 et chaque duo tente de s\u2019en sortir comme il peut. On suit plus particuli\u00e8rement Ekam et Akhyla, qui subissent gros pour rejoindre un lieu s\u00fbr. L\u2019atmosph\u00e8re de cette premi\u00e8re partie est tr\u00e8s bien rendue : on se tra\u00eene avec eux dans la boue, on a faim, on a froid, on tremble de fatigue avec eux et on s\u2019enlise dans les sombres pens\u00e9es d\u2019Akhy. Ce personnage, on l\u2019aime autant qu\u2019on le d\u00e9teste. On a envie de le cogner pour sa l\u00e2chet\u00e9 et puis\u2026 et puis ce petit con arrive toujours \u00e0 nous surprendre et \u00e0 nous faire palpiter pour sa survie.<\/p>\n<\/blockquote>\n<p>La suite de l&#8217;article <a href=\"http:\/\/lamagiedesmots.be\/jusquau-ciel-julie-limoges\/\" target=\"_blank\" rel=\"noopener noreferrer\">ici<\/a>.<\/p>\n<h3><strong>Le blog <a href=\"\/\/limaginaerumdesymphonie.wordpress.com\/\" target=\"_blank\" rel=\"noopener noreferrer\">L&#8217;imaginaerum de Symphonie<\/a><\/strong><\/h3>\n<blockquote>\n<p style=\"text-align: justify;\">L\u2019univers est sensiblement le m\u00eame que dans le premier tome, toujours aussi crasseux, dangereux et d\u00e9sesp\u00e9r\u00e9, m\u00eame s\u2019il est pas mal question de chaleur et de lumi\u00e8re, surtout vers la fin. A noter quand m\u00eame de nouveaux paysages bien int\u00e9ressants (mention sp\u00e9ciale au labyrinthe de pierres et \u00e0 Cress). Et pour nous rappeler qu\u2019on n\u2019est pas dans le pays des papillons, quelques sc\u00e8nes bien glauques et suintantes comme on les aime (pour rappel : pas de tartines pendant la lecture !).<br \/>\nSi nous avions fait la connaissance des Humains et des Multins dans le tome 1, nous rencontrons cette fois la troisi\u00e8me faction (non, non, pas l\u2019Ordre\u2026 Ce serait m\u00eame plut\u00f4t le contraire) et certaines cons\u00e9quences de leur passage.<\/p>\n<p>[&#8230;]<\/p>\n<p style=\"text-align: justify;\">Et en m\u00eame temps, je ne pense pas que l\u2019autrice aurait pu faire autrement, d\u2019autant que cette premi\u00e8re partie rehausse le caract\u00e8re flamboyant de la seconde, emplie d\u2019une tension qui fonctionne parfaitement, avec des moments d\u2019action cin\u00e9matographiques. C\u2019est bien simple, \u00e0 partir de la moiti\u00e9, on tourne les pages sans s\u2019en rendre compte, en pestant de ne pas avoir la suite.<\/p>\n<\/blockquote>\n<p>La suite de l&#8217;article <a href=\"https:\/\/limaginaerumdesymphonie.wordpress.com\/2018\/09\/30\/le-soleil-des-hommes-t2-jusquau-ciel-julie-limoges\/\" target=\"_blank\" rel=\"noopener noreferrer\">ici<\/a>.<\/p>\n<h3><strong>Le blog <a href=\"https:\/\/lessortilegesdesmots.blogspot.com\" target=\"_blank\" rel=\"noopener noreferrer\">Les sortil\u00e8ges des mots<\/a><\/strong><\/h3>\n<p><iframe loading=\"lazy\" src=\"\/\/www.youtube.com\/embed\/Vx4w7Ayutbs\" width=\"560\" height=\"314\" allowfullscreen=\"allowfullscreen\"><\/iframe><\/p>\n<blockquote>\n<p style=\"text-align: justify;\">En bref, ce deuxi\u00e8me tome est meilleur que le premier d\u00e9j\u00e0 tr\u00e8s bon. J&#8217;esp\u00e8re bien que le prochain sera encore meilleur en \u00e9pargnant notre cher akhyla, je l&#8217;esp\u00e8re.<\/p>\n<\/blockquote>\n<p style=\"text-align: justify;\">Vous trouverez la version \u00e9crite de la chronique <a href=\"https:\/\/lessortilegesdesmots.blogspot.com\/2018\/11\/le-soleil-des-hommes-tome-2-jusquau.html?fbclid=IwAR2hBfujAWWRxDAF-wQRxQtQ6hRVKyR2lQs1FATmQ3ZDuSqQ_f2emVt1Puw\" rel=\"noopener noreferrer\" target=\"_blank\">ici<\/a>.<\/p>\n<p>Voir la page de la vid\u00e9o <a href=\"https:\/\/lessortilegesdesmots.blogspot.com\/2018\/10\/point-lecture-24-octobre-2018.html?spref=fb&amp;fbclid=IwAR0oO5DlgpysuZVm9Qm92itd6WC4AhyE5IuvTPk532wyCoTNPmeNQazK1TY\" target=\"_blank\" rel=\"noopener noreferrer\">ici<\/a>.<\/p>\n","protected":false},"excerpt":{"rendered":"<p>Vous retrouverez ici les critiques et articles sur le cycle Le soleil des hommes ! &nbsp; Nuit de cendres Site [&hellip;]<\/p>\n","protected":false},"author":1,"featured_media":1169,"parent":13,"menu_order":6,"comment_status":"closed","ping_status":"closed","template":"","meta":{"site-sidebar-layout":"default","site-content-layout":"","ast-site-content-layout":"default","site-content-style":"default","site-sidebar-style":"default","ast-global-header-display":"","ast-banner-title-visibility":"","ast-main-header-display":"","ast-hfb-above-header-display":"","ast-hfb-below-header-display":"","ast-hfb-mobile-header-display":"","site-post-title":"","ast-breadcrumbs-content":"","ast-featured-img":"","footer-sml-layout":"","ast-disable-related-posts":"","theme-transparent-header-meta":"","adv-header-id-meta":"","stick-header-meta":"","header-above-stick-meta":"","header-main-stick-meta":"","header-below-stick-meta":"","astra-migrate-meta-layouts":"default","ast-page-background-enabled":"default","ast-page-background-meta":{"desktop":{"background-color":"var(--ast-global-color-4)","background-image":"","background-repeat":"repeat","background-position":"center center","background-size":"auto","background-attachment":"scroll","background-type":"","background-media":"","overlay-type":"","overlay-color":"","overlay-opacity":"","overlay-gradient":""},"tablet":{"background-color":"","background-image":"","background-repeat":"repeat","background-position":"center center","background-size":"auto","background-attachment":"scroll","background-type":"","background-media":"","overlay-type":"","overlay-color":"","overlay-opacity":"","overlay-gradient":""},"mobile":{"background-color":"","background-image":"","background-repeat":"repeat","background-position":"center center","background-size":"auto","background-attachment":"scroll","background-type":"","background-media":"","overlay-type":"","overlay-color":"","overlay-opacity":"","overlay-gradient":""}},"ast-content-background-meta":{"desktop":{"background-color":"var(--ast-global-color-5)","background-image":"","background-repeat":"repeat","background-position":"center center","background-size":"auto","background-attachment":"scroll","background-type":"","background-media":"","overlay-type":"","overlay-color":"","overlay-opacity":"","overlay-gradient":""},"tablet":{"background-color":"var(--ast-global-color-5)","background-image":"","background-repeat":"repeat","background-position":"center center","background-size":"auto","background-attachment":"scroll","background-type":"","background-media":"","overlay-type":"","overlay-color":"","overlay-opacity":"","overlay-gradient":""},"mobile":{"background-color":"var(--ast-global-color-5)","background-image":"","background-repeat":"repeat","background-position":"center center","background-size":"auto","background-attachment":"scroll","background-type":"","background-media":"","overlay-type":"","overlay-color":"","overlay-opacity":"","overlay-gradient":""}},"jetpack_post_was_ever_published":false,"footnotes":""},"class_list":["post-1038","page","type-page","status-publish","has-post-thumbnail","hentry"],"jetpack_sharing_enabled":true,"jetpack_shortlink":"https:\/\/wp.me\/P9nlNh-gK","jetpack-related-posts":[{"id":1025,"url":"https:\/\/julie-limoges.fr\/?page_id=1025","url_meta":{"origin":1038,"position":0},"title":"Bande dessin\u00e9e : Les lumi\u00e8res de l&#8217;Amalou","author":"Kyvar","date":"19 March 2021","format":false,"excerpt":"Article publi\u00e9 originalement sur le site Hydralune. C\u2019est de nouveau mon tour de vous pr\u00e9senter une \u0153uvre qui m\u2019est ch\u00e8re et qui m\u2019a influenc\u00e9e dans mon parcours d\u2019\u00e9crivain. Apr\u00e8s un manga, D\u00f4mu, je reviens dans l'Hexagone pour vous parler d\u2019une bande dessin\u00e9e bien de chez nous\u00a0: les Lumi\u00e8res de Lamalou.\u2026","rel":"","context":"Similar post","block_context":{"text":"Similar post","link":""},"img":{"alt_text":"","src":"https:\/\/i0.wp.com\/julie-limoges.fr\/wp-content\/uploads\/2017\/04\/les-lumieres-de-l-amalou-e1616167326768.jpg?fit=400%2C393&ssl=1&resize=350%2C200","width":350,"height":200},"classes":[]},{"id":1399,"url":"https:\/\/julie-limoges.fr\/?page_id=1399","url_meta":{"origin":1038,"position":1},"title":"On vous parle du Soleil des hommes","author":"Kyvar","date":"18 March 2021","format":false,"excerpt":"(d'abord publi\u00e9 sur le site hydralune.com) \u2014 Un monde priv\u00e9 de lumi\u00e8re Dans le Soleil des hommes, le soleil a disparu et le monde est plong\u00e9 dans une obscurit\u00e9 constante. Illustration de Slava Gerj \u00c0 l\u2019origine, le roman \u00e9tait une nouvelle se d\u00e9roulant dans le d\u00e9sert australien lors d\u2019une nuit\u2026","rel":"","context":"Similar post","block_context":{"text":"Similar post","link":""},"img":{"alt_text":"","src":"https:\/\/i0.wp.com\/hydralune.com\/wp-content\/uploads\/2016\/07\/imagesite-300x227.jpg?resize=350%2C200&ssl=1","width":350,"height":200},"classes":[]},{"id":269,"url":"https:\/\/julie-limoges.fr\/?page_id=269","url_meta":{"origin":1038,"position":2},"title":"Tome 1 : Le chant de Kali","author":"Kyvar","date":"20 March 2015","format":false,"excerpt":"Pitch : Seven, un futur trentenaire plus tr\u00e8s jeune ou tr\u00e8s frais, est contraint d\u2019aider quotidiennement Ash, une cr\u00e9ature du Premier Sous-monde, \u00e0 r\u00e9soudre des affaires sensibles afin d\u2019honorer un march\u00e9 de dupe dont il ne se sent pas redevable. La derni\u00e8re affaire que son partenaire de circonstance lui impose\u2026","rel":"","context":"Similar post","block_context":{"text":"Similar post","link":""},"img":{"alt_text":"","src":"https:\/\/i0.wp.com\/julie-limoges.fr\/wp-content\/uploads\/2015\/03\/DF1.jpg?fit=1072%2C435&ssl=1&resize=350%2C200","width":350,"height":200,"srcset":"https:\/\/i0.wp.com\/julie-limoges.fr\/wp-content\/uploads\/2015\/03\/DF1.jpg?fit=1072%2C435&ssl=1&resize=350%2C200 1x, https:\/\/i0.wp.com\/julie-limoges.fr\/wp-content\/uploads\/2015\/03\/DF1.jpg?fit=1072%2C435&ssl=1&resize=525%2C300 1.5x, https:\/\/i0.wp.com\/julie-limoges.fr\/wp-content\/uploads\/2015\/03\/DF1.jpg?fit=1072%2C435&ssl=1&resize=700%2C400 2x, https:\/\/i0.wp.com\/julie-limoges.fr\/wp-content\/uploads\/2015\/03\/DF1.jpg?fit=1072%2C435&ssl=1&resize=1050%2C600 3x"},"classes":[]},{"id":1028,"url":"https:\/\/julie-limoges.fr\/?page_id=1028","url_meta":{"origin":1038,"position":3},"title":"Manga : D\u00f4mu","author":"Kyvar","date":"19 March 2021","format":false,"excerpt":"Article publi\u00e9 originalement sur le site Hydralune. Je ne m\u2019en cache pas, j\u2019ai \u00e9t\u00e9 bien plus influenc\u00e9e par le cin\u00e9ma et la bande dessin\u00e9e que par la litt\u00e9rature. Alors, quand j\u2019ai d\u00fb choisir une \u0153uvre qui me tient \u00e0 c\u0153ur pour la pr\u00e9senter ici, c\u2019est naturellement vers ces m\u00e9dias que\u2026","rel":"","context":"Similar post","block_context":{"text":"Similar post","link":""},"img":{"alt_text":"","src":"https:\/\/i0.wp.com\/julie-limoges.fr\/wp-content\/uploads\/2021\/03\/Domu-reves-d-enfants.jpg?fit=400%2C560&ssl=1&resize=350%2C200","width":350,"height":200},"classes":[]},{"id":134,"url":"https:\/\/julie-limoges.fr\/?page_id=134","url_meta":{"origin":1038,"position":4},"title":"La m\u00e8re de toutes les m\u00e8res","author":"Kyvar","date":"19 March 2015","format":false,"excerpt":"Employ\u00e9 d'une raffinerie sur une plan\u00e8te recouverte de p\u00e9trole, Jean travaille chaque jour avec acharnement. D\u00e9sireux de rejoindre sa femme sur le point d'accoucher, il d\u00e9cide d'embarquer \u00e0 bord de la Go\u00e9lette. Il sait que le navire s'appr\u00eate \u00e0 braver l'interdiction de naviguer, en vigueur depuis les disparitions inexplicables de\u2026","rel":"","context":"Similar post","block_context":{"text":"Similar post","link":""},"img":{"alt_text":"","src":"https:\/\/i0.wp.com\/julie-limoges.fr\/wp-content\/uploads\/2015\/03\/audiolameredesmeres.jpg?resize=350%2C200","width":350,"height":200},"classes":[]},{"id":791,"url":"https:\/\/julie-limoges.fr\/?page_id=791","url_meta":{"origin":1038,"position":5},"title":"Une lutte biologique","author":"Kyvar","date":"11 March 2016","format":false,"excerpt":"Chaque jour, nous vivons dans l\u2019appr\u00e9hension du cr\u00e9puscule. Chaque nuit, le Cafard revient et nous impose sa loi. Rien ni personne ne semble pouvoir briser son r\u00e8gne de terreur. Aujourd\u2019hui pourtant, tandis que les derniers rayons du soleil s\u2019\u00e9vanouissent, un autre insecte s\u2019appr\u00eate \u00e0 passer la porte de notre prison.\u2026","rel":"","context":"Similar post","block_context":{"text":"Similar post","link":""},"img":{"alt_text":"","src":"https:\/\/i0.wp.com\/julie-limoges.fr\/wp-content\/uploads\/2016\/02\/12694839_1175123535849541_2724072638475268907_o.jpg?resize=350%2C200","width":350,"height":200},"classes":[]}],"_links":{"self":[{"href":"https:\/\/julie-limoges.fr\/index.php?rest_route=\/wp\/v2\/pages\/1038","targetHints":{"allow":["GET"]}}],"collection":[{"href":"https:\/\/julie-limoges.fr\/index.php?rest_route=\/wp\/v2\/pages"}],"about":[{"href":"https:\/\/julie-limoges.fr\/index.php?rest_route=\/wp\/v2\/types\/page"}],"author":[{"embeddable":true,"href":"https:\/\/julie-limoges.fr\/index.php?rest_route=\/wp\/v2\/users\/1"}],"replies":[{"embeddable":true,"href":"https:\/\/julie-limoges.fr\/index.php?rest_route=%2Fwp%2Fv2%2Fcomments&post=1038"}],"version-history":[{"count":16,"href":"https:\/\/julie-limoges.fr\/index.php?rest_route=\/wp\/v2\/pages\/1038\/revisions"}],"predecessor-version":[{"id":1374,"href":"https:\/\/julie-limoges.fr\/index.php?rest_route=\/wp\/v2\/pages\/1038\/revisions\/1374"}],"up":[{"embeddable":true,"href":"https:\/\/julie-limoges.fr\/index.php?rest_route=\/wp\/v2\/pages\/13"}],"wp:featuredmedia":[{"embeddable":true,"href":"https:\/\/julie-limoges.fr\/index.php?rest_route=\/wp\/v2\/media\/1169"}],"wp:attachment":[{"href":"https:\/\/julie-limoges.fr\/index.php?rest_route=%2Fwp%2Fv2%2Fmedia&parent=1038"}],"curies":[{"name":"wp","href":"https:\/\/api.w.org\/{rel}","templated":true}]}}