{"id":1045,"date":"2017-07-28T15:53:01","date_gmt":"2017-07-28T14:53:01","guid":{"rendered":"https:\/\/julielimoges.wordpress.com\/?page_id=1045"},"modified":"2023-01-09T17:06:00","modified_gmt":"2023-01-09T16:06:00","slug":"en-librairie","status":"publish","type":"page","link":"https:\/\/julie-limoges.fr\/?page_id=1045","title":{"rendered":"En librairie"},"content":{"rendered":"<p>O\u00f9 trouver mes \u0153uvres, que ce soit en version papier ou num\u00e9rique !<\/p>\n<table border=\"0\" width=\"750\">\n<tbody>\n<tr>\n<td style=\"text-align: center;\" colspan=\"2\">\n<h1><a href=\"http:\/\/julie-limoges.fr\/?page_id=13\">Le soleil des hommes<\/a><\/h1>\n<\/td>\n<\/tr>\n<tr>\n<td>\n<h4 style=\"text-align: center;\">Nuit de cendres (T1)<\/h4>\n<p><img data-recalc-dims=\"1\" decoding=\"async\" class=\"aligncenter\" src=\"https:\/\/i0.wp.com\/julie-limoges.fr\/wp-content\/uploads\/2016\/09\/premiere_couv_sdh_facebook.jpg?w=190\" alt=\"\" ><\/p>\n<\/td>\n<td>\n<h4 style=\"text-align: center;\">Jusqu&#8217;au ciel (T2)<\/h4>\n<p><img data-recalc-dims=\"1\" decoding=\"async\" class=\"aligncenter\" src=\"https:\/\/i0.wp.com\/julie-limoges.fr\/wp-content\/uploads\/2017\/02\/couverture_sdh2_ok.jpg?w=190\" alt=\"\" ><\/p>\n<\/td>\n<\/tr>\n<tr>\n<td style=\"text-align: center;\"><a href=\"http:\/\/hydralune.com\/extraits\/leSoleildesHommesT1_extrait.pdf\" target=\"_blank\" rel=\"noopener noreferrer\"><strong> &gt; Lire les premi\u00e8res pages &lt; <\/strong><\/a><\/td>\n<td style=\"text-align: center;\"><a href=\"http:\/\/hydralune.com\/extraits\/leSoleildesHommesT2_extrait.pdf\" target=\"_blank\" rel=\"noopener noreferrer\"><strong> &gt; Lire les premi\u00e8res pages &lt; <\/strong><\/a><\/td>\n<\/tr>\n<tr>\n<td>Disponible <a href=\"https:\/\/hydralune.com\/produit\/le-soleil-des-hommes-sdh1\/\"> en versions num\u00e9rique et papier<\/a> sur <a href=\"https:\/\/hydralune.com\/boutique\/\">la boutique Hydralune.<\/a><\/td>\n<td>Disponible <a href=\"https:\/\/hydralune.com\/produit\/jusquau-ciel-sdh2\/\"> en versions num\u00e9rique et papier<\/a> sur <a href=\"https:\/\/hydralune.com\/boutique\/\">la boutique Hydralune.<\/a><\/td>\n<\/tr>\n<tr>\n<td>\n<h4 style=\"text-align: center;\">La Danse de l&#8217;acier (T3)<\/h4>\n<p><img data-recalc-dims=\"1\" decoding=\"async\" class=\"aligncenter\" src=\"https:\/\/i0.wp.com\/julie-limoges.fr\/wp-content\/uploads\/2021\/03\/couv_SdH3.jpg?w=190&#038;ssl=1\" alt=\"\" ><\/p>\n<\/td>\n<td>\n<h4 style=\"text-align: center;\">&nbsp;<\/h4>\n<p><img class=\"aligncenter\" alt=\"\" width=\"190\"><\/p>\n<\/td>\n<\/tr>\n<tr>\n<td style=\"text-align: center;\"><a href=\"https:\/\/hydralune.com\/extraits\/leSoleildesHommesT3_extrait.pdf\" target=\"_blank\" rel=\"noopener noreferrer\"><strong> &gt; Lire les premi\u00e8res pages &lt; <\/strong><\/a><\/td>\n<td style=\"text-align: center;\">&nbsp;<\/td>\n<\/tr>\n<tr>\n<td>Disponible <a href=\"https:\/\/hydralune.com\/produit\/la-danse-de-lacier-sdh3-numerique\/\"> en versions num\u00e9rique et papier<\/a> sur <a href=\"https:\/\/hydralune.com\/boutique\/\">la boutique Hydralune.<\/a><\/td>\n<td>&nbsp;<\/td>\n<\/tr>\n<\/tbody>\n<\/table>\n<table border=\"0\" width=\"750\">\n<tbody>\n<tr>\n<td style=\"text-align: center;\" colspan=\"2\">\n<h1>Recueil de nouvelles<\/h1>\n<\/td>\n<\/tr>\n<tr>\n<td width=\"50%\">\n<h4 style=\"text-align: center;\"><a href=\"http:\/\/julie-limoges.fr\/?page_id=1075\">Un long chemin<\/a><\/h4>\n<p><img data-recalc-dims=\"1\" decoding=\"async\" class=\"aligncenter\" src=\"https:\/\/i0.wp.com\/julie-limoges.fr\/wp-content\/uploads\/2017\/07\/unlongchemincouvdevant.jpg?w=190\" alt=\"\" ><\/p>\n<\/td>\n<td>\n<h4 style=\"text-align: center;\">&nbsp;<\/h4>\n<p><img class=\"aligncenter\" alt=\"\" width=\"190\"><\/p>\n<\/td>\n<\/tr>\n<tr>\n<td>Disponible <a href=\"https:\/\/hydralune.com\/produit\/un-long-chemin\/\"> en versions num\u00e9rique et papier<\/a> sur <a href=\"https:\/\/hydralune.com\/boutique\/\">la boutique Hydralune.<\/a><\/td>\n<td>&nbsp;<\/td>\n<\/tr>\n<\/tbody>\n<\/table>\n<table border=\"0\" width=\"750\">\n<tbody>\n<tr>\n<td style=\"text-align: center;\" colspan=\"3\">\n<h1>Nouvelles<\/h1>\n<\/td>\n<\/tr>\n<tr>\n<td width=\"33%\">\n<h4 style=\"text-align: center;\"><a href=\"http:\/\/julie-limoges.fr\/?page_id=134\">La m\u00e8re de toutes les m\u00e8res<\/a><\/h4>\n<p><img data-recalc-dims=\"1\" decoding=\"async\" class=\"aligncenter\" src=\"https:\/\/i0.wp.com\/www.etherval.com\/wp-content\/uploads\/2015\/12\/01_redim-3.jpg?w=190&#038;ssl=1\" alt=\"\" ><\/p>\n<\/td>\n<td width=\"33%\">\n<h4 style=\"text-align: center;\"><a href=\"http:\/\/julie-limoges.fr\/?page_id=34\">Mains de Mort<\/a><\/h4>\n<p><img data-recalc-dims=\"1\" decoding=\"async\" class=\"aligncenter\" src=\"https:\/\/i0.wp.com\/www.etherval.com\/wp-content\/uploads\/2015\/12\/01_redim-4.jpg?w=190&#038;ssl=1\" alt=\"\" ><\/p>\n<\/td>\n<td width=\"33%\">\n<h4 style=\"text-align: center;\"><a href=\"http:\/\/julie-limoges.fr\/?page_id=354\">Express pour Kavir<\/a><\/h4>\n<p><img data-recalc-dims=\"1\" decoding=\"async\" class=\"aligncenter\" src=\"https:\/\/i0.wp.com\/www.etherval.com\/wp-content\/uploads\/2015\/12\/01_redim-6.jpg?w=190&#038;ssl=1\" alt=\"\" ><\/p>\n<\/td>\n<\/tr>\n<tr>\n<td>Disponible en <a href=\"https:\/\/www.etherval.com\/produit\/numero-troisieme-mare-nostrum-revue-numerique\/\">num\u00e9rique<\/a> et en <a href=\"https:\/\/www.etherval.com\/produit\/numero-troisieme-mare-nostrum-revue-papier\/\">papier<\/a> sur <a href=\"https:\/\/www.etherval.com\/catalogue\/\">la boutique Etherval.<\/a><\/td>\n<td>Disponible en <a href=\"https:\/\/www.etherval.com\/produit\/numero-quatrieme-domini-doni-revue-numerique\/\">num\u00e9rique<\/a> et en <a href=\"https:\/\/www.etherval.com\/produit\/numero-quatrieme-domini-doni-revue-papier\/\">papier<\/a> sur <a href=\"https:\/\/www.etherval.com\/catalogue\/\">la boutique Etherval.<\/a><\/td>\n<td>Disponible en <a href=\"https:\/\/www.etherval.com\/produit\/numero-sixieme-cave-canem-salvati-revue-numerique\/\">num\u00e9rique<\/a> et en <a href=\"https:\/\/www.etherval.com\/produit\/numero-sixieme-cave-canem-salvati-revue-papier\/\">papier<\/a> sur <a href=\"https:\/\/www.etherval.com\/catalogue\/\">la boutique Etherval.<\/a><\/td>\n<\/tr>\n<tr>\n<td width=\"33%\">\n<h4 style=\"text-align: center;\"><a href=\"http:\/\/julie-limoges.fr\/?page_id=631\">L&#8217;Ascension<\/a><\/h4>\n<p><img data-recalc-dims=\"1\" decoding=\"async\" class=\"aligncenter\" src=\"https:\/\/i0.wp.com\/www.etherval.com\/wp-content\/uploads\/2015\/12\/n7_01.jpg?w=190&#038;ssl=1\" alt=\"\" ><\/p>\n<\/td>\n<td width=\"33%\">\n<h4 style=\"text-align: center;\"><a href=\"http:\/\/julie-limoges.fr\/?page_id=791\">Une lutte biologique<\/a><\/h4>\n<p><img data-recalc-dims=\"1\" decoding=\"async\" class=\"aligncenter\" src=\"https:\/\/i0.wp.com\/www.babelio.com\/couv\/CVT_Morts-Dents-Lames-II_5230.jpg?w=190&#038;ssl=1\" alt=\"\" ><\/p>\n<\/td>\n<td width=\"33%\">\n<h4 style=\"text-align: center;\"><a href=\"http:\/\/julie-limoges.fr\/?page_id=944\">Entropie<\/a><\/h4>\n<p><img data-recalc-dims=\"1\" decoding=\"async\" class=\"aligncenter\" src=\"https:\/\/i0.wp.com\/www.etherval.com\/wp-content\/uploads\/2016\/11\/couv_numero_8-boutique-1.jpg?w=190&#038;ssl=1\" alt=\"\" ><\/p>\n<\/td>\n<\/tr>\n<tr>\n<td>Disponible en <a href=\"https:\/\/www.etherval.com\/produit\/numero-septieme-nix-vallis-revue-numerique\/\">num\u00e9rique<\/a> et en <a href=\"https:\/\/www.etherval.com\/produit\/numero-septieme-nix-vallis-version-papier\/\">papier<\/a> sur <a href=\"https:\/\/www.etherval.com\/catalogue\/\">la boutique Etherval.<\/a><\/td>\n<td>Indisponible.<\/td>\n<td>Disponible en <a href=\"https:\/\/www.etherval.com\/produit\/numero-neuvieme-eureka-numerique\/\">num\u00e9rique<\/a> et en <a href=\"https:\/\/www.etherval.com\/produit\/numero-neuvieme-eureka\/\">papier<\/a> sur <a href=\"https:\/\/www.etherval.com\/catalogue\/\">la boutique Etherval.<\/a><\/td>\n<\/tr>\n<tr>\n<td width=\"33%\">\n<h4 style=\"text-align: center;\"><a href=\"http:\/\/julie-limoges.fr\/?page_id=1215\">Amboise le Biens\u00e9ant<\/a><\/h4>\n<p><img data-recalc-dims=\"1\" decoding=\"async\" class=\"aligncenter\" src=\"https:\/\/i0.wp.com\/julie-limoges.fr\/wp-content\/uploads\/2018\/04\/Erratum12-210x300.jpg?w=190\" alt=\"\" ><\/p>\n<\/td>\n<td width=\"33%\">\n<h4 style=\"text-align: center;\"><a href=\"http:\/\/julie-limoges.fr\/?page_id=1288\">Eschyle Mallory<\/a><\/h4>\n<p><img data-recalc-dims=\"1\" decoding=\"async\" class=\"aligncenter\" src=\"https:\/\/i0.wp.com\/julie-limoges.fr\/wp-content\/uploads\/2018\/12\/Alea-ajcta-est-alexperiment-204x300.jpg?w=190\" alt=\"\" ><\/p>\n<\/td>\n<td width=\"33%\">\n<h4 style=\"text-align: center;\"><a>R\u00e9surgence<\/a><\/h4>\n<p><img data-recalc-dims=\"1\" decoding=\"async\" class=\"aligncenter\" src=\"https:\/\/i0.wp.com\/julie-limoges.fr\/wp-content\/uploads\/2020\/06\/cover-nouvelle-s-novella-s-transhumains-post-humains-0-18484700-1566997192.jpeg?w=190\" alt=\"\" ><\/p>\n<\/td>\n<\/tr>\n<tr>\n<td>Disponible en <a href=\"https:\/\/www.etherval.com\/produit\/numero-douzieme-erratum-revue-numerique\/\">num\u00e9rique<\/a> et en <a href=\"https:\/\/www.etherval.com\/produit\/numero-onzieme-falciparum-revue-papier\/\">papier<\/a> sur <a href=\"https:\/\/www.etherval.com\/catalogue\/\">la boutique Etherval.<\/a><\/td>\n<td>Disponible en <a href=\"https:\/\/www.etherval.com\/produit\/numero-treize-alea-jacta-est-revue-num\/\">num\u00e9rique<\/a> et en <a href=\"https:\/\/www.etherval.com\/produit\/numero-treize-alea-jacta-est-chance\/\">papier<\/a> sur <a href=\"https:\/\/www.etherval.com\/catalogue\/\">la boutique Etherval.<\/a><\/td>\n<td>\n<p>Disponible en version papier sur <a href=\"https:\/\/www.amazon.fr\/dp\/B07LGZZPV3\">Amazon<\/a> et sur <a href=\"https:\/\/www.kobo.com\/fr\/en\/ebook\/transhumains-post-humains\">la Fnac<\/a>.<\/p>\n<\/td>\n<\/tr>\n<\/tbody>\n<\/table>\n\n\n<table border=\"0\">\n<tbody>\n<tr>\n<td width=\"33%\">\n<h4 style=\"text-align: center;\"><a href=\"https:\/\/julie-limoges.fr\/?page_id=1360\">Le cas Percy Robert<\/a><\/h4>\n<p><img data-recalc-dims=\"1\" decoding=\"async\" src=\"https:\/\/i0.wp.com\/julie-limoges.fr\/wp-content\/uploads\/2021\/04\/Couverture_18_Enigma-Web.jpg?ssl=1\" alt=\"\"><\/p>\n<\/td>\n<td width=\"33%\">\n<h4 style=\"text-align: center;\"><a href=\"https:\/\/julie-limoges.fr\/?page_id=1456\">Le Faiseur d&#8217;eau<\/a><\/h4>\n<p><img data-recalc-dims=\"1\" decoding=\"async\" src=\"https:\/\/i0.wp.com\/julie-limoges.fr\/wp-content\/uploads\/2022\/05\/Couverture_19_Mythologia-1C-212x300-1.jpg?ssl=1\" alt=\"\"><\/p>\n<\/td>\n<td width=\"33%\">\n<h4 style=\"text-align: center;\">&nbsp;<a href=\"https:\/\/julie-limoges.fr\/?page_id=1476\">Memento Natalis<\/a><\/h4>\n<p><img data-recalc-dims=\"1\" decoding=\"async\" src=\"https:\/\/i0.wp.com\/julie-limoges.fr\/wp-content\/uploads\/2023\/01\/Etherval-20-Couverture-Web.jpg?ssl=1\" alt=\"\">\n<\/p>\n<\/td>\n<\/tr>\n<tr>\n<td>Disponible en num\u00e9rique et en papier sur <a href=\"https:\/\/www.etherval.com\/catalogue\/\">la boutique Etherval.<\/a><\/td>\n<td>Disponible en num\u00e9rique et en papier sur <a href=\"https:\/\/www.etherval.com\/catalogue\/\">la boutique Etherval.<\/a><\/td>\n<td>Disponible en num\u00e9rique et en papier sur <a href=\"https:\/\/www.etherval.com\/catalogue\/\">la boutique Etherval.<\/a>\n<\/td>\n<\/tr>\n<\/tbody>\n<\/table>\n\n\n<table border=\"0\">\n<tbody>\n<tr>\n<td width=\"33%\">\n<h4 style=\"text-align: center;\"><a href=\"https:\/\/julie-limoges.fr\/?page_id=1487\">Les Pri\u00e8res dans le vent<\/a><\/h4>\n<p><img data-recalc-dims=\"1\" decoding=\"async\" src=\"https:\/\/i0.wp.com\/julie-limoges.fr\/wp-content\/uploads\/2023\/01\/Imaginaires-Asie-2002-11.jpg?ssl=1\" alt=\"\"><\/p>\n<\/td>\n<td width=\"33%\">\n<h4 style=\"text-align: center;\"><\/h4>\n<p><\/p>\n<\/td>\n<td width=\"33%\">\n<h4 style=\"text-align: center;\"><\/h4>\n<p><\/p>\n<\/td>\n<\/tr>\n<tr>\n<td>Disponible en num\u00e9rique et en papier sur <a href=\"https:\/\/www.etherval.com\/catalogue\/\">la boutique Etherval.<\/a><\/td>\n<td><\/td>\n<td>\n<\/td>\n<\/tr>\n<\/tbody>\n<\/table>","protected":false},"excerpt":{"rendered":"<p>O\u00f9 trouver mes \u0153uvres, que ce soit en version papier ou num\u00e9rique ! Le soleil des hommes Nuit de cendres [&hellip;]<\/p>\n","protected":false},"author":1,"featured_media":0,"parent":0,"menu_order":0,"comment_status":"closed","ping_status":"closed","template":"","meta":{"site-sidebar-layout":"default","site-content-layout":"","ast-site-content-layout":"default","site-content-style":"default","site-sidebar-style":"default","ast-global-header-display":"","ast-banner-title-visibility":"","ast-main-header-display":"","ast-hfb-above-header-display":"","ast-hfb-below-header-display":"","ast-hfb-mobile-header-display":"","site-post-title":"","ast-breadcrumbs-content":"","ast-featured-img":"","footer-sml-layout":"","ast-disable-related-posts":"","theme-transparent-header-meta":"","adv-header-id-meta":"","stick-header-meta":"","header-above-stick-meta":"","header-main-stick-meta":"","header-below-stick-meta":"","astra-migrate-meta-layouts":"default","ast-page-background-enabled":"default","ast-page-background-meta":{"desktop":{"background-color":"var(--ast-global-color-4)","background-image":"","background-repeat":"repeat","background-position":"center center","background-size":"auto","background-attachment":"scroll","background-type":"","background-media":"","overlay-type":"","overlay-color":"","overlay-opacity":"","overlay-gradient":""},"tablet":{"background-color":"","background-image":"","background-repeat":"repeat","background-position":"center center","background-size":"auto","background-attachment":"scroll","background-type":"","background-media":"","overlay-type":"","overlay-color":"","overlay-opacity":"","overlay-gradient":""},"mobile":{"background-color":"","background-image":"","background-repeat":"repeat","background-position":"center center","background-size":"auto","background-attachment":"scroll","background-type":"","background-media":"","overlay-type":"","overlay-color":"","overlay-opacity":"","overlay-gradient":""}},"ast-content-background-meta":{"desktop":{"background-color":"var(--ast-global-color-5)","background-image":"","background-repeat":"repeat","background-position":"center center","background-size":"auto","background-attachment":"scroll","background-type":"","background-media":"","overlay-type":"","overlay-color":"","overlay-opacity":"","overlay-gradient":""},"tablet":{"background-color":"var(--ast-global-color-5)","background-image":"","background-repeat":"repeat","background-position":"center center","background-size":"auto","background-attachment":"scroll","background-type":"","background-media":"","overlay-type":"","overlay-color":"","overlay-opacity":"","overlay-gradient":""},"mobile":{"background-color":"var(--ast-global-color-5)","background-image":"","background-repeat":"repeat","background-position":"center center","background-size":"auto","background-attachment":"scroll","background-type":"","background-media":"","overlay-type":"","overlay-color":"","overlay-opacity":"","overlay-gradient":""}},"jetpack_post_was_ever_published":false,"footnotes":""},"class_list":["post-1045","page","type-page","status-publish","hentry"],"jetpack_sharing_enabled":true,"jetpack_shortlink":"https:\/\/wp.me\/P9nlNh-gR","jetpack-related-posts":[{"id":1038,"url":"https:\/\/julie-limoges.fr\/?page_id=1038","url_meta":{"origin":1045,"position":0},"title":"Ce qu&#8217;on en dit","author":"Kyvar","date":"27 July 2017","format":false,"excerpt":"Vous retrouverez ici les critiques et articles sur le cycle Le soleil des hommes ! \u00a0 Nuit de cendres Site de Catherine Loiseau J\u2019ai eu la chance de d\u00e9couvrir ce roman en avant-premi\u00e8re, vu que je suis l\u2019une des marraines de ce tome au sein du\u00a0collectif Hydralune. Franchement, d\u00e8s les\u2026","rel":"","context":"Similar post","block_context":{"text":"Similar post","link":""},"img":{"alt_text":"","src":"https:\/\/i0.wp.com\/julie-limoges.fr\/wp-content\/uploads\/2017\/07\/SDH_cequonendit.jpg?fit=1072%2C435&ssl=1&resize=350%2C200","width":350,"height":200,"srcset":"https:\/\/i0.wp.com\/julie-limoges.fr\/wp-content\/uploads\/2017\/07\/SDH_cequonendit.jpg?fit=1072%2C435&ssl=1&resize=350%2C200 1x, https:\/\/i0.wp.com\/julie-limoges.fr\/wp-content\/uploads\/2017\/07\/SDH_cequonendit.jpg?fit=1072%2C435&ssl=1&resize=525%2C300 1.5x, https:\/\/i0.wp.com\/julie-limoges.fr\/wp-content\/uploads\/2017\/07\/SDH_cequonendit.jpg?fit=1072%2C435&ssl=1&resize=700%2C400 2x, https:\/\/i0.wp.com\/julie-limoges.fr\/wp-content\/uploads\/2017\/07\/SDH_cequonendit.jpg?fit=1072%2C435&ssl=1&resize=1050%2C600 3x"},"classes":[]},{"id":1341,"url":"https:\/\/julie-limoges.fr\/?page_id=1341","url_meta":{"origin":1045,"position":1},"title":"R\u00e9surgence","author":"Kyvar","date":"14 September 2020","format":false,"excerpt":"De par les avanc\u00e9es technologiques, qu'elles soient biologiques, chimiques ou cybern\u00e9tiques, qu'elles soient volontaires ou subites, nous ne sommes d\u00e9j\u00e0 plus les m\u00eames Hommes que nos grands-parents. Quelles seront notre attitude et notre place dans les soci\u00e9t\u00e9s \u00e0 venir ? Quel regard aurons-nous sur nous-m\u00eames et sur nos descendants ?\u2026","rel":"","context":"Similar post","block_context":{"text":"Similar post","link":""},"img":{"alt_text":"","src":"https:\/\/i0.wp.com\/julie-limoges.fr\/wp-content\/uploads\/2020\/06\/cover-nouvelle-s-novella-s-transhumains-post-humains-0-18484700-1566997192.jpeg?resize=350%2C200","width":350,"height":200},"classes":[]},{"id":944,"url":"https:\/\/julie-limoges.fr\/?page_id=944","url_meta":{"origin":1045,"position":2},"title":"Entropie","author":"Kyvar","date":"17 November 2016","format":false,"excerpt":"L\u2019inspecteur Atkins aurait d\u00fb mourir il y a vingt ans s'il n'avait pas b\u00e9n\u00e9fici\u00e9 de l'invention d'une machine r\u00e9volutionnaire : le Caladrius. Cette derni\u00e8re permet de transf\u00e9rer la conscience d'une personne dans un nouveau corps et d'ainsi la soustraire \u00e0 la mort. Un nouvel \u00e2ge d'or semble s'ouvrir pour l'humanit\u00e9.\u2026","rel":"","context":"Similar post","block_context":{"text":"Similar post","link":""},"img":{"alt_text":"","src":"https:\/\/i0.wp.com\/julie-limoges.fr\/wp-content\/uploads\/2016\/11\/illuentropie.jpg?resize=350%2C200","width":350,"height":200},"classes":[]},{"id":134,"url":"https:\/\/julie-limoges.fr\/?page_id=134","url_meta":{"origin":1045,"position":3},"title":"La m\u00e8re de toutes les m\u00e8res","author":"Kyvar","date":"19 March 2015","format":false,"excerpt":"Employ\u00e9 d'une raffinerie sur une plan\u00e8te recouverte de p\u00e9trole, Jean travaille chaque jour avec acharnement. D\u00e9sireux de rejoindre sa femme sur le point d'accoucher, il d\u00e9cide d'embarquer \u00e0 bord de la Go\u00e9lette. Il sait que le navire s'appr\u00eate \u00e0 braver l'interdiction de naviguer, en vigueur depuis les disparitions inexplicables de\u2026","rel":"","context":"Similar post","block_context":{"text":"Similar post","link":""},"img":{"alt_text":"","src":"https:\/\/i0.wp.com\/julie-limoges.fr\/wp-content\/uploads\/2015\/03\/audiolameredesmeres.jpg?resize=350%2C200","width":350,"height":200},"classes":[]},{"id":269,"url":"https:\/\/julie-limoges.fr\/?page_id=269","url_meta":{"origin":1045,"position":4},"title":"Tome 1 : Le chant de Kali","author":"Kyvar","date":"20 March 2015","format":false,"excerpt":"Pitch : Seven, un futur trentenaire plus tr\u00e8s jeune ou tr\u00e8s frais, est contraint d\u2019aider quotidiennement Ash, une cr\u00e9ature du Premier Sous-monde, \u00e0 r\u00e9soudre des affaires sensibles afin d\u2019honorer un march\u00e9 de dupe dont il ne se sent pas redevable. La derni\u00e8re affaire que son partenaire de circonstance lui impose\u2026","rel":"","context":"Similar post","block_context":{"text":"Similar post","link":""},"img":{"alt_text":"","src":"https:\/\/i0.wp.com\/julie-limoges.fr\/wp-content\/uploads\/2015\/03\/DF1.jpg?fit=1072%2C435&ssl=1&resize=350%2C200","width":350,"height":200,"srcset":"https:\/\/i0.wp.com\/julie-limoges.fr\/wp-content\/uploads\/2015\/03\/DF1.jpg?fit=1072%2C435&ssl=1&resize=350%2C200 1x, https:\/\/i0.wp.com\/julie-limoges.fr\/wp-content\/uploads\/2015\/03\/DF1.jpg?fit=1072%2C435&ssl=1&resize=525%2C300 1.5x, https:\/\/i0.wp.com\/julie-limoges.fr\/wp-content\/uploads\/2015\/03\/DF1.jpg?fit=1072%2C435&ssl=1&resize=700%2C400 2x, https:\/\/i0.wp.com\/julie-limoges.fr\/wp-content\/uploads\/2015\/03\/DF1.jpg?fit=1072%2C435&ssl=1&resize=1050%2C600 3x"},"classes":[]},{"id":1075,"url":"https:\/\/julie-limoges.fr\/?page_id=1075","url_meta":{"origin":1045,"position":5},"title":"Un long chemin","author":"Kyvar","date":"31 July 2017","format":false,"excerpt":"La vie est un long chemin aux ramifications infinies. Au fil des culs-de-sac, des raccourcis ou des \u00e9garements, elle prend souvent des tournants insoup\u00e7onn\u00e9s. Des changements de direction parfois b\u00e9n\u00e9fiques, parfois funestes. C\u2019est ce que Mains de Mort, bourreau d\u2019\u00c9tat, va d\u00e9couvrir lors d\u2019une de ses missions de routine. Dot\u00e9\u2026","rel":"","context":"Similar post","block_context":{"text":"Similar post","link":""},"img":{"alt_text":"","src":"https:\/\/i0.wp.com\/julie-limoges.fr\/wp-content\/uploads\/2017\/07\/unlongchemin.jpg?fit=1072%2C435&ssl=1&resize=350%2C200","width":350,"height":200,"srcset":"https:\/\/i0.wp.com\/julie-limoges.fr\/wp-content\/uploads\/2017\/07\/unlongchemin.jpg?fit=1072%2C435&ssl=1&resize=350%2C200 1x, https:\/\/i0.wp.com\/julie-limoges.fr\/wp-content\/uploads\/2017\/07\/unlongchemin.jpg?fit=1072%2C435&ssl=1&resize=525%2C300 1.5x, https:\/\/i0.wp.com\/julie-limoges.fr\/wp-content\/uploads\/2017\/07\/unlongchemin.jpg?fit=1072%2C435&ssl=1&resize=700%2C400 2x, https:\/\/i0.wp.com\/julie-limoges.fr\/wp-content\/uploads\/2017\/07\/unlongchemin.jpg?fit=1072%2C435&ssl=1&resize=1050%2C600 3x"},"classes":[]}],"_links":{"self":[{"href":"https:\/\/julie-limoges.fr\/index.php?rest_route=\/wp\/v2\/pages\/1045","targetHints":{"allow":["GET"]}}],"collection":[{"href":"https:\/\/julie-limoges.fr\/index.php?rest_route=\/wp\/v2\/pages"}],"about":[{"href":"https:\/\/julie-limoges.fr\/index.php?rest_route=\/wp\/v2\/types\/page"}],"author":[{"embeddable":true,"href":"https:\/\/julie-limoges.fr\/index.php?rest_route=\/wp\/v2\/users\/1"}],"replies":[{"embeddable":true,"href":"https:\/\/julie-limoges.fr\/index.php?rest_route=%2Fwp%2Fv2%2Fcomments&post=1045"}],"version-history":[{"count":22,"href":"https:\/\/julie-limoges.fr\/index.php?rest_route=\/wp\/v2\/pages\/1045\/revisions"}],"predecessor-version":[{"id":1509,"href":"https:\/\/julie-limoges.fr\/index.php?rest_route=\/wp\/v2\/pages\/1045\/revisions\/1509"}],"wp:attachment":[{"href":"https:\/\/julie-limoges.fr\/index.php?rest_route=%2Fwp%2Fv2%2Fmedia&parent=1045"}],"curies":[{"name":"wp","href":"https:\/\/api.w.org\/{rel}","templated":true}]}}