{"id":1073,"date":"2017-07-31T15:48:57","date_gmt":"2017-07-31T14:48:57","guid":{"rendered":"https:\/\/julielimoges.wordpress.com\/?page_id=1073"},"modified":"2025-09-16T16:32:43","modified_gmt":"2025-09-16T14:32:43","slug":"recueils","status":"publish","type":"page","link":"https:\/\/julie-limoges.fr\/?page_id=1073","title":{"rendered":"Recueils"},"content":{"rendered":"<p style=\"text-align: justify;\"><em>La vie est un long chemin aux ramifications infinies. Au fil des culs-de-sac, des raccourcis ou des \u00e9garements, elle prend souvent des tournants insoup\u00e7onn\u00e9s. Des changements de direction parfois b\u00e9n\u00e9fiques, parfois funestes.<\/em><\/p>\r\n<p style=\"text-align: justify;\"><em>C\u2019est ce que <strong><a href=\"https:\/\/julielimoges.wordpress.com\/mains-de-mort\/\">Mains de Mort<\/a><\/strong>, bourreau d\u2019\u00c9tat, va d\u00e9couvrir lors d\u2019une de ses missions de routine. Dot\u00e9 du rare talent de tuer dans un monde o\u00f9 l\u2019on ne peut plus mourir, il ne s\u2019attendait pas \u00e0 tomber sur plus fort que lui.<\/em><\/p>\r\n<p style=\"text-align: justify;\"><em>Il en va de m\u00eame pour Will, minable voleur \u00e0 qui s es dettes promettent une fin pr\u00e9matur\u00e9e.<\/em>&hellip;<\/p>","protected":false},"excerpt":{"rendered":"<p style=\"text-align: justify;\"><em>La vie est un long chemin aux ramifications infinies. Au fil des culs-de-sac, des raccourcis ou des \u00e9garements, elle prend souvent des tournants insoup\u00e7onn\u00e9s. Des changements de direction parfois b\u00e9n\u00e9fiques, parfois funestes.<\/em><\/p>\n<p style=\"text-align: justify;\"><em>C\u2019est ce que <strong><a href=\"https:\/\/julielimoges.wordpress.com\/mains-de-mort\/\">Mains de Mort<\/a><\/strong>, bourreau d\u2019\u00c9tat, va d\u00e9couvrir lors d\u2019une de ses missions de routine. Dot\u00e9 du rare talent de tuer dans un monde o\u00f9 l\u2019on ne peut plus mourir, il ne s\u2019attendait pas \u00e0 tomber sur plus fort que lui.<\/em><\/p>\n<p style=\"text-align: justify;\"><em>Il en va de m\u00eame pour Will, minable voleur \u00e0 qui s es dettes promettent une fin pr\u00e9matur\u00e9e.<\/em>&hellip;<\/p>","protected":false},"author":1,"featured_media":1552,"parent":0,"menu_order":0,"comment_status":"closed","ping_status":"closed","template":"page-templates\/grid-page.php","meta":{"site-sidebar-layout":"default","site-content-layout":"","ast-site-content-layout":"default","site-content-style":"default","site-sidebar-style":"default","ast-global-header-display":"","ast-banner-title-visibility":"","ast-main-header-display":"","ast-hfb-above-header-display":"","ast-hfb-below-header-display":"","ast-hfb-mobile-header-display":"","site-post-title":"","ast-breadcrumbs-content":"","ast-featured-img":"","footer-sml-layout":"","ast-disable-related-posts":"","theme-transparent-header-meta":"","adv-header-id-meta":"","stick-header-meta":"","header-above-stick-meta":"","header-main-stick-meta":"","header-below-stick-meta":"","astra-migrate-meta-layouts":"default","ast-page-background-enabled":"default","ast-page-background-meta":{"desktop":{"background-color":"var(--ast-global-color-4)","background-image":"","background-repeat":"repeat","background-position":"center center","background-size":"auto","background-attachment":"scroll","background-type":"","background-media":"","overlay-type":"","overlay-color":"","overlay-opacity":"","overlay-gradient":""},"tablet":{"background-color":"","background-image":"","background-repeat":"repeat","background-position":"center center","background-size":"auto","background-attachment":"scroll","background-type":"","background-media":"","overlay-type":"","overlay-color":"","overlay-opacity":"","overlay-gradient":""},"mobile":{"background-color":"","background-image":"","background-repeat":"repeat","background-position":"center center","background-size":"auto","background-attachment":"scroll","background-type":"","background-media":"","overlay-type":"","overlay-color":"","overlay-opacity":"","overlay-gradient":""}},"ast-content-background-meta":{"desktop":{"background-color":"var(--ast-global-color-5)","background-image":"","background-repeat":"repeat","background-position":"center center","background-size":"auto","background-attachment":"scroll","background-type":"","background-media":"","overlay-type":"","overlay-color":"","overlay-opacity":"","overlay-gradient":""},"tablet":{"background-color":"var(--ast-global-color-5)","background-image":"","background-repeat":"repeat","background-position":"center center","background-size":"auto","background-attachment":"scroll","background-type":"","background-media":"","overlay-type":"","overlay-color":"","overlay-opacity":"","overlay-gradient":""},"mobile":{"background-color":"var(--ast-global-color-5)","background-image":"","background-repeat":"repeat","background-position":"center center","background-size":"auto","background-attachment":"scroll","background-type":"","background-media":"","overlay-type":"","overlay-color":"","overlay-opacity":"","overlay-gradient":""}},"jetpack_post_was_ever_published":false,"footnotes":""},"class_list":["post-1073","page","type-page","status-publish","has-post-thumbnail","hentry"],"jetpack_sharing_enabled":false,"jetpack_shortlink":"https:\/\/wp.me\/P9nlNh-hj","jetpack-related-posts":[{"id":32,"url":"https:\/\/julie-limoges.fr\/?page_id=32","url_meta":{"origin":1073,"position":0},"title":"Nouvelles","author":"Kyvar","date":"18 March 2015","format":false,"excerpt":"Vous trouverez ci-dessous mes nouvelles publi\u00e9es !","rel":"","context":"Similar post","block_context":{"text":"Similar post","link":""},"img":{"alt_text":"","src":"https:\/\/i0.wp.com\/julie-limoges.fr\/wp-content\/uploads\/2025\/09\/shutterstock_71495566-scaled.jpg?fit=863%2C1200&ssl=1&resize=350%2C200","width":350,"height":200,"srcset":"https:\/\/i0.wp.com\/julie-limoges.fr\/wp-content\/uploads\/2025\/09\/shutterstock_71495566-scaled.jpg?fit=863%2C1200&ssl=1&resize=350%2C200 1x, https:\/\/i0.wp.com\/julie-limoges.fr\/wp-content\/uploads\/2025\/09\/shutterstock_71495566-scaled.jpg?fit=863%2C1200&ssl=1&resize=525%2C300 1.5x, https:\/\/i0.wp.com\/julie-limoges.fr\/wp-content\/uploads\/2025\/09\/shutterstock_71495566-scaled.jpg?fit=863%2C1200&ssl=1&resize=700%2C400 2x"},"classes":[]},{"id":1075,"url":"https:\/\/julie-limoges.fr\/?page_id=1075","url_meta":{"origin":1073,"position":1},"title":"Un long chemin","author":"Kyvar","date":"31 July 2017","format":false,"excerpt":"La vie est un long chemin aux ramifications infinies. Au fil des culs-de-sac, des raccourcis ou des \u00e9garements, elle prend souvent des tournants insoup\u00e7onn\u00e9s. Des changements de direction parfois b\u00e9n\u00e9fiques, parfois funestes. C\u2019est ce que Mains de Mort, bourreau d\u2019\u00c9tat, va d\u00e9couvrir lors d\u2019une de ses missions de routine. Dot\u00e9\u2026","rel":"","context":"Similar post","block_context":{"text":"Similar post","link":""},"img":{"alt_text":"","src":"https:\/\/i0.wp.com\/julie-limoges.fr\/wp-content\/uploads\/2017\/07\/unlongchemin.jpg?fit=1072%2C435&ssl=1&resize=350%2C200","width":350,"height":200,"srcset":"https:\/\/i0.wp.com\/julie-limoges.fr\/wp-content\/uploads\/2017\/07\/unlongchemin.jpg?fit=1072%2C435&ssl=1&resize=350%2C200 1x, https:\/\/i0.wp.com\/julie-limoges.fr\/wp-content\/uploads\/2017\/07\/unlongchemin.jpg?fit=1072%2C435&ssl=1&resize=525%2C300 1.5x, https:\/\/i0.wp.com\/julie-limoges.fr\/wp-content\/uploads\/2017\/07\/unlongchemin.jpg?fit=1072%2C435&ssl=1&resize=700%2C400 2x, https:\/\/i0.wp.com\/julie-limoges.fr\/wp-content\/uploads\/2017\/07\/unlongchemin.jpg?fit=1072%2C435&ssl=1&resize=1050%2C600 3x"},"classes":[]},{"id":698,"url":"https:\/\/julie-limoges.fr\/?page_id=698","url_meta":{"origin":1073,"position":2},"title":"Lire","author":"Kyvar","date":"23 November 2015","format":false,"excerpt":"Vous trouverez ici des extraits de mes nouvelles ainsi que des nouvelles compl\u00e8tes !","rel":"","context":"Similar post","block_context":{"text":"Similar post","link":""},"img":{"alt_text":"","src":"https:\/\/i0.wp.com\/julie-limoges.fr\/wp-content\/uploads\/2025\/09\/shutterstock_101029423-scaled.jpg?fit=904%2C1200&ssl=1&resize=350%2C200","width":350,"height":200,"srcset":"https:\/\/i0.wp.com\/julie-limoges.fr\/wp-content\/uploads\/2025\/09\/shutterstock_101029423-scaled.jpg?fit=904%2C1200&ssl=1&resize=350%2C200 1x, https:\/\/i0.wp.com\/julie-limoges.fr\/wp-content\/uploads\/2025\/09\/shutterstock_101029423-scaled.jpg?fit=904%2C1200&ssl=1&resize=525%2C300 1.5x, https:\/\/i0.wp.com\/julie-limoges.fr\/wp-content\/uploads\/2025\/09\/shutterstock_101029423-scaled.jpg?fit=904%2C1200&ssl=1&resize=700%2C400 2x"},"classes":[]},{"id":34,"url":"https:\/\/julie-limoges.fr\/?page_id=34","url_meta":{"origin":1073,"position":3},"title":"Mains de mort","author":"Kyvar","date":"18 March 2015","format":false,"excerpt":"Une naissance pour une mort, telle \u00e9tait la doctrine de l'\u00c9quilibre. Chaque jour, on m'envoyait pour ch\u00e2tier ceux qui la bafouaient. Chaque jour, je fauchais du bout des doigts pour la sauvegarder. Une routine am\u00e8re. Un destin que j'\u00e9tais cependant pr\u00eat \u00e0 endosser jusqu'\u00e0 la fin des temps.. \u00a0 Extrait\u2026","rel":"","context":"Similar post","block_context":{"text":"Similar post","link":""},"img":{"alt_text":"","src":"","width":0,"height":0},"classes":[]},{"id":233,"url":"https:\/\/julie-limoges.fr\/?page_id=233","url_meta":{"origin":1073,"position":4},"title":"Liens","author":"Kyvar","date":"19 March 2015","format":false,"excerpt":"Associations, collectifs et forums Fond\u00e9 par neuf \u00e9crivains, le collectif ind\u00e9pendant Hydralune propose des r\u00e9cits s\u2019inscrivant dans divers genres de l\u2019imaginaire : de l\u2019uchronie au space opera, du post-apo \u00e0 la science-fantasy ; ce que tout un chacun appelle la SFFF. Cr\u00e9ateurs d\u2019univers et fabricants de chim\u00e8res, aux parcours n\u00e9buleux\u2026","rel":"","context":"Similar post","block_context":{"text":"Similar post","link":""},"img":{"alt_text":"","src":"","width":0,"height":0},"classes":[]},{"id":1045,"url":"https:\/\/julie-limoges.fr\/?page_id=1045","url_meta":{"origin":1073,"position":5},"title":"En librairie","author":"Kyvar","date":"28 July 2017","format":false,"excerpt":"O\u00f9 trouver mes \u0153uvres, que ce soit en version papier ou num\u00e9rique ! Le soleil des hommes Nuit de cendres (T1) Jusqu'au ciel (T2) > Lire les premi\u00e8res pages < > Lire les premi\u00e8res pages < Disponible en versions num\u00e9rique et papier sur la boutique Hydralune. Disponible en versions num\u00e9rique\u2026","rel":"","context":"Similar post","block_context":{"text":"Similar post","link":""},"img":{"alt_text":"","src":"","width":0,"height":0},"classes":[]}],"_links":{"self":[{"href":"https:\/\/julie-limoges.fr\/index.php?rest_route=\/wp\/v2\/pages\/1073","targetHints":{"allow":["GET"]}}],"collection":[{"href":"https:\/\/julie-limoges.fr\/index.php?rest_route=\/wp\/v2\/pages"}],"about":[{"href":"https:\/\/julie-limoges.fr\/index.php?rest_route=\/wp\/v2\/types\/page"}],"author":[{"embeddable":true,"href":"https:\/\/julie-limoges.fr\/index.php?rest_route=\/wp\/v2\/users\/1"}],"replies":[{"embeddable":true,"href":"https:\/\/julie-limoges.fr\/index.php?rest_route=%2Fwp%2Fv2%2Fcomments&post=1073"}],"version-history":[{"count":4,"href":"https:\/\/julie-limoges.fr\/index.php?rest_route=\/wp\/v2\/pages\/1073\/revisions"}],"predecessor-version":[{"id":1557,"href":"https:\/\/julie-limoges.fr\/index.php?rest_route=\/wp\/v2\/pages\/1073\/revisions\/1557"}],"wp:featuredmedia":[{"embeddable":true,"href":"https:\/\/julie-limoges.fr\/index.php?rest_route=\/wp\/v2\/media\/1552"}],"wp:attachment":[{"href":"https:\/\/julie-limoges.fr\/index.php?rest_route=%2Fwp%2Fv2%2Fmedia&parent=1073"}],"curies":[{"name":"wp","href":"https:\/\/api.w.org\/{rel}","templated":true}]}}