{"id":1215,"date":"2018-04-23T16:05:10","date_gmt":"2018-04-23T14:05:10","guid":{"rendered":"http:\/\/julie-limoges.fr\/?page_id=1215"},"modified":"2018-09-10T16:56:26","modified_gmt":"2018-09-10T14:56:26","slug":"amboise-le-bienseant","status":"publish","type":"page","link":"https:\/\/julie-limoges.fr\/?page_id=1215","title":{"rendered":"Amboise le biens\u00e9ant"},"content":{"rendered":"<div>\n<div style=\"float:right;padding-left:40px;padding-top:0;\"><img data-recalc-dims=\"1\" loading=\"lazy\" decoding=\"async\" src=\"https:\/\/i0.wp.com\/julie-limoges.fr\/wp-content\/uploads\/2018\/04\/Ambroise.jpg?resize=250%2C300\" alt=\"\" width=\"250\" height=\"300\" \/><\/div>\n<div style=\"overflow:hidden;text-align:justify;\">\n<p>Le tr\u00e8s biens\u00e9ant\u2009Amboise se retrouve confront\u00e9 \u00e0 l\u2019inconvenance d\u2019une annonce de divorce. Trouvera-t-il une solution honorable au guichet d\u2019une entreprise mafieuse respectable\u2009?<\/p>\n<p>&nbsp;<\/p>\n<\/div>\n<\/div>\n<div style=\"overflow:hidden;text-align:justify;min-width:400px;\">\n<p><span style=\"font-size:140%;color:#666;\"><b>Extrait : <\/b><\/span><\/p>\n<p><span style=\"font-style:italic;\">\u00ab Il fallait dire qu\u2019Amboise l\u2019Honn\u00eate \u00e9tait bien emb\u00eat\u00e9, et pour cause : il s\u2019appr\u00eatait \u00e0 commettre un acte des plus malhonn\u00eates. D\u2019aucuns auraient m\u00eame pu dire d\u00e9loyal, vil, crapuleux, grossier, immoral\u2026 en un mot : discourtois.<br \/>\nPourtant, le Seigneur savait qu\u2019Amboise n\u2019aimait pas l\u2019inconvenance\u2009! On le louait pour sa biens\u00e9ance et son impartialit\u00e9, lui qui avait mis toute une vie \u00e0 gravir de la fa\u00e7on la plus vertueuse possible les \u00e9chelons de l\u2019administration royale. Pas un de ses ennemis n\u2019avait pu d\u00e9couvrir quoi que ce soit pour le discr\u00e9diter. Sa puret\u00e9 aurait fait p\u00e2lir un agneau et s\u2019\u00e9craser les anges.<br \/>\nAujourd\u2019hui, toutefois, sa r\u00e9putation se trouvait en p\u00e9ril : sa femme, la chaste et gracieuse Augustine, souhaitait demander le divorce. Pourquoi\u2009? Il n\u2019en avait pas la moindre id\u00e9e.\u00bb<\/span><\/p>\n<p>&nbsp;<\/p>\n<p><!--  <\/div>\n\n\n\n\n<div style=\"overflow:hidden;text-align:justify;min-width:400px;\">\n\n<span style=\"font-size:140%;color:#666;\"><b>On en parle : <\/b><\/span>\n\n\u00ab Avec <em>Entropie<\/em> Julie Limoges nous entra\u00eene avec l\u2019inspecteur Elliot dans une intrigue polici\u00e8re qui a pour cadre un futur peu r\u00e9jouissant. Une vague de suicides affecte des \u00ab n\u00e9s \u00e0 nouveau \u00bb, hommes ou femmes ayant b\u00e9n\u00e9fici\u00e9 d\u2019une r\u00e9g\u00e9n\u00e9ration prolongeant leur vie. L\u2019histoire est fouill\u00e9e, les personnages ont une v\u00e9ritable \u00e9paisseur et l\u2019ensemble, sans \u00eatre vraiment original n\u2019en est pas moins de bonne qualit\u00e9.  \u00bb\n(<a class=\"lien\" href=\"http:\/\/www.yozone.fr\/spip.php?article21047\" target=\"_blank\">Didier Reboussin, Yozone<\/a>)\n\n&nbsp; --><\/p>\n<\/div>\n<div style=\"overflow:hidden;text-align:justify;min-width:400px;\">\n<p><span style=\"font-size:140%;color:#666;\"><b>On en parle : <\/b><\/span><\/p>\n<p>\u00ab Ambroise le biens\u00e9ant (Julie Limoges) (Illustrations : Anthony Oliveira) : On d\u00e9marrait fort ce num\u00e9ro avec une nouvelle \u00e9tonnante. Bien que l\u2019id\u00e9e principale soit du d\u00e9j\u00e0 vu (je pense forc\u00e9ment \u00e0 Ast\u00e9rix cherchant le laisser-passer A38 au sein d\u2019une administration qui le fait tourner en bourrique dans les 12 travaux d\u2019Ast\u00e9rix). Mais la cr\u00e9ativit\u00e9 de l\u2019auteur et les illustrations mettent en avant un univers riche et dot\u00e9 de coutumes bien \u00e9tranges et o\u00f9 la biens\u00e9ance n\u2019est pas un vain mot. M\u00eame le meurtre doit \u00eatre honorable et r\u00e9alis\u00e9 dans \u00ab les r\u00e8gles \u00bb. L\u2019on retiendra des habitudes bien \u00e9tranges comme le fait de s\u2019excuser 21 fois ou la triple courbette du regret pour que cela semble sinc\u00e8re. Bref, un condens\u00e9 de bonnes id\u00e9es port\u00e9 par une \u00e9criture directe et tr\u00e8s visuelle. Une de mes favorites.  \u00bb<br \/>\n(<a class=\"lien\" href=\"https:\/\/evasionimaginaire.wordpress.com\/2018\/07\/09\/etherval-la-revue-de-limaginaire-numero-12-erratum\/\" target=\"_blank\">John \u00c9vasion, \u00c9vasion Imaginaire<\/a>)<\/p>\n<p>&nbsp;<\/p>\n<p>\u00ab \u201cAmboise le biens\u00e9ant\u201d de Julie Limoges aborde l\u2019aspect tracassier de l\u2019administration en narrant les m\u00e9saventures d\u2019un gnome qui veut officialiser sa s\u00e9paration d\u2019avec son \u00e9pouse, et m\u00eame ajouter une petite clause assassine au document en question. H\u00e9las, s\u2019il ne lui manque pas de pi\u00e8ces justificatives, sa demande le renvoie d\u2019un bureau qui se d\u00e9clare incomp\u00e9tent \u00e0 un autre. Les gnomes, trolls et autres elfes me laissent de glace, mais Julie Limoges parvient \u00e0 d\u00e9crire avec justesse une folle machine administrative qui finit par d\u00e9vorer ses administr\u00e9s. \u00bb<br \/>\n(<a class=\"lien\" href=\"http:\/\/www.yozone.fr\/spip.php?article22254\" target=\"_blank\">Didier Reboussin , YOZONE<\/a>)<\/p>\n<p>&nbsp;<\/p>\n<\/div>\n<div style=\"overflow:hidden;text-align:justify;min-width:400px;\">\n<p><span style=\"font-size:140%;color:#666;\"><b>O\u00f9 la trouver : <\/b><\/span><\/p>\n<p><a href=\"https:\/\/www.etherval.com\/categorie-produit\/revue-papier\/\" target=\"_blank\" rel=\"noopener\">Revue Etherval<\/a><\/p>\n<p>&nbsp;<\/p>\n<p>&nbsp;<\/p>\n<\/div>\n","protected":false},"excerpt":{"rendered":"<p>Le tr\u00e8s biens\u00e9ant\u2009Amboise se retrouve confront\u00e9 \u00e0 l\u2019inconvenance d\u2019une annonce de divorce. Trouvera-t-il une solution honorable au guichet d\u2019une entreprise [&hellip;]<\/p>\n","protected":false},"author":1,"featured_media":0,"parent":32,"menu_order":7,"comment_status":"closed","ping_status":"closed","template":"","meta":{"site-sidebar-layout":"default","site-content-layout":"","ast-site-content-layout":"default","site-content-style":"default","site-sidebar-style":"default","ast-global-header-display":"","ast-banner-title-visibility":"","ast-main-header-display":"","ast-hfb-above-header-display":"","ast-hfb-below-header-display":"","ast-hfb-mobile-header-display":"","site-post-title":"","ast-breadcrumbs-content":"","ast-featured-img":"","footer-sml-layout":"","ast-disable-related-posts":"","theme-transparent-header-meta":"","adv-header-id-meta":"","stick-header-meta":"","header-above-stick-meta":"","header-main-stick-meta":"","header-below-stick-meta":"","astra-migrate-meta-layouts":"default","ast-page-background-enabled":"default","ast-page-background-meta":{"desktop":{"background-color":"var(--ast-global-color-4)","background-image":"","background-repeat":"repeat","background-position":"center center","background-size":"auto","background-attachment":"scroll","background-type":"","background-media":"","overlay-type":"","overlay-color":"","overlay-opacity":"","overlay-gradient":""},"tablet":{"background-color":"","background-image":"","background-repeat":"repeat","background-position":"center center","background-size":"auto","background-attachment":"scroll","background-type":"","background-media":"","overlay-type":"","overlay-color":"","overlay-opacity":"","overlay-gradient":""},"mobile":{"background-color":"","background-image":"","background-repeat":"repeat","background-position":"center center","background-size":"auto","background-attachment":"scroll","background-type":"","background-media":"","overlay-type":"","overlay-color":"","overlay-opacity":"","overlay-gradient":""}},"ast-content-background-meta":{"desktop":{"background-color":"var(--ast-global-color-5)","background-image":"","background-repeat":"repeat","background-position":"center center","background-size":"auto","background-attachment":"scroll","background-type":"","background-media":"","overlay-type":"","overlay-color":"","overlay-opacity":"","overlay-gradient":""},"tablet":{"background-color":"var(--ast-global-color-5)","background-image":"","background-repeat":"repeat","background-position":"center center","background-size":"auto","background-attachment":"scroll","background-type":"","background-media":"","overlay-type":"","overlay-color":"","overlay-opacity":"","overlay-gradient":""},"mobile":{"background-color":"var(--ast-global-color-5)","background-image":"","background-repeat":"repeat","background-position":"center center","background-size":"auto","background-attachment":"scroll","background-type":"","background-media":"","overlay-type":"","overlay-color":"","overlay-opacity":"","overlay-gradient":""}},"jetpack_post_was_ever_published":false,"footnotes":""},"class_list":["post-1215","page","type-page","status-publish","hentry"],"jetpack_sharing_enabled":true,"jetpack_shortlink":"https:\/\/wp.me\/P9nlNh-jB","jetpack-related-posts":[{"id":1045,"url":"https:\/\/julie-limoges.fr\/?page_id=1045","url_meta":{"origin":1215,"position":0},"title":"En librairie","author":"Kyvar","date":"28 July 2017","format":false,"excerpt":"O\u00f9 trouver mes \u0153uvres, que ce soit en version papier ou num\u00e9rique ! Le soleil des hommes Nuit de cendres (T1) Jusqu'au ciel (T2) > Lire les premi\u00e8res pages < > Lire les premi\u00e8res pages < Disponible en versions num\u00e9rique et papier sur la boutique Hydralune. Disponible en versions num\u00e9rique\u2026","rel":"","context":"Similar post","block_context":{"text":"Similar post","link":""},"img":{"alt_text":"","src":"","width":0,"height":0},"classes":[]},{"id":1288,"url":"https:\/\/julie-limoges.fr\/?page_id=1288","url_meta":{"origin":1215,"position":1},"title":"Eschyle Mallory","author":"Kyvar","date":"21 December 2018","format":false,"excerpt":"On pousse Eschyle \u00e0 accepter un bien \u00e9trange travail : utiliser sa poisse l\u00e9gendaire pour mettre \u00e0 bas les entreprises de transport concurrentes \u00e0 la sienne. Survivra-t-il aux catastrophes qu\u2019il provoque et pour quelle vie, au final ? \u00a0 Extrait : \u00ab Je suis venu vous proposer un emploi. \u2014\u2026","rel":"","context":"Similar post","block_context":{"text":"Similar post","link":""},"img":{"alt_text":"","src":"https:\/\/i0.wp.com\/julie-limoges.fr\/wp-content\/uploads\/2018\/12\/Eschylle.jpg?resize=350%2C200","width":350,"height":200},"classes":[]},{"id":1025,"url":"https:\/\/julie-limoges.fr\/?page_id=1025","url_meta":{"origin":1215,"position":2},"title":"Bande dessin\u00e9e : Les lumi\u00e8res de l&#8217;Amalou","author":"Kyvar","date":"19 March 2021","format":false,"excerpt":"Article publi\u00e9 originalement sur le site Hydralune. C\u2019est de nouveau mon tour de vous pr\u00e9senter une \u0153uvre qui m\u2019est ch\u00e8re et qui m\u2019a influenc\u00e9e dans mon parcours d\u2019\u00e9crivain. Apr\u00e8s un manga, D\u00f4mu, je reviens dans l'Hexagone pour vous parler d\u2019une bande dessin\u00e9e bien de chez nous\u00a0: les Lumi\u00e8res de Lamalou.\u2026","rel":"","context":"Similar post","block_context":{"text":"Similar post","link":""},"img":{"alt_text":"","src":"https:\/\/i0.wp.com\/julie-limoges.fr\/wp-content\/uploads\/2017\/04\/les-lumieres-de-l-amalou-e1616167326768.jpg?fit=400%2C393&ssl=1&resize=350%2C200","width":350,"height":200},"classes":[]},{"id":944,"url":"https:\/\/julie-limoges.fr\/?page_id=944","url_meta":{"origin":1215,"position":3},"title":"Entropie","author":"Kyvar","date":"17 November 2016","format":false,"excerpt":"L\u2019inspecteur Atkins aurait d\u00fb mourir il y a vingt ans s'il n'avait pas b\u00e9n\u00e9fici\u00e9 de l'invention d'une machine r\u00e9volutionnaire : le Caladrius. Cette derni\u00e8re permet de transf\u00e9rer la conscience d'une personne dans un nouveau corps et d'ainsi la soustraire \u00e0 la mort. Un nouvel \u00e2ge d'or semble s'ouvrir pour l'humanit\u00e9.\u2026","rel":"","context":"Similar post","block_context":{"text":"Similar post","link":""},"img":{"alt_text":"","src":"https:\/\/i0.wp.com\/julie-limoges.fr\/wp-content\/uploads\/2016\/11\/illuentropie.jpg?resize=350%2C200","width":350,"height":200},"classes":[]},{"id":1075,"url":"https:\/\/julie-limoges.fr\/?page_id=1075","url_meta":{"origin":1215,"position":4},"title":"Un long chemin","author":"Kyvar","date":"31 July 2017","format":false,"excerpt":"La vie est un long chemin aux ramifications infinies. Au fil des culs-de-sac, des raccourcis ou des \u00e9garements, elle prend souvent des tournants insoup\u00e7onn\u00e9s. Des changements de direction parfois b\u00e9n\u00e9fiques, parfois funestes. C\u2019est ce que Mains de Mort, bourreau d\u2019\u00c9tat, va d\u00e9couvrir lors d\u2019une de ses missions de routine. Dot\u00e9\u2026","rel":"","context":"Similar post","block_context":{"text":"Similar post","link":""},"img":{"alt_text":"","src":"https:\/\/i0.wp.com\/julie-limoges.fr\/wp-content\/uploads\/2017\/07\/unlongchemin.jpg?fit=1072%2C435&ssl=1&resize=350%2C200","width":350,"height":200,"srcset":"https:\/\/i0.wp.com\/julie-limoges.fr\/wp-content\/uploads\/2017\/07\/unlongchemin.jpg?fit=1072%2C435&ssl=1&resize=350%2C200 1x, https:\/\/i0.wp.com\/julie-limoges.fr\/wp-content\/uploads\/2017\/07\/unlongchemin.jpg?fit=1072%2C435&ssl=1&resize=525%2C300 1.5x, https:\/\/i0.wp.com\/julie-limoges.fr\/wp-content\/uploads\/2017\/07\/unlongchemin.jpg?fit=1072%2C435&ssl=1&resize=700%2C400 2x, https:\/\/i0.wp.com\/julie-limoges.fr\/wp-content\/uploads\/2017\/07\/unlongchemin.jpg?fit=1072%2C435&ssl=1&resize=1050%2C600 3x"},"classes":[]},{"id":1399,"url":"https:\/\/julie-limoges.fr\/?page_id=1399","url_meta":{"origin":1215,"position":5},"title":"On vous parle du Soleil des hommes","author":"Kyvar","date":"18 March 2021","format":false,"excerpt":"(d'abord publi\u00e9 sur le site hydralune.com) \u2014 Un monde priv\u00e9 de lumi\u00e8re Dans le Soleil des hommes, le soleil a disparu et le monde est plong\u00e9 dans une obscurit\u00e9 constante. Illustration de Slava Gerj \u00c0 l\u2019origine, le roman \u00e9tait une nouvelle se d\u00e9roulant dans le d\u00e9sert australien lors d\u2019une nuit\u2026","rel":"","context":"Similar post","block_context":{"text":"Similar post","link":""},"img":{"alt_text":"","src":"https:\/\/i0.wp.com\/hydralune.com\/wp-content\/uploads\/2016\/07\/imagesite-300x227.jpg?resize=350%2C200&ssl=1","width":350,"height":200},"classes":[]}],"_links":{"self":[{"href":"https:\/\/julie-limoges.fr\/index.php?rest_route=\/wp\/v2\/pages\/1215","targetHints":{"allow":["GET"]}}],"collection":[{"href":"https:\/\/julie-limoges.fr\/index.php?rest_route=\/wp\/v2\/pages"}],"about":[{"href":"https:\/\/julie-limoges.fr\/index.php?rest_route=\/wp\/v2\/types\/page"}],"author":[{"embeddable":true,"href":"https:\/\/julie-limoges.fr\/index.php?rest_route=\/wp\/v2\/users\/1"}],"replies":[{"embeddable":true,"href":"https:\/\/julie-limoges.fr\/index.php?rest_route=%2Fwp%2Fv2%2Fcomments&post=1215"}],"version-history":[{"count":6,"href":"https:\/\/julie-limoges.fr\/index.php?rest_route=\/wp\/v2\/pages\/1215\/revisions"}],"predecessor-version":[{"id":1240,"href":"https:\/\/julie-limoges.fr\/index.php?rest_route=\/wp\/v2\/pages\/1215\/revisions\/1240"}],"up":[{"embeddable":true,"href":"https:\/\/julie-limoges.fr\/index.php?rest_route=\/wp\/v2\/pages\/32"}],"wp:attachment":[{"href":"https:\/\/julie-limoges.fr\/index.php?rest_route=%2Fwp%2Fv2%2Fmedia&parent=1215"}],"curies":[{"name":"wp","href":"https:\/\/api.w.org\/{rel}","templated":true}]}}