{"id":1288,"date":"2018-12-21T15:56:10","date_gmt":"2018-12-21T14:56:10","guid":{"rendered":"http:\/\/julie-limoges.fr\/?page_id=1288"},"modified":"2019-02-19T10:03:06","modified_gmt":"2019-02-19T09:03:06","slug":"eschyle-mallory","status":"publish","type":"page","link":"https:\/\/julie-limoges.fr\/?page_id=1288","title":{"rendered":"Eschyle Mallory"},"content":{"rendered":"<div>\n<div style=\"float:right;padding-left:40px;padding-top:0;\"><img data-recalc-dims=\"1\" loading=\"lazy\" decoding=\"async\" src=\"https:\/\/i0.wp.com\/julie-limoges.fr\/wp-content\/uploads\/2018\/12\/Eschylle.jpg?resize=250%2C300\" alt=\"\" width=\"250\" height=\"300\" \/><\/div>\n<div style=\"overflow:hidden;text-align:justify;\">\n<p>On pousse Eschyle \u00e0 accepter un bien \u00e9trange travail : utiliser sa poisse l\u00e9gendaire pour mettre \u00e0 bas les entreprises de transport concurrentes \u00e0 la sienne. Survivra-t-il aux catastrophes qu\u2019il provoque et pour quelle vie, au final ?<\/p>\n<p>&nbsp;<\/p>\n<\/div>\n<\/div>\n<div style=\"overflow:hidden;text-align:justify;min-width:400px;\">\n<p><span style=\"font-size:140%;color:#666;\"><b>Extrait : <\/b><\/span><\/p>\n<p><span style=\"font-style:italic;\">\u00ab Je suis venu vous proposer un emploi.<br \/>\n\u2014 Je n\u2019ai pas besoin d\u2019emploi, grima\u00e7a Eschyle.<br \/>\n\u2014 Ce n\u2019est pas ce que disent vos cr\u00e9anciers. Et encore moins votre ex-femme.<br \/>\nEschyle l\u00e2cha un rire mauvais.<br \/>\n\u2014 Elle est partie le jour o\u00f9 le ballon d\u2019eau chaude a travers\u00e9 le sol de la salle de bain pour rejoindre la plus proche banlieue orbitale.<br \/>\n\u2014 Je suppose qu\u2019elle \u00e9tait dans la pi\u00e8ce, vu la somme qu\u2019elle vous r\u00e9clame ?<br \/>\nEschyle hocha la t\u00eate :<br \/>\n\u2014 J\u2019en viens \u00e0 regretter qu\u2019il n\u2019ait pas emmen\u00e9 la partie de la baignoire o\u00f9 elle se trouvait\u2026<br \/>\n\u2014 Comment allez-vous la payer ? \u00bb<\/span><\/p>\n<p>&nbsp;<\/p>\n<div style=\"overflow:hidden;text-align:justify;min-width:400px;\">\n<p><span style=\"font-size:140%;color:#666;\"><b>On en parle : <\/b><\/span><br \/>\n<!-- \n\u00ab Ambroise le biens\u00e9ant (Julie Limoges) (Illustrations : Anthony Oliveira) : On d\u00e9marrait fort ce num\u00e9ro avec une nouvelle \u00e9tonnante. Bien que l\u2019id\u00e9e principale soit du d\u00e9j\u00e0 vu (je pense forc\u00e9ment \u00e0 Ast\u00e9rix cherchant le laisser-passer A38 au sein d\u2019une administration qui le fait tourner en bourrique dans les 12 travaux d\u2019Ast\u00e9rix). Mais la cr\u00e9ativit\u00e9 de l\u2019auteur et les illustrations mettent en avant un univers riche et dot\u00e9 de coutumes bien \u00e9tranges et o\u00f9 la biens\u00e9ance n\u2019est pas un vain mot. M\u00eame le meurtre doit \u00eatre honorable et r\u00e9alis\u00e9 dans \u00ab les r\u00e8gles \u00bb. L\u2019on retiendra des habitudes bien \u00e9tranges comme le fait de s\u2019excuser 21 fois ou la triple courbette du regret pour que cela semble sinc\u00e8re. Bref, un condens\u00e9 de bonnes id\u00e9es port\u00e9 par une \u00e9criture directe et tr\u00e8s visuelle. Une de mes favorites.  \u00bb\n(<a class=\"lien\" href=\"https:\/\/evasionimaginaire.wordpress.com\/2018\/07\/09\/etherval-la-revue-de-limaginaire-numero-12-erratum\/\" target=\"_blank\">John \u00c9vasion, \u00c9vasion Imaginaire<\/a>)\n\n&nbsp;\n--><\/p>\n<p>\u00ab La derni\u00e8re nouvelle, la plus ing\u00e9nieuse, est due \u00e0 Julie Limoges qui signe avec \u201cEschyle Mallory\u201d le meilleur texte de ce num\u00e9ro avec celui de C\u00e9dric Zampini. Ici, un malchanceux notoire est recrut\u00e9 pour porter la poisse aux concurrents de son employeur, en l\u2019esp\u00e8ce une soci\u00e9t\u00e9 de transport en commun. Julie Limoges pose les bases d\u2019un monde inqui\u00e9tant o\u00f9 le num\u00e9rique est roi, au point de biaiser ou cacher la triste r\u00e9alit\u00e9 d\u2019une plan\u00e8te en piteux \u00e9tat. Mais tout le monde n\u2019est pas malchanceux&#8230; \u00bb<br \/>\n(<a class=\"lien\" href=\"http:\/\/www.yozone.fr\/spip.php?article22885&#038;fbclid=IwAR21jPkBUUWrNzFpIML7o9M6k4JCtrDk7e4dTMzKapzXX1HIofSq3HvDshE\" target=\"_blank\">Didier Reboussin , YOZONE<\/a>)<\/p>\n<p>\u00ab J\u2019avais d\u00e9j\u00e0 beaucoup appr\u00e9ci\u00e9 le texte de Julie nomm\u00e9 \u00ab Ambroise le biens\u00e9ant \u00bb. Ayant d\u00e9j\u00e0 lu une partie de son livre \u00ab Le Soleil des Hommes \u00bb, je commence \u00e0 conna\u00eetre sa plume incisive et pleine d\u2019humour noir et elle aime clairement jouer avec la poisse de ses personnages. On retrouve les m\u00eames ingr\u00e9dients dans ce texte que j\u2019ai beaucoup appr\u00e9ci\u00e9. Un worldbuilding et des personnages vraiment int\u00e9ressants (Eschyle, Randolph et Nossis, la fille en illustration), une \u00e9criture \u00e0 la fois dr\u00f4le et pleine de sensibilit\u00e9, une histoire que vous prendrez avec un certain d\u00e9tachement puis avec une profonde envie de savoir comment cela va finir. Julie joue avec vos \u00e9motions (et celles de ses personnages). Le traitement de la chance et de la malchance montre que ces deux termes sont vraiment les th\u00e8mes centraux de l\u2019histoire, qu\u2019ils prennent la place qu\u2019il leur est \u00e9chue et l\u2019auteure va les confronter avec malice et intelligence. \u00bb<br \/>\n(<a class=\"lien\" href=\"https:\/\/evasionimaginaire.wordpress.com\/2019\/02\/08\/etherval-la-revue-de-limaginaire-numero-13-alea-jacta-est\/?fbclid=IwAR0yT6GiwFgglyDhudtgLSPiDd1k_RNT36cMY2nHCQw4mzANRZYUVIxyDtA\" target=\"_blank\">John \u00c9vasion , \u00c9vasion Imaginaire<\/a>)<\/p>\n<p>&nbsp;<\/p>\n<\/div>\n<div style=\"overflow:hidden;text-align:justify;min-width:400px;\">\n<p><span style=\"font-size:140%;color:#666;\"><b>O\u00f9 la trouver : <\/b><\/span><\/p>\n<p><a href=\"https:\/\/www.etherval.com\/categorie-produit\/revue-papier\/\" target=\"_blank\" rel=\"noopener\">Revue Etherval<\/a><\/p>\n<p>&nbsp;<\/p>\n<p>&nbsp;<\/p>\n<\/div>\n","protected":false},"excerpt":{"rendered":"<p>On pousse Eschyle \u00e0 accepter un bien \u00e9trange travail : utiliser sa poisse l\u00e9gendaire pour mettre \u00e0 bas les entreprises [&hellip;]<\/p>\n","protected":false},"author":1,"featured_media":0,"parent":32,"menu_order":8,"comment_status":"closed","ping_status":"closed","template":"","meta":{"site-sidebar-layout":"default","site-content-layout":"","ast-site-content-layout":"default","site-content-style":"default","site-sidebar-style":"default","ast-global-header-display":"","ast-banner-title-visibility":"","ast-main-header-display":"","ast-hfb-above-header-display":"","ast-hfb-below-header-display":"","ast-hfb-mobile-header-display":"","site-post-title":"","ast-breadcrumbs-content":"","ast-featured-img":"","footer-sml-layout":"","ast-disable-related-posts":"","theme-transparent-header-meta":"","adv-header-id-meta":"","stick-header-meta":"","header-above-stick-meta":"","header-main-stick-meta":"","header-below-stick-meta":"","astra-migrate-meta-layouts":"default","ast-page-background-enabled":"default","ast-page-background-meta":{"desktop":{"background-color":"var(--ast-global-color-4)","background-image":"","background-repeat":"repeat","background-position":"center center","background-size":"auto","background-attachment":"scroll","background-type":"","background-media":"","overlay-type":"","overlay-color":"","overlay-opacity":"","overlay-gradient":""},"tablet":{"background-color":"","background-image":"","background-repeat":"repeat","background-position":"center center","background-size":"auto","background-attachment":"scroll","background-type":"","background-media":"","overlay-type":"","overlay-color":"","overlay-opacity":"","overlay-gradient":""},"mobile":{"background-color":"","background-image":"","background-repeat":"repeat","background-position":"center center","background-size":"auto","background-attachment":"scroll","background-type":"","background-media":"","overlay-type":"","overlay-color":"","overlay-opacity":"","overlay-gradient":""}},"ast-content-background-meta":{"desktop":{"background-color":"var(--ast-global-color-5)","background-image":"","background-repeat":"repeat","background-position":"center center","background-size":"auto","background-attachment":"scroll","background-type":"","background-media":"","overlay-type":"","overlay-color":"","overlay-opacity":"","overlay-gradient":""},"tablet":{"background-color":"var(--ast-global-color-5)","background-image":"","background-repeat":"repeat","background-position":"center center","background-size":"auto","background-attachment":"scroll","background-type":"","background-media":"","overlay-type":"","overlay-color":"","overlay-opacity":"","overlay-gradient":""},"mobile":{"background-color":"var(--ast-global-color-5)","background-image":"","background-repeat":"repeat","background-position":"center center","background-size":"auto","background-attachment":"scroll","background-type":"","background-media":"","overlay-type":"","overlay-color":"","overlay-opacity":"","overlay-gradient":""}},"jetpack_post_was_ever_published":false,"footnotes":""},"class_list":["post-1288","page","type-page","status-publish","hentry"],"jetpack_sharing_enabled":true,"jetpack_shortlink":"https:\/\/wp.me\/P9nlNh-kM","jetpack-related-posts":[{"id":269,"url":"https:\/\/julie-limoges.fr\/?page_id=269","url_meta":{"origin":1288,"position":0},"title":"Tome 1 : Le chant de Kali","author":"Kyvar","date":"20 March 2015","format":false,"excerpt":"Pitch : Seven, un futur trentenaire plus tr\u00e8s jeune ou tr\u00e8s frais, est contraint d\u2019aider quotidiennement Ash, une cr\u00e9ature du Premier Sous-monde, \u00e0 r\u00e9soudre des affaires sensibles afin d\u2019honorer un march\u00e9 de dupe dont il ne se sent pas redevable. La derni\u00e8re affaire que son partenaire de circonstance lui impose\u2026","rel":"","context":"Similar post","block_context":{"text":"Similar post","link":""},"img":{"alt_text":"","src":"https:\/\/i0.wp.com\/julie-limoges.fr\/wp-content\/uploads\/2015\/03\/DF1.jpg?fit=1072%2C435&ssl=1&resize=350%2C200","width":350,"height":200,"srcset":"https:\/\/i0.wp.com\/julie-limoges.fr\/wp-content\/uploads\/2015\/03\/DF1.jpg?fit=1072%2C435&ssl=1&resize=350%2C200 1x, https:\/\/i0.wp.com\/julie-limoges.fr\/wp-content\/uploads\/2015\/03\/DF1.jpg?fit=1072%2C435&ssl=1&resize=525%2C300 1.5x, https:\/\/i0.wp.com\/julie-limoges.fr\/wp-content\/uploads\/2015\/03\/DF1.jpg?fit=1072%2C435&ssl=1&resize=700%2C400 2x, https:\/\/i0.wp.com\/julie-limoges.fr\/wp-content\/uploads\/2015\/03\/DF1.jpg?fit=1072%2C435&ssl=1&resize=1050%2C600 3x"},"classes":[]},{"id":136,"url":"https:\/\/julie-limoges.fr\/?page_id=136","url_meta":{"origin":1288,"position":1},"title":"Extrait : La m\u00e8re de toutes les m\u00e8res","author":"Kyvar","date":"19 March 2015","format":false,"excerpt":"La m\u00e8re de toutes les m\u00e8res \u00a0 Bien avant d'atterrir sur ce monde poubelle, j'avais connu la mer, la vraie, celle qui s'\u00e9tirait jusqu'\u00e0 l'horizon, bleue et houleuse. Elle inspirait les po\u00e8tes, intimidait les marins et bravait jour apr\u00e8s jour la domination des hommes. Il m'arrivait souvent de r\u00eaver du\u2026","rel":"","context":"Similar post","block_context":{"text":"Similar post","link":""},"img":{"alt_text":"","src":"","width":0,"height":0},"classes":[]},{"id":1038,"url":"https:\/\/julie-limoges.fr\/?page_id=1038","url_meta":{"origin":1288,"position":2},"title":"Ce qu&#8217;on en dit","author":"Kyvar","date":"27 July 2017","format":false,"excerpt":"Vous retrouverez ici les critiques et articles sur le cycle Le soleil des hommes ! \u00a0 Nuit de cendres Site de Catherine Loiseau J\u2019ai eu la chance de d\u00e9couvrir ce roman en avant-premi\u00e8re, vu que je suis l\u2019une des marraines de ce tome au sein du\u00a0collectif Hydralune. Franchement, d\u00e8s les\u2026","rel":"","context":"Similar post","block_context":{"text":"Similar post","link":""},"img":{"alt_text":"","src":"https:\/\/i0.wp.com\/julie-limoges.fr\/wp-content\/uploads\/2017\/07\/SDH_cequonendit.jpg?fit=1072%2C435&ssl=1&resize=350%2C200","width":350,"height":200,"srcset":"https:\/\/i0.wp.com\/julie-limoges.fr\/wp-content\/uploads\/2017\/07\/SDH_cequonendit.jpg?fit=1072%2C435&ssl=1&resize=350%2C200 1x, https:\/\/i0.wp.com\/julie-limoges.fr\/wp-content\/uploads\/2017\/07\/SDH_cequonendit.jpg?fit=1072%2C435&ssl=1&resize=525%2C300 1.5x, https:\/\/i0.wp.com\/julie-limoges.fr\/wp-content\/uploads\/2017\/07\/SDH_cequonendit.jpg?fit=1072%2C435&ssl=1&resize=700%2C400 2x, https:\/\/i0.wp.com\/julie-limoges.fr\/wp-content\/uploads\/2017\/07\/SDH_cequonendit.jpg?fit=1072%2C435&ssl=1&resize=1050%2C600 3x"},"classes":[]},{"id":660,"url":"https:\/\/julie-limoges.fr\/?page_id=660","url_meta":{"origin":1288,"position":3},"title":"Extrait : Mains de Mort","author":"Kyvar","date":"19 October 2015","format":false,"excerpt":"Mains de Mort \u00a0 L\u2019homme s\u2019effondra d\u00e8s que mes doigts effleur\u00e8rent la peau de son visage. Il s\u2019\u00e9croula sur le sol humide, fauch\u00e9 par la mort en un instant. Crev\u00e9 en plein vol. La femme tomba \u00e0 genoux \u00e0 la vue de son compagnon \u2013 sans doute son mari \u2013\u2026","rel":"","context":"Similar post","block_context":{"text":"Similar post","link":""},"img":{"alt_text":"","src":"","width":0,"height":0},"classes":[]},{"id":1045,"url":"https:\/\/julie-limoges.fr\/?page_id=1045","url_meta":{"origin":1288,"position":4},"title":"En librairie","author":"Kyvar","date":"28 July 2017","format":false,"excerpt":"O\u00f9 trouver mes \u0153uvres, que ce soit en version papier ou num\u00e9rique ! Le soleil des hommes Nuit de cendres (T1) Jusqu'au ciel (T2) > Lire les premi\u00e8res pages < > Lire les premi\u00e8res pages < Disponible en versions num\u00e9rique et papier sur la boutique Hydralune. Disponible en versions num\u00e9rique\u2026","rel":"","context":"Similar post","block_context":{"text":"Similar post","link":""},"img":{"alt_text":"","src":"","width":0,"height":0},"classes":[]},{"id":2,"url":"https:\/\/julie-limoges.fr\/?page_id=2","url_meta":{"origin":1288,"position":5},"title":"Page d&rsquo;exemple","author":"Kyvar","date":"9 November 2017","format":false,"excerpt":"Voici un exemple de page. Elle est diff\u00e9rente d\u2019un article de blog, en cela qu\u2019elle restera \u00e0 la m\u00eame place, et s\u2019affichera dans le menu de navigation de votre site (en fonction de votre th\u00e8me). La plupart des gens commencent par \u00e9crire une page \u00ab\u00a0\u00c0 Propos\u00a0\u00bb qui les pr\u00e9sente aux\u2026","rel":"","context":"Similar post","block_context":{"text":"Similar post","link":""},"img":{"alt_text":"","src":"","width":0,"height":0},"classes":[]}],"_links":{"self":[{"href":"https:\/\/julie-limoges.fr\/index.php?rest_route=\/wp\/v2\/pages\/1288","targetHints":{"allow":["GET"]}}],"collection":[{"href":"https:\/\/julie-limoges.fr\/index.php?rest_route=\/wp\/v2\/pages"}],"about":[{"href":"https:\/\/julie-limoges.fr\/index.php?rest_route=\/wp\/v2\/types\/page"}],"author":[{"embeddable":true,"href":"https:\/\/julie-limoges.fr\/index.php?rest_route=\/wp\/v2\/users\/1"}],"replies":[{"embeddable":true,"href":"https:\/\/julie-limoges.fr\/index.php?rest_route=%2Fwp%2Fv2%2Fcomments&post=1288"}],"version-history":[{"count":4,"href":"https:\/\/julie-limoges.fr\/index.php?rest_route=\/wp\/v2\/pages\/1288\/revisions"}],"predecessor-version":[{"id":1364,"href":"https:\/\/julie-limoges.fr\/index.php?rest_route=\/wp\/v2\/pages\/1288\/revisions\/1364"}],"up":[{"embeddable":true,"href":"https:\/\/julie-limoges.fr\/index.php?rest_route=\/wp\/v2\/pages\/32"}],"wp:attachment":[{"href":"https:\/\/julie-limoges.fr\/index.php?rest_route=%2Fwp%2Fv2%2Fmedia&parent=1288"}],"curies":[{"name":"wp","href":"https:\/\/api.w.org\/{rel}","templated":true}]}}