{"id":134,"date":"2015-03-19T12:56:42","date_gmt":"2015-03-19T11:56:42","guid":{"rendered":"https:\/\/julielimoges.wordpress.com\/?page_id=134"},"modified":"2015-03-19T12:56:42","modified_gmt":"2015-03-19T11:56:42","slug":"la-mere-de-toutes-les-meres","status":"publish","type":"page","link":"https:\/\/julie-limoges.fr\/?page_id=134","title":{"rendered":"La m\u00e8re de toutes les m\u00e8res"},"content":{"rendered":"<div>\n<div style=\"float:right;padding-left:40px;padding-top:0;\"><img data-recalc-dims=\"1\" loading=\"lazy\" decoding=\"async\" src=\"https:\/\/i0.wp.com\/julie-limoges.fr\/wp-content\/uploads\/2015\/03\/audiolameredesmeres.jpg?resize=250%2C283\" alt=\"\" width=\"250\" height=\"283\" \/><\/div>\n<div style=\"overflow:hidden;text-align:justify;\">\n<p>Employ\u00e9 d&#8217;une raffinerie sur une plan\u00e8te recouverte de p\u00e9trole, Jean travaille chaque jour avec acharnement. D\u00e9sireux de rejoindre sa femme sur le point d&#8217;accoucher, il d\u00e9cide d&#8217;embarquer \u00e0 bord de la Go\u00e9lette.<\/p>\n<p>Il sait que le navire s&#8217;appr\u00eate \u00e0 braver l&#8217;interdiction de naviguer, en vigueur depuis les disparitions inexplicables de nombreux bateaux, mais son impatience l&#8217;aveugle.<\/p>\n<p>Alors que la travers\u00e9e se d\u00e9roule sans heurt sous l&#8217;atmosph\u00e8re \u00e9carlate et oppressante de ce monde, le comportement de certains passagers devient de plus en plus \u00e9trange.<\/p>\n<p>&nbsp;\n<\/p><\/div>\n<\/div>\n<div style=\"overflow:hidden;text-align:justify;min-width:400px;\">\n<span style=\"font-size:140%;color:#666;\"><b>Extrait : <\/b><\/span><\/p>\n<p><span style=\"font-style:italic;\">\u00ab Je n&#8217;avais pas trois semaines \u00e0 perdre \u2014 Annabelle allait accoucher \u2014 et quand bien m\u00eame mes coll\u00e8gues m&#8217;avaient conseill\u00e9 de ne pas tenter le diable, j&#8217;avais accept\u00e9 l&#8217;offre de cet escroc d&#8217;Harvill.<\/span><\/p>\n<p><span style=\"font-style:italic;\">Neuf jours, pas un de plus ! Voil\u00e0 ce qu&#8217;il m&#8217;avait vendu !<\/span><\/p>\n<p><span style=\"font-style:italic;\">Cinq \u00e9taient pass\u00e9s, mais la Go\u00e9lette et son \u00e9quipage ne paraissaient pas devoir rejoindre les c\u00f4tes avant des ann\u00e9es. La paye et la promesse d&#8217;une arriv\u00e9e rapide m&#8217;avaient aveugl\u00e9 et, alors que je contemplais l&#8217;oc\u00e9an de p\u00e9trole, je r\u00e9alisais l&#8217;ampleur de mon erreur. \u00bb<br \/>\n<\/span><\/p>\n<p>&nbsp;\n<\/p><\/div>\n<div style=\"overflow:hidden;text-align:justify;min-width:400px;\">\n<span style=\"font-size:140%;color:#666;\"><b>Pour d\u00e9couvrir la nouvelle : <\/b><\/span><\/p>\n<p>Dans le cadre de l\u2019\u00e9v\u00e9nement &#8220;L&#8217;Invasion des Grenouilles&#8221;, vous trouverez le premier tiers de la nouvelle \u00e0 cette <a href=\"https:\/\/julielimoges.wordpress.com\/la-mere-de-toutes-les-meres\/la-mere-de-toutes-les-meres-extrait\/\">adresse<\/a> !<\/p>\n<p>&nbsp;\n<\/p><\/div>\n<div style=\"overflow:hidden;text-align:justify;min-width:400px;\">\n<span style=\"font-size:140%;color:#666;\"><b>On en parle : <\/b><\/span><\/p>\n<p>\u00ab ENFIN une nouvelle de SF ! La premi\u00e8re et la derni\u00e8re, malheureusement. Enfin, j&#8217;ai cru au d\u00e9but qu&#8217;il s&#8217;agissait de SF, mais plus on s&#8217;enfonce dans le p\u00e9trole, plus on se rend compte qu&#8217;il s&#8217;agit plut\u00f4t de Fantastique. De l&#8217;horreur digne de Lovecraft (ou presque, il faut avouer qu&#8217;il est difficile \u00e0 \u00e9galer). \u00bb<br \/>\n(<a href=\"http:\/\/lamagiedesmots.be\/etherval-n3-mare-nostrum\/\" target=\"_blank\">La Magie des Mots<\/a>)<\/p>\n<p>\u00ab Le\u00e7on n\u00b01 d&#8217;exobiologie&#8230;. heum, pardon, je m&#8217;\u00e9gare. Cette nouvelle trouve bien son public entre SF et horreur. Elle est assez efficace. On visualise tr\u00e8s bien les sc\u00e8nes. [\u2026] \u00bb<br \/>\n(<a href=\"http:\/\/question-sf.over-blog.com\/article-etherval-n-3-mare-nostrum-121023188.html\" target=\"_blank\">Question SFFF<\/a>)<\/p>\n<p>\u00ab La m\u00e8re de toutes les m\u00e8res&#8221; part d&#8217;un postulat plut\u00f4t simpliste et discutable : une plan\u00e8te recouverte d&#8217;un vaste oc\u00e9an de p\u00e9trole et exploit\u00e9e par les humains. [\u2026]<br \/>\nHeureusement, l&#8217;histoire tient la route ou plut\u00f4t le cap. Jean d\u00e9sire se rendre en ville mais, faute de moyen, il emprunte un bateau au d\u00e9part de la station d&#8217;exploitation. Le capitaine est aux abonn\u00e9s absents, le Doc n&#8217;est qu&#8217;une brute \u00e9paisse, les autres passagers s&#8217;av\u00e8rent \u00e9tranges&#8230;<br \/>\nL&#8217;int\u00e9r\u00eat augmente au fil des pages, on glisse dans l&#8217;horreur et Julie Limoges d\u00e9passe le simple cadre que l&#8217;on imaginait au d\u00e9part, montrant ainsi qu&#8217;elle a du potentiel. \u00bb<br \/>\n(<a href=\"http:\/\/yozone.fr\/spip.php?article16531\" target=\"_blank\">Fran\u00e7ois Schnebelen, Yozone<\/a>)<\/p>\n<p>\u00ab \u00c0 mi-chemin entre la Fantasy et le Space op, cette nouvelle devient int\u00e9ressante qu\u2019une fois le climax termin\u00e9. On suit des matelots, surtout un ouvrier voulant retrouver sa belle Anabelle, qui voguent sur une mer de p\u00e9trole (le r\u00eave Am\u00e9ricain ?)<br \/>\nLes personnages sont aussi moches (surtout la boule, le meilleur) qu\u2019int\u00e9ressants, et la mer aussi dangereuse que le p\u00e9trole. Une nouvelle appr\u00e9ciable, surtout gr\u00e2ce \u00e0 cette chute, celle qui m\u2019a le plus \u00e9pat\u00e9 dans ce num\u00e9ro. Auteure \u00e0 suivre. \u00bb<br \/>\n(<a href=\"http:\/\/bambous-a-vapeur.com\/etherval-la-revue-de-limaginaire\/\" target=\"_blank\">Lewis Roy<\/a>)<\/p>\n<p>&nbsp;\n<\/p><\/div>\n<div style=\"overflow:hidden;text-align:justify;min-width:400px;\">\n<span style=\"font-size:140%;color:#666;\"><b>O\u00f9 la trouver : <\/b><\/span><\/p>\n<p><a href=\"http:\/\/www.etherval.com\/static\/?id=store\" target=\"blank\">Revue Etherval<\/a><\/p>\n<p>&nbsp;\n<\/p><\/div>\n","protected":false},"excerpt":{"rendered":"<p>Employ\u00e9 d&#8217;une raffinerie sur une plan\u00e8te recouverte de p\u00e9trole, Jean travaille chaque jour avec acharnement. D\u00e9sireux de rejoindre sa femme [&hellip;]<\/p>\n","protected":false},"author":1,"featured_media":0,"parent":32,"menu_order":1,"comment_status":"closed","ping_status":"open","template":"","meta":{"site-sidebar-layout":"default","site-content-layout":"","ast-site-content-layout":"default","site-content-style":"default","site-sidebar-style":"default","ast-global-header-display":"","ast-banner-title-visibility":"","ast-main-header-display":"","ast-hfb-above-header-display":"","ast-hfb-below-header-display":"","ast-hfb-mobile-header-display":"","site-post-title":"","ast-breadcrumbs-content":"","ast-featured-img":"","footer-sml-layout":"","ast-disable-related-posts":"","theme-transparent-header-meta":"","adv-header-id-meta":"","stick-header-meta":"","header-above-stick-meta":"","header-main-stick-meta":"","header-below-stick-meta":"","astra-migrate-meta-layouts":"default","ast-page-background-enabled":"default","ast-page-background-meta":{"desktop":{"background-color":"var(--ast-global-color-4)","background-image":"","background-repeat":"repeat","background-position":"center center","background-size":"auto","background-attachment":"scroll","background-type":"","background-media":"","overlay-type":"","overlay-color":"","overlay-opacity":"","overlay-gradient":""},"tablet":{"background-color":"","background-image":"","background-repeat":"repeat","background-position":"center center","background-size":"auto","background-attachment":"scroll","background-type":"","background-media":"","overlay-type":"","overlay-color":"","overlay-opacity":"","overlay-gradient":""},"mobile":{"background-color":"","background-image":"","background-repeat":"repeat","background-position":"center center","background-size":"auto","background-attachment":"scroll","background-type":"","background-media":"","overlay-type":"","overlay-color":"","overlay-opacity":"","overlay-gradient":""}},"ast-content-background-meta":{"desktop":{"background-color":"var(--ast-global-color-5)","background-image":"","background-repeat":"repeat","background-position":"center center","background-size":"auto","background-attachment":"scroll","background-type":"","background-media":"","overlay-type":"","overlay-color":"","overlay-opacity":"","overlay-gradient":""},"tablet":{"background-color":"var(--ast-global-color-5)","background-image":"","background-repeat":"repeat","background-position":"center center","background-size":"auto","background-attachment":"scroll","background-type":"","background-media":"","overlay-type":"","overlay-color":"","overlay-opacity":"","overlay-gradient":""},"mobile":{"background-color":"var(--ast-global-color-5)","background-image":"","background-repeat":"repeat","background-position":"center center","background-size":"auto","background-attachment":"scroll","background-type":"","background-media":"","overlay-type":"","overlay-color":"","overlay-opacity":"","overlay-gradient":""}},"jetpack_post_was_ever_published":false,"footnotes":""},"class_list":["post-134","page","type-page","status-publish","hentry"],"jetpack_sharing_enabled":true,"jetpack_shortlink":"https:\/\/wp.me\/P9nlNh-2a","jetpack-related-posts":[{"id":136,"url":"https:\/\/julie-limoges.fr\/?page_id=136","url_meta":{"origin":134,"position":0},"title":"Extrait : La m\u00e8re de toutes les m\u00e8res","author":"Kyvar","date":"19 March 2015","format":false,"excerpt":"La m\u00e8re de toutes les m\u00e8res \u00a0 Bien avant d'atterrir sur ce monde poubelle, j'avais connu la mer, la vraie, celle qui s'\u00e9tirait jusqu'\u00e0 l'horizon, bleue et houleuse. Elle inspirait les po\u00e8tes, intimidait les marins et bravait jour apr\u00e8s jour la domination des hommes. Il m'arrivait souvent de r\u00eaver du\u2026","rel":"","context":"Similar post","block_context":{"text":"Similar post","link":""},"img":{"alt_text":"","src":"","width":0,"height":0},"classes":[]},{"id":1075,"url":"https:\/\/julie-limoges.fr\/?page_id=1075","url_meta":{"origin":134,"position":1},"title":"Un long chemin","author":"Kyvar","date":"31 July 2017","format":false,"excerpt":"La vie est un long chemin aux ramifications infinies. Au fil des culs-de-sac, des raccourcis ou des \u00e9garements, elle prend souvent des tournants insoup\u00e7onn\u00e9s. Des changements de direction parfois b\u00e9n\u00e9fiques, parfois funestes. C\u2019est ce que Mains de Mort, bourreau d\u2019\u00c9tat, va d\u00e9couvrir lors d\u2019une de ses missions de routine. Dot\u00e9\u2026","rel":"","context":"Similar post","block_context":{"text":"Similar post","link":""},"img":{"alt_text":"","src":"https:\/\/i0.wp.com\/julie-limoges.fr\/wp-content\/uploads\/2017\/07\/unlongchemin.jpg?fit=1072%2C435&ssl=1&resize=350%2C200","width":350,"height":200,"srcset":"https:\/\/i0.wp.com\/julie-limoges.fr\/wp-content\/uploads\/2017\/07\/unlongchemin.jpg?fit=1072%2C435&ssl=1&resize=350%2C200 1x, https:\/\/i0.wp.com\/julie-limoges.fr\/wp-content\/uploads\/2017\/07\/unlongchemin.jpg?fit=1072%2C435&ssl=1&resize=525%2C300 1.5x, https:\/\/i0.wp.com\/julie-limoges.fr\/wp-content\/uploads\/2017\/07\/unlongchemin.jpg?fit=1072%2C435&ssl=1&resize=700%2C400 2x, https:\/\/i0.wp.com\/julie-limoges.fr\/wp-content\/uploads\/2017\/07\/unlongchemin.jpg?fit=1072%2C435&ssl=1&resize=1050%2C600 3x"},"classes":[]},{"id":263,"url":"https:\/\/julie-limoges.fr\/?page_id=263","url_meta":{"origin":134,"position":2},"title":"Tome 1 : Nuit de cendres","author":"Kyvar","date":"20 March 2015","format":false,"excerpt":"Quatri\u00e8me de couverture : Sale temps sur le monde. Dans la nuit perp\u00e9tuelle et sous la pluie, la guerre s\u2019appr\u00eate \u00e0 s\u2019abattre une fois encore sur les terres exsangues du royaume des Hommes. Accul\u00e9s par des hordes d\u00e9charn\u00e9es au sud, les Humains doivent \u00e0 pr\u00e9sent faire face aux arm\u00e9es multines\u2026","rel":"","context":"Similar post","block_context":{"text":"Similar post","link":""},"img":{"alt_text":"","src":"https:\/\/i0.wp.com\/julie-limoges.fr\/wp-content\/uploads\/2015\/03\/SDH1.jpg?fit=1072%2C435&ssl=1&resize=350%2C200","width":350,"height":200,"srcset":"https:\/\/i0.wp.com\/julie-limoges.fr\/wp-content\/uploads\/2015\/03\/SDH1.jpg?fit=1072%2C435&ssl=1&resize=350%2C200 1x, https:\/\/i0.wp.com\/julie-limoges.fr\/wp-content\/uploads\/2015\/03\/SDH1.jpg?fit=1072%2C435&ssl=1&resize=525%2C300 1.5x, https:\/\/i0.wp.com\/julie-limoges.fr\/wp-content\/uploads\/2015\/03\/SDH1.jpg?fit=1072%2C435&ssl=1&resize=700%2C400 2x, https:\/\/i0.wp.com\/julie-limoges.fr\/wp-content\/uploads\/2015\/03\/SDH1.jpg?fit=1072%2C435&ssl=1&resize=1050%2C600 3x"},"classes":[]},{"id":660,"url":"https:\/\/julie-limoges.fr\/?page_id=660","url_meta":{"origin":134,"position":3},"title":"Extrait : Mains de Mort","author":"Kyvar","date":"19 October 2015","format":false,"excerpt":"Mains de Mort \u00a0 L\u2019homme s\u2019effondra d\u00e8s que mes doigts effleur\u00e8rent la peau de son visage. Il s\u2019\u00e9croula sur le sol humide, fauch\u00e9 par la mort en un instant. Crev\u00e9 en plein vol. La femme tomba \u00e0 genoux \u00e0 la vue de son compagnon \u2013 sans doute son mari \u2013\u2026","rel":"","context":"Similar post","block_context":{"text":"Similar post","link":""},"img":{"alt_text":"","src":"","width":0,"height":0},"classes":[]},{"id":1102,"url":"https:\/\/julie-limoges.fr\/?page_id=1102","url_meta":{"origin":134,"position":4},"title":"Nouvelle compl\u00e8te : Une maison dans le Sud","author":"Kyvar","date":"31 July 2017","format":false,"excerpt":"Une maison dans le Sud \u00a0 C\u2019\u00e9tait une maison, une maison dans le Sud. Un beau mas de Provence construit sur un terrain pentu travers\u00e9 de restanques bien align\u00e9es. Avec une simple route en terre pour y acc\u00e9der et des arbres touffus pour le camoufler aux regards indiscrets, il s\u2019agissait\u2026","rel":"","context":"Similar post","block_context":{"text":"Similar post","link":""},"img":{"alt_text":"","src":"","width":0,"height":0},"classes":[]},{"id":1341,"url":"https:\/\/julie-limoges.fr\/?page_id=1341","url_meta":{"origin":134,"position":5},"title":"R\u00e9surgence","author":"Kyvar","date":"14 September 2020","format":false,"excerpt":"De par les avanc\u00e9es technologiques, qu'elles soient biologiques, chimiques ou cybern\u00e9tiques, qu'elles soient volontaires ou subites, nous ne sommes d\u00e9j\u00e0 plus les m\u00eames Hommes que nos grands-parents. Quelles seront notre attitude et notre place dans les soci\u00e9t\u00e9s \u00e0 venir ? Quel regard aurons-nous sur nous-m\u00eames et sur nos descendants ?\u2026","rel":"","context":"Similar post","block_context":{"text":"Similar post","link":""},"img":{"alt_text":"","src":"https:\/\/i0.wp.com\/julie-limoges.fr\/wp-content\/uploads\/2020\/06\/cover-nouvelle-s-novella-s-transhumains-post-humains-0-18484700-1566997192.jpeg?resize=350%2C200","width":350,"height":200},"classes":[]}],"_links":{"self":[{"href":"https:\/\/julie-limoges.fr\/index.php?rest_route=\/wp\/v2\/pages\/134","targetHints":{"allow":["GET"]}}],"collection":[{"href":"https:\/\/julie-limoges.fr\/index.php?rest_route=\/wp\/v2\/pages"}],"about":[{"href":"https:\/\/julie-limoges.fr\/index.php?rest_route=\/wp\/v2\/types\/page"}],"author":[{"embeddable":true,"href":"https:\/\/julie-limoges.fr\/index.php?rest_route=\/wp\/v2\/users\/1"}],"replies":[{"embeddable":true,"href":"https:\/\/julie-limoges.fr\/index.php?rest_route=%2Fwp%2Fv2%2Fcomments&post=134"}],"version-history":[{"count":0,"href":"https:\/\/julie-limoges.fr\/index.php?rest_route=\/wp\/v2\/pages\/134\/revisions"}],"up":[{"embeddable":true,"href":"https:\/\/julie-limoges.fr\/index.php?rest_route=\/wp\/v2\/pages\/32"}],"wp:attachment":[{"href":"https:\/\/julie-limoges.fr\/index.php?rest_route=%2Fwp%2Fv2%2Fmedia&parent=134"}],"curies":[{"name":"wp","href":"https:\/\/api.w.org\/{rel}","templated":true}]}}