{"id":1341,"date":"2020-09-14T16:28:16","date_gmt":"2020-09-14T14:28:16","guid":{"rendered":"http:\/\/julie-limoges.fr\/?page_id=1341"},"modified":"2020-09-14T16:30:58","modified_gmt":"2020-09-14T14:30:58","slug":"resurgence","status":"publish","type":"page","link":"https:\/\/julie-limoges.fr\/?page_id=1341","title":{"rendered":"R\u00e9surgence"},"content":{"rendered":"<div>\n<div style=\"float:right;padding-left:40px;padding-top:0;\"><img data-recalc-dims=\"1\" loading=\"lazy\" decoding=\"async\" src=\"https:\/\/i0.wp.com\/julie-limoges.fr\/wp-content\/uploads\/2020\/06\/cover-nouvelle-s-novella-s-transhumains-post-humains-0-18484700-1566997192.jpeg?resize=250%2C300\" alt=\"\" width=\"250\" height=\"300\" \/><\/div>\n<div style=\"overflow:hidden;text-align:justify;\">\n<p>De par les avanc\u00e9es technologiques, qu&#8217;elles soient biologiques, chimiques ou cybern\u00e9tiques, qu&#8217;elles soient volontaires ou subites, nous ne sommes d\u00e9j\u00e0 plus les m\u00eames Hommes que nos grands-parents. Quelles seront notre attitude et notre place dans les soci\u00e9t\u00e9s \u00e0 venir ? Quel regard aurons-nous sur nous-m\u00eames et sur nos descendants ? Et apr\u00e8s le r\u00e8gne de Sapiens, sera-t-il l&#8217;heure des IA ?<\/p>\n<p>&nbsp;<\/p>\n<\/div>\n<\/div>\n<div style=\"overflow:hidden;text-align:justify;min-width:400px;\">\n<p><span style=\"font-size:140%;color:#666;\"><b>Extrait : <\/b><\/span><\/p>\n<p><span style=\"font-style:italic;\">\u00ab Varg se surprit en pleine contemplation. Il avait certes d\u00e9j\u00e0 assist\u00e9 \u00e0 ce genre de ph\u00e9nom\u00e8ne, mais jamais de cette ampleur. Le vent solaire s\u2019\u00e9crasait sur eux, emportant le champ magn\u00e9tique de la plan\u00e8te dans une danse titanesque. Tout le ciel s\u2019embrasait de ce rose scintillant. Il renvoyait vers le sol un \u00e9clat si puissant que la terre grise paraissait moins morne.<br \/>\nTout comme le corps m\u00e9tallique de Varg. Il n\u2019aurait jamais la souplesse des plantes que les viros s\u2019effor\u00e7aient de r\u00e9implanter sur ce monde bless\u00e9. Il n\u2019arborerait pas non plus l\u2019infini de teintes et d\u2019odeurs que le vivant, pourtant si fragile, pouvait offrir. Son \u00eatre resterait aussi froid et immuable que les gravats qu\u2019il extrayait des entrailles de la plan\u00e8te. Toutefois, dans l\u2019\u00e9clat de cette nuit particuli\u00e8re, il aurait jur\u00e9 sentir la chaleur sur son corps.<br \/>\nOu bien les premiers signes de d\u00e9faillance de son syst\u00e8me. \u00bb<\/span><br \/>\n&nbsp;<br \/>\n&nbsp;\n<\/div>\n<div style=\"overflow:hidden;text-align:justify;min-width:400px;\">\n<span style=\"font-size:140%;color:#666;\"><b>Cette nouvelle a \u00e9t\u00e9 finaliste du prix Rosny A\u00een\u00e9 2020.<\/b><\/span><br \/>\n&nbsp;<br \/>\n&nbsp;\n<\/div>\n<div style=\"overflow:hidden;text-align:justify;min-width:400px;\">\n<p><span style=\"font-size:140%;color:#666;\"><b>O\u00f9 la trouver : <\/b><\/span><br \/>\n&nbsp;<br \/>\n<a href=\"https:\/\/www.amazon.fr\/dp\/B07LGZZPV3\" target=\"_blank\" rel=\"noopener\">Amazon<\/a><br \/>\n<a href=\"https:\/\/www.kobo.com\/fr\/en\/ebook\/transhumains-post-humains\" target=\"_blank\" rel=\"noopener\">Fnac<\/a><\/p>\n<p>&nbsp;<\/p>\n<\/div>\n","protected":false},"excerpt":{"rendered":"<p>De par les avanc\u00e9es technologiques, qu&#8217;elles soient biologiques, chimiques ou cybern\u00e9tiques, qu&#8217;elles soient volontaires ou subites, nous ne sommes d\u00e9j\u00e0 [&hellip;]<\/p>\n","protected":false},"author":1,"featured_media":0,"parent":32,"menu_order":9,"comment_status":"closed","ping_status":"closed","template":"","meta":{"site-sidebar-layout":"default","site-content-layout":"","ast-site-content-layout":"default","site-content-style":"default","site-sidebar-style":"default","ast-global-header-display":"","ast-banner-title-visibility":"","ast-main-header-display":"","ast-hfb-above-header-display":"","ast-hfb-below-header-display":"","ast-hfb-mobile-header-display":"","site-post-title":"","ast-breadcrumbs-content":"","ast-featured-img":"","footer-sml-layout":"","ast-disable-related-posts":"","theme-transparent-header-meta":"","adv-header-id-meta":"","stick-header-meta":"","header-above-stick-meta":"","header-main-stick-meta":"","header-below-stick-meta":"","astra-migrate-meta-layouts":"default","ast-page-background-enabled":"default","ast-page-background-meta":{"desktop":{"background-color":"var(--ast-global-color-4)","background-image":"","background-repeat":"repeat","background-position":"center center","background-size":"auto","background-attachment":"scroll","background-type":"","background-media":"","overlay-type":"","overlay-color":"","overlay-opacity":"","overlay-gradient":""},"tablet":{"background-color":"","background-image":"","background-repeat":"repeat","background-position":"center center","background-size":"auto","background-attachment":"scroll","background-type":"","background-media":"","overlay-type":"","overlay-color":"","overlay-opacity":"","overlay-gradient":""},"mobile":{"background-color":"","background-image":"","background-repeat":"repeat","background-position":"center center","background-size":"auto","background-attachment":"scroll","background-type":"","background-media":"","overlay-type":"","overlay-color":"","overlay-opacity":"","overlay-gradient":""}},"ast-content-background-meta":{"desktop":{"background-color":"var(--ast-global-color-5)","background-image":"","background-repeat":"repeat","background-position":"center center","background-size":"auto","background-attachment":"scroll","background-type":"","background-media":"","overlay-type":"","overlay-color":"","overlay-opacity":"","overlay-gradient":""},"tablet":{"background-color":"var(--ast-global-color-5)","background-image":"","background-repeat":"repeat","background-position":"center center","background-size":"auto","background-attachment":"scroll","background-type":"","background-media":"","overlay-type":"","overlay-color":"","overlay-opacity":"","overlay-gradient":""},"mobile":{"background-color":"var(--ast-global-color-5)","background-image":"","background-repeat":"repeat","background-position":"center center","background-size":"auto","background-attachment":"scroll","background-type":"","background-media":"","overlay-type":"","overlay-color":"","overlay-opacity":"","overlay-gradient":""}},"jetpack_post_was_ever_published":false,"footnotes":""},"class_list":["post-1341","page","type-page","status-publish","hentry"],"jetpack_sharing_enabled":true,"jetpack_shortlink":"https:\/\/wp.me\/P9nlNh-lD","jetpack-related-posts":[{"id":15,"url":"https:\/\/julie-limoges.fr\/?page_id=15","url_meta":{"origin":1341,"position":0},"title":"Les fronti\u00e8res sombres","author":"Kyvar","date":"18 March 2015","format":false,"excerpt":"Il y a tout d\u2019abord cette vaste cit\u00e9 portuaire, \u00e9tendue \u00e0 perte d\u2019horizon telle une m\u00e9duse crev\u00e9e sur le sable. Celle que l\u2019on voit - peu \u00e0 travers la pollution - et que l\u2019on sent - beaucoup. Celle o\u00f9 l\u2019\u00e9crasante majorit\u00e9 de mes semblables vivent et meurent au rythme des\u2026","rel":"","context":"Similar post","block_context":{"text":"Similar post","link":""},"img":{"alt_text":"","src":"https:\/\/i0.wp.com\/julie-limoges.fr\/wp-content\/uploads\/2015\/03\/titleDF.jpg?fit=1072%2C435&ssl=1&resize=350%2C200","width":350,"height":200,"srcset":"https:\/\/i0.wp.com\/julie-limoges.fr\/wp-content\/uploads\/2015\/03\/titleDF.jpg?fit=1072%2C435&ssl=1&resize=350%2C200 1x, https:\/\/i0.wp.com\/julie-limoges.fr\/wp-content\/uploads\/2015\/03\/titleDF.jpg?fit=1072%2C435&ssl=1&resize=525%2C300 1.5x, https:\/\/i0.wp.com\/julie-limoges.fr\/wp-content\/uploads\/2015\/03\/titleDF.jpg?fit=1072%2C435&ssl=1&resize=700%2C400 2x, https:\/\/i0.wp.com\/julie-limoges.fr\/wp-content\/uploads\/2015\/03\/titleDF.jpg?fit=1072%2C435&ssl=1&resize=1050%2C600 3x"},"classes":[]},{"id":136,"url":"https:\/\/julie-limoges.fr\/?page_id=136","url_meta":{"origin":1341,"position":1},"title":"Extrait : La m\u00e8re de toutes les m\u00e8res","author":"Kyvar","date":"19 March 2015","format":false,"excerpt":"La m\u00e8re de toutes les m\u00e8res \u00a0 Bien avant d'atterrir sur ce monde poubelle, j'avais connu la mer, la vraie, celle qui s'\u00e9tirait jusqu'\u00e0 l'horizon, bleue et houleuse. Elle inspirait les po\u00e8tes, intimidait les marins et bravait jour apr\u00e8s jour la domination des hommes. Il m'arrivait souvent de r\u00eaver du\u2026","rel":"","context":"Similar post","block_context":{"text":"Similar post","link":""},"img":{"alt_text":"","src":"","width":0,"height":0},"classes":[]},{"id":354,"url":"https:\/\/julie-limoges.fr\/?page_id=354","url_meta":{"origin":1341,"position":2},"title":"Express pour Kavir","author":"Kyvar","date":"26 March 2015","format":false,"excerpt":"Will a des dettes, et pas trente-six fa\u00e7ons de les rembourser avant d\u2019y laisser sa peau. Embarqu\u00e9 en compagnie du magnat Slava Volochine \u00e0 bord d\u2019un train pour le bout du monde, il compte bien mettre la main sur les bagages soi-disant remplis d\u2019or de son riche voisin. Il existe\u2026","rel":"","context":"Similar post","block_context":{"text":"Similar post","link":""},"img":{"alt_text":"","src":"https:\/\/i0.wp.com\/julie-limoges.fr\/wp-content\/uploads\/2015\/04\/illuexpress.jpg?resize=350%2C200","width":350,"height":200},"classes":[]},{"id":1038,"url":"https:\/\/julie-limoges.fr\/?page_id=1038","url_meta":{"origin":1341,"position":3},"title":"Ce qu&#8217;on en dit","author":"Kyvar","date":"27 July 2017","format":false,"excerpt":"Vous retrouverez ici les critiques et articles sur le cycle Le soleil des hommes ! \u00a0 Nuit de cendres Site de Catherine Loiseau J\u2019ai eu la chance de d\u00e9couvrir ce roman en avant-premi\u00e8re, vu que je suis l\u2019une des marraines de ce tome au sein du\u00a0collectif Hydralune. Franchement, d\u00e8s les\u2026","rel":"","context":"Similar post","block_context":{"text":"Similar post","link":""},"img":{"alt_text":"","src":"https:\/\/i0.wp.com\/julie-limoges.fr\/wp-content\/uploads\/2017\/07\/SDH_cequonendit.jpg?fit=1072%2C435&ssl=1&resize=350%2C200","width":350,"height":200,"srcset":"https:\/\/i0.wp.com\/julie-limoges.fr\/wp-content\/uploads\/2017\/07\/SDH_cequonendit.jpg?fit=1072%2C435&ssl=1&resize=350%2C200 1x, https:\/\/i0.wp.com\/julie-limoges.fr\/wp-content\/uploads\/2017\/07\/SDH_cequonendit.jpg?fit=1072%2C435&ssl=1&resize=525%2C300 1.5x, https:\/\/i0.wp.com\/julie-limoges.fr\/wp-content\/uploads\/2017\/07\/SDH_cequonendit.jpg?fit=1072%2C435&ssl=1&resize=700%2C400 2x, https:\/\/i0.wp.com\/julie-limoges.fr\/wp-content\/uploads\/2017\/07\/SDH_cequonendit.jpg?fit=1072%2C435&ssl=1&resize=1050%2C600 3x"},"classes":[]},{"id":660,"url":"https:\/\/julie-limoges.fr\/?page_id=660","url_meta":{"origin":1341,"position":4},"title":"Extrait : Mains de Mort","author":"Kyvar","date":"19 October 2015","format":false,"excerpt":"Mains de Mort \u00a0 L\u2019homme s\u2019effondra d\u00e8s que mes doigts effleur\u00e8rent la peau de son visage. Il s\u2019\u00e9croula sur le sol humide, fauch\u00e9 par la mort en un instant. Crev\u00e9 en plein vol. La femme tomba \u00e0 genoux \u00e0 la vue de son compagnon \u2013 sans doute son mari \u2013\u2026","rel":"","context":"Similar post","block_context":{"text":"Similar post","link":""},"img":{"alt_text":"","src":"","width":0,"height":0},"classes":[]},{"id":791,"url":"https:\/\/julie-limoges.fr\/?page_id=791","url_meta":{"origin":1341,"position":5},"title":"Une lutte biologique","author":"Kyvar","date":"11 March 2016","format":false,"excerpt":"Chaque jour, nous vivons dans l\u2019appr\u00e9hension du cr\u00e9puscule. Chaque nuit, le Cafard revient et nous impose sa loi. Rien ni personne ne semble pouvoir briser son r\u00e8gne de terreur. Aujourd\u2019hui pourtant, tandis que les derniers rayons du soleil s\u2019\u00e9vanouissent, un autre insecte s\u2019appr\u00eate \u00e0 passer la porte de notre prison.\u2026","rel":"","context":"Similar post","block_context":{"text":"Similar post","link":""},"img":{"alt_text":"","src":"https:\/\/i0.wp.com\/julie-limoges.fr\/wp-content\/uploads\/2016\/02\/12694839_1175123535849541_2724072638475268907_o.jpg?resize=350%2C200","width":350,"height":200},"classes":[]}],"_links":{"self":[{"href":"https:\/\/julie-limoges.fr\/index.php?rest_route=\/wp\/v2\/pages\/1341","targetHints":{"allow":["GET"]}}],"collection":[{"href":"https:\/\/julie-limoges.fr\/index.php?rest_route=\/wp\/v2\/pages"}],"about":[{"href":"https:\/\/julie-limoges.fr\/index.php?rest_route=\/wp\/v2\/types\/page"}],"author":[{"embeddable":true,"href":"https:\/\/julie-limoges.fr\/index.php?rest_route=\/wp\/v2\/users\/1"}],"replies":[{"embeddable":true,"href":"https:\/\/julie-limoges.fr\/index.php?rest_route=%2Fwp%2Fv2%2Fcomments&post=1341"}],"version-history":[{"count":5,"href":"https:\/\/julie-limoges.fr\/index.php?rest_route=\/wp\/v2\/pages\/1341\/revisions"}],"predecessor-version":[{"id":1361,"href":"https:\/\/julie-limoges.fr\/index.php?rest_route=\/wp\/v2\/pages\/1341\/revisions\/1361"}],"up":[{"embeddable":true,"href":"https:\/\/julie-limoges.fr\/index.php?rest_route=\/wp\/v2\/pages\/32"}],"wp:attachment":[{"href":"https:\/\/julie-limoges.fr\/index.php?rest_route=%2Fwp%2Fv2%2Fmedia&parent=1341"}],"curies":[{"name":"wp","href":"https:\/\/api.w.org\/{rel}","templated":true}]}}