{"id":1360,"date":"2021-03-17T17:00:39","date_gmt":"2021-03-17T16:00:39","guid":{"rendered":"https:\/\/julie-limoges.fr\/?page_id=1360"},"modified":"2021-04-20T17:40:50","modified_gmt":"2021-04-20T15:40:50","slug":"le-cas-percy-robert","status":"publish","type":"page","link":"https:\/\/julie-limoges.fr\/?page_id=1360","title":{"rendered":"Le cas Percy Robert"},"content":{"rendered":"\n<div style=\"float: right; padding-left: 40px; padding-top: 0;\"><img decoding=\"async\" src=\"https:\/\/i2.wp.com\/julie-limoges.fr\/wp-content\/uploads\/2021\/03\/Couverture_n17_Enigma-2021-209x300-1.jpg?w=209&amp;ssl=1\" alt=\"\" \/><\/div>\n<p style=\"text-align: justify;\">Jack Lloyd est un d\u00e9tective pas comme les autres.<\/p>\n<p style=\"text-align: justify;\">Il travaille en effet \u00e0 la brigade transvoile de sa ville, o\u00f9 il se voit confier les enqu\u00eates m\u00ealant le monde des vivants et celui des morts. Souvent cantonn\u00e9 aux possessions ill\u00e9gales ou autres infid\u00e9lit\u00e9s transvoiles, voil\u00e0 que l&#8217;affaire de sa vie lui tombe dessus : le cas Percy Robert.<\/p>\n<p style=\"text-align: justify;\">Un homme assassin\u00e9 il y a peu dans le monde des vivants et pourtant introuvable dans celui des morts.<\/p>\n<p>\u00a0<\/p>\n<div style=\"overflow: hidden; text-align: justify; min-width: 400px;\">\n<p><span style=\"font-size: 140%; color: #666;\"><b>Extrait : <\/b><\/span><\/p>\n<p><em>\u00ab Jack ignora la remarque d\u00e9sobligeante et avan\u00e7a. Howard le rappela.<\/em><\/p>\n<p><em>\u2014\u00a0Attends, les relev\u00e9s ne sont pas finis.<\/em><\/p>\n<p><em>\u2014\u00a0Comment vous savez que c\u2019est pour nous, alors\u2009? s\u2019aga\u00e7a-t-il. J\u2019ai encore deux infid\u00e9lit\u00e9s transvoiles ill\u00e9gales sur le feu, l\u00e0, et\u2026<\/em><\/p>\n<p><em>\u2014\u00a0Descends de tes grands chevaux, gamin, l\u2019arr\u00eata l\u2019inspecteur. Tu vas terminer \u00e0 la circulation \u00e0 ce rythme, don ou pas.<\/em><\/p>\n<p><em>Howard soupira, son regard s\u00e9v\u00e8re, puis il reprit avant que Jack ne puisse lui couper la parole.<\/em><\/p>\n<p><em>\u2014\u00a0Je vous pr\u00e9sente Percy Robert, quarante ans, comptable, fan de maquettisme, transperc\u00e9 de part en part par une arme ind\u00e9termin\u00e9e. Il est officiellement port\u00e9 disparu depuis deux heures.<\/em><\/p>\n<p><em>\u2014\u00a0Je trouve qu\u2019on le voit plut\u00f4t bien, opposa F\u00e9licie.<\/em><\/p>\n<p><em>Jack partageait cette analyse et il fixa Howard, impatient.<\/em><\/p>\n<p><em>\u2014\u00a0Mort depuis quarante-huit heures environ, et il n\u2019a pas point\u00e9 de l\u2019autre c\u00f4t\u00e9, pr\u00e9cisa l\u2019inspecteur.<\/em><\/p>\n<p><em>\u2014\u00a0C\u2019est un travail pour les bagnards, alors.<\/em><\/p>\n<p><em>\u2014\u00a0Tu vas trop vite en conclusion, encore, l\u2019arr\u00eata Howard. Et F\u00e9licie ne doit pas appr\u00e9cier ce terme.<\/em><\/p>\n<p><em>\u2014\u00a0Non, elle n\u2019appr\u00e9cie pas, acquies\u00e7a la femme.<\/em><\/p>\n<p><em>Jack darda un regard noir \u00e0 sa co\u00e9quipi\u00e8re.<\/em><\/p>\n<p><em>\u2014\u00a0Je reprends, grima\u00e7a le vieux loup. Notre Percy n\u2019a pas point\u00e9, car il n\u2019est simplement jamais arriv\u00e9.<\/em><\/p>\n<p><em>\u2014\u00a0Ce type n\u2019est pas mort, vous devriez le relever\u2026, r\u00e9torqua Jack.<\/em><\/p>\n<p><em>Howard afficha un air us\u00e9.<\/em><\/p>\n<p><em>\u2014\u00a0S\u2019il \u00e9tait mort, il serait arriv\u00e9, s\u2019expliqua Jack. La plupart des \u00e2mes perdurent plus de soixante-dix ans, donc certainement plus que quelques heures. Et aucune ne se perd en chemin.<\/em><\/p>\n<p><em>\u2014\u00a0Celle-l\u00e0, si.<\/em><\/p>\n<p><em>\u2014\u00a0C\u2019est impossible, opposa-t-il.<\/em><\/p>\n<p><em>\u2014\u00a0Tu voulais autre chose que des infid\u00e9lit\u00e9s transvoiles, eh bien voil\u00e0\u2009! pointa le vieux loup avec ironie. \u00a0\u00bb<\/em><br \/>\u00a0<\/p>\n<\/div>\n<div style=\"overflow: hidden; text-align: justify; min-width: 400px;\">\u00a0<\/div>\n<div style=\"overflow: hidden; text-align: justify; min-width: 400px;\">\n<p><span style=\"font-size: 140%; color: #666;\"><b>O\u00f9 la trouver : <\/b><\/span><br \/>\u00a0<br \/><a href=\"https:\/\/www.etherval.com\/categorie-produit\/revue-papier\/\" target=\"_blank\" rel=\"noopener noreferrer\">Revue Etherval<\/a><\/p>\n<\/div>\n<p>\u00a0<\/p>\n<p>\u00a0<\/p>\n","protected":false},"excerpt":{"rendered":"<p>Jack Lloyd est un d\u00e9tective pas comme les autres. Il travaille en effet \u00e0 la brigade transvoile de sa ville, [&hellip;]<\/p>\n","protected":false},"author":1,"featured_media":0,"parent":32,"menu_order":10,"comment_status":"closed","ping_status":"closed","template":"","meta":{"site-sidebar-layout":"default","site-content-layout":"","ast-site-content-layout":"default","site-content-style":"default","site-sidebar-style":"default","ast-global-header-display":"","ast-banner-title-visibility":"","ast-main-header-display":"","ast-hfb-above-header-display":"","ast-hfb-below-header-display":"","ast-hfb-mobile-header-display":"","site-post-title":"","ast-breadcrumbs-content":"","ast-featured-img":"","footer-sml-layout":"","ast-disable-related-posts":"","theme-transparent-header-meta":"","adv-header-id-meta":"","stick-header-meta":"","header-above-stick-meta":"","header-main-stick-meta":"","header-below-stick-meta":"","astra-migrate-meta-layouts":"default","ast-page-background-enabled":"default","ast-page-background-meta":{"desktop":{"background-color":"var(--ast-global-color-4)","background-image":"","background-repeat":"repeat","background-position":"center center","background-size":"auto","background-attachment":"scroll","background-type":"","background-media":"","overlay-type":"","overlay-color":"","overlay-opacity":"","overlay-gradient":""},"tablet":{"background-color":"","background-image":"","background-repeat":"repeat","background-position":"center center","background-size":"auto","background-attachment":"scroll","background-type":"","background-media":"","overlay-type":"","overlay-color":"","overlay-opacity":"","overlay-gradient":""},"mobile":{"background-color":"","background-image":"","background-repeat":"repeat","background-position":"center center","background-size":"auto","background-attachment":"scroll","background-type":"","background-media":"","overlay-type":"","overlay-color":"","overlay-opacity":"","overlay-gradient":""}},"ast-content-background-meta":{"desktop":{"background-color":"var(--ast-global-color-5)","background-image":"","background-repeat":"repeat","background-position":"center center","background-size":"auto","background-attachment":"scroll","background-type":"","background-media":"","overlay-type":"","overlay-color":"","overlay-opacity":"","overlay-gradient":""},"tablet":{"background-color":"var(--ast-global-color-5)","background-image":"","background-repeat":"repeat","background-position":"center center","background-size":"auto","background-attachment":"scroll","background-type":"","background-media":"","overlay-type":"","overlay-color":"","overlay-opacity":"","overlay-gradient":""},"mobile":{"background-color":"var(--ast-global-color-5)","background-image":"","background-repeat":"repeat","background-position":"center center","background-size":"auto","background-attachment":"scroll","background-type":"","background-media":"","overlay-type":"","overlay-color":"","overlay-opacity":"","overlay-gradient":""}},"jetpack_post_was_ever_published":false,"footnotes":""},"class_list":["post-1360","page","type-page","status-publish","hentry"],"jetpack_sharing_enabled":true,"jetpack_shortlink":"https:\/\/wp.me\/P9nlNh-lW","jetpack-related-posts":[{"id":269,"url":"https:\/\/julie-limoges.fr\/?page_id=269","url_meta":{"origin":1360,"position":0},"title":"Tome 1 : Le chant de Kali","author":"Kyvar","date":"20 March 2015","format":false,"excerpt":"Pitch : Seven, un futur trentenaire plus tr\u00e8s jeune ou tr\u00e8s frais, est contraint d\u2019aider quotidiennement Ash, une cr\u00e9ature du Premier Sous-monde, \u00e0 r\u00e9soudre des affaires sensibles afin d\u2019honorer un march\u00e9 de dupe dont il ne se sent pas redevable. La derni\u00e8re affaire que son partenaire de circonstance lui impose\u2026","rel":"","context":"Similar post","block_context":{"text":"Similar post","link":""},"img":{"alt_text":"","src":"https:\/\/i0.wp.com\/julie-limoges.fr\/wp-content\/uploads\/2015\/03\/DF1.jpg?fit=1072%2C435&ssl=1&resize=350%2C200","width":350,"height":200,"srcset":"https:\/\/i0.wp.com\/julie-limoges.fr\/wp-content\/uploads\/2015\/03\/DF1.jpg?fit=1072%2C435&ssl=1&resize=350%2C200 1x, https:\/\/i0.wp.com\/julie-limoges.fr\/wp-content\/uploads\/2015\/03\/DF1.jpg?fit=1072%2C435&ssl=1&resize=525%2C300 1.5x, https:\/\/i0.wp.com\/julie-limoges.fr\/wp-content\/uploads\/2015\/03\/DF1.jpg?fit=1072%2C435&ssl=1&resize=700%2C400 2x, https:\/\/i0.wp.com\/julie-limoges.fr\/wp-content\/uploads\/2015\/03\/DF1.jpg?fit=1072%2C435&ssl=1&resize=1050%2C600 3x"},"classes":[]},{"id":1038,"url":"https:\/\/julie-limoges.fr\/?page_id=1038","url_meta":{"origin":1360,"position":1},"title":"Ce qu&#8217;on en dit","author":"Kyvar","date":"27 July 2017","format":false,"excerpt":"Vous retrouverez ici les critiques et articles sur le cycle Le soleil des hommes ! \u00a0 Nuit de cendres Site de Catherine Loiseau J\u2019ai eu la chance de d\u00e9couvrir ce roman en avant-premi\u00e8re, vu que je suis l\u2019une des marraines de ce tome au sein du\u00a0collectif Hydralune. Franchement, d\u00e8s les\u2026","rel":"","context":"Similar post","block_context":{"text":"Similar post","link":""},"img":{"alt_text":"","src":"https:\/\/i0.wp.com\/julie-limoges.fr\/wp-content\/uploads\/2017\/07\/SDH_cequonendit.jpg?fit=1072%2C435&ssl=1&resize=350%2C200","width":350,"height":200,"srcset":"https:\/\/i0.wp.com\/julie-limoges.fr\/wp-content\/uploads\/2017\/07\/SDH_cequonendit.jpg?fit=1072%2C435&ssl=1&resize=350%2C200 1x, https:\/\/i0.wp.com\/julie-limoges.fr\/wp-content\/uploads\/2017\/07\/SDH_cequonendit.jpg?fit=1072%2C435&ssl=1&resize=525%2C300 1.5x, https:\/\/i0.wp.com\/julie-limoges.fr\/wp-content\/uploads\/2017\/07\/SDH_cequonendit.jpg?fit=1072%2C435&ssl=1&resize=700%2C400 2x, https:\/\/i0.wp.com\/julie-limoges.fr\/wp-content\/uploads\/2017\/07\/SDH_cequonendit.jpg?fit=1072%2C435&ssl=1&resize=1050%2C600 3x"},"classes":[]},{"id":84,"url":"https:\/\/julie-limoges.fr\/?page_id=84","url_meta":{"origin":1360,"position":2},"title":"Pr\u00e9sentation du roman","author":"Kyvar","date":"19 March 2015","format":false,"excerpt":"Illustration de Slava Gerj L'univers : Le Soleil des hommes est un roman de science fantasy se d\u00e9roulant dans un monde post-apocalyptique priv\u00e9 de soleil. Une guerre mill\u00e9naire s\u2019y poursuit entre deux blocs divis\u00e9s g\u00e9ographiquement avec au Nord les Multins, des peuples jug\u00e9s difformes et barbares, et au Sud les\u2026","rel":"","context":"Similar post","block_context":{"text":"Similar post","link":""},"img":{"alt_text":"","src":"https:\/\/i0.wp.com\/hydralune.com\/wp-content\/uploads\/2016\/07\/imagesite-300x227.jpg?resize=350%2C200&ssl=1","width":350,"height":200},"classes":[]},{"id":1399,"url":"https:\/\/julie-limoges.fr\/?page_id=1399","url_meta":{"origin":1360,"position":3},"title":"On vous parle du Soleil des hommes","author":"Kyvar","date":"18 March 2021","format":false,"excerpt":"(d'abord publi\u00e9 sur le site hydralune.com) \u2014 Un monde priv\u00e9 de lumi\u00e8re Dans le Soleil des hommes, le soleil a disparu et le monde est plong\u00e9 dans une obscurit\u00e9 constante. Illustration de Slava Gerj \u00c0 l\u2019origine, le roman \u00e9tait une nouvelle se d\u00e9roulant dans le d\u00e9sert australien lors d\u2019une nuit\u2026","rel":"","context":"Similar post","block_context":{"text":"Similar post","link":""},"img":{"alt_text":"","src":"https:\/\/i0.wp.com\/hydralune.com\/wp-content\/uploads\/2016\/07\/imagesite-300x227.jpg?resize=350%2C200&ssl=1","width":350,"height":200},"classes":[]},{"id":1075,"url":"https:\/\/julie-limoges.fr\/?page_id=1075","url_meta":{"origin":1360,"position":4},"title":"Un long chemin","author":"Kyvar","date":"31 July 2017","format":false,"excerpt":"La vie est un long chemin aux ramifications infinies. Au fil des culs-de-sac, des raccourcis ou des \u00e9garements, elle prend souvent des tournants insoup\u00e7onn\u00e9s. Des changements de direction parfois b\u00e9n\u00e9fiques, parfois funestes. C\u2019est ce que Mains de Mort, bourreau d\u2019\u00c9tat, va d\u00e9couvrir lors d\u2019une de ses missions de routine. Dot\u00e9\u2026","rel":"","context":"Similar post","block_context":{"text":"Similar post","link":""},"img":{"alt_text":"","src":"https:\/\/i0.wp.com\/julie-limoges.fr\/wp-content\/uploads\/2017\/07\/unlongchemin.jpg?fit=1072%2C435&ssl=1&resize=350%2C200","width":350,"height":200,"srcset":"https:\/\/i0.wp.com\/julie-limoges.fr\/wp-content\/uploads\/2017\/07\/unlongchemin.jpg?fit=1072%2C435&ssl=1&resize=350%2C200 1x, https:\/\/i0.wp.com\/julie-limoges.fr\/wp-content\/uploads\/2017\/07\/unlongchemin.jpg?fit=1072%2C435&ssl=1&resize=525%2C300 1.5x, https:\/\/i0.wp.com\/julie-limoges.fr\/wp-content\/uploads\/2017\/07\/unlongchemin.jpg?fit=1072%2C435&ssl=1&resize=700%2C400 2x, https:\/\/i0.wp.com\/julie-limoges.fr\/wp-content\/uploads\/2017\/07\/unlongchemin.jpg?fit=1072%2C435&ssl=1&resize=1050%2C600 3x"},"classes":[]},{"id":660,"url":"https:\/\/julie-limoges.fr\/?page_id=660","url_meta":{"origin":1360,"position":5},"title":"Extrait : Mains de Mort","author":"Kyvar","date":"19 October 2015","format":false,"excerpt":"Mains de Mort \u00a0 L\u2019homme s\u2019effondra d\u00e8s que mes doigts effleur\u00e8rent la peau de son visage. Il s\u2019\u00e9croula sur le sol humide, fauch\u00e9 par la mort en un instant. Crev\u00e9 en plein vol. La femme tomba \u00e0 genoux \u00e0 la vue de son compagnon \u2013 sans doute son mari \u2013\u2026","rel":"","context":"Similar post","block_context":{"text":"Similar post","link":""},"img":{"alt_text":"","src":"","width":0,"height":0},"classes":[]}],"_links":{"self":[{"href":"https:\/\/julie-limoges.fr\/index.php?rest_route=\/wp\/v2\/pages\/1360","targetHints":{"allow":["GET"]}}],"collection":[{"href":"https:\/\/julie-limoges.fr\/index.php?rest_route=\/wp\/v2\/pages"}],"about":[{"href":"https:\/\/julie-limoges.fr\/index.php?rest_route=\/wp\/v2\/types\/page"}],"author":[{"embeddable":true,"href":"https:\/\/julie-limoges.fr\/index.php?rest_route=\/wp\/v2\/users\/1"}],"replies":[{"embeddable":true,"href":"https:\/\/julie-limoges.fr\/index.php?rest_route=%2Fwp%2Fv2%2Fcomments&post=1360"}],"version-history":[{"count":7,"href":"https:\/\/julie-limoges.fr\/index.php?rest_route=\/wp\/v2\/pages\/1360\/revisions"}],"predecessor-version":[{"id":1451,"href":"https:\/\/julie-limoges.fr\/index.php?rest_route=\/wp\/v2\/pages\/1360\/revisions\/1451"}],"up":[{"embeddable":true,"href":"https:\/\/julie-limoges.fr\/index.php?rest_route=\/wp\/v2\/pages\/32"}],"wp:attachment":[{"href":"https:\/\/julie-limoges.fr\/index.php?rest_route=%2Fwp%2Fv2%2Fmedia&parent=1360"}],"curies":[{"name":"wp","href":"https:\/\/api.w.org\/{rel}","templated":true}]}}