{"id":1373,"date":"2021-03-17T17:46:37","date_gmt":"2021-03-17T16:46:37","guid":{"rendered":"https:\/\/julie-limoges.fr\/?page_id=1373"},"modified":"2021-03-17T17:48:04","modified_gmt":"2021-03-17T16:48:04","slug":"tome-3-la-danse-de-lacier","status":"publish","type":"page","link":"https:\/\/julie-limoges.fr\/?page_id=1373","title":{"rendered":"Tome 3 : La Danse de l&#8217;acier"},"content":{"rendered":"<p><span style=\"font-size: 140%; color: #666;\"><b>Quatri\u00e8me de couverture :<\/b><\/span><\/p>\n<p style=\"overflow: hidden; text-align: justify;\">Les Porteurs de guerre sont l\u00e0.<\/p>\n<p style=\"overflow: hidden; text-align: justify;\">\nL\u2019invasion multine se poursuit et rien ne semble pouvoir l\u2019arr\u00eater. Elle menace maintenant de fondre sur Atorn, la capitale des R\u00e9gions.<br \/>\nBien inconscient de ce danger, Akhyla se remet difficilement de ses blessures \u00e0 Vach-Tyrel. Lui et ses compagnons cherchent d\u00e9j\u00e0 \u00e0 fausser compagnie \u00e0 ces Porteurs bien trop encombrants.<br \/>\nEnki, de retour \u00e0 Arham les mains vides, redoute de subir r\u00e9unions et humiliations, d\u2019autant qu\u2019on annonce la venue de celui qu\u2019il doit appeler, \u00e0 regret, ma\u00eetre.<br \/>\nToujours \u00e0 jongler entre l\u2019urgence de la situation et la mission de son Ordre, Aedan doit maintenant composer avec ses h\u00f4tes r\u00e9calcitrants. Et voil\u00e0 qu\u2019il se retrouve en plus propuls\u00e9, lui et ses alli\u00e9s de circonstance, sous le feu des projecteurs.<\/p>\n<p style=\"overflow: hidden; text-align: justify;\">\nCependant, alors que tous attendent de croiser le fer devant Atorn, c\u2019est une dangereuse danse diplomatique qui se met en place. Jet\u00e9s sur un \u00e9chiquier mortel, tous devront sortir le meilleur de leur jeu. Car si l\u2019acier est le symbole de la cit\u00e9, dans son ventre pourrait se trouver bien plus qu\u2019une passe d\u2019armes d\u00e9cisive.<\/p>\n<p><span style=\"font-size: 140%; color: #666;\"><b>Extrait :<\/b><\/span><\/p>\n<blockquote><p>Le spectacle sous ses yeux hypnotisa Akhyla.<\/p>\n<p>\u2014&nbsp;Salut, soleil\u2026 murmura-t-il.<\/p>\n<p>Il y avait quelque chose dans cette flamboyance timide qui l\u2019interrogeait. Il ressentait une chaleur pr\u00e9gnante et bienvenue\u2026 quand bien m\u00eame il grelottait sous le froid qui r\u00e9gnait dans le salon. Une pulsion de vie sembla parvenir de si loin qu\u2019il en eut le vertige. Ce fut pourtant une chape de plomb qui lui tomba dessus&nbsp;: quelqu\u2019un venait d\u2019entrer dans la pi\u00e8ce.<\/p>\n<p>Il l\u2019aper\u00e7ut du coin de l\u2019\u0153il, forme sombre passant l\u2019embrassure. Se faire surprendre dans une telle situation de\u2026 de\u2026 vuln\u00e9rabilit\u00e9\u2009? le plongea dans la panique. Paraissant r\u00e9pondre \u00e0 son affolement, la flamboyance devint plus forte. Akhyla voulut r\u00e9cup\u00e9rer l\u2019orbe au-dessus de sa paume, mais son geste brusque l\u2019envoya s\u2019\u00e9craser, toujours en rotation, dans l\u2019horrible canap\u00e9 violet \u00e0 toile brillante. Il esp\u00e9rait qu\u2019elle s\u2019\u00e9teigne d\u2019elle-m\u00eame\u2009; une explosion de lumi\u00e8re s\u2019ensuivit. La sph\u00e8re vibra, coinc\u00e9e dans le fond de l\u2019assise, et le tissu se mit \u00e0 fumer.<\/p>\n<p>\u00ab\u2009Et merde\u2009!\u2009\u00bb s\u2019alarma-t-il.<\/p>\n<p>Il tituba vers le d\u00e9licat sofa et se jeta sur l\u2019orbe. Qui se r\u00e9v\u00e9la br\u00fblant. \u00c0 peine le saisit-il qu\u2019il le l\u00e2cha de nouveau dans un cri, la laissant rejoindre cette fois-ci le sol moquett\u00e9. La machinerie diabolique s\u2019accrocha sur l\u2019\u00e9toffe moelleuse, puis avan\u00e7a en tournant fr\u00e9n\u00e9tiquement jusqu\u2019\u00e0 la table basse, qu\u2019elle percuta. Elle s\u2019acharna alors sur le large pied de bois qui lui r\u00e9sistait, tel un chien enrag\u00e9.<\/p>\n<p>\u00ab\u2009Mais bordel\u2009!\u2009\u00bb songea Akhyla, livide.<\/p>\n<p>Il s\u2019approcha du meuble et voulut se baisser. Sa plaie lui envoya une rebuffade si puissante qu\u2019il claqua des dents. Il se r\u00e9signa \u00e0 \u00e9craser la sph\u00e8re sous sa botte. La lumi\u00e8re clignota, furieuse, avant que le vrombissement ne diminue. Il ne risquait pas d\u2019ab\u00eemer un objet si dense de cette fa\u00e7on, mais sa discr\u00e9tion, elle, gisait morte sur la moquette lavande. Il devait r\u00e9agir, et vite\u2009!<\/p>\n<p>\u2014&nbsp;Je suis d\u00e9sol\u00e9\u2009! Cette chose a\u2026 Je sais pas comment\u2009! Et\u2026 commen\u00e7a-t-il en pivotant vers le nouveau venu.<\/p>\n<p>\u2014&nbsp;Eh\u2009! le coupa-t-on. Calme-toi.<\/p>\n<p>Akhyla cligna des yeux, puis r\u00e9alisa que seul Bare se trouvait dans la pi\u00e8ce. Le renard jouait des mains du haut vers le bas pour l\u2019inviter \u00e0 se d\u00e9tendre. Et \u00e0 baisser le ton.<\/p><\/blockquote>\n<div align=\"right\"><\/div>\n","protected":false},"excerpt":{"rendered":"<p>Quatri\u00e8me de couverture : Les Porteurs de guerre sont l\u00e0. L\u2019invasion multine se poursuit et rien ne semble pouvoir l\u2019arr\u00eater. [&hellip;]<\/p>\n","protected":false},"author":1,"featured_media":1159,"parent":13,"menu_order":3,"comment_status":"closed","ping_status":"closed","template":"page-templates\/full-width-page.php","meta":{"site-sidebar-layout":"default","site-content-layout":"","ast-site-content-layout":"default","site-content-style":"default","site-sidebar-style":"default","ast-global-header-display":"","ast-banner-title-visibility":"","ast-main-header-display":"","ast-hfb-above-header-display":"","ast-hfb-below-header-display":"","ast-hfb-mobile-header-display":"","site-post-title":"","ast-breadcrumbs-content":"","ast-featured-img":"","footer-sml-layout":"","theme-transparent-header-meta":"","adv-header-id-meta":"","stick-header-meta":"","header-above-stick-meta":"","header-main-stick-meta":"","header-below-stick-meta":"","astra-migrate-meta-layouts":"default","ast-page-background-enabled":"default","ast-page-background-meta":{"desktop":{"background-color":"var(--ast-global-color-4)","background-image":"","background-repeat":"repeat","background-position":"center center","background-size":"auto","background-attachment":"scroll","background-type":"","background-media":"","overlay-type":"","overlay-color":"","overlay-opacity":"","overlay-gradient":""},"tablet":{"background-color":"","background-image":"","background-repeat":"repeat","background-position":"center center","background-size":"auto","background-attachment":"scroll","background-type":"","background-media":"","overlay-type":"","overlay-color":"","overlay-opacity":"","overlay-gradient":""},"mobile":{"background-color":"","background-image":"","background-repeat":"repeat","background-position":"center center","background-size":"auto","background-attachment":"scroll","background-type":"","background-media":"","overlay-type":"","overlay-color":"","overlay-opacity":"","overlay-gradient":""}},"ast-content-background-meta":{"desktop":{"background-color":"var(--ast-global-color-5)","background-image":"","background-repeat":"repeat","background-position":"center center","background-size":"auto","background-attachment":"scroll","background-type":"","background-media":"","overlay-type":"","overlay-color":"","overlay-opacity":"","overlay-gradient":""},"tablet":{"background-color":"var(--ast-global-color-5)","background-image":"","background-repeat":"repeat","background-position":"center center","background-size":"auto","background-attachment":"scroll","background-type":"","background-media":"","overlay-type":"","overlay-color":"","overlay-opacity":"","overlay-gradient":""},"mobile":{"background-color":"var(--ast-global-color-5)","background-image":"","background-repeat":"repeat","background-position":"center center","background-size":"auto","background-attachment":"scroll","background-type":"","background-media":"","overlay-type":"","overlay-color":"","overlay-opacity":"","overlay-gradient":""}},"jetpack_post_was_ever_published":false,"footnotes":""},"class_list":["post-1373","page","type-page","status-publish","has-post-thumbnail","hentry"],"jetpack_sharing_enabled":true,"jetpack_shortlink":"https:\/\/wp.me\/P9nlNh-m9","jetpack-related-posts":[{"id":1456,"url":"https:\/\/julie-limoges.fr\/?page_id=1456","url_meta":{"origin":1373,"position":0},"title":"Le Faiseur d&#8217;eau","author":"Kyvar","date":"27 May 2022","format":false,"excerpt":"En pleine colonisation du continent du Vent pluvieux, une terre lointaine et sauvage, deux explorateurs et leurs porteurs se lancent \u00e0 l'assaut des montagnes de la Lune. Leur objectif : d\u00e9couvrir la source de la l\u00e9gendaire Grande rivi\u00e8re blanche. Mais lorsque les antiques croyances des autochtones se heurtent \u00e0 celles\u2026","rel":"","context":"Similar post","block_context":{"text":"Similar post","link":""},"img":{"alt_text":"","src":"","width":0,"height":0},"classes":[]},{"id":1399,"url":"https:\/\/julie-limoges.fr\/?page_id=1399","url_meta":{"origin":1373,"position":1},"title":"On vous parle du Soleil des hommes","author":"Kyvar","date":"18 March 2021","format":false,"excerpt":"(d'abord publi\u00e9 sur le site hydralune.com) \u2014 Un monde priv\u00e9 de lumi\u00e8re Dans le Soleil des hommes, le soleil a disparu et le monde est plong\u00e9 dans une obscurit\u00e9 constante. Illustration de Slava Gerj \u00c0 l\u2019origine, le roman \u00e9tait une nouvelle se d\u00e9roulant dans le d\u00e9sert australien lors d\u2019une nuit\u2026","rel":"","context":"Similar post","block_context":{"text":"Similar post","link":""},"img":{"alt_text":"","src":"https:\/\/i0.wp.com\/hydralune.com\/wp-content\/uploads\/2016\/07\/imagesite-300x227.jpg?resize=350%2C200&ssl=1","width":350,"height":200},"classes":[]},{"id":631,"url":"https:\/\/julie-limoges.fr\/?page_id=631","url_meta":{"origin":1373,"position":2},"title":"L&#8217;Ascension","author":"Kyvar","date":"31 August 2015","format":false,"excerpt":"Eanna guide les siens le long des parois d'un glacier hostile. Elle trace le chemin emprunt\u00e9 par les centaines d\u2019hommes et de femmes encord\u00e9s \u00e0 sa suite. Leur procession forme une ligne de vie qui ne doit jamais se rompre ou se perdre, malgr\u00e9 les crevasses, les bourrasques et le\u2026","rel":"","context":"Similar post","block_context":{"text":"Similar post","link":""},"img":{"alt_text":"","src":"https:\/\/i0.wp.com\/www.etherval.com\/wp-content\/uploads\/2015\/12\/IlluAscension.jpg?resize=350%2C200&ssl=1","width":350,"height":200},"classes":[]},{"id":263,"url":"https:\/\/julie-limoges.fr\/?page_id=263","url_meta":{"origin":1373,"position":3},"title":"Tome 1 : Nuit de cendres","author":"Kyvar","date":"20 March 2015","format":false,"excerpt":"Quatri\u00e8me de couverture : Sale temps sur le monde. Dans la nuit perp\u00e9tuelle et sous la pluie, la guerre s\u2019appr\u00eate \u00e0 s\u2019abattre une fois encore sur les terres exsangues du royaume des Hommes. Accul\u00e9s par des hordes d\u00e9charn\u00e9es au sud, les Humains doivent \u00e0 pr\u00e9sent faire face aux arm\u00e9es multines\u2026","rel":"","context":"Similar post","block_context":{"text":"Similar post","link":""},"img":{"alt_text":"","src":"https:\/\/i0.wp.com\/julie-limoges.fr\/wp-content\/uploads\/2015\/03\/SDH1.jpg?fit=1072%2C435&ssl=1&resize=350%2C200","width":350,"height":200,"srcset":"https:\/\/i0.wp.com\/julie-limoges.fr\/wp-content\/uploads\/2015\/03\/SDH1.jpg?fit=1072%2C435&ssl=1&resize=350%2C200 1x, https:\/\/i0.wp.com\/julie-limoges.fr\/wp-content\/uploads\/2015\/03\/SDH1.jpg?fit=1072%2C435&ssl=1&resize=525%2C300 1.5x, https:\/\/i0.wp.com\/julie-limoges.fr\/wp-content\/uploads\/2015\/03\/SDH1.jpg?fit=1072%2C435&ssl=1&resize=700%2C400 2x, https:\/\/i0.wp.com\/julie-limoges.fr\/wp-content\/uploads\/2015\/03\/SDH1.jpg?fit=1072%2C435&ssl=1&resize=1050%2C600 3x"},"classes":[]},{"id":269,"url":"https:\/\/julie-limoges.fr\/?page_id=269","url_meta":{"origin":1373,"position":4},"title":"Tome 1 : Le chant de Kali","author":"Kyvar","date":"20 March 2015","format":false,"excerpt":"Pitch : Seven, un futur trentenaire plus tr\u00e8s jeune ou tr\u00e8s frais, est contraint d\u2019aider quotidiennement Ash, une cr\u00e9ature du Premier Sous-monde, \u00e0 r\u00e9soudre des affaires sensibles afin d\u2019honorer un march\u00e9 de dupe dont il ne se sent pas redevable. La derni\u00e8re affaire que son partenaire de circonstance lui impose\u2026","rel":"","context":"Similar post","block_context":{"text":"Similar post","link":""},"img":{"alt_text":"","src":"https:\/\/i0.wp.com\/julie-limoges.fr\/wp-content\/uploads\/2015\/03\/DF1.jpg?fit=1072%2C435&ssl=1&resize=350%2C200","width":350,"height":200,"srcset":"https:\/\/i0.wp.com\/julie-limoges.fr\/wp-content\/uploads\/2015\/03\/DF1.jpg?fit=1072%2C435&ssl=1&resize=350%2C200 1x, https:\/\/i0.wp.com\/julie-limoges.fr\/wp-content\/uploads\/2015\/03\/DF1.jpg?fit=1072%2C435&ssl=1&resize=525%2C300 1.5x, https:\/\/i0.wp.com\/julie-limoges.fr\/wp-content\/uploads\/2015\/03\/DF1.jpg?fit=1072%2C435&ssl=1&resize=700%2C400 2x, https:\/\/i0.wp.com\/julie-limoges.fr\/wp-content\/uploads\/2015\/03\/DF1.jpg?fit=1072%2C435&ssl=1&resize=1050%2C600 3x"},"classes":[]},{"id":84,"url":"https:\/\/julie-limoges.fr\/?page_id=84","url_meta":{"origin":1373,"position":5},"title":"Pr\u00e9sentation du roman","author":"Kyvar","date":"19 March 2015","format":false,"excerpt":"Illustration de Slava Gerj L'univers : Le Soleil des hommes est un roman de science fantasy se d\u00e9roulant dans un monde post-apocalyptique priv\u00e9 de soleil. Une guerre mill\u00e9naire s\u2019y poursuit entre deux blocs divis\u00e9s g\u00e9ographiquement avec au Nord les Multins, des peuples jug\u00e9s difformes et barbares, et au Sud les\u2026","rel":"","context":"Similar post","block_context":{"text":"Similar post","link":""},"img":{"alt_text":"","src":"https:\/\/i0.wp.com\/hydralune.com\/wp-content\/uploads\/2016\/07\/imagesite-300x227.jpg?resize=350%2C200&ssl=1","width":350,"height":200},"classes":[]}],"_links":{"self":[{"href":"https:\/\/julie-limoges.fr\/index.php?rest_route=\/wp\/v2\/pages\/1373","targetHints":{"allow":["GET"]}}],"collection":[{"href":"https:\/\/julie-limoges.fr\/index.php?rest_route=\/wp\/v2\/pages"}],"about":[{"href":"https:\/\/julie-limoges.fr\/index.php?rest_route=\/wp\/v2\/types\/page"}],"author":[{"embeddable":true,"href":"https:\/\/julie-limoges.fr\/index.php?rest_route=\/wp\/v2\/users\/1"}],"replies":[{"embeddable":true,"href":"https:\/\/julie-limoges.fr\/index.php?rest_route=%2Fwp%2Fv2%2Fcomments&post=1373"}],"version-history":[{"count":2,"href":"https:\/\/julie-limoges.fr\/index.php?rest_route=\/wp\/v2\/pages\/1373\/revisions"}],"predecessor-version":[{"id":1376,"href":"https:\/\/julie-limoges.fr\/index.php?rest_route=\/wp\/v2\/pages\/1373\/revisions\/1376"}],"up":[{"embeddable":true,"href":"https:\/\/julie-limoges.fr\/index.php?rest_route=\/wp\/v2\/pages\/13"}],"wp:featuredmedia":[{"embeddable":true,"href":"https:\/\/julie-limoges.fr\/index.php?rest_route=\/wp\/v2\/media\/1159"}],"wp:attachment":[{"href":"https:\/\/julie-limoges.fr\/index.php?rest_route=%2Fwp%2Fv2%2Fmedia&parent=1373"}],"curies":[{"name":"wp","href":"https:\/\/api.w.org\/{rel}","templated":true}]}}