{"id":1487,"date":"2023-01-09T16:36:09","date_gmt":"2023-01-09T15:36:09","guid":{"rendered":"https:\/\/julie-limoges.fr\/?page_id=1487"},"modified":"2023-01-09T16:42:04","modified_gmt":"2023-01-09T15:42:04","slug":"les-prieres-dans-le-vent","status":"publish","type":"page","link":"https:\/\/julie-limoges.fr\/?page_id=1487","title":{"rendered":"Les Pri\u00e8res dans le vent"},"content":{"rendered":"<p style=\"text-align: justify;\">\n<div style=\"float: right; padding-left: 20px; padding-top: 0;\"><img data-recalc-dims=\"1\" loading=\"lazy\" decoding=\"async\" data-attachment-id=\"1488\" data-permalink=\"https:\/\/julie-limoges.fr\/?attachment_id=1488\" data-orig-file=\"https:\/\/i0.wp.com\/julie-limoges.fr\/wp-content\/uploads\/2023\/01\/Imaginaires-Asie-2002-11.jpg?fit=851%2C1200&amp;ssl=1\" data-orig-size=\"851,1200\" data-comments-opened=\"1\" data-image-meta=\"{&quot;aperture&quot;:&quot;0&quot;,&quot;credit&quot;:&quot;&quot;,&quot;camera&quot;:&quot;&quot;,&quot;caption&quot;:&quot;&quot;,&quot;created_timestamp&quot;:&quot;0&quot;,&quot;copyright&quot;:&quot;&quot;,&quot;focal_length&quot;:&quot;0&quot;,&quot;iso&quot;:&quot;0&quot;,&quot;shutter_speed&quot;:&quot;0&quot;,&quot;title&quot;:&quot;&quot;,&quot;orientation&quot;:&quot;0&quot;}\" data-image-title=\"Imaginaires-Asie-2002-11\" data-image-description=\"\" data-image-caption=\"\" data-large-file=\"https:\/\/i0.wp.com\/julie-limoges.fr\/wp-content\/uploads\/2023\/01\/Imaginaires-Asie-2002-11.jpg?fit=726%2C1024&amp;ssl=1\" class=\"alignnone wp-image-1488 size-medium\" src=\"https:\/\/i0.wp.com\/julie-limoges.fr\/wp-content\/uploads\/2023\/01\/Imaginaires-Asie-2002-11.jpg?resize=213%2C300&#038;ssl=1\" alt=\"\" width=\"213\" height=\"300\" srcset=\"https:\/\/i0.wp.com\/julie-limoges.fr\/wp-content\/uploads\/2023\/01\/Imaginaires-Asie-2002-11.jpg?resize=213%2C300&amp;ssl=1 213w, https:\/\/i0.wp.com\/julie-limoges.fr\/wp-content\/uploads\/2023\/01\/Imaginaires-Asie-2002-11.jpg?resize=726%2C1024&amp;ssl=1 726w, https:\/\/i0.wp.com\/julie-limoges.fr\/wp-content\/uploads\/2023\/01\/Imaginaires-Asie-2002-11.jpg?resize=768%2C1083&amp;ssl=1 768w, https:\/\/i0.wp.com\/julie-limoges.fr\/wp-content\/uploads\/2023\/01\/Imaginaires-Asie-2002-11.jpg?resize=156%2C220&amp;ssl=1 156w, https:\/\/i0.wp.com\/julie-limoges.fr\/wp-content\/uploads\/2023\/01\/Imaginaires-Asie-2002-11.jpg?w=851&amp;ssl=1 851w\" sizes=\"auto, (max-width: 213px) 100vw, 213px\" \/><\/div>\n<p style=\"text-align: justify;\">Apr\u00e8s la mort brutale de son fr\u00e8re, la jeune Sherab s\u2019insurge contre le sto\u00efcisme et l\u2019incr\u00e9dulit\u00e9 de son village. Elle d\u00e9cide de partir seule vers les sommets \u00e0 la poursuite de son meurtrier, un terrible migo\u00ef. Pour venger son fr\u00e8re, mais aussi r\u00e9cup\u00e9rer son arc, seule chose pouvant apaiser l\u2019\u00e2me du d\u00e9funt et lui garantir le passage vers la r\u00e9incarnation.<\/p>\n<p>&nbsp;<br \/>\n&nbsp;<br \/>\n&nbsp;<br \/>\n&nbsp;<br \/>\n&nbsp;<br \/>\n&nbsp;<br \/>\n<span style=\"font-size: 140%; color: #666;\"><b>Extrait :<\/b><\/span><\/p>\n<blockquote>\n<p style=\"text-align: justify;\"><em>\u2014 Ils se d\u00e9barrassent de lui comme d\u2019une carcasse embarrassante\u2009! s\u2019outra Sherab. Ils ne savent m\u00eame pas ce qui l\u2019a tu\u00e9.<br \/>\n\u2014 Des dholes, tenta Lekey, son regard g\u00ean\u00e9.<br \/>\n\u2014 Non, insista Sherab.<br \/>\n\u2014 Ne r\u00e9agis pas comme \u00e7a, essaya son amie. S\u2019il te pla\u00eet. La douleur est terrible, mais il faut surtout penser \u00e0 Dechen, \u00e0 son passage vers la renaissance. Ta col\u00e8re va perturber son esprit.<br \/>\n\u2014 Laisser sa mort impunie et son arc \u00e0 la boue le troublera bien plus\u2009! s\u2019irrita Sherab.<br \/>\nElle se leva et partit en courant \u00e0 travers le pr\u00e9.<\/em><\/p>\n<\/blockquote>\n<p>&nbsp;<br \/>\n&nbsp;<br \/>\n&nbsp;<br \/>\n<span style=\"font-size: 140%; color: #666;\"><b>O\u00f9 la trouver : <\/b><\/span><br \/>\n&nbsp;<br \/>\n<a href=\"https:\/\/www.etherval.com\/categorie-produit\/revue-papier\/\" target=\"_blank\" rel=\"noopener noreferrer\">Anthologie Imaginaires d\u2019Asie, sur le site de la revue Etherval<\/a><br \/>\n&nbsp;<\/p>\n","protected":false},"excerpt":{"rendered":"<p>Apr\u00e8s la mort brutale de son fr\u00e8re, la jeune Sherab s\u2019insurge contre le sto\u00efcisme et l\u2019incr\u00e9dulit\u00e9 de son village. Elle [&hellip;]<\/p>\n","protected":false},"author":1,"featured_media":0,"parent":32,"menu_order":13,"comment_status":"closed","ping_status":"closed","template":"","meta":{"site-sidebar-layout":"default","site-content-layout":"","ast-site-content-layout":"default","site-content-style":"default","site-sidebar-style":"default","ast-global-header-display":"","ast-banner-title-visibility":"","ast-main-header-display":"","ast-hfb-above-header-display":"","ast-hfb-below-header-display":"","ast-hfb-mobile-header-display":"","site-post-title":"","ast-breadcrumbs-content":"","ast-featured-img":"","footer-sml-layout":"","ast-disable-related-posts":"","theme-transparent-header-meta":"","adv-header-id-meta":"","stick-header-meta":"","header-above-stick-meta":"","header-main-stick-meta":"","header-below-stick-meta":"","astra-migrate-meta-layouts":"default","ast-page-background-enabled":"default","ast-page-background-meta":{"desktop":{"background-color":"var(--ast-global-color-4)","background-image":"","background-repeat":"repeat","background-position":"center center","background-size":"auto","background-attachment":"scroll","background-type":"","background-media":"","overlay-type":"","overlay-color":"","overlay-opacity":"","overlay-gradient":""},"tablet":{"background-color":"","background-image":"","background-repeat":"repeat","background-position":"center center","background-size":"auto","background-attachment":"scroll","background-type":"","background-media":"","overlay-type":"","overlay-color":"","overlay-opacity":"","overlay-gradient":""},"mobile":{"background-color":"","background-image":"","background-repeat":"repeat","background-position":"center center","background-size":"auto","background-attachment":"scroll","background-type":"","background-media":"","overlay-type":"","overlay-color":"","overlay-opacity":"","overlay-gradient":""}},"ast-content-background-meta":{"desktop":{"background-color":"var(--ast-global-color-5)","background-image":"","background-repeat":"repeat","background-position":"center center","background-size":"auto","background-attachment":"scroll","background-type":"","background-media":"","overlay-type":"","overlay-color":"","overlay-opacity":"","overlay-gradient":""},"tablet":{"background-color":"var(--ast-global-color-5)","background-image":"","background-repeat":"repeat","background-position":"center center","background-size":"auto","background-attachment":"scroll","background-type":"","background-media":"","overlay-type":"","overlay-color":"","overlay-opacity":"","overlay-gradient":""},"mobile":{"background-color":"var(--ast-global-color-5)","background-image":"","background-repeat":"repeat","background-position":"center center","background-size":"auto","background-attachment":"scroll","background-type":"","background-media":"","overlay-type":"","overlay-color":"","overlay-opacity":"","overlay-gradient":""}},"jetpack_post_was_ever_published":false,"footnotes":""},"class_list":["post-1487","page","type-page","status-publish","hentry"],"jetpack_sharing_enabled":true,"jetpack_shortlink":"https:\/\/wp.me\/P9nlNh-nZ","jetpack-related-posts":[{"id":136,"url":"https:\/\/julie-limoges.fr\/?page_id=136","url_meta":{"origin":1487,"position":0},"title":"Extrait : La m\u00e8re de toutes les m\u00e8res","author":"Kyvar","date":"19 March 2015","format":false,"excerpt":"La m\u00e8re de toutes les m\u00e8res \u00a0 Bien avant d'atterrir sur ce monde poubelle, j'avais connu la mer, la vraie, celle qui s'\u00e9tirait jusqu'\u00e0 l'horizon, bleue et houleuse. Elle inspirait les po\u00e8tes, intimidait les marins et bravait jour apr\u00e8s jour la domination des hommes. Il m'arrivait souvent de r\u00eaver du\u2026","rel":"","context":"Similar post","block_context":{"text":"Similar post","link":""},"img":{"alt_text":"","src":"","width":0,"height":0},"classes":[]},{"id":1373,"url":"https:\/\/julie-limoges.fr\/?page_id=1373","url_meta":{"origin":1487,"position":1},"title":"Tome 3 : La Danse de l&#8217;acier","author":"Kyvar","date":"17 March 2021","format":false,"excerpt":"Quatri\u00e8me de couverture : Les Porteurs de guerre sont l\u00e0. L\u2019invasion multine se poursuit et rien ne semble pouvoir l\u2019arr\u00eater. Elle menace maintenant de fondre sur Atorn, la capitale des R\u00e9gions. Bien inconscient de ce danger, Akhyla se remet difficilement de ses blessures \u00e0 Vach-Tyrel. Lui et ses compagnons cherchent\u2026","rel":"","context":"Similar post","block_context":{"text":"Similar post","link":""},"img":{"alt_text":"","src":"https:\/\/i0.wp.com\/julie-limoges.fr\/wp-content\/uploads\/2015\/03\/titleSDH.jpg?fit=1072%2C435&ssl=1&resize=350%2C200","width":350,"height":200,"srcset":"https:\/\/i0.wp.com\/julie-limoges.fr\/wp-content\/uploads\/2015\/03\/titleSDH.jpg?fit=1072%2C435&ssl=1&resize=350%2C200 1x, https:\/\/i0.wp.com\/julie-limoges.fr\/wp-content\/uploads\/2015\/03\/titleSDH.jpg?fit=1072%2C435&ssl=1&resize=525%2C300 1.5x, https:\/\/i0.wp.com\/julie-limoges.fr\/wp-content\/uploads\/2015\/03\/titleSDH.jpg?fit=1072%2C435&ssl=1&resize=700%2C400 2x, https:\/\/i0.wp.com\/julie-limoges.fr\/wp-content\/uploads\/2015\/03\/titleSDH.jpg?fit=1072%2C435&ssl=1&resize=1050%2C600 3x"},"classes":[]},{"id":1028,"url":"https:\/\/julie-limoges.fr\/?page_id=1028","url_meta":{"origin":1487,"position":2},"title":"Manga : D\u00f4mu","author":"Kyvar","date":"19 March 2021","format":false,"excerpt":"Article publi\u00e9 originalement sur le site Hydralune. Je ne m\u2019en cache pas, j\u2019ai \u00e9t\u00e9 bien plus influenc\u00e9e par le cin\u00e9ma et la bande dessin\u00e9e que par la litt\u00e9rature. Alors, quand j\u2019ai d\u00fb choisir une \u0153uvre qui me tient \u00e0 c\u0153ur pour la pr\u00e9senter ici, c\u2019est naturellement vers ces m\u00e9dias que\u2026","rel":"","context":"Similar post","block_context":{"text":"Similar post","link":""},"img":{"alt_text":"","src":"https:\/\/i0.wp.com\/julie-limoges.fr\/wp-content\/uploads\/2021\/03\/Domu-reves-d-enfants.jpg?fit=400%2C560&ssl=1&resize=350%2C200","width":350,"height":200},"classes":[]},{"id":1075,"url":"https:\/\/julie-limoges.fr\/?page_id=1075","url_meta":{"origin":1487,"position":3},"title":"Un long chemin","author":"Kyvar","date":"31 July 2017","format":false,"excerpt":"La vie est un long chemin aux ramifications infinies. Au fil des culs-de-sac, des raccourcis ou des \u00e9garements, elle prend souvent des tournants insoup\u00e7onn\u00e9s. Des changements de direction parfois b\u00e9n\u00e9fiques, parfois funestes. C\u2019est ce que Mains de Mort, bourreau d\u2019\u00c9tat, va d\u00e9couvrir lors d\u2019une de ses missions de routine. Dot\u00e9\u2026","rel":"","context":"Similar post","block_context":{"text":"Similar post","link":""},"img":{"alt_text":"","src":"https:\/\/i0.wp.com\/julie-limoges.fr\/wp-content\/uploads\/2017\/07\/unlongchemin.jpg?fit=1072%2C435&ssl=1&resize=350%2C200","width":350,"height":200,"srcset":"https:\/\/i0.wp.com\/julie-limoges.fr\/wp-content\/uploads\/2017\/07\/unlongchemin.jpg?fit=1072%2C435&ssl=1&resize=350%2C200 1x, https:\/\/i0.wp.com\/julie-limoges.fr\/wp-content\/uploads\/2017\/07\/unlongchemin.jpg?fit=1072%2C435&ssl=1&resize=525%2C300 1.5x, https:\/\/i0.wp.com\/julie-limoges.fr\/wp-content\/uploads\/2017\/07\/unlongchemin.jpg?fit=1072%2C435&ssl=1&resize=700%2C400 2x, https:\/\/i0.wp.com\/julie-limoges.fr\/wp-content\/uploads\/2017\/07\/unlongchemin.jpg?fit=1072%2C435&ssl=1&resize=1050%2C600 3x"},"classes":[]},{"id":1102,"url":"https:\/\/julie-limoges.fr\/?page_id=1102","url_meta":{"origin":1487,"position":4},"title":"Nouvelle compl\u00e8te : Une maison dans le Sud","author":"Kyvar","date":"31 July 2017","format":false,"excerpt":"Une maison dans le Sud \u00a0 C\u2019\u00e9tait une maison, une maison dans le Sud. Un beau mas de Provence construit sur un terrain pentu travers\u00e9 de restanques bien align\u00e9es. Avec une simple route en terre pour y acc\u00e9der et des arbres touffus pour le camoufler aux regards indiscrets, il s\u2019agissait\u2026","rel":"","context":"Similar post","block_context":{"text":"Similar post","link":""},"img":{"alt_text":"","src":"","width":0,"height":0},"classes":[]},{"id":660,"url":"https:\/\/julie-limoges.fr\/?page_id=660","url_meta":{"origin":1487,"position":5},"title":"Extrait : Mains de Mort","author":"Kyvar","date":"19 October 2015","format":false,"excerpt":"Mains de Mort \u00a0 L\u2019homme s\u2019effondra d\u00e8s que mes doigts effleur\u00e8rent la peau de son visage. Il s\u2019\u00e9croula sur le sol humide, fauch\u00e9 par la mort en un instant. Crev\u00e9 en plein vol. La femme tomba \u00e0 genoux \u00e0 la vue de son compagnon \u2013 sans doute son mari \u2013\u2026","rel":"","context":"Similar post","block_context":{"text":"Similar post","link":""},"img":{"alt_text":"","src":"","width":0,"height":0},"classes":[]}],"_links":{"self":[{"href":"https:\/\/julie-limoges.fr\/index.php?rest_route=\/wp\/v2\/pages\/1487","targetHints":{"allow":["GET"]}}],"collection":[{"href":"https:\/\/julie-limoges.fr\/index.php?rest_route=\/wp\/v2\/pages"}],"about":[{"href":"https:\/\/julie-limoges.fr\/index.php?rest_route=\/wp\/v2\/types\/page"}],"author":[{"embeddable":true,"href":"https:\/\/julie-limoges.fr\/index.php?rest_route=\/wp\/v2\/users\/1"}],"replies":[{"embeddable":true,"href":"https:\/\/julie-limoges.fr\/index.php?rest_route=%2Fwp%2Fv2%2Fcomments&post=1487"}],"version-history":[{"count":8,"href":"https:\/\/julie-limoges.fr\/index.php?rest_route=\/wp\/v2\/pages\/1487\/revisions"}],"predecessor-version":[{"id":1497,"href":"https:\/\/julie-limoges.fr\/index.php?rest_route=\/wp\/v2\/pages\/1487\/revisions\/1497"}],"up":[{"embeddable":true,"href":"https:\/\/julie-limoges.fr\/index.php?rest_route=\/wp\/v2\/pages\/32"}],"wp:attachment":[{"href":"https:\/\/julie-limoges.fr\/index.php?rest_route=%2Fwp%2Fv2%2Fmedia&parent=1487"}],"curies":[{"name":"wp","href":"https:\/\/api.w.org\/{rel}","templated":true}]}}