{"id":15,"date":"2015-03-18T17:14:41","date_gmt":"2015-03-18T16:14:41","guid":{"rendered":"https:\/\/absilou.wordpress.com\/?page_id=15"},"modified":"2017-11-13T15:42:05","modified_gmt":"2017-11-13T14:42:05","slug":"df","status":"publish","type":"page","link":"https:\/\/julie-limoges.fr\/?page_id=15","title":{"rendered":"Les fronti\u00e8res sombres"},"content":{"rendered":"<div style=\"overflow: hidden; text-align: justify;\">\n<p><em>Il y a tout d\u2019abord cette vaste cit\u00e9 portuaire, \u00e9tendue \u00e0 perte d\u2019horizon telle une m\u00e9duse crev\u00e9e sur le sable. Celle que l\u2019on voit &#8211; peu \u00e0 travers la pollution &#8211; et que l\u2019on sent &#8211; beaucoup. Celle o\u00f9 l\u2019\u00e9crasante majorit\u00e9 de mes semblables vivent et meurent au rythme des saisons, bien inconscients du canular qu\u2019est leur existence. La r\u00e9alit\u00e9, qu\u2019ils appellent \u00e7a.<br \/>\nLa bonne blague !<br \/>\nC\u2019en serait insultant pour la cit\u00e9 du dessous. Celle que l\u2019on ne voit pas et qui pousse pourtant dans les entrailles de sa fille factice. Celle dont l\u2019odeur est balay\u00e9e par les vents de l\u2019infinit\u00e9 de Mondes qui nous entourent et nous guettent, mena\u00e7ant chaque jour de se d\u00e9verser sur nous. Un raz de mar\u00e9e in\u00e9luctable que je redoute et attends d\u2019une m\u00eame fa\u00e7on.<\/em><\/p>\n<p><em>Qu\u2019il perce les minces tissus de mensonges et de faux-semblants fa\u00e7onn\u00e9s par nos \u00e9lites ! <\/em><\/p>\n<p><em>Que se d\u00e9chirent enfin les fronti\u00e8res sombres. <\/em><\/p>\n<\/div>\n<p>&nbsp;<\/p>\n","protected":false},"excerpt":{"rendered":"<p>Il y a tout d\u2019abord cette vaste cit\u00e9 portuaire, \u00e9tendue \u00e0 perte d\u2019horizon telle une m\u00e9duse crev\u00e9e sur le sable. [&hellip;]<\/p>\n","protected":false},"author":1,"featured_media":1173,"parent":5,"menu_order":2,"comment_status":"closed","ping_status":"closed","template":"page-templates\/grid-page.php","meta":{"site-sidebar-layout":"default","site-content-layout":"","ast-site-content-layout":"default","site-content-style":"default","site-sidebar-style":"default","ast-global-header-display":"","ast-banner-title-visibility":"","ast-main-header-display":"","ast-hfb-above-header-display":"","ast-hfb-below-header-display":"","ast-hfb-mobile-header-display":"","site-post-title":"","ast-breadcrumbs-content":"","ast-featured-img":"","footer-sml-layout":"","ast-disable-related-posts":"","theme-transparent-header-meta":"","adv-header-id-meta":"","stick-header-meta":"","header-above-stick-meta":"","header-main-stick-meta":"","header-below-stick-meta":"","astra-migrate-meta-layouts":"default","ast-page-background-enabled":"default","ast-page-background-meta":{"desktop":{"background-color":"var(--ast-global-color-4)","background-image":"","background-repeat":"repeat","background-position":"center center","background-size":"auto","background-attachment":"scroll","background-type":"","background-media":"","overlay-type":"","overlay-color":"","overlay-opacity":"","overlay-gradient":""},"tablet":{"background-color":"","background-image":"","background-repeat":"repeat","background-position":"center center","background-size":"auto","background-attachment":"scroll","background-type":"","background-media":"","overlay-type":"","overlay-color":"","overlay-opacity":"","overlay-gradient":""},"mobile":{"background-color":"","background-image":"","background-repeat":"repeat","background-position":"center center","background-size":"auto","background-attachment":"scroll","background-type":"","background-media":"","overlay-type":"","overlay-color":"","overlay-opacity":"","overlay-gradient":""}},"ast-content-background-meta":{"desktop":{"background-color":"var(--ast-global-color-5)","background-image":"","background-repeat":"repeat","background-position":"center center","background-size":"auto","background-attachment":"scroll","background-type":"","background-media":"","overlay-type":"","overlay-color":"","overlay-opacity":"","overlay-gradient":""},"tablet":{"background-color":"var(--ast-global-color-5)","background-image":"","background-repeat":"repeat","background-position":"center center","background-size":"auto","background-attachment":"scroll","background-type":"","background-media":"","overlay-type":"","overlay-color":"","overlay-opacity":"","overlay-gradient":""},"mobile":{"background-color":"var(--ast-global-color-5)","background-image":"","background-repeat":"repeat","background-position":"center center","background-size":"auto","background-attachment":"scroll","background-type":"","background-media":"","overlay-type":"","overlay-color":"","overlay-opacity":"","overlay-gradient":""}},"jetpack_post_was_ever_published":false,"footnotes":""},"class_list":["post-15","page","type-page","status-publish","has-post-thumbnail","hentry"],"jetpack_sharing_enabled":false,"jetpack_shortlink":"https:\/\/wp.me\/P9nlNh-f","jetpack-related-posts":[{"id":354,"url":"https:\/\/julie-limoges.fr\/?page_id=354","url_meta":{"origin":15,"position":0},"title":"Express pour Kavir","author":"Kyvar","date":"26 March 2015","format":false,"excerpt":"Will a des dettes, et pas trente-six fa\u00e7ons de les rembourser avant d\u2019y laisser sa peau. Embarqu\u00e9 en compagnie du magnat Slava Volochine \u00e0 bord d\u2019un train pour le bout du monde, il compte bien mettre la main sur les bagages soi-disant remplis d\u2019or de son riche voisin. Il existe\u2026","rel":"","context":"Similar post","block_context":{"text":"Similar post","link":""},"img":{"alt_text":"","src":"https:\/\/i0.wp.com\/julie-limoges.fr\/wp-content\/uploads\/2015\/04\/illuexpress.jpg?resize=350%2C200","width":350,"height":200},"classes":[]},{"id":34,"url":"https:\/\/julie-limoges.fr\/?page_id=34","url_meta":{"origin":15,"position":1},"title":"Mains de mort","author":"Kyvar","date":"18 March 2015","format":false,"excerpt":"Une naissance pour une mort, telle \u00e9tait la doctrine de l'\u00c9quilibre. Chaque jour, on m'envoyait pour ch\u00e2tier ceux qui la bafouaient. Chaque jour, je fauchais du bout des doigts pour la sauvegarder. Une routine am\u00e8re. Un destin que j'\u00e9tais cependant pr\u00eat \u00e0 endosser jusqu'\u00e0 la fin des temps.. \u00a0 Extrait\u2026","rel":"","context":"Similar post","block_context":{"text":"Similar post","link":""},"img":{"alt_text":"","src":"","width":0,"height":0},"classes":[]},{"id":1028,"url":"https:\/\/julie-limoges.fr\/?page_id=1028","url_meta":{"origin":15,"position":2},"title":"Manga : D\u00f4mu","author":"Kyvar","date":"19 March 2021","format":false,"excerpt":"Article publi\u00e9 originalement sur le site Hydralune. Je ne m\u2019en cache pas, j\u2019ai \u00e9t\u00e9 bien plus influenc\u00e9e par le cin\u00e9ma et la bande dessin\u00e9e que par la litt\u00e9rature. Alors, quand j\u2019ai d\u00fb choisir une \u0153uvre qui me tient \u00e0 c\u0153ur pour la pr\u00e9senter ici, c\u2019est naturellement vers ces m\u00e9dias que\u2026","rel":"","context":"Similar post","block_context":{"text":"Similar post","link":""},"img":{"alt_text":"","src":"https:\/\/i0.wp.com\/julie-limoges.fr\/wp-content\/uploads\/2021\/03\/Domu-reves-d-enfants.jpg?fit=400%2C560&ssl=1&resize=350%2C200","width":350,"height":200},"classes":[]},{"id":77,"url":"https:\/\/julie-limoges.fr\/?page_id=77","url_meta":{"origin":15,"position":3},"title":"Tome 2 : Jusqu&#8217;au ciel","author":"Kyvar","date":"19 March 2015","format":false,"excerpt":"Quatri\u00e8me de couverture : Le temps presse. Dans l\u2019ombre et la moiteur, les r\u00e9giments des Duch\u00e9s ont submerg\u00e9 Arham. Les d\u00e9fenses du Bastion ont c\u00e9d\u00e9, d\u00e9versant des milliers de civils affol\u00e9s dans la sombre for\u00eat environnante. S\u00e9par\u00e9s de leur groupe, Akhyla et Ekam entreprennent de rejoindre le sud \u00e0 travers\u2026","rel":"","context":"Similar post","block_context":{"text":"Similar post","link":""},"img":{"alt_text":"","src":"https:\/\/i0.wp.com\/julie-limoges.fr\/wp-content\/uploads\/2015\/03\/SDH2.jpg?fit=1072%2C435&ssl=1&resize=350%2C200","width":350,"height":200,"srcset":"https:\/\/i0.wp.com\/julie-limoges.fr\/wp-content\/uploads\/2015\/03\/SDH2.jpg?fit=1072%2C435&ssl=1&resize=350%2C200 1x, https:\/\/i0.wp.com\/julie-limoges.fr\/wp-content\/uploads\/2015\/03\/SDH2.jpg?fit=1072%2C435&ssl=1&resize=525%2C300 1.5x, https:\/\/i0.wp.com\/julie-limoges.fr\/wp-content\/uploads\/2015\/03\/SDH2.jpg?fit=1072%2C435&ssl=1&resize=700%2C400 2x, https:\/\/i0.wp.com\/julie-limoges.fr\/wp-content\/uploads\/2015\/03\/SDH2.jpg?fit=1072%2C435&ssl=1&resize=1050%2C600 3x"},"classes":[]},{"id":136,"url":"https:\/\/julie-limoges.fr\/?page_id=136","url_meta":{"origin":15,"position":4},"title":"Extrait : La m\u00e8re de toutes les m\u00e8res","author":"Kyvar","date":"19 March 2015","format":false,"excerpt":"La m\u00e8re de toutes les m\u00e8res \u00a0 Bien avant d'atterrir sur ce monde poubelle, j'avais connu la mer, la vraie, celle qui s'\u00e9tirait jusqu'\u00e0 l'horizon, bleue et houleuse. Elle inspirait les po\u00e8tes, intimidait les marins et bravait jour apr\u00e8s jour la domination des hommes. Il m'arrivait souvent de r\u00eaver du\u2026","rel":"","context":"Similar post","block_context":{"text":"Similar post","link":""},"img":{"alt_text":"","src":"","width":0,"height":0},"classes":[]},{"id":660,"url":"https:\/\/julie-limoges.fr\/?page_id=660","url_meta":{"origin":15,"position":5},"title":"Extrait : Mains de Mort","author":"Kyvar","date":"19 October 2015","format":false,"excerpt":"Mains de Mort \u00a0 L\u2019homme s\u2019effondra d\u00e8s que mes doigts effleur\u00e8rent la peau de son visage. Il s\u2019\u00e9croula sur le sol humide, fauch\u00e9 par la mort en un instant. Crev\u00e9 en plein vol. La femme tomba \u00e0 genoux \u00e0 la vue de son compagnon \u2013 sans doute son mari \u2013\u2026","rel":"","context":"Similar post","block_context":{"text":"Similar post","link":""},"img":{"alt_text":"","src":"","width":0,"height":0},"classes":[]}],"_links":{"self":[{"href":"https:\/\/julie-limoges.fr\/index.php?rest_route=\/wp\/v2\/pages\/15","targetHints":{"allow":["GET"]}}],"collection":[{"href":"https:\/\/julie-limoges.fr\/index.php?rest_route=\/wp\/v2\/pages"}],"about":[{"href":"https:\/\/julie-limoges.fr\/index.php?rest_route=\/wp\/v2\/types\/page"}],"author":[{"embeddable":true,"href":"https:\/\/julie-limoges.fr\/index.php?rest_route=\/wp\/v2\/users\/1"}],"replies":[{"embeddable":true,"href":"https:\/\/julie-limoges.fr\/index.php?rest_route=%2Fwp%2Fv2%2Fcomments&post=15"}],"version-history":[{"count":1,"href":"https:\/\/julie-limoges.fr\/index.php?rest_route=\/wp\/v2\/pages\/15\/revisions"}],"predecessor-version":[{"id":1174,"href":"https:\/\/julie-limoges.fr\/index.php?rest_route=\/wp\/v2\/pages\/15\/revisions\/1174"}],"up":[{"embeddable":true,"href":"https:\/\/julie-limoges.fr\/index.php?rest_route=\/wp\/v2\/pages\/5"}],"wp:featuredmedia":[{"embeddable":true,"href":"https:\/\/julie-limoges.fr\/index.php?rest_route=\/wp\/v2\/media\/1173"}],"wp:attachment":[{"href":"https:\/\/julie-limoges.fr\/index.php?rest_route=%2Fwp%2Fv2%2Fmedia&parent=15"}],"curies":[{"name":"wp","href":"https:\/\/api.w.org\/{rel}","templated":true}]}}