{"id":2,"date":"2017-11-09T17:34:20","date_gmt":"2017-11-09T16:34:20","guid":{"rendered":"http:\/\/julie-limoges.fr\/?page_id=2"},"modified":"2017-11-09T17:34:20","modified_gmt":"2017-11-09T16:34:20","slug":"page-d-exemple","status":"publish","type":"page","link":"https:\/\/julie-limoges.fr\/?page_id=2","title":{"rendered":"Page d&rsquo;exemple"},"content":{"rendered":"<p>Voici un exemple de page. Elle est diff\u00e9rente d\u2019un article de blog, en cela qu\u2019elle restera \u00e0 la m\u00eame place, et s\u2019affichera dans le menu de navigation de votre site (en fonction de votre th\u00e8me). La plupart des gens commencent par \u00e9crire une page &laquo;&nbsp;\u00c0 Propos&nbsp;&raquo; qui les pr\u00e9sente aux visiteurs potentiels du site. Vous pourriez y \u00e9crire quelque chose de ce tenant\u00a0:<\/p>\n<blockquote><p>Bonjour\u00a0! Je suis un m\u00e9canicien qui aspire \u00e0 devenir un acteur, et ceci est mon blog. J\u2019habite \u00e0 Bordeaux, j\u2019ai un super chien qui s\u2019appelle Russell, et j\u2019aime la vodka-ananas (ainsi que perdre mon temps \u00e0 regarder la pluie tomber).<\/p><\/blockquote>\n<p>&#8230;ou bien quelque chose comme cela\u00a0:<\/p>\n<blockquote><p>La soci\u00e9t\u00e9 123 Machin Truc a \u00e9t\u00e9 cr\u00e9\u00e9e en 1971, et n\u2019a cess\u00e9 de proposer au public des machins-trucs de qualit\u00e9 depuis cette ann\u00e9e. Situ\u00e9e \u00e0 Saint-Remy-en-Bouzemont-Saint-Genest-et-Isson, 123 Machin Truc emploie 2\u00a0000 personnes, et fabrique toutes sortes de bidules super pour la communaut\u00e9 bouzemontoise.<\/p><\/blockquote>\n<p>\u00c9tant donn\u00e9 que vous \u00eates un nouvel utilisateur ou une nouvelle utilisatrice de WordPress, vous devriez vous rendre sur votre <a href=\"http:\/\/julie-limoges.fr\/wp-admin\/\">tableau de bord<\/a> pour effacer la pr\u00e9sente page, et cr\u00e9er de nouvelles pages avec votre propre contenu. Amusez-vous bien\u00a0!<\/p>\n","protected":false},"excerpt":{"rendered":"<p>Voici un exemple de page. Elle est diff\u00e9rente d\u2019un article de blog, en cela qu\u2019elle restera \u00e0 la m\u00eame place, [&hellip;]<\/p>\n","protected":false},"author":1,"featured_media":0,"parent":0,"menu_order":0,"comment_status":"closed","ping_status":"open","template":"","meta":{"site-sidebar-layout":"default","site-content-layout":"","ast-site-content-layout":"default","site-content-style":"default","site-sidebar-style":"default","ast-global-header-display":"","ast-banner-title-visibility":"","ast-main-header-display":"","ast-hfb-above-header-display":"","ast-hfb-below-header-display":"","ast-hfb-mobile-header-display":"","site-post-title":"","ast-breadcrumbs-content":"","ast-featured-img":"","footer-sml-layout":"","ast-disable-related-posts":"","theme-transparent-header-meta":"","adv-header-id-meta":"","stick-header-meta":"","header-above-stick-meta":"","header-main-stick-meta":"","header-below-stick-meta":"","astra-migrate-meta-layouts":"default","ast-page-background-enabled":"default","ast-page-background-meta":{"desktop":{"background-color":"var(--ast-global-color-4)","background-image":"","background-repeat":"repeat","background-position":"center center","background-size":"auto","background-attachment":"scroll","background-type":"","background-media":"","overlay-type":"","overlay-color":"","overlay-opacity":"","overlay-gradient":""},"tablet":{"background-color":"","background-image":"","background-repeat":"repeat","background-position":"center center","background-size":"auto","background-attachment":"scroll","background-type":"","background-media":"","overlay-type":"","overlay-color":"","overlay-opacity":"","overlay-gradient":""},"mobile":{"background-color":"","background-image":"","background-repeat":"repeat","background-position":"center center","background-size":"auto","background-attachment":"scroll","background-type":"","background-media":"","overlay-type":"","overlay-color":"","overlay-opacity":"","overlay-gradient":""}},"ast-content-background-meta":{"desktop":{"background-color":"var(--ast-global-color-5)","background-image":"","background-repeat":"repeat","background-position":"center center","background-size":"auto","background-attachment":"scroll","background-type":"","background-media":"","overlay-type":"","overlay-color":"","overlay-opacity":"","overlay-gradient":""},"tablet":{"background-color":"var(--ast-global-color-5)","background-image":"","background-repeat":"repeat","background-position":"center center","background-size":"auto","background-attachment":"scroll","background-type":"","background-media":"","overlay-type":"","overlay-color":"","overlay-opacity":"","overlay-gradient":""},"mobile":{"background-color":"var(--ast-global-color-5)","background-image":"","background-repeat":"repeat","background-position":"center center","background-size":"auto","background-attachment":"scroll","background-type":"","background-media":"","overlay-type":"","overlay-color":"","overlay-opacity":"","overlay-gradient":""}},"jetpack_post_was_ever_published":false,"footnotes":""},"class_list":["post-2","page","type-page","status-publish","hentry"],"jetpack_sharing_enabled":true,"jetpack_shortlink":"https:\/\/wp.me\/P9nlNh-2","jetpack-related-posts":[{"id":660,"url":"https:\/\/julie-limoges.fr\/?page_id=660","url_meta":{"origin":2,"position":0},"title":"Extrait : Mains de Mort","author":"Kyvar","date":"19 October 2015","format":false,"excerpt":"Mains de Mort \u00a0 L\u2019homme s\u2019effondra d\u00e8s que mes doigts effleur\u00e8rent la peau de son visage. Il s\u2019\u00e9croula sur le sol humide, fauch\u00e9 par la mort en un instant. Crev\u00e9 en plein vol. La femme tomba \u00e0 genoux \u00e0 la vue de son compagnon \u2013 sans doute son mari \u2013\u2026","rel":"","context":"Similar post","block_context":{"text":"Similar post","link":""},"img":{"alt_text":"","src":"","width":0,"height":0},"classes":[]},{"id":1410,"url":"https:\/\/julie-limoges.fr\/?page_id=1410","url_meta":{"origin":2,"position":1},"title":"La musique du Soleil des hommes","author":"Kyvar","date":"18 March 2021","format":false,"excerpt":"(d'abord publi\u00e9 sur le site hydralune.com) Illustration de Slava Gerj Comme Catherine et nombre de mes confr\u00e8res, la musique joue un r\u00f4le primordial dans la conception et l\u2019\u00e9criture de mes romans. En revanche, pour ma part, je ne peux pas \u00e9crire en \u00e9coutant de la musique. Je suis tellement emport\u00e9e\u2026","rel":"","context":"Similar post","block_context":{"text":"Similar post","link":""},"img":{"alt_text":"","src":"https:\/\/i0.wp.com\/hydralune.com\/wp-content\/uploads\/2016\/07\/imagesite-300x227.jpg?resize=350%2C200&ssl=1","width":350,"height":200},"classes":[]},{"id":269,"url":"https:\/\/julie-limoges.fr\/?page_id=269","url_meta":{"origin":2,"position":2},"title":"Tome 1 : Le chant de Kali","author":"Kyvar","date":"20 March 2015","format":false,"excerpt":"Pitch : Seven, un futur trentenaire plus tr\u00e8s jeune ou tr\u00e8s frais, est contraint d\u2019aider quotidiennement Ash, une cr\u00e9ature du Premier Sous-monde, \u00e0 r\u00e9soudre des affaires sensibles afin d\u2019honorer un march\u00e9 de dupe dont il ne se sent pas redevable. La derni\u00e8re affaire que son partenaire de circonstance lui impose\u2026","rel":"","context":"Similar post","block_context":{"text":"Similar post","link":""},"img":{"alt_text":"","src":"https:\/\/i0.wp.com\/julie-limoges.fr\/wp-content\/uploads\/2015\/03\/DF1.jpg?fit=1072%2C435&ssl=1&resize=350%2C200","width":350,"height":200,"srcset":"https:\/\/i0.wp.com\/julie-limoges.fr\/wp-content\/uploads\/2015\/03\/DF1.jpg?fit=1072%2C435&ssl=1&resize=350%2C200 1x, https:\/\/i0.wp.com\/julie-limoges.fr\/wp-content\/uploads\/2015\/03\/DF1.jpg?fit=1072%2C435&ssl=1&resize=525%2C300 1.5x, https:\/\/i0.wp.com\/julie-limoges.fr\/wp-content\/uploads\/2015\/03\/DF1.jpg?fit=1072%2C435&ssl=1&resize=700%2C400 2x, https:\/\/i0.wp.com\/julie-limoges.fr\/wp-content\/uploads\/2015\/03\/DF1.jpg?fit=1072%2C435&ssl=1&resize=1050%2C600 3x"},"classes":[]},{"id":1025,"url":"https:\/\/julie-limoges.fr\/?page_id=1025","url_meta":{"origin":2,"position":3},"title":"Bande dessin\u00e9e : Les lumi\u00e8res de l&#8217;Amalou","author":"Kyvar","date":"19 March 2021","format":false,"excerpt":"Article publi\u00e9 originalement sur le site Hydralune. C\u2019est de nouveau mon tour de vous pr\u00e9senter une \u0153uvre qui m\u2019est ch\u00e8re et qui m\u2019a influenc\u00e9e dans mon parcours d\u2019\u00e9crivain. Apr\u00e8s un manga, D\u00f4mu, je reviens dans l'Hexagone pour vous parler d\u2019une bande dessin\u00e9e bien de chez nous\u00a0: les Lumi\u00e8res de Lamalou.\u2026","rel":"","context":"Similar post","block_context":{"text":"Similar post","link":""},"img":{"alt_text":"","src":"https:\/\/i0.wp.com\/julie-limoges.fr\/wp-content\/uploads\/2017\/04\/les-lumieres-de-l-amalou-e1616167326768.jpg?fit=400%2C393&ssl=1&resize=350%2C200","width":350,"height":200},"classes":[]},{"id":1038,"url":"https:\/\/julie-limoges.fr\/?page_id=1038","url_meta":{"origin":2,"position":4},"title":"Ce qu&#8217;on en dit","author":"Kyvar","date":"27 July 2017","format":false,"excerpt":"Vous retrouverez ici les critiques et articles sur le cycle Le soleil des hommes ! \u00a0 Nuit de cendres Site de Catherine Loiseau J\u2019ai eu la chance de d\u00e9couvrir ce roman en avant-premi\u00e8re, vu que je suis l\u2019une des marraines de ce tome au sein du\u00a0collectif Hydralune. Franchement, d\u00e8s les\u2026","rel":"","context":"Similar post","block_context":{"text":"Similar post","link":""},"img":{"alt_text":"","src":"https:\/\/i0.wp.com\/julie-limoges.fr\/wp-content\/uploads\/2017\/07\/SDH_cequonendit.jpg?fit=1072%2C435&ssl=1&resize=350%2C200","width":350,"height":200,"srcset":"https:\/\/i0.wp.com\/julie-limoges.fr\/wp-content\/uploads\/2017\/07\/SDH_cequonendit.jpg?fit=1072%2C435&ssl=1&resize=350%2C200 1x, https:\/\/i0.wp.com\/julie-limoges.fr\/wp-content\/uploads\/2017\/07\/SDH_cequonendit.jpg?fit=1072%2C435&ssl=1&resize=525%2C300 1.5x, https:\/\/i0.wp.com\/julie-limoges.fr\/wp-content\/uploads\/2017\/07\/SDH_cequonendit.jpg?fit=1072%2C435&ssl=1&resize=700%2C400 2x, https:\/\/i0.wp.com\/julie-limoges.fr\/wp-content\/uploads\/2017\/07\/SDH_cequonendit.jpg?fit=1072%2C435&ssl=1&resize=1050%2C600 3x"},"classes":[]},{"id":851,"url":"https:\/\/julie-limoges.fr\/?page_id=851","url_meta":{"origin":2,"position":5},"title":"Cabinet de curiosit\u00e9 : Merrylin Cryptid","author":"Kyvar","date":"26 May 2016","format":false,"excerpt":"Aujourd\u2019hui, parlons du Merrylin Cryptid Museum ! Il s'agit d'une collection qui n'est pas accessible au public, mais dont le site internet est tr\u00e8s bien fait. La galerie est compl\u00e8te, et pour chaque \u00e9l\u00e9ment s\u00e9lectionn\u00e9, plusieurs autres photos et un descriptif (en anglais) est donn\u00e9. Alors, pourquoi parler de cette\u2026","rel":"","context":"Similar post","block_context":{"text":"Similar post","link":""},"img":{"alt_text":"","src":"https:\/\/i0.wp.com\/julie-limoges.fr\/wp-content\/uploads\/2016\/05\/squelettes-merrylin-cryptid-collection-02.jpg?fit=700%2C445&ssl=1&resize=350%2C200","width":350,"height":200,"srcset":"https:\/\/i0.wp.com\/julie-limoges.fr\/wp-content\/uploads\/2016\/05\/squelettes-merrylin-cryptid-collection-02.jpg?fit=700%2C445&ssl=1&resize=350%2C200 1x, https:\/\/i0.wp.com\/julie-limoges.fr\/wp-content\/uploads\/2016\/05\/squelettes-merrylin-cryptid-collection-02.jpg?fit=700%2C445&ssl=1&resize=525%2C300 1.5x, https:\/\/i0.wp.com\/julie-limoges.fr\/wp-content\/uploads\/2016\/05\/squelettes-merrylin-cryptid-collection-02.jpg?fit=700%2C445&ssl=1&resize=700%2C400 2x"},"classes":[]}],"_links":{"self":[{"href":"https:\/\/julie-limoges.fr\/index.php?rest_route=\/wp\/v2\/pages\/2","targetHints":{"allow":["GET"]}}],"collection":[{"href":"https:\/\/julie-limoges.fr\/index.php?rest_route=\/wp\/v2\/pages"}],"about":[{"href":"https:\/\/julie-limoges.fr\/index.php?rest_route=\/wp\/v2\/types\/page"}],"author":[{"embeddable":true,"href":"https:\/\/julie-limoges.fr\/index.php?rest_route=\/wp\/v2\/users\/1"}],"replies":[{"embeddable":true,"href":"https:\/\/julie-limoges.fr\/index.php?rest_route=%2Fwp%2Fv2%2Fcomments&post=2"}],"version-history":[{"count":0,"href":"https:\/\/julie-limoges.fr\/index.php?rest_route=\/wp\/v2\/pages\/2\/revisions"}],"wp:attachment":[{"href":"https:\/\/julie-limoges.fr\/index.php?rest_route=%2Fwp%2Fv2%2Fmedia&parent=2"}],"curies":[{"name":"wp","href":"https:\/\/api.w.org\/{rel}","templated":true}]}}