{"id":233,"date":"2015-03-19T17:34:40","date_gmt":"2015-03-19T16:34:40","guid":{"rendered":"https:\/\/absilou.wordpress.com\/?page_id=233"},"modified":"2021-03-19T16:42:33","modified_gmt":"2021-03-19T15:42:33","slug":"liens","status":"publish","type":"page","link":"https:\/\/julie-limoges.fr\/?page_id=233","title":{"rendered":"Liens"},"content":{"rendered":"<h2>Associations, collectifs et forums<\/h2>\n<p><a href=\"http:\/\/hydralune.com\/\"><img data-recalc-dims=\"1\" decoding=\"async\" class=\"aligncenter\" src=\"https:\/\/i0.wp.com\/julie-limoges.fr\/wp-content\/uploads\/2016\/10\/hydra-bandeau.jpg\" ><\/a><\/p>\n<p style=\"text-align:justify;\">Fond\u00e9 par neuf \u00e9crivains, le collectif ind\u00e9pendant Hydralune propose des r\u00e9cits s\u2019inscrivant dans divers genres de l\u2019imaginaire : de l\u2019uchronie au space opera, du post-apo \u00e0 la science-fantasy ; ce que tout un chacun appelle la SFFF.<br \/>\nCr\u00e9ateurs d\u2019univers et fabricants de chim\u00e8res, aux parcours n\u00e9buleux et aux sensibilit\u00e9s bigarr\u00e9es, nous avons d\u00e9cid\u00e9 de mettre en commun notre savoir-faire pour que vous puissiez d\u00e9couvrir ces belles histoires.<\/p>\n<p>&nbsp;<br \/>\n&nbsp;<br \/>\n<a href=\"https:\/\/www.etherval.com\/\"><img data-recalc-dims=\"1\" decoding=\"async\" class=\"aligncenter\" src=\"https:\/\/i0.wp.com\/hydralune.com\/wp-content\/uploads\/2016\/07\/logoTr.png\" ><\/a><\/p>\n<p style=\"text-align:justify;\">La Revue \u00c9therval milite pour des textes adultes, au caract\u00e8re bien tremp\u00e9, sortant des terrains battus des recueils polic\u00e9s aux textes conventionnels. \u00c0 travers ses diff\u00e9rents num\u00e9ros, publi\u00e9s tous les six mois, elle aborde sans fr\u00e9mir tous les rivages, aussi bien ceux de la Science Fiction, de l\u2019Horreur, de la Fantasy que du Fantastique.<\/p>\n<p>&nbsp;<br \/>\n&nbsp;<\/p>\n<h2>Les sites des membres du collectif Hydralune<\/h2>\n<p><a href=\"https:\/\/andreadeslacsfantasy.wordpress.com\/\">Site d&#8217;Andr\u00e9a Deslacs<\/a><br \/>\n<a href=\"https:\/\/rachel-fleurotte.fr\/\">Site de Rachel Fleurotte<\/a><br \/>\n<a href=\"http:\/\/catherine-loiseau.fr\/\">Site de Catherine Loiseau<\/a><br \/>\n<a href=\"http:\/\/ichorputride.jimdo.com\/\">Site d&#8217;Arnaud Grocagne<\/a><br \/>\n<a href=\"https:\/\/roxannetardel.wordpress.com\/\">Site de Roxanne Tardel<\/a><br \/>\n&nbsp;<br \/>\n&nbsp;<\/p>\n<p>&nbsp;<\/p>\n","protected":false},"excerpt":{"rendered":"<p>Associations, collectifs et forums Fond\u00e9 par neuf \u00e9crivains, le collectif ind\u00e9pendant Hydralune propose des r\u00e9cits s\u2019inscrivant dans divers genres de [&hellip;]<\/p>\n","protected":false},"author":1,"featured_media":0,"parent":0,"menu_order":0,"comment_status":"closed","ping_status":"closed","template":"","meta":{"site-sidebar-layout":"default","site-content-layout":"","ast-site-content-layout":"default","site-content-style":"default","site-sidebar-style":"default","ast-global-header-display":"","ast-banner-title-visibility":"","ast-main-header-display":"","ast-hfb-above-header-display":"","ast-hfb-below-header-display":"","ast-hfb-mobile-header-display":"","site-post-title":"","ast-breadcrumbs-content":"","ast-featured-img":"","footer-sml-layout":"","ast-disable-related-posts":"","theme-transparent-header-meta":"","adv-header-id-meta":"","stick-header-meta":"","header-above-stick-meta":"","header-main-stick-meta":"","header-below-stick-meta":"","astra-migrate-meta-layouts":"default","ast-page-background-enabled":"default","ast-page-background-meta":{"desktop":{"background-color":"var(--ast-global-color-4)","background-image":"","background-repeat":"repeat","background-position":"center center","background-size":"auto","background-attachment":"scroll","background-type":"","background-media":"","overlay-type":"","overlay-color":"","overlay-opacity":"","overlay-gradient":""},"tablet":{"background-color":"","background-image":"","background-repeat":"repeat","background-position":"center center","background-size":"auto","background-attachment":"scroll","background-type":"","background-media":"","overlay-type":"","overlay-color":"","overlay-opacity":"","overlay-gradient":""},"mobile":{"background-color":"","background-image":"","background-repeat":"repeat","background-position":"center center","background-size":"auto","background-attachment":"scroll","background-type":"","background-media":"","overlay-type":"","overlay-color":"","overlay-opacity":"","overlay-gradient":""}},"ast-content-background-meta":{"desktop":{"background-color":"var(--ast-global-color-5)","background-image":"","background-repeat":"repeat","background-position":"center center","background-size":"auto","background-attachment":"scroll","background-type":"","background-media":"","overlay-type":"","overlay-color":"","overlay-opacity":"","overlay-gradient":""},"tablet":{"background-color":"var(--ast-global-color-5)","background-image":"","background-repeat":"repeat","background-position":"center center","background-size":"auto","background-attachment":"scroll","background-type":"","background-media":"","overlay-type":"","overlay-color":"","overlay-opacity":"","overlay-gradient":""},"mobile":{"background-color":"var(--ast-global-color-5)","background-image":"","background-repeat":"repeat","background-position":"center center","background-size":"auto","background-attachment":"scroll","background-type":"","background-media":"","overlay-type":"","overlay-color":"","overlay-opacity":"","overlay-gradient":""}},"jetpack_post_was_ever_published":false,"footnotes":""},"class_list":["post-233","page","type-page","status-publish","hentry"],"jetpack_sharing_enabled":false,"jetpack_shortlink":"https:\/\/wp.me\/P9nlNh-3L","jetpack-related-posts":[{"id":1075,"url":"https:\/\/julie-limoges.fr\/?page_id=1075","url_meta":{"origin":233,"position":0},"title":"Un long chemin","author":"Kyvar","date":"31 July 2017","format":false,"excerpt":"La vie est un long chemin aux ramifications infinies. Au fil des culs-de-sac, des raccourcis ou des \u00e9garements, elle prend souvent des tournants insoup\u00e7onn\u00e9s. Des changements de direction parfois b\u00e9n\u00e9fiques, parfois funestes. C\u2019est ce que Mains de Mort, bourreau d\u2019\u00c9tat, va d\u00e9couvrir lors d\u2019une de ses missions de routine. Dot\u00e9\u2026","rel":"","context":"Similar post","block_context":{"text":"Similar post","link":""},"img":{"alt_text":"","src":"https:\/\/i0.wp.com\/julie-limoges.fr\/wp-content\/uploads\/2017\/07\/unlongchemin.jpg?fit=1072%2C435&ssl=1&resize=350%2C200","width":350,"height":200,"srcset":"https:\/\/i0.wp.com\/julie-limoges.fr\/wp-content\/uploads\/2017\/07\/unlongchemin.jpg?fit=1072%2C435&ssl=1&resize=350%2C200 1x, https:\/\/i0.wp.com\/julie-limoges.fr\/wp-content\/uploads\/2017\/07\/unlongchemin.jpg?fit=1072%2C435&ssl=1&resize=525%2C300 1.5x, https:\/\/i0.wp.com\/julie-limoges.fr\/wp-content\/uploads\/2017\/07\/unlongchemin.jpg?fit=1072%2C435&ssl=1&resize=700%2C400 2x, https:\/\/i0.wp.com\/julie-limoges.fr\/wp-content\/uploads\/2017\/07\/unlongchemin.jpg?fit=1072%2C435&ssl=1&resize=1050%2C600 3x"},"classes":[]},{"id":1038,"url":"https:\/\/julie-limoges.fr\/?page_id=1038","url_meta":{"origin":233,"position":1},"title":"Ce qu&#8217;on en dit","author":"Kyvar","date":"27 July 2017","format":false,"excerpt":"Vous retrouverez ici les critiques et articles sur le cycle Le soleil des hommes ! \u00a0 Nuit de cendres Site de Catherine Loiseau J\u2019ai eu la chance de d\u00e9couvrir ce roman en avant-premi\u00e8re, vu que je suis l\u2019une des marraines de ce tome au sein du\u00a0collectif Hydralune. Franchement, d\u00e8s les\u2026","rel":"","context":"Similar post","block_context":{"text":"Similar post","link":""},"img":{"alt_text":"","src":"https:\/\/i0.wp.com\/julie-limoges.fr\/wp-content\/uploads\/2017\/07\/SDH_cequonendit.jpg?fit=1072%2C435&ssl=1&resize=350%2C200","width":350,"height":200,"srcset":"https:\/\/i0.wp.com\/julie-limoges.fr\/wp-content\/uploads\/2017\/07\/SDH_cequonendit.jpg?fit=1072%2C435&ssl=1&resize=350%2C200 1x, https:\/\/i0.wp.com\/julie-limoges.fr\/wp-content\/uploads\/2017\/07\/SDH_cequonendit.jpg?fit=1072%2C435&ssl=1&resize=525%2C300 1.5x, https:\/\/i0.wp.com\/julie-limoges.fr\/wp-content\/uploads\/2017\/07\/SDH_cequonendit.jpg?fit=1072%2C435&ssl=1&resize=700%2C400 2x, https:\/\/i0.wp.com\/julie-limoges.fr\/wp-content\/uploads\/2017\/07\/SDH_cequonendit.jpg?fit=1072%2C435&ssl=1&resize=1050%2C600 3x"},"classes":[]},{"id":1288,"url":"https:\/\/julie-limoges.fr\/?page_id=1288","url_meta":{"origin":233,"position":2},"title":"Eschyle Mallory","author":"Kyvar","date":"21 December 2018","format":false,"excerpt":"On pousse Eschyle \u00e0 accepter un bien \u00e9trange travail : utiliser sa poisse l\u00e9gendaire pour mettre \u00e0 bas les entreprises de transport concurrentes \u00e0 la sienne. Survivra-t-il aux catastrophes qu\u2019il provoque et pour quelle vie, au final ? \u00a0 Extrait : \u00ab Je suis venu vous proposer un emploi. \u2014\u2026","rel":"","context":"Similar post","block_context":{"text":"Similar post","link":""},"img":{"alt_text":"","src":"https:\/\/i0.wp.com\/julie-limoges.fr\/wp-content\/uploads\/2018\/12\/Eschylle.jpg?resize=350%2C200","width":350,"height":200},"classes":[]},{"id":354,"url":"https:\/\/julie-limoges.fr\/?page_id=354","url_meta":{"origin":233,"position":3},"title":"Express pour Kavir","author":"Kyvar","date":"26 March 2015","format":false,"excerpt":"Will a des dettes, et pas trente-six fa\u00e7ons de les rembourser avant d\u2019y laisser sa peau. Embarqu\u00e9 en compagnie du magnat Slava Volochine \u00e0 bord d\u2019un train pour le bout du monde, il compte bien mettre la main sur les bagages soi-disant remplis d\u2019or de son riche voisin. Il existe\u2026","rel":"","context":"Similar post","block_context":{"text":"Similar post","link":""},"img":{"alt_text":"","src":"https:\/\/i0.wp.com\/julie-limoges.fr\/wp-content\/uploads\/2015\/04\/illuexpress.jpg?resize=350%2C200","width":350,"height":200},"classes":[]},{"id":13,"url":"https:\/\/julie-limoges.fr\/?page_id=13","url_meta":{"origin":233,"position":4},"title":"Le soleil des hommes","author":"Kyvar","date":"18 March 2015","format":false,"excerpt":"\u00c0 la suite d\u2019un cataclysme d\u00e9vastateur, le monde se noie dans une obscurit\u00e9 constante. Au coeur de cet univers p\u00e9riclitant, un groupe de mercenaires voit leur mission de routine virer au carnage avant de se retrouver pris en tenaille entre deux forces ennemies. Consid\u00e9r\u00e9s comme des hommes \u00e0 abattre par\u2026","rel":"","context":"Similar post","block_context":{"text":"Similar post","link":""},"img":{"alt_text":"","src":"https:\/\/i0.wp.com\/julie-limoges.fr\/wp-content\/uploads\/2015\/03\/titleSDH.jpg?fit=1072%2C435&ssl=1&resize=350%2C200","width":350,"height":200,"srcset":"https:\/\/i0.wp.com\/julie-limoges.fr\/wp-content\/uploads\/2015\/03\/titleSDH.jpg?fit=1072%2C435&ssl=1&resize=350%2C200 1x, https:\/\/i0.wp.com\/julie-limoges.fr\/wp-content\/uploads\/2015\/03\/titleSDH.jpg?fit=1072%2C435&ssl=1&resize=525%2C300 1.5x, https:\/\/i0.wp.com\/julie-limoges.fr\/wp-content\/uploads\/2015\/03\/titleSDH.jpg?fit=1072%2C435&ssl=1&resize=700%2C400 2x, https:\/\/i0.wp.com\/julie-limoges.fr\/wp-content\/uploads\/2015\/03\/titleSDH.jpg?fit=1072%2C435&ssl=1&resize=1050%2C600 3x"},"classes":[]},{"id":84,"url":"https:\/\/julie-limoges.fr\/?page_id=84","url_meta":{"origin":233,"position":5},"title":"Pr\u00e9sentation du roman","author":"Kyvar","date":"19 March 2015","format":false,"excerpt":"Illustration de Slava Gerj L'univers : Le Soleil des hommes est un roman de science fantasy se d\u00e9roulant dans un monde post-apocalyptique priv\u00e9 de soleil. Une guerre mill\u00e9naire s\u2019y poursuit entre deux blocs divis\u00e9s g\u00e9ographiquement avec au Nord les Multins, des peuples jug\u00e9s difformes et barbares, et au Sud les\u2026","rel":"","context":"Similar post","block_context":{"text":"Similar post","link":""},"img":{"alt_text":"","src":"https:\/\/i0.wp.com\/hydralune.com\/wp-content\/uploads\/2016\/07\/imagesite-300x227.jpg?resize=350%2C200&ssl=1","width":350,"height":200},"classes":[]}],"_links":{"self":[{"href":"https:\/\/julie-limoges.fr\/index.php?rest_route=\/wp\/v2\/pages\/233","targetHints":{"allow":["GET"]}}],"collection":[{"href":"https:\/\/julie-limoges.fr\/index.php?rest_route=\/wp\/v2\/pages"}],"about":[{"href":"https:\/\/julie-limoges.fr\/index.php?rest_route=\/wp\/v2\/types\/page"}],"author":[{"embeddable":true,"href":"https:\/\/julie-limoges.fr\/index.php?rest_route=\/wp\/v2\/users\/1"}],"replies":[{"embeddable":true,"href":"https:\/\/julie-limoges.fr\/index.php?rest_route=%2Fwp%2Fv2%2Fcomments&post=233"}],"version-history":[{"count":4,"href":"https:\/\/julie-limoges.fr\/index.php?rest_route=\/wp\/v2\/pages\/233\/revisions"}],"predecessor-version":[{"id":1439,"href":"https:\/\/julie-limoges.fr\/index.php?rest_route=\/wp\/v2\/pages\/233\/revisions\/1439"}],"wp:attachment":[{"href":"https:\/\/julie-limoges.fr\/index.php?rest_route=%2Fwp%2Fv2%2Fmedia&parent=233"}],"curies":[{"name":"wp","href":"https:\/\/api.w.org\/{rel}","templated":true}]}}