{"id":263,"date":"2015-03-20T15:52:04","date_gmt":"2015-03-20T14:52:04","guid":{"rendered":"https:\/\/julielimoges.wordpress.com\/?page_id=263"},"modified":"2021-03-17T17:49:14","modified_gmt":"2021-03-17T16:49:14","slug":"sdh-tome-1","status":"publish","type":"page","link":"https:\/\/julie-limoges.fr\/?page_id=263","title":{"rendered":"Tome 1 : Nuit de cendres"},"content":{"rendered":"<div style=\"overflow: hidden; text-align: justify;\">\n<p><span style=\"font-size: 140%; color: #666;\"><b>Quatri\u00e8me de couverture :<\/b><\/span><\/p>\n<p>Sale temps sur le monde.<\/p>\n<p>Dans la nuit perp\u00e9tuelle et sous la pluie, la guerre s\u2019appr\u00eate \u00e0 s\u2019abattre une fois encore sur les terres exsangues du royaume des Hommes. Accul\u00e9s par des hordes d\u00e9charn\u00e9es au sud, les Humains doivent \u00e0 pr\u00e9sent faire face aux arm\u00e9es multines pr\u00eates \u00e0 d\u00e9ferler par le nord.<br \/>\nNon loin de ce nouveau front, Akhyla et son groupe de mercenaires effectuent une mission d\u00e9licate dans une auberge isol\u00e9e. Une mission qui prend des allures de pi\u00e8ge lorsqu\u2019ils sont abord\u00e9s par un guerrier aussi curieux que mena\u00e7ant, puis attaqu\u00e9s par des soudards. Dans la m\u00eal\u00e9e g\u00e9n\u00e9rale qui s\u2019ensuit, ils parviennent \u00e0 s\u2019emparer de leur objectif, un vulgaire orbe, avant de fuir pour sauver leur peau.<\/p>\n<p>R\u00e9fugi\u00e9s dans une bourgade voisine avec l\u2019objet d\u00e9rob\u00e9, ils sont loin de se douter que tous les yeux viennent de se braquer sur eux.<\/p>\n<p><span style=\"font-size: 140%; color: #666;\"><b>Extrait :<\/b><\/span><\/p>\n<blockquote><p>Il releva la t\u00eate et regarda au bout du passage \u00e9troit form\u00e9 par le comptoir et les hautes \u00e9tag\u00e8res. Ses yeux, que les imposantes lunettes avaient prot\u00e9g\u00e9s, pein\u00e8rent \u00e0 se fixer sur son environnement : il voyait double. Il put n\u00e9anmoins discerner le carnage qu\u2019il avait provoqu\u00e9.<br \/>\nDes corps gisaient sur des tables fendues et des survivants hagards erraient, les oreilles en sang. L\u2019auberge se transformait en champ de ruines.<br \/>\nLe r\u00e9pit qu\u2019il esp\u00e9rait n\u2019arriva cependant pas : quelques mercenaires semblaient encore en \u00e9tat de riposter. Des bruits cotonneux lui parvenaient et une nu\u00e9e de d\u00e9bris humides se d\u00e9versait sur lui. Au-dessus, sur les longues rang\u00e9es de bois, les bouteilles se brisaient en un \u00e9trange feu d\u2019artifice silencieux et du verre recouvrait le sol macul\u00e9 de liqueur autour de lui.<br \/>\nLes soudards canardaient le bar, vraisemblablement \u00e0 l\u2019arme lourde, et ils avaient bien l\u2019intention de lui faire la peau. Akhyla n\u2019\u00e9tait pas surpris d\u2019un tel d\u00e9luge de haine apr\u00e8s les explosions qu\u2019il leur avait offertes.<br \/>\nIl le fut beaucoup plus par les rondeurs qu\u2019ils mirent dans leur r\u00e9ponse.<br \/>\nIl ne les entendit pas plus tomber qu\u2019il ne les vit rouler jusqu\u2019\u00e0 ses pieds. En revanche, il les sentit d\u00e8s qu\u2019elles finirent leur course contre sa cuisse. Sph\u00e9riques, noires, faites main ; de belles pi\u00e8ces !<br \/>\nLes deux grenades si\u00e9geaient entre ses jambes.<br \/>\nIl les regarda, stup\u00e9fait. Tout semblait se d\u00e9rouler dans une infinie lenteur, comme dans un r\u00eave : les bouts de verre qui pleuvaient autour de lui, le bois qui sautait sous les balles, les vapeurs d\u2019alcool qui se d\u00e9gageaient des f\u00fbts \u00e9ventr\u00e9s, son envie pressante de pisser et les deux bombes qui allaient bient\u00f4t lui emmener la moiti\u00e9 du bas-ventre.<br \/>\n\u00ab Oui, des grenades, Akhy\u2026 \u00bb<br \/>\nSon esprit bloquait.<br \/>\n\u00ab Bouge ton cul, abruti ! \u00bb<br \/>\nSoudain, tout se remit en marche. Il se projeta sur ses mains, parcourut quelques m\u00e8tres \u00e0 quatre pattes avant de se relever au milieu des rafales, courant tel un beau diable. Devant, la rambarde se dressait. Au-del\u00e0, le vide l\u2019attendait. Il le r\u00e9alisait trop tard : il ne pouvait plus renoncer. Il jura.<br \/>\nIl sauta la barri\u00e8re au moment o\u00f9 le bar explosait sous la pression lib\u00e9r\u00e9e par les charges.<br \/>\n\u00ab Bordel ! \u00bb pensa-t-il alors qu\u2019il s\u2019envolait.<br \/>\n\u00ab De bordel ! \u00bb pendant qu&#8217;il s\u2019approchait \u00e0 toute vitesse de la statue de Pranak.<br \/>\n\u00ab De merde ! \u00bb juste avant l\u2019impact.<br \/>\nLe choc fut rude. Il prit de plein fouet le rebord de pierre dans l\u2019abdomen et sa tempe heurta un joyau de la taille d\u2019un pied de gamu. Il se cramponna du mieux qu\u2019il put \u00e0 l\u2019idole\u2026 pour glisser tout de m\u00eame. Par chance, sa main fr\u00f4la une vieille corde rugueuse pendue lat\u00e9ralement qu\u2019il saisit. Le mince lien ploya sous son poids, mais tint bon, stoppant sa chute.<\/p><\/blockquote>\n<\/div>\n<div align=\"right\"><\/div>\n","protected":false},"excerpt":{"rendered":"<p>Quatri\u00e8me de couverture : Sale temps sur le monde. Dans la nuit perp\u00e9tuelle et sous la pluie, la guerre s\u2019appr\u00eate [&hellip;]<\/p>\n","protected":false},"author":1,"featured_media":1167,"parent":13,"menu_order":1,"comment_status":"closed","ping_status":"closed","template":"page-templates\/full-width-page.php","meta":{"site-sidebar-layout":"default","site-content-layout":"","ast-site-content-layout":"default","site-content-style":"default","site-sidebar-style":"default","ast-global-header-display":"","ast-banner-title-visibility":"","ast-main-header-display":"","ast-hfb-above-header-display":"","ast-hfb-below-header-display":"","ast-hfb-mobile-header-display":"","site-post-title":"","ast-breadcrumbs-content":"","ast-featured-img":"","footer-sml-layout":"","theme-transparent-header-meta":"","adv-header-id-meta":"","stick-header-meta":"","header-above-stick-meta":"","header-main-stick-meta":"","header-below-stick-meta":"","astra-migrate-meta-layouts":"default","ast-page-background-enabled":"default","ast-page-background-meta":{"desktop":{"background-color":"var(--ast-global-color-4)","background-image":"","background-repeat":"repeat","background-position":"center center","background-size":"auto","background-attachment":"scroll","background-type":"","background-media":"","overlay-type":"","overlay-color":"","overlay-opacity":"","overlay-gradient":""},"tablet":{"background-color":"","background-image":"","background-repeat":"repeat","background-position":"center center","background-size":"auto","background-attachment":"scroll","background-type":"","background-media":"","overlay-type":"","overlay-color":"","overlay-opacity":"","overlay-gradient":""},"mobile":{"background-color":"","background-image":"","background-repeat":"repeat","background-position":"center center","background-size":"auto","background-attachment":"scroll","background-type":"","background-media":"","overlay-type":"","overlay-color":"","overlay-opacity":"","overlay-gradient":""}},"ast-content-background-meta":{"desktop":{"background-color":"var(--ast-global-color-5)","background-image":"","background-repeat":"repeat","background-position":"center center","background-size":"auto","background-attachment":"scroll","background-type":"","background-media":"","overlay-type":"","overlay-color":"","overlay-opacity":"","overlay-gradient":""},"tablet":{"background-color":"var(--ast-global-color-5)","background-image":"","background-repeat":"repeat","background-position":"center center","background-size":"auto","background-attachment":"scroll","background-type":"","background-media":"","overlay-type":"","overlay-color":"","overlay-opacity":"","overlay-gradient":""},"mobile":{"background-color":"var(--ast-global-color-5)","background-image":"","background-repeat":"repeat","background-position":"center center","background-size":"auto","background-attachment":"scroll","background-type":"","background-media":"","overlay-type":"","overlay-color":"","overlay-opacity":"","overlay-gradient":""}},"jetpack_post_was_ever_published":false,"footnotes":""},"class_list":["post-263","page","type-page","status-publish","has-post-thumbnail","hentry"],"jetpack_sharing_enabled":true,"jetpack_shortlink":"https:\/\/wp.me\/P9nlNh-4f","jetpack-related-posts":[{"id":1399,"url":"https:\/\/julie-limoges.fr\/?page_id=1399","url_meta":{"origin":263,"position":0},"title":"On vous parle du Soleil des hommes","author":"Kyvar","date":"18 March 2021","format":false,"excerpt":"(d'abord publi\u00e9 sur le site hydralune.com) \u2014 Un monde priv\u00e9 de lumi\u00e8re Dans le Soleil des hommes, le soleil a disparu et le monde est plong\u00e9 dans une obscurit\u00e9 constante. Illustration de Slava Gerj \u00c0 l\u2019origine, le roman \u00e9tait une nouvelle se d\u00e9roulant dans le d\u00e9sert australien lors d\u2019une nuit\u2026","rel":"","context":"Similar post","block_context":{"text":"Similar post","link":""},"img":{"alt_text":"","src":"https:\/\/i0.wp.com\/hydralune.com\/wp-content\/uploads\/2016\/07\/imagesite-300x227.jpg?resize=350%2C200&ssl=1","width":350,"height":200},"classes":[]},{"id":1038,"url":"https:\/\/julie-limoges.fr\/?page_id=1038","url_meta":{"origin":263,"position":1},"title":"Ce qu&#8217;on en dit","author":"Kyvar","date":"27 July 2017","format":false,"excerpt":"Vous retrouverez ici les critiques et articles sur le cycle Le soleil des hommes ! \u00a0 Nuit de cendres Site de Catherine Loiseau J\u2019ai eu la chance de d\u00e9couvrir ce roman en avant-premi\u00e8re, vu que je suis l\u2019une des marraines de ce tome au sein du\u00a0collectif Hydralune. Franchement, d\u00e8s les\u2026","rel":"","context":"Similar post","block_context":{"text":"Similar post","link":""},"img":{"alt_text":"","src":"https:\/\/i0.wp.com\/julie-limoges.fr\/wp-content\/uploads\/2017\/07\/SDH_cequonendit.jpg?fit=1072%2C435&ssl=1&resize=350%2C200","width":350,"height":200,"srcset":"https:\/\/i0.wp.com\/julie-limoges.fr\/wp-content\/uploads\/2017\/07\/SDH_cequonendit.jpg?fit=1072%2C435&ssl=1&resize=350%2C200 1x, https:\/\/i0.wp.com\/julie-limoges.fr\/wp-content\/uploads\/2017\/07\/SDH_cequonendit.jpg?fit=1072%2C435&ssl=1&resize=525%2C300 1.5x, https:\/\/i0.wp.com\/julie-limoges.fr\/wp-content\/uploads\/2017\/07\/SDH_cequonendit.jpg?fit=1072%2C435&ssl=1&resize=700%2C400 2x, https:\/\/i0.wp.com\/julie-limoges.fr\/wp-content\/uploads\/2017\/07\/SDH_cequonendit.jpg?fit=1072%2C435&ssl=1&resize=1050%2C600 3x"},"classes":[]},{"id":1025,"url":"https:\/\/julie-limoges.fr\/?page_id=1025","url_meta":{"origin":263,"position":2},"title":"Bande dessin\u00e9e : Les lumi\u00e8res de l&#8217;Amalou","author":"Kyvar","date":"19 March 2021","format":false,"excerpt":"Article publi\u00e9 originalement sur le site Hydralune. C\u2019est de nouveau mon tour de vous pr\u00e9senter une \u0153uvre qui m\u2019est ch\u00e8re et qui m\u2019a influenc\u00e9e dans mon parcours d\u2019\u00e9crivain. Apr\u00e8s un manga, D\u00f4mu, je reviens dans l'Hexagone pour vous parler d\u2019une bande dessin\u00e9e bien de chez nous\u00a0: les Lumi\u00e8res de Lamalou.\u2026","rel":"","context":"Similar post","block_context":{"text":"Similar post","link":""},"img":{"alt_text":"","src":"https:\/\/i0.wp.com\/julie-limoges.fr\/wp-content\/uploads\/2017\/04\/les-lumieres-de-l-amalou-e1616167326768.jpg?fit=400%2C393&ssl=1&resize=350%2C200","width":350,"height":200},"classes":[]},{"id":13,"url":"https:\/\/julie-limoges.fr\/?page_id=13","url_meta":{"origin":263,"position":3},"title":"Le soleil des hommes","author":"Kyvar","date":"18 March 2015","format":false,"excerpt":"\u00c0 la suite d\u2019un cataclysme d\u00e9vastateur, le monde se noie dans une obscurit\u00e9 constante. Au coeur de cet univers p\u00e9riclitant, un groupe de mercenaires voit leur mission de routine virer au carnage avant de se retrouver pris en tenaille entre deux forces ennemies. Consid\u00e9r\u00e9s comme des hommes \u00e0 abattre par\u2026","rel":"","context":"Similar post","block_context":{"text":"Similar post","link":""},"img":{"alt_text":"","src":"https:\/\/i0.wp.com\/julie-limoges.fr\/wp-content\/uploads\/2015\/03\/titleSDH.jpg?fit=1072%2C435&ssl=1&resize=350%2C200","width":350,"height":200,"srcset":"https:\/\/i0.wp.com\/julie-limoges.fr\/wp-content\/uploads\/2015\/03\/titleSDH.jpg?fit=1072%2C435&ssl=1&resize=350%2C200 1x, https:\/\/i0.wp.com\/julie-limoges.fr\/wp-content\/uploads\/2015\/03\/titleSDH.jpg?fit=1072%2C435&ssl=1&resize=525%2C300 1.5x, https:\/\/i0.wp.com\/julie-limoges.fr\/wp-content\/uploads\/2015\/03\/titleSDH.jpg?fit=1072%2C435&ssl=1&resize=700%2C400 2x, https:\/\/i0.wp.com\/julie-limoges.fr\/wp-content\/uploads\/2015\/03\/titleSDH.jpg?fit=1072%2C435&ssl=1&resize=1050%2C600 3x"},"classes":[]},{"id":84,"url":"https:\/\/julie-limoges.fr\/?page_id=84","url_meta":{"origin":263,"position":4},"title":"Pr\u00e9sentation du roman","author":"Kyvar","date":"19 March 2015","format":false,"excerpt":"Illustration de Slava Gerj L'univers : Le Soleil des hommes est un roman de science fantasy se d\u00e9roulant dans un monde post-apocalyptique priv\u00e9 de soleil. Une guerre mill\u00e9naire s\u2019y poursuit entre deux blocs divis\u00e9s g\u00e9ographiquement avec au Nord les Multins, des peuples jug\u00e9s difformes et barbares, et au Sud les\u2026","rel":"","context":"Similar post","block_context":{"text":"Similar post","link":""},"img":{"alt_text":"","src":"https:\/\/i0.wp.com\/hydralune.com\/wp-content\/uploads\/2016\/07\/imagesite-300x227.jpg?resize=350%2C200&ssl=1","width":350,"height":200},"classes":[]},{"id":1102,"url":"https:\/\/julie-limoges.fr\/?page_id=1102","url_meta":{"origin":263,"position":5},"title":"Nouvelle compl\u00e8te : Une maison dans le Sud","author":"Kyvar","date":"31 July 2017","format":false,"excerpt":"Une maison dans le Sud \u00a0 C\u2019\u00e9tait une maison, une maison dans le Sud. Un beau mas de Provence construit sur un terrain pentu travers\u00e9 de restanques bien align\u00e9es. Avec une simple route en terre pour y acc\u00e9der et des arbres touffus pour le camoufler aux regards indiscrets, il s\u2019agissait\u2026","rel":"","context":"Similar post","block_context":{"text":"Similar post","link":""},"img":{"alt_text":"","src":"","width":0,"height":0},"classes":[]}],"_links":{"self":[{"href":"https:\/\/julie-limoges.fr\/index.php?rest_route=\/wp\/v2\/pages\/263","targetHints":{"allow":["GET"]}}],"collection":[{"href":"https:\/\/julie-limoges.fr\/index.php?rest_route=\/wp\/v2\/pages"}],"about":[{"href":"https:\/\/julie-limoges.fr\/index.php?rest_route=\/wp\/v2\/types\/page"}],"author":[{"embeddable":true,"href":"https:\/\/julie-limoges.fr\/index.php?rest_route=\/wp\/v2\/users\/1"}],"replies":[{"embeddable":true,"href":"https:\/\/julie-limoges.fr\/index.php?rest_route=%2Fwp%2Fv2%2Fcomments&post=263"}],"version-history":[{"count":2,"href":"https:\/\/julie-limoges.fr\/index.php?rest_route=\/wp\/v2\/pages\/263\/revisions"}],"predecessor-version":[{"id":1379,"href":"https:\/\/julie-limoges.fr\/index.php?rest_route=\/wp\/v2\/pages\/263\/revisions\/1379"}],"up":[{"embeddable":true,"href":"https:\/\/julie-limoges.fr\/index.php?rest_route=\/wp\/v2\/pages\/13"}],"wp:featuredmedia":[{"embeddable":true,"href":"https:\/\/julie-limoges.fr\/index.php?rest_route=\/wp\/v2\/media\/1167"}],"wp:attachment":[{"href":"https:\/\/julie-limoges.fr\/index.php?rest_route=%2Fwp%2Fv2%2Fmedia&parent=263"}],"curies":[{"name":"wp","href":"https:\/\/api.w.org\/{rel}","templated":true}]}}