{"id":354,"date":"2015-03-26T10:32:13","date_gmt":"2015-03-26T09:32:13","guid":{"rendered":"https:\/\/julielimoges.wordpress.com\/?page_id=354"},"modified":"2015-03-26T10:32:13","modified_gmt":"2015-03-26T09:32:13","slug":"express-pour-kavir","status":"publish","type":"page","link":"https:\/\/julie-limoges.fr\/?page_id=354","title":{"rendered":"Express pour Kavir"},"content":{"rendered":"<div>\n<div style=\"float:right;padding-left:40px;padding-top:0;\"><img data-recalc-dims=\"1\" loading=\"lazy\" decoding=\"async\" src=\"https:\/\/i0.wp.com\/julie-limoges.fr\/wp-content\/uploads\/2015\/04\/illuexpress.jpg?resize=250%2C283\" alt=\"\" width=\"250\" height=\"283\" \/><\/div>\n<div style=\"overflow:hidden;text-align:justify;\">\n<p>Will a des dettes, et pas trente-six fa\u00e7ons de les rembourser avant d\u2019y laisser sa peau.<br \/>\nEmbarqu\u00e9 en compagnie du magnat Slava Volochine \u00e0 bord d\u2019un train pour le bout du monde, il compte bien mettre la main sur les bagages soi-disant remplis d\u2019or de son riche voisin. Il existe cependant des tr\u00e9sors qu\u2019il vaut mieux laisser dans leur \u00e9crin, surtout lorsque l\u2019on est un minable voleur. <\/p>\n<p>Une v\u00e9rit\u00e9 que Will va vite apprendre \u00e0 ses d\u00e9pens.<\/p>\n<p>&nbsp;<\/p>\n<\/div>\n<\/div>\n<div style=\"overflow:hidden;text-align:justify;min-width:400px;\"><span style=\"font-size:140%;color:#666;\"><b>Extrait : <\/b><\/span><\/p>\n<p><span style=\"font-style:italic;\">\u00ab La voie ferr\u00e9e s\u2019\u00e9tire \u00e0 perte de vue, minuscule ligne sombre sur son ridicule tr\u00f4ne de terre. Au bout, le suffocant avant-poste de Kavir ouvre ses bras. Au-del\u00e0, les territoires sauvages et inconnus de l\u2019Ouest se livrent aux plus courageux. Ou aux plus fous. La richesse ou la mort les attendent au terme de leur qu\u00eate insens\u00e9e.<br \/>\nQu\u2019est-ce que sa cible est donc venue foutre ici ? \u00bb<\/span><\/p>\n<p>&nbsp;<\/p>\n<\/div>\n<div style=\"overflow:hidden;text-align:justify;min-width:400px;\"><span style=\"font-size:140%;color:#666;\"><b>On en parle : <\/b><\/span><\/p>\n<p>\u00ab Julie Limoges nous convie \u00e0 un texte au rythme beaucoup plus soutenu, surtout apr\u00e8s que Will a d\u00e9rob\u00e9 un bijou \u00e0 la belle Slava Volochine. Le train dans lequel ils sont embarqu\u00e9s est alors la proie de terribles cr\u00e9atures.<br \/>\n\u00c0 la crois\u00e9e du fantastique et du western, <em>\u201cExpress pour Kavir\u201d<\/em> nous expose la mal\u00e9diction qui pousse Slava \u00e0 fuir et comment Will met le nez dans quelque chose qui le d\u00e9passe. L\u2019histoire est tr\u00e8s prenante et, une fois achev\u00e9e, on esp\u00e8re qu\u2019elle sera d\u00e9velopp\u00e9e. Bref, c\u2019est tr\u00e8s r\u00e9ussi et on en redemande. \u00bb<br \/>\n(<a class=\"lien\" href=\"http:\/\/www.yozone.fr\/spip.php?article18568\" target=\"_blank\">Fran\u00e7ois Schnebelen, Yozone<\/a>)<\/p>\n<p>\u00ab Lorsqu\u2019un homme endett\u00e9 tente de s\u00e9duire une business woman et qu\u2019il d\u00e9couvre toute l\u2019horreur du tr\u00e9sor qu\u2019elle cache dans sa chambre\u2026 Qui est r\u00e9ellement le fuyard ?<br \/>\nJulie Limoges nous livre \u00e0 nouveau un r\u00e9cit palpitant. Elle sait doser le suspense, l\u2019angoisse et le fantastique. [&#8230;] \u00bb<br \/>\n(<a class=\"lien\" href=\"http:\/\/lamagiedesmots.be\/etherval-n6-cave-canem-salvati\/\" target=\"_blank\">La magie des mots<\/a>)<\/p>\n<p>&nbsp;<\/p>\n<\/div>\n<div style=\"overflow:hidden;text-align:justify;min-width:400px;\"><span style=\"font-size:140%;color:#666;\"><b>O\u00f9 la trouver : <\/b><\/span><br \/>\n&nbsp;<br \/>\n<a href=\"http:\/\/www.etherval.com\/static\/?id=store\" target=\"blank\">Revue Etherval<\/a><br \/>\n<a href=\"http:\/\/www.amazon.fr\/Etherval-Express-Kavir-Canem-Salvati-ebook\/dp\/B00W67LWWU\/ref=sr_1_12?s=digital-text&amp;ie=UTF8&amp;qid=1429259515&amp;sr=1-12&amp;keywords=etherval\" target=\"blank\">Amazon <\/a><\/p>\n<p>&nbsp;<\/p>\n<\/div>\n","protected":false},"excerpt":{"rendered":"<p>Will a des dettes, et pas trente-six fa\u00e7ons de les rembourser avant d\u2019y laisser sa peau. Embarqu\u00e9 en compagnie du [&hellip;]<\/p>\n","protected":false},"author":1,"featured_media":0,"parent":32,"menu_order":3,"comment_status":"closed","ping_status":"closed","template":"","meta":{"site-sidebar-layout":"default","site-content-layout":"","ast-site-content-layout":"default","site-content-style":"default","site-sidebar-style":"default","ast-global-header-display":"","ast-banner-title-visibility":"","ast-main-header-display":"","ast-hfb-above-header-display":"","ast-hfb-below-header-display":"","ast-hfb-mobile-header-display":"","site-post-title":"","ast-breadcrumbs-content":"","ast-featured-img":"","footer-sml-layout":"","ast-disable-related-posts":"","theme-transparent-header-meta":"","adv-header-id-meta":"","stick-header-meta":"","header-above-stick-meta":"","header-main-stick-meta":"","header-below-stick-meta":"","astra-migrate-meta-layouts":"default","ast-page-background-enabled":"default","ast-page-background-meta":{"desktop":{"background-color":"var(--ast-global-color-4)","background-image":"","background-repeat":"repeat","background-position":"center center","background-size":"auto","background-attachment":"scroll","background-type":"","background-media":"","overlay-type":"","overlay-color":"","overlay-opacity":"","overlay-gradient":""},"tablet":{"background-color":"","background-image":"","background-repeat":"repeat","background-position":"center center","background-size":"auto","background-attachment":"scroll","background-type":"","background-media":"","overlay-type":"","overlay-color":"","overlay-opacity":"","overlay-gradient":""},"mobile":{"background-color":"","background-image":"","background-repeat":"repeat","background-position":"center center","background-size":"auto","background-attachment":"scroll","background-type":"","background-media":"","overlay-type":"","overlay-color":"","overlay-opacity":"","overlay-gradient":""}},"ast-content-background-meta":{"desktop":{"background-color":"var(--ast-global-color-5)","background-image":"","background-repeat":"repeat","background-position":"center center","background-size":"auto","background-attachment":"scroll","background-type":"","background-media":"","overlay-type":"","overlay-color":"","overlay-opacity":"","overlay-gradient":""},"tablet":{"background-color":"var(--ast-global-color-5)","background-image":"","background-repeat":"repeat","background-position":"center center","background-size":"auto","background-attachment":"scroll","background-type":"","background-media":"","overlay-type":"","overlay-color":"","overlay-opacity":"","overlay-gradient":""},"mobile":{"background-color":"var(--ast-global-color-5)","background-image":"","background-repeat":"repeat","background-position":"center center","background-size":"auto","background-attachment":"scroll","background-type":"","background-media":"","overlay-type":"","overlay-color":"","overlay-opacity":"","overlay-gradient":""}},"jetpack_post_was_ever_published":false,"footnotes":""},"class_list":["post-354","page","type-page","status-publish","hentry"],"jetpack_sharing_enabled":true,"jetpack_shortlink":"https:\/\/wp.me\/P9nlNh-5I","jetpack-related-posts":[{"id":263,"url":"https:\/\/julie-limoges.fr\/?page_id=263","url_meta":{"origin":354,"position":0},"title":"Tome 1 : Nuit de cendres","author":"Kyvar","date":"20 March 2015","format":false,"excerpt":"Quatri\u00e8me de couverture : Sale temps sur le monde. Dans la nuit perp\u00e9tuelle et sous la pluie, la guerre s\u2019appr\u00eate \u00e0 s\u2019abattre une fois encore sur les terres exsangues du royaume des Hommes. Accul\u00e9s par des hordes d\u00e9charn\u00e9es au sud, les Humains doivent \u00e0 pr\u00e9sent faire face aux arm\u00e9es multines\u2026","rel":"","context":"Similar post","block_context":{"text":"Similar post","link":""},"img":{"alt_text":"","src":"https:\/\/i0.wp.com\/julie-limoges.fr\/wp-content\/uploads\/2015\/03\/SDH1.jpg?fit=1072%2C435&ssl=1&resize=350%2C200","width":350,"height":200,"srcset":"https:\/\/i0.wp.com\/julie-limoges.fr\/wp-content\/uploads\/2015\/03\/SDH1.jpg?fit=1072%2C435&ssl=1&resize=350%2C200 1x, https:\/\/i0.wp.com\/julie-limoges.fr\/wp-content\/uploads\/2015\/03\/SDH1.jpg?fit=1072%2C435&ssl=1&resize=525%2C300 1.5x, https:\/\/i0.wp.com\/julie-limoges.fr\/wp-content\/uploads\/2015\/03\/SDH1.jpg?fit=1072%2C435&ssl=1&resize=700%2C400 2x, https:\/\/i0.wp.com\/julie-limoges.fr\/wp-content\/uploads\/2015\/03\/SDH1.jpg?fit=1072%2C435&ssl=1&resize=1050%2C600 3x"},"classes":[]},{"id":1075,"url":"https:\/\/julie-limoges.fr\/?page_id=1075","url_meta":{"origin":354,"position":1},"title":"Un long chemin","author":"Kyvar","date":"31 July 2017","format":false,"excerpt":"La vie est un long chemin aux ramifications infinies. Au fil des culs-de-sac, des raccourcis ou des \u00e9garements, elle prend souvent des tournants insoup\u00e7onn\u00e9s. Des changements de direction parfois b\u00e9n\u00e9fiques, parfois funestes. C\u2019est ce que Mains de Mort, bourreau d\u2019\u00c9tat, va d\u00e9couvrir lors d\u2019une de ses missions de routine. Dot\u00e9\u2026","rel":"","context":"Similar post","block_context":{"text":"Similar post","link":""},"img":{"alt_text":"","src":"https:\/\/i0.wp.com\/julie-limoges.fr\/wp-content\/uploads\/2017\/07\/unlongchemin.jpg?fit=1072%2C435&ssl=1&resize=350%2C200","width":350,"height":200,"srcset":"https:\/\/i0.wp.com\/julie-limoges.fr\/wp-content\/uploads\/2017\/07\/unlongchemin.jpg?fit=1072%2C435&ssl=1&resize=350%2C200 1x, https:\/\/i0.wp.com\/julie-limoges.fr\/wp-content\/uploads\/2017\/07\/unlongchemin.jpg?fit=1072%2C435&ssl=1&resize=525%2C300 1.5x, https:\/\/i0.wp.com\/julie-limoges.fr\/wp-content\/uploads\/2017\/07\/unlongchemin.jpg?fit=1072%2C435&ssl=1&resize=700%2C400 2x, https:\/\/i0.wp.com\/julie-limoges.fr\/wp-content\/uploads\/2017\/07\/unlongchemin.jpg?fit=1072%2C435&ssl=1&resize=1050%2C600 3x"},"classes":[]},{"id":1102,"url":"https:\/\/julie-limoges.fr\/?page_id=1102","url_meta":{"origin":354,"position":2},"title":"Nouvelle compl\u00e8te : Une maison dans le Sud","author":"Kyvar","date":"31 July 2017","format":false,"excerpt":"Une maison dans le Sud \u00a0 C\u2019\u00e9tait une maison, une maison dans le Sud. Un beau mas de Provence construit sur un terrain pentu travers\u00e9 de restanques bien align\u00e9es. Avec une simple route en terre pour y acc\u00e9der et des arbres touffus pour le camoufler aux regards indiscrets, il s\u2019agissait\u2026","rel":"","context":"Similar post","block_context":{"text":"Similar post","link":""},"img":{"alt_text":"","src":"","width":0,"height":0},"classes":[]},{"id":1399,"url":"https:\/\/julie-limoges.fr\/?page_id=1399","url_meta":{"origin":354,"position":3},"title":"On vous parle du Soleil des hommes","author":"Kyvar","date":"18 March 2021","format":false,"excerpt":"(d'abord publi\u00e9 sur le site hydralune.com) \u2014 Un monde priv\u00e9 de lumi\u00e8re Dans le Soleil des hommes, le soleil a disparu et le monde est plong\u00e9 dans une obscurit\u00e9 constante. Illustration de Slava Gerj \u00c0 l\u2019origine, le roman \u00e9tait une nouvelle se d\u00e9roulant dans le d\u00e9sert australien lors d\u2019une nuit\u2026","rel":"","context":"Similar post","block_context":{"text":"Similar post","link":""},"img":{"alt_text":"","src":"https:\/\/i0.wp.com\/hydralune.com\/wp-content\/uploads\/2016\/07\/imagesite-300x227.jpg?resize=350%2C200&ssl=1","width":350,"height":200},"classes":[]},{"id":660,"url":"https:\/\/julie-limoges.fr\/?page_id=660","url_meta":{"origin":354,"position":4},"title":"Extrait : Mains de Mort","author":"Kyvar","date":"19 October 2015","format":false,"excerpt":"Mains de Mort \u00a0 L\u2019homme s\u2019effondra d\u00e8s que mes doigts effleur\u00e8rent la peau de son visage. Il s\u2019\u00e9croula sur le sol humide, fauch\u00e9 par la mort en un instant. Crev\u00e9 en plein vol. La femme tomba \u00e0 genoux \u00e0 la vue de son compagnon \u2013 sans doute son mari \u2013\u2026","rel":"","context":"Similar post","block_context":{"text":"Similar post","link":""},"img":{"alt_text":"","src":"","width":0,"height":0},"classes":[]},{"id":136,"url":"https:\/\/julie-limoges.fr\/?page_id=136","url_meta":{"origin":354,"position":5},"title":"Extrait : La m\u00e8re de toutes les m\u00e8res","author":"Kyvar","date":"19 March 2015","format":false,"excerpt":"La m\u00e8re de toutes les m\u00e8res \u00a0 Bien avant d'atterrir sur ce monde poubelle, j'avais connu la mer, la vraie, celle qui s'\u00e9tirait jusqu'\u00e0 l'horizon, bleue et houleuse. Elle inspirait les po\u00e8tes, intimidait les marins et bravait jour apr\u00e8s jour la domination des hommes. Il m'arrivait souvent de r\u00eaver du\u2026","rel":"","context":"Similar post","block_context":{"text":"Similar post","link":""},"img":{"alt_text":"","src":"","width":0,"height":0},"classes":[]}],"_links":{"self":[{"href":"https:\/\/julie-limoges.fr\/index.php?rest_route=\/wp\/v2\/pages\/354","targetHints":{"allow":["GET"]}}],"collection":[{"href":"https:\/\/julie-limoges.fr\/index.php?rest_route=\/wp\/v2\/pages"}],"about":[{"href":"https:\/\/julie-limoges.fr\/index.php?rest_route=\/wp\/v2\/types\/page"}],"author":[{"embeddable":true,"href":"https:\/\/julie-limoges.fr\/index.php?rest_route=\/wp\/v2\/users\/1"}],"replies":[{"embeddable":true,"href":"https:\/\/julie-limoges.fr\/index.php?rest_route=%2Fwp%2Fv2%2Fcomments&post=354"}],"version-history":[{"count":0,"href":"https:\/\/julie-limoges.fr\/index.php?rest_route=\/wp\/v2\/pages\/354\/revisions"}],"up":[{"embeddable":true,"href":"https:\/\/julie-limoges.fr\/index.php?rest_route=\/wp\/v2\/pages\/32"}],"wp:attachment":[{"href":"https:\/\/julie-limoges.fr\/index.php?rest_route=%2Fwp%2Fv2%2Fmedia&parent=354"}],"curies":[{"name":"wp","href":"https:\/\/api.w.org\/{rel}","templated":true}]}}