{"id":36,"date":"2015-03-18T17:23:41","date_gmt":"2015-03-18T16:23:41","guid":{"rendered":"https:\/\/julielimoges.wordpress.com\/?page_id=36"},"modified":"2015-03-18T17:23:41","modified_gmt":"2015-03-18T16:23:41","slug":"espace-discussion","status":"publish","type":"page","link":"https:\/\/julie-limoges.fr\/?page_id=36","title":{"rendered":"Mon actualit\u00e9"},"content":{"rendered":"<p>Mon actualit\u00e9<\/p>\n","protected":false},"excerpt":{"rendered":"<p>Mon actualit\u00e9<\/p>\n","protected":false},"author":1,"featured_media":0,"parent":0,"menu_order":0,"comment_status":"closed","ping_status":"open","template":"","meta":{"site-sidebar-layout":"default","site-content-layout":"","ast-site-content-layout":"default","site-content-style":"default","site-sidebar-style":"default","ast-global-header-display":"","ast-banner-title-visibility":"","ast-main-header-display":"","ast-hfb-above-header-display":"","ast-hfb-below-header-display":"","ast-hfb-mobile-header-display":"","site-post-title":"","ast-breadcrumbs-content":"","ast-featured-img":"","footer-sml-layout":"","ast-disable-related-posts":"","theme-transparent-header-meta":"","adv-header-id-meta":"","stick-header-meta":"","header-above-stick-meta":"","header-main-stick-meta":"","header-below-stick-meta":"","astra-migrate-meta-layouts":"default","ast-page-background-enabled":"default","ast-page-background-meta":{"desktop":{"background-color":"var(--ast-global-color-4)","background-image":"","background-repeat":"repeat","background-position":"center center","background-size":"auto","background-attachment":"scroll","background-type":"","background-media":"","overlay-type":"","overlay-color":"","overlay-opacity":"","overlay-gradient":""},"tablet":{"background-color":"","background-image":"","background-repeat":"repeat","background-position":"center center","background-size":"auto","background-attachment":"scroll","background-type":"","background-media":"","overlay-type":"","overlay-color":"","overlay-opacity":"","overlay-gradient":""},"mobile":{"background-color":"","background-image":"","background-repeat":"repeat","background-position":"center center","background-size":"auto","background-attachment":"scroll","background-type":"","background-media":"","overlay-type":"","overlay-color":"","overlay-opacity":"","overlay-gradient":""}},"ast-content-background-meta":{"desktop":{"background-color":"var(--ast-global-color-5)","background-image":"","background-repeat":"repeat","background-position":"center center","background-size":"auto","background-attachment":"scroll","background-type":"","background-media":"","overlay-type":"","overlay-color":"","overlay-opacity":"","overlay-gradient":""},"tablet":{"background-color":"var(--ast-global-color-5)","background-image":"","background-repeat":"repeat","background-position":"center center","background-size":"auto","background-attachment":"scroll","background-type":"","background-media":"","overlay-type":"","overlay-color":"","overlay-opacity":"","overlay-gradient":""},"mobile":{"background-color":"var(--ast-global-color-5)","background-image":"","background-repeat":"repeat","background-position":"center center","background-size":"auto","background-attachment":"scroll","background-type":"","background-media":"","overlay-type":"","overlay-color":"","overlay-opacity":"","overlay-gradient":""}},"jetpack_post_was_ever_published":false,"footnotes":""},"class_list":["post-36","page","type-page","status-publish","hentry"],"jetpack_sharing_enabled":true,"jetpack_shortlink":"https:\/\/wp.me\/P9nlNh-A","jetpack-related-posts":[{"id":8,"url":"https:\/\/julie-limoges.fr\/","url_meta":{"origin":36,"position":0},"title":"Bienvenue sur le site de Julie Limoges !","author":"Kyvar","date":"18 March 2015","format":false,"excerpt":"Ma derni\u00e8re sortie roman : La Danse de l'acier (Le Soleil des hommes T3) Mon roman en cours d'\u00e9criture : Le soleil des hommes T4 Mon roman en cours de correction : Les fronti\u00e8res sombres Mes derni\u00e8res nouvelles s\u00e9lectionn\u00e9es : Memento Natalis et Les Pri\u00e8res dans le vent Un extrait\u2026","rel":"","context":"Similar post","block_context":{"text":"Similar post","link":""},"img":{"alt_text":"","src":"https:\/\/i0.wp.com\/julie-limoges.fr\/wp-content\/uploads\/2015\/03\/frontpage.jpg?fit=1140%2C610&ssl=1&resize=350%2C200","width":350,"height":200,"srcset":"https:\/\/i0.wp.com\/julie-limoges.fr\/wp-content\/uploads\/2015\/03\/frontpage.jpg?fit=1140%2C610&ssl=1&resize=350%2C200 1x, https:\/\/i0.wp.com\/julie-limoges.fr\/wp-content\/uploads\/2015\/03\/frontpage.jpg?fit=1140%2C610&ssl=1&resize=525%2C300 1.5x, https:\/\/i0.wp.com\/julie-limoges.fr\/wp-content\/uploads\/2015\/03\/frontpage.jpg?fit=1140%2C610&ssl=1&resize=700%2C400 2x, https:\/\/i0.wp.com\/julie-limoges.fr\/wp-content\/uploads\/2015\/03\/frontpage.jpg?fit=1140%2C610&ssl=1&resize=1050%2C600 3x"},"classes":[]},{"id":660,"url":"https:\/\/julie-limoges.fr\/?page_id=660","url_meta":{"origin":36,"position":1},"title":"Extrait : Mains de Mort","author":"Kyvar","date":"19 October 2015","format":false,"excerpt":"Mains de Mort \u00a0 L\u2019homme s\u2019effondra d\u00e8s que mes doigts effleur\u00e8rent la peau de son visage. Il s\u2019\u00e9croula sur le sol humide, fauch\u00e9 par la mort en un instant. Crev\u00e9 en plein vol. La femme tomba \u00e0 genoux \u00e0 la vue de son compagnon \u2013 sans doute son mari \u2013\u2026","rel":"","context":"Similar post","block_context":{"text":"Similar post","link":""},"img":{"alt_text":"","src":"","width":0,"height":0},"classes":[]},{"id":1093,"url":"https:\/\/julie-limoges.fr\/?page_id=1093","url_meta":{"origin":36,"position":2},"title":"Inspiration","author":"Kyvar","date":"31 July 2017","format":false,"excerpt":"Ici vous trouverez toutes les personnes, oeuvres ou choses qui m'\u00e9tonnent, m'intriguent et m'inspirent dans mon travail quotidien :)","rel":"","context":"Similar post","block_context":{"text":"Similar post","link":""},"img":{"alt_text":"","src":"https:\/\/i0.wp.com\/julie-limoges.fr\/wp-content\/uploads\/2016\/05\/234994.jpg?fit=1200%2C574&ssl=1&resize=350%2C200","width":350,"height":200,"srcset":"https:\/\/i0.wp.com\/julie-limoges.fr\/wp-content\/uploads\/2016\/05\/234994.jpg?fit=1200%2C574&ssl=1&resize=350%2C200 1x, https:\/\/i0.wp.com\/julie-limoges.fr\/wp-content\/uploads\/2016\/05\/234994.jpg?fit=1200%2C574&ssl=1&resize=525%2C300 1.5x, https:\/\/i0.wp.com\/julie-limoges.fr\/wp-content\/uploads\/2016\/05\/234994.jpg?fit=1200%2C574&ssl=1&resize=700%2C400 2x, https:\/\/i0.wp.com\/julie-limoges.fr\/wp-content\/uploads\/2016\/05\/234994.jpg?fit=1200%2C574&ssl=1&resize=1050%2C600 3x"},"classes":[]},{"id":962,"url":"https:\/\/julie-limoges.fr\/?page_id=962","url_meta":{"origin":36,"position":3},"title":"\u00c0 propos","author":"Kyvar","date":"18 March 2015","format":false,"excerpt":"N\u00e9e en 1983, je me destine tout d'abord \u00e0 une carri\u00e8re sans histoire dans le vaste, et tr\u00e8s restreint, monde de l'oc\u00e9anographie. Apr\u00e8s un malheureux incident \u2014 et la d\u00e9couverte de ma phobie des requins \u2014, je me tourne vers le domaine plus terrestre de la communication visuelle. Je d\u00e9chante\u2026","rel":"","context":"Similar post","block_context":{"text":"Similar post","link":""},"img":{"alt_text":"","src":"","width":0,"height":0},"classes":[]},{"id":2,"url":"https:\/\/julie-limoges.fr\/?page_id=2","url_meta":{"origin":36,"position":4},"title":"Page d&rsquo;exemple","author":"Kyvar","date":"9 November 2017","format":false,"excerpt":"Voici un exemple de page. Elle est diff\u00e9rente d\u2019un article de blog, en cela qu\u2019elle restera \u00e0 la m\u00eame place, et s\u2019affichera dans le menu de navigation de votre site (en fonction de votre th\u00e8me). La plupart des gens commencent par \u00e9crire une page \u00ab\u00a0\u00c0 Propos\u00a0\u00bb qui les pr\u00e9sente aux\u2026","rel":"","context":"Similar post","block_context":{"text":"Similar post","link":""},"img":{"alt_text":"","src":"","width":0,"height":0},"classes":[]},{"id":757,"url":"https:\/\/julie-limoges.fr\/?page_id=757","url_meta":{"origin":36,"position":5},"title":"Photo : Flatland","author":"Kyvar","date":"27 January 2016","format":false,"excerpt":"Flatland est une s\u00e9rie de photographies du Turc Aydin Buyuktas qui seraient parfaites pour illustrer la Citerne de mon roman Les fronti\u00e8res sombres ! Les photographies se trouvent ici, et l'artiste essaye d'interroger notre m\u00e9moire en nous pr\u00e9sentant des espaces quotidiens transform\u00e9s de mani\u00e8re \u00e0 nous surprendre. Un autre de\u2026","rel":"","context":"Similar post","block_context":{"text":"Similar post","link":""},"img":{"alt_text":"","src":"https:\/\/i0.wp.com\/julie-limoges.fr\/wp-content\/uploads\/2016\/01\/istanbul-inception-flatland-02.jpg?fit=818%2C1195&ssl=1&resize=350%2C200","width":350,"height":200,"srcset":"https:\/\/i0.wp.com\/julie-limoges.fr\/wp-content\/uploads\/2016\/01\/istanbul-inception-flatland-02.jpg?fit=818%2C1195&ssl=1&resize=350%2C200 1x, https:\/\/i0.wp.com\/julie-limoges.fr\/wp-content\/uploads\/2016\/01\/istanbul-inception-flatland-02.jpg?fit=818%2C1195&ssl=1&resize=525%2C300 1.5x, https:\/\/i0.wp.com\/julie-limoges.fr\/wp-content\/uploads\/2016\/01\/istanbul-inception-flatland-02.jpg?fit=818%2C1195&ssl=1&resize=700%2C400 2x"},"classes":[]}],"_links":{"self":[{"href":"https:\/\/julie-limoges.fr\/index.php?rest_route=\/wp\/v2\/pages\/36","targetHints":{"allow":["GET"]}}],"collection":[{"href":"https:\/\/julie-limoges.fr\/index.php?rest_route=\/wp\/v2\/pages"}],"about":[{"href":"https:\/\/julie-limoges.fr\/index.php?rest_route=\/wp\/v2\/types\/page"}],"author":[{"embeddable":true,"href":"https:\/\/julie-limoges.fr\/index.php?rest_route=\/wp\/v2\/users\/1"}],"replies":[{"embeddable":true,"href":"https:\/\/julie-limoges.fr\/index.php?rest_route=%2Fwp%2Fv2%2Fcomments&post=36"}],"version-history":[{"count":0,"href":"https:\/\/julie-limoges.fr\/index.php?rest_route=\/wp\/v2\/pages\/36\/revisions"}],"wp:attachment":[{"href":"https:\/\/julie-limoges.fr\/index.php?rest_route=%2Fwp%2Fv2%2Fmedia&parent=36"}],"curies":[{"name":"wp","href":"https:\/\/api.w.org\/{rel}","templated":true}]}}