{"id":631,"date":"2015-08-31T16:10:58","date_gmt":"2015-08-31T15:10:58","guid":{"rendered":"https:\/\/julielimoges.wordpress.com\/?page_id=631"},"modified":"2015-08-31T16:10:58","modified_gmt":"2015-08-31T15:10:58","slug":"lascension","status":"publish","type":"page","link":"https:\/\/julie-limoges.fr\/?page_id=631","title":{"rendered":"L&#8217;Ascension"},"content":{"rendered":"<div>\n<div style=\"float:right;padding-left:40px;padding-top:0;\"><img data-recalc-dims=\"1\" loading=\"lazy\" decoding=\"async\" src=\"https:\/\/i0.wp.com\/www.etherval.com\/wp-content\/uploads\/2015\/12\/IlluAscension.jpg?resize=250%2C283&#038;ssl=1\" alt=\"\" width=\"250\" height=\"283\" \/><\/div>\n<div style=\"overflow:hidden;text-align:justify;\">\n<p>Eanna guide les siens le long des parois d&#8217;un glacier hostile. Elle trace le chemin emprunt\u00e9 par les centaines d\u2019hommes et de femmes encord\u00e9s \u00e0 sa suite. Leur procession forme une ligne de vie qui ne doit jamais se rompre ou se perdre, malgr\u00e9 les crevasses, les bourrasques et le froid. Gravir ou p\u00e9rir, lutter jusqu\u2019\u00e0 l\u2019\u00e9puisement.<\/p>\n<p>Pour, un jour, atteindre le sommet. <\/p>\n<p>&nbsp;<\/p>\n<\/div>\n<\/div>\n<div style=\"overflow:hidden;text-align:justify;min-width:400px;\">\n<p><span style=\"font-size:140%;color:#666;\"><b>Extrait : <\/b><\/span><\/p>\n<p><span style=\"font-style:italic;\"> &#8220;Elle savait aussi qu\u2019\u00e0 la sortie de ce tunnel providentiel, elle retrouverait la paroi venteuse de la tour de glace. Celle qu\u2019ils avaient tous appris \u00e0 d\u00e9tester. Les bourrasques redoutables qui la balayaient for\u00e7aient la cord\u00e9e \u00e0 profiter des boyaux ou des br\u00e8ches pour s\u00e9curiser son ascension, comme aujourd\u2019hui. D\u00e8s qu\u2019ils s\u2019en extrairaient, le glacier recommencerait \u00e0 les harceler, \u00e0 coup de chutes de blocs gel\u00e9s, de failles instables ou de glace friable.<br \/>\nLui, toujours plus haut, toujours plus dangereux. Chacun de ses tunnels travers\u00e9s, chacune de ses crevasses franchies ne laissaient de r\u00e9pit que le temps de progresser de quelques petits m\u00e8tres. Les prouesses de leur cord\u00e9e ne poss\u00e9daient plus le go\u00fbt de la victoire depuis plusieurs semaines. La moindre r\u00e9ussite pr\u00e9c\u00e9dait un autre obstacle. Inlassablement. &#8221;<br \/>\n<\/span><\/p>\n<p>&nbsp;<\/p>\n<div style=\"overflow:hidden;text-align:justify;min-width:400px;\">\n<span style=\"font-size:140%;color:#666;\"><b>On en parle : <\/b><\/span><\/p>\n<p>\u00ab Une nouvelle riche en d\u00e9tails et en \u00e9motions. Le monde cr\u00e9\u00e9 par Julie Limoges est tr\u00e8s visuel, tr\u00e8s sensoriel, m\u00eame. On tremble de froid et de fatigue au m\u00eame rythme que les personnages, on sent l\u2019odeur naus\u00e9abonde de leurs corps impossibles \u00e0 laver correctement pendant cette ascension de plusieurs semaines, ces \u00e9motions qui les traverses\u2026 les doutes, les peurs, l\u2019espoir et les r\u00eaves bris\u00e9s. Un tr\u00e8s beau texte, comme d\u2019habitude. \u00bb<br \/>\n(<a href=\"http:\/\/lamagiedesmots.be\/etherval-n7-nix-vallis\/\" target=\"_blank\">La Magie des Mots<\/a>)<\/p>\n<p>&nbsp;<\/p>\n<\/div>\n<div style=\"overflow:hidden;text-align:justify;min-width:400px;\"><span style=\"font-size:140%;color:#666;\"><b>O\u00f9 la trouver : <\/b><\/span><\/p>\n<p><a href=\"http:\/\/www.etherval.com\/static\/?id=store\" target=\"blank\">Revue Etherval<\/a><br \/>\n<a href=\"http:\/\/www.amazon.fr\/Etherval-Express-Kavir-Canem-Salvati-ebook\/dp\/B00W67LWWU\/ref=sr_1_12?s=digital-text&amp;ie=UTF8&amp;qid=1429259515&amp;sr=1-12&amp;keywords=etherval\" target=\"blank\"><\/a>&nbsp;<\/p>\n<p>&nbsp;<\/p>\n<\/div>\n","protected":false},"excerpt":{"rendered":"<p>Eanna guide les siens le long des parois d&#8217;un glacier hostile. Elle trace le chemin emprunt\u00e9 par les centaines d\u2019hommes [&hellip;]<\/p>\n","protected":false},"author":1,"featured_media":0,"parent":32,"menu_order":4,"comment_status":"closed","ping_status":"closed","template":"","meta":{"site-sidebar-layout":"default","site-content-layout":"","ast-site-content-layout":"default","site-content-style":"default","site-sidebar-style":"default","ast-global-header-display":"","ast-banner-title-visibility":"","ast-main-header-display":"","ast-hfb-above-header-display":"","ast-hfb-below-header-display":"","ast-hfb-mobile-header-display":"","site-post-title":"","ast-breadcrumbs-content":"","ast-featured-img":"","footer-sml-layout":"","theme-transparent-header-meta":"","adv-header-id-meta":"","stick-header-meta":"","header-above-stick-meta":"","header-main-stick-meta":"","header-below-stick-meta":"","astra-migrate-meta-layouts":"default","ast-page-background-enabled":"default","ast-page-background-meta":{"desktop":{"background-color":"var(--ast-global-color-4)","background-image":"","background-repeat":"repeat","background-position":"center center","background-size":"auto","background-attachment":"scroll","background-type":"","background-media":"","overlay-type":"","overlay-color":"","overlay-opacity":"","overlay-gradient":""},"tablet":{"background-color":"","background-image":"","background-repeat":"repeat","background-position":"center center","background-size":"auto","background-attachment":"scroll","background-type":"","background-media":"","overlay-type":"","overlay-color":"","overlay-opacity":"","overlay-gradient":""},"mobile":{"background-color":"","background-image":"","background-repeat":"repeat","background-position":"center center","background-size":"auto","background-attachment":"scroll","background-type":"","background-media":"","overlay-type":"","overlay-color":"","overlay-opacity":"","overlay-gradient":""}},"ast-content-background-meta":{"desktop":{"background-color":"var(--ast-global-color-5)","background-image":"","background-repeat":"repeat","background-position":"center center","background-size":"auto","background-attachment":"scroll","background-type":"","background-media":"","overlay-type":"","overlay-color":"","overlay-opacity":"","overlay-gradient":""},"tablet":{"background-color":"var(--ast-global-color-5)","background-image":"","background-repeat":"repeat","background-position":"center center","background-size":"auto","background-attachment":"scroll","background-type":"","background-media":"","overlay-type":"","overlay-color":"","overlay-opacity":"","overlay-gradient":""},"mobile":{"background-color":"var(--ast-global-color-5)","background-image":"","background-repeat":"repeat","background-position":"center center","background-size":"auto","background-attachment":"scroll","background-type":"","background-media":"","overlay-type":"","overlay-color":"","overlay-opacity":"","overlay-gradient":""}},"jetpack_post_was_ever_published":false,"footnotes":""},"class_list":["post-631","page","type-page","status-publish","hentry"],"jetpack_sharing_enabled":true,"jetpack_shortlink":"https:\/\/wp.me\/P9nlNh-ab","jetpack-related-posts":[{"id":1102,"url":"https:\/\/julie-limoges.fr\/?page_id=1102","url_meta":{"origin":631,"position":0},"title":"Nouvelle compl\u00e8te : Une maison dans le Sud","author":"Kyvar","date":"31 July 2017","format":false,"excerpt":"Une maison dans le Sud \u00a0 C\u2019\u00e9tait une maison, une maison dans le Sud. Un beau mas de Provence construit sur un terrain pentu travers\u00e9 de restanques bien align\u00e9es. Avec une simple route en terre pour y acc\u00e9der et des arbres touffus pour le camoufler aux regards indiscrets, il s\u2019agissait\u2026","rel":"","context":"Similar post","block_context":{"text":"Similar post","link":""},"img":{"alt_text":"","src":"","width":0,"height":0},"classes":[]},{"id":660,"url":"https:\/\/julie-limoges.fr\/?page_id=660","url_meta":{"origin":631,"position":1},"title":"Extrait : Mains de Mort","author":"Kyvar","date":"19 October 2015","format":false,"excerpt":"Mains de Mort \u00a0 L\u2019homme s\u2019effondra d\u00e8s que mes doigts effleur\u00e8rent la peau de son visage. Il s\u2019\u00e9croula sur le sol humide, fauch\u00e9 par la mort en un instant. Crev\u00e9 en plein vol. La femme tomba \u00e0 genoux \u00e0 la vue de son compagnon \u2013 sans doute son mari \u2013\u2026","rel":"","context":"Similar post","block_context":{"text":"Similar post","link":""},"img":{"alt_text":"","src":"","width":0,"height":0},"classes":[]},{"id":1288,"url":"https:\/\/julie-limoges.fr\/?page_id=1288","url_meta":{"origin":631,"position":2},"title":"Eschyle Mallory","author":"Kyvar","date":"21 December 2018","format":false,"excerpt":"On pousse Eschyle \u00e0 accepter un bien \u00e9trange travail : utiliser sa poisse l\u00e9gendaire pour mettre \u00e0 bas les entreprises de transport concurrentes \u00e0 la sienne. Survivra-t-il aux catastrophes qu\u2019il provoque et pour quelle vie, au final ? \u00a0 Extrait : \u00ab Je suis venu vous proposer un emploi. \u2014\u2026","rel":"","context":"Similar post","block_context":{"text":"Similar post","link":""},"img":{"alt_text":"","src":"https:\/\/i0.wp.com\/julie-limoges.fr\/wp-content\/uploads\/2018\/12\/Eschylle.jpg?resize=350%2C200","width":350,"height":200},"classes":[]},{"id":1399,"url":"https:\/\/julie-limoges.fr\/?page_id=1399","url_meta":{"origin":631,"position":3},"title":"On vous parle du Soleil des hommes","author":"Kyvar","date":"18 March 2021","format":false,"excerpt":"(d'abord publi\u00e9 sur le site hydralune.com) \u2014 Un monde priv\u00e9 de lumi\u00e8re Dans le Soleil des hommes, le soleil a disparu et le monde est plong\u00e9 dans une obscurit\u00e9 constante. Illustration de Slava Gerj \u00c0 l\u2019origine, le roman \u00e9tait une nouvelle se d\u00e9roulant dans le d\u00e9sert australien lors d\u2019une nuit\u2026","rel":"","context":"Similar post","block_context":{"text":"Similar post","link":""},"img":{"alt_text":"","src":"https:\/\/i0.wp.com\/hydralune.com\/wp-content\/uploads\/2016\/07\/imagesite-300x227.jpg?resize=350%2C200&ssl=1","width":350,"height":200},"classes":[]},{"id":1075,"url":"https:\/\/julie-limoges.fr\/?page_id=1075","url_meta":{"origin":631,"position":4},"title":"Un long chemin","author":"Kyvar","date":"31 July 2017","format":false,"excerpt":"La vie est un long chemin aux ramifications infinies. Au fil des culs-de-sac, des raccourcis ou des \u00e9garements, elle prend souvent des tournants insoup\u00e7onn\u00e9s. Des changements de direction parfois b\u00e9n\u00e9fiques, parfois funestes. C\u2019est ce que Mains de Mort, bourreau d\u2019\u00c9tat, va d\u00e9couvrir lors d\u2019une de ses missions de routine. Dot\u00e9\u2026","rel":"","context":"Similar post","block_context":{"text":"Similar post","link":""},"img":{"alt_text":"","src":"https:\/\/i0.wp.com\/julie-limoges.fr\/wp-content\/uploads\/2017\/07\/unlongchemin.jpg?fit=1072%2C435&ssl=1&resize=350%2C200","width":350,"height":200,"srcset":"https:\/\/i0.wp.com\/julie-limoges.fr\/wp-content\/uploads\/2017\/07\/unlongchemin.jpg?fit=1072%2C435&ssl=1&resize=350%2C200 1x, https:\/\/i0.wp.com\/julie-limoges.fr\/wp-content\/uploads\/2017\/07\/unlongchemin.jpg?fit=1072%2C435&ssl=1&resize=525%2C300 1.5x, https:\/\/i0.wp.com\/julie-limoges.fr\/wp-content\/uploads\/2017\/07\/unlongchemin.jpg?fit=1072%2C435&ssl=1&resize=700%2C400 2x, https:\/\/i0.wp.com\/julie-limoges.fr\/wp-content\/uploads\/2017\/07\/unlongchemin.jpg?fit=1072%2C435&ssl=1&resize=1050%2C600 3x"},"classes":[]},{"id":354,"url":"https:\/\/julie-limoges.fr\/?page_id=354","url_meta":{"origin":631,"position":5},"title":"Express pour Kavir","author":"Kyvar","date":"26 March 2015","format":false,"excerpt":"Will a des dettes, et pas trente-six fa\u00e7ons de les rembourser avant d\u2019y laisser sa peau. Embarqu\u00e9 en compagnie du magnat Slava Volochine \u00e0 bord d\u2019un train pour le bout du monde, il compte bien mettre la main sur les bagages soi-disant remplis d\u2019or de son riche voisin. Il existe\u2026","rel":"","context":"Similar post","block_context":{"text":"Similar post","link":""},"img":{"alt_text":"","src":"https:\/\/i0.wp.com\/julie-limoges.fr\/wp-content\/uploads\/2015\/04\/illuexpress.jpg?resize=350%2C200","width":350,"height":200},"classes":[]}],"_links":{"self":[{"href":"https:\/\/julie-limoges.fr\/index.php?rest_route=\/wp\/v2\/pages\/631","targetHints":{"allow":["GET"]}}],"collection":[{"href":"https:\/\/julie-limoges.fr\/index.php?rest_route=\/wp\/v2\/pages"}],"about":[{"href":"https:\/\/julie-limoges.fr\/index.php?rest_route=\/wp\/v2\/types\/page"}],"author":[{"embeddable":true,"href":"https:\/\/julie-limoges.fr\/index.php?rest_route=\/wp\/v2\/users\/1"}],"replies":[{"embeddable":true,"href":"https:\/\/julie-limoges.fr\/index.php?rest_route=%2Fwp%2Fv2%2Fcomments&post=631"}],"version-history":[{"count":0,"href":"https:\/\/julie-limoges.fr\/index.php?rest_route=\/wp\/v2\/pages\/631\/revisions"}],"up":[{"embeddable":true,"href":"https:\/\/julie-limoges.fr\/index.php?rest_route=\/wp\/v2\/pages\/32"}],"wp:attachment":[{"href":"https:\/\/julie-limoges.fr\/index.php?rest_route=%2Fwp%2Fv2%2Fmedia&parent=631"}],"curies":[{"name":"wp","href":"https:\/\/api.w.org\/{rel}","templated":true}]}}