{"id":698,"date":"2015-11-23T16:41:16","date_gmt":"2015-11-23T15:41:16","guid":{"rendered":"https:\/\/julielimoges.wordpress.com\/?page_id=698"},"modified":"2025-09-16T16:37:25","modified_gmt":"2025-09-16T14:37:25","slug":"extraits","status":"publish","type":"page","link":"https:\/\/julie-limoges.fr\/?page_id=698","title":{"rendered":"Lire"},"content":{"rendered":"<div style=\"overflow:hidden;text-align:justify;\">\n<p class=\"Standard\" align=\"center\"><span style=\"font-size:140%;color:#666;\"><b>La m\u00e8re de toutes les m\u00e8res<\/b><\/span><\/p>\n&nbsp;\n<p class=\"Standard\">Bien avant d&#8217;atterrir sur ce monde poubelle, j&#8217;avais connu la mer, la vraie, celle qui s&#8217;\u00e9tirait jusqu&#8217;\u00e0 l&#8217;horizon, bleue et houleuse. Elle inspirait les po\u00e8tes, intimidait les marins et bravait jour apr\u00e8s jour la domination des hommes. Il m&#8217;arrivait souvent de r\u00eaver du ciel d&#8217;azur et de la caresse du vent, de me souvenir de mes promenades sur les grandes digues au son des vagues. Je me rappelais alors combien j&#8217;avais aim\u00e9 \u00e9couter le roulement ent\u00eatant de l&#8217;oc\u00e9an tandis que j&#8217;y trempais mes pieds en compagnie d&#8217;Annabelle.<\/p><\/div>&hellip;","protected":false},"excerpt":{"rendered":"<div style=\"overflow:hidden;text-align:justify;\">\n<p class=\"Standard\" align=\"center\"><span style=\"font-size:140%;color:#666;\"><b>La m\u00e8re de toutes les m\u00e8res<\/b><\/span><\/p>\n<p>&nbsp;<\/p>\n<p class=\"Standard\">Bien avant d&#8217;atterrir sur ce monde poubelle, j&#8217;avais connu la mer, la vraie, celle qui s&#8217;\u00e9tirait jusqu&#8217;\u00e0 l&#8217;horizon, bleue et houleuse. Elle inspirait les po\u00e8tes, intimidait les marins et bravait jour apr\u00e8s jour la domination des hommes. Il m&#8217;arrivait souvent de r\u00eaver du ciel d&#8217;azur et de la caresse du vent, de me souvenir de mes promenades sur les grandes digues au son des vagues. Je me rappelais alors combien j&#8217;avais aim\u00e9 \u00e9couter le roulement ent\u00eatant de l&#8217;oc\u00e9an tandis que j&#8217;y trempais mes pieds en compagnie d&#8217;Annabelle.<\/p><\/div>&hellip;","protected":false},"author":1,"featured_media":1558,"parent":0,"menu_order":0,"comment_status":"closed","ping_status":"closed","template":"page-templates\/grid-page.php","meta":{"site-sidebar-layout":"default","site-content-layout":"","ast-site-content-layout":"default","site-content-style":"default","site-sidebar-style":"default","ast-global-header-display":"","ast-banner-title-visibility":"","ast-main-header-display":"","ast-hfb-above-header-display":"","ast-hfb-below-header-display":"","ast-hfb-mobile-header-display":"","site-post-title":"","ast-breadcrumbs-content":"","ast-featured-img":"","footer-sml-layout":"","ast-disable-related-posts":"","theme-transparent-header-meta":"","adv-header-id-meta":"","stick-header-meta":"","header-above-stick-meta":"","header-main-stick-meta":"","header-below-stick-meta":"","astra-migrate-meta-layouts":"default","ast-page-background-enabled":"default","ast-page-background-meta":{"desktop":{"background-color":"var(--ast-global-color-4)","background-image":"","background-repeat":"repeat","background-position":"center center","background-size":"auto","background-attachment":"scroll","background-type":"","background-media":"","overlay-type":"","overlay-color":"","overlay-opacity":"","overlay-gradient":""},"tablet":{"background-color":"","background-image":"","background-repeat":"repeat","background-position":"center center","background-size":"auto","background-attachment":"scroll","background-type":"","background-media":"","overlay-type":"","overlay-color":"","overlay-opacity":"","overlay-gradient":""},"mobile":{"background-color":"","background-image":"","background-repeat":"repeat","background-position":"center center","background-size":"auto","background-attachment":"scroll","background-type":"","background-media":"","overlay-type":"","overlay-color":"","overlay-opacity":"","overlay-gradient":""}},"ast-content-background-meta":{"desktop":{"background-color":"var(--ast-global-color-5)","background-image":"","background-repeat":"repeat","background-position":"center center","background-size":"auto","background-attachment":"scroll","background-type":"","background-media":"","overlay-type":"","overlay-color":"","overlay-opacity":"","overlay-gradient":""},"tablet":{"background-color":"var(--ast-global-color-5)","background-image":"","background-repeat":"repeat","background-position":"center center","background-size":"auto","background-attachment":"scroll","background-type":"","background-media":"","overlay-type":"","overlay-color":"","overlay-opacity":"","overlay-gradient":""},"mobile":{"background-color":"var(--ast-global-color-5)","background-image":"","background-repeat":"repeat","background-position":"center center","background-size":"auto","background-attachment":"scroll","background-type":"","background-media":"","overlay-type":"","overlay-color":"","overlay-opacity":"","overlay-gradient":""}},"jetpack_post_was_ever_published":false,"footnotes":""},"class_list":["post-698","page","type-page","status-publish","has-post-thumbnail","hentry"],"jetpack_sharing_enabled":false,"jetpack_shortlink":"https:\/\/wp.me\/P9nlNh-bg","jetpack-related-posts":[{"id":134,"url":"https:\/\/julie-limoges.fr\/?page_id=134","url_meta":{"origin":698,"position":0},"title":"La m\u00e8re de toutes les m\u00e8res","author":"Kyvar","date":"19 March 2015","format":false,"excerpt":"Employ\u00e9 d'une raffinerie sur une plan\u00e8te recouverte de p\u00e9trole, Jean travaille chaque jour avec acharnement. D\u00e9sireux de rejoindre sa femme sur le point d'accoucher, il d\u00e9cide d'embarquer \u00e0 bord de la Go\u00e9lette. Il sait que le navire s'appr\u00eate \u00e0 braver l'interdiction de naviguer, en vigueur depuis les disparitions inexplicables de\u2026","rel":"","context":"Similar post","block_context":{"text":"Similar post","link":""},"img":{"alt_text":"","src":"https:\/\/i0.wp.com\/julie-limoges.fr\/wp-content\/uploads\/2015\/03\/audiolameredesmeres.jpg?resize=350%2C200","width":350,"height":200},"classes":[]},{"id":34,"url":"https:\/\/julie-limoges.fr\/?page_id=34","url_meta":{"origin":698,"position":1},"title":"Mains de mort","author":"Kyvar","date":"18 March 2015","format":false,"excerpt":"Une naissance pour une mort, telle \u00e9tait la doctrine de l'\u00c9quilibre. Chaque jour, on m'envoyait pour ch\u00e2tier ceux qui la bafouaient. Chaque jour, je fauchais du bout des doigts pour la sauvegarder. Une routine am\u00e8re. Un destin que j'\u00e9tais cependant pr\u00eat \u00e0 endosser jusqu'\u00e0 la fin des temps.. \u00a0 Extrait\u2026","rel":"","context":"Similar post","block_context":{"text":"Similar post","link":""},"img":{"alt_text":"","src":"","width":0,"height":0},"classes":[]},{"id":2,"url":"https:\/\/julie-limoges.fr\/?page_id=2","url_meta":{"origin":698,"position":2},"title":"Page d&rsquo;exemple","author":"Kyvar","date":"9 November 2017","format":false,"excerpt":"Voici un exemple de page. Elle est diff\u00e9rente d\u2019un article de blog, en cela qu\u2019elle restera \u00e0 la m\u00eame place, et s\u2019affichera dans le menu de navigation de votre site (en fonction de votre th\u00e8me). La plupart des gens commencent par \u00e9crire une page \u00ab\u00a0\u00c0 Propos\u00a0\u00bb qui les pr\u00e9sente aux\u2026","rel":"","context":"Similar post","block_context":{"text":"Similar post","link":""},"img":{"alt_text":"","src":"","width":0,"height":0},"classes":[]},{"id":1288,"url":"https:\/\/julie-limoges.fr\/?page_id=1288","url_meta":{"origin":698,"position":3},"title":"Eschyle Mallory","author":"Kyvar","date":"21 December 2018","format":false,"excerpt":"On pousse Eschyle \u00e0 accepter un bien \u00e9trange travail : utiliser sa poisse l\u00e9gendaire pour mettre \u00e0 bas les entreprises de transport concurrentes \u00e0 la sienne. Survivra-t-il aux catastrophes qu\u2019il provoque et pour quelle vie, au final ? \u00a0 Extrait : \u00ab Je suis venu vous proposer un emploi. \u2014\u2026","rel":"","context":"Similar post","block_context":{"text":"Similar post","link":""},"img":{"alt_text":"","src":"https:\/\/i0.wp.com\/julie-limoges.fr\/wp-content\/uploads\/2018\/12\/Eschylle.jpg?resize=350%2C200","width":350,"height":200},"classes":[]},{"id":1073,"url":"https:\/\/julie-limoges.fr\/?page_id=1073","url_meta":{"origin":698,"position":4},"title":"Recueils","author":"Kyvar","date":"31 July 2017","format":false,"excerpt":"Vous trouverez ci-dessous mes recueils de nouvelles !","rel":"","context":"Similar post","block_context":{"text":"Similar post","link":""},"img":{"alt_text":"","src":"https:\/\/i0.wp.com\/julie-limoges.fr\/wp-content\/uploads\/2025\/09\/shutterstock_307362683-scaled.jpg?fit=1200%2C812&ssl=1&resize=350%2C200","width":350,"height":200,"srcset":"https:\/\/i0.wp.com\/julie-limoges.fr\/wp-content\/uploads\/2025\/09\/shutterstock_307362683-scaled.jpg?fit=1200%2C812&ssl=1&resize=350%2C200 1x, https:\/\/i0.wp.com\/julie-limoges.fr\/wp-content\/uploads\/2025\/09\/shutterstock_307362683-scaled.jpg?fit=1200%2C812&ssl=1&resize=525%2C300 1.5x, https:\/\/i0.wp.com\/julie-limoges.fr\/wp-content\/uploads\/2025\/09\/shutterstock_307362683-scaled.jpg?fit=1200%2C812&ssl=1&resize=700%2C400 2x, https:\/\/i0.wp.com\/julie-limoges.fr\/wp-content\/uploads\/2025\/09\/shutterstock_307362683-scaled.jpg?fit=1200%2C812&ssl=1&resize=1050%2C600 3x"},"classes":[]},{"id":1476,"url":"https:\/\/julie-limoges.fr\/?page_id=1476","url_meta":{"origin":698,"position":5},"title":"Memento Natalis","author":"Kyvar","date":"9 January 2023","format":false,"excerpt":"\u00a0 Imaginez un monde o\u00f9 plus personne ne mourrait, toujours plus vieillissant et bloqu\u00e9 dans une horrible routine. Une certaine f\u00eate interdite pourrait-elle faire office de r\u00e9bellion et, mieux, briser cette mal\u00e9diction ? \u00a0 \u00a0 \u00a0 \u00a0 Extrait : \u2014 Je sors les cartes, les arr\u00eata Auguste. Car nous sommes\u2026","rel":"","context":"Similar post","block_context":{"text":"Similar post","link":""},"img":{"alt_text":"","src":"https:\/\/i0.wp.com\/julie-limoges.fr\/wp-content\/uploads\/2023\/01\/MenentoLimoges.jpg?resize=350%2C200&ssl=1","width":350,"height":200},"classes":[]}],"_links":{"self":[{"href":"https:\/\/julie-limoges.fr\/index.php?rest_route=\/wp\/v2\/pages\/698","targetHints":{"allow":["GET"]}}],"collection":[{"href":"https:\/\/julie-limoges.fr\/index.php?rest_route=\/wp\/v2\/pages"}],"about":[{"href":"https:\/\/julie-limoges.fr\/index.php?rest_route=\/wp\/v2\/types\/page"}],"author":[{"embeddable":true,"href":"https:\/\/julie-limoges.fr\/index.php?rest_route=\/wp\/v2\/users\/1"}],"replies":[{"embeddable":true,"href":"https:\/\/julie-limoges.fr\/index.php?rest_route=%2Fwp%2Fv2%2Fcomments&post=698"}],"version-history":[{"count":2,"href":"https:\/\/julie-limoges.fr\/index.php?rest_route=\/wp\/v2\/pages\/698\/revisions"}],"predecessor-version":[{"id":1560,"href":"https:\/\/julie-limoges.fr\/index.php?rest_route=\/wp\/v2\/pages\/698\/revisions\/1560"}],"wp:featuredmedia":[{"embeddable":true,"href":"https:\/\/julie-limoges.fr\/index.php?rest_route=\/wp\/v2\/media\/1558"}],"wp:attachment":[{"href":"https:\/\/julie-limoges.fr\/index.php?rest_route=%2Fwp%2Fv2%2Fmedia&parent=698"}],"curies":[{"name":"wp","href":"https:\/\/api.w.org\/{rel}","templated":true}]}}