{"id":733,"date":"2015-12-17T15:46:15","date_gmt":"2015-12-17T14:46:15","guid":{"rendered":"https:\/\/julielimoges.wordpress.com\/?page_id=733"},"modified":"2021-03-19T16:16:25","modified_gmt":"2021-03-19T15:16:25","slug":"photo-babel","status":"publish","type":"page","link":"https:\/\/julie-limoges.fr\/?page_id=733","title":{"rendered":"Photo : Babel"},"content":{"rendered":"<div style=\"overflow:hidden;text-align:justify;\">\n<p>Les photographies du projet &#8220;Babel&#8221; de l&#8217;Italien Roberto Cracco sont vertigineuses.<\/p>\n<p>Elles m&#8217;inspirent pour les descriptions de mon roman <a href=\"https:\/\/julielimoges.wordpress.com\/romans\/df\/\" target=\"_blank\" rel=\"noopener noreferrer\">&#8220;Les fronti\u00e8res sombres&#8221;<\/a>, notamment celles de la Citerne, mais elles me donnent aussi des id\u00e9es pour mes autres projets. Les cadrages, les lignes et les volumes accentu\u00e9s par le noir et blanc sont int\u00e9ressants. Le parti pris des plans nets et ac\u00e9r\u00e9s pour les b\u00e2timents et du fond flou et vaporeux pour le reste est bien pens\u00e9 et cr\u00e9e un sentiment de malaise.<\/p>\n<p>Vous pouvez trouver la s\u00e9rie de photographies <a href=\"https:\/\/www.artpeoplegallery.com\/roberto-cracco\/\" target=\"_blank\" rel=\"noopener noreferrer\">ici<\/a>.<\/p>\n<\/div>\n","protected":false},"excerpt":{"rendered":"<p>Les photographies du projet &#8220;Babel&#8221; de l&#8217;Italien Roberto Cracco sont vertigineuses. Elles m&#8217;inspirent pour les descriptions de mon roman &#8220;Les [&hellip;]<\/p>\n","protected":false},"author":1,"featured_media":734,"parent":1093,"menu_order":0,"comment_status":"closed","ping_status":"closed","template":"page-templates\/full-width-page.php","meta":{"site-sidebar-layout":"default","site-content-layout":"","ast-site-content-layout":"default","site-content-style":"default","site-sidebar-style":"default","ast-global-header-display":"","ast-banner-title-visibility":"","ast-main-header-display":"","ast-hfb-above-header-display":"","ast-hfb-below-header-display":"","ast-hfb-mobile-header-display":"","site-post-title":"","ast-breadcrumbs-content":"","ast-featured-img":"","footer-sml-layout":"","ast-disable-related-posts":"","theme-transparent-header-meta":"","adv-header-id-meta":"","stick-header-meta":"","header-above-stick-meta":"","header-main-stick-meta":"","header-below-stick-meta":"","astra-migrate-meta-layouts":"default","ast-page-background-enabled":"default","ast-page-background-meta":{"desktop":{"background-color":"var(--ast-global-color-4)","background-image":"","background-repeat":"repeat","background-position":"center center","background-size":"auto","background-attachment":"scroll","background-type":"","background-media":"","overlay-type":"","overlay-color":"","overlay-opacity":"","overlay-gradient":""},"tablet":{"background-color":"","background-image":"","background-repeat":"repeat","background-position":"center center","background-size":"auto","background-attachment":"scroll","background-type":"","background-media":"","overlay-type":"","overlay-color":"","overlay-opacity":"","overlay-gradient":""},"mobile":{"background-color":"","background-image":"","background-repeat":"repeat","background-position":"center center","background-size":"auto","background-attachment":"scroll","background-type":"","background-media":"","overlay-type":"","overlay-color":"","overlay-opacity":"","overlay-gradient":""}},"ast-content-background-meta":{"desktop":{"background-color":"var(--ast-global-color-5)","background-image":"","background-repeat":"repeat","background-position":"center center","background-size":"auto","background-attachment":"scroll","background-type":"","background-media":"","overlay-type":"","overlay-color":"","overlay-opacity":"","overlay-gradient":""},"tablet":{"background-color":"var(--ast-global-color-5)","background-image":"","background-repeat":"repeat","background-position":"center center","background-size":"auto","background-attachment":"scroll","background-type":"","background-media":"","overlay-type":"","overlay-color":"","overlay-opacity":"","overlay-gradient":""},"mobile":{"background-color":"var(--ast-global-color-5)","background-image":"","background-repeat":"repeat","background-position":"center center","background-size":"auto","background-attachment":"scroll","background-type":"","background-media":"","overlay-type":"","overlay-color":"","overlay-opacity":"","overlay-gradient":""}},"jetpack_post_was_ever_published":false,"footnotes":""},"class_list":["post-733","page","type-page","status-publish","has-post-thumbnail","hentry"],"jetpack_sharing_enabled":true,"jetpack_shortlink":"https:\/\/wp.me\/P9nlNh-bP","jetpack-related-posts":[{"id":1399,"url":"https:\/\/julie-limoges.fr\/?page_id=1399","url_meta":{"origin":733,"position":0},"title":"On vous parle du Soleil des hommes","author":"Kyvar","date":"18 March 2021","format":false,"excerpt":"(d'abord publi\u00e9 sur le site hydralune.com) \u2014 Un monde priv\u00e9 de lumi\u00e8re Dans le Soleil des hommes, le soleil a disparu et le monde est plong\u00e9 dans une obscurit\u00e9 constante. Illustration de Slava Gerj \u00c0 l\u2019origine, le roman \u00e9tait une nouvelle se d\u00e9roulant dans le d\u00e9sert australien lors d\u2019une nuit\u2026","rel":"","context":"Similar post","block_context":{"text":"Similar post","link":""},"img":{"alt_text":"","src":"https:\/\/i0.wp.com\/hydralune.com\/wp-content\/uploads\/2016\/07\/imagesite-300x227.jpg?resize=350%2C200&ssl=1","width":350,"height":200},"classes":[]},{"id":84,"url":"https:\/\/julie-limoges.fr\/?page_id=84","url_meta":{"origin":733,"position":1},"title":"Pr\u00e9sentation du roman","author":"Kyvar","date":"19 March 2015","format":false,"excerpt":"Illustration de Slava Gerj L'univers : Le Soleil des hommes est un roman de science fantasy se d\u00e9roulant dans un monde post-apocalyptique priv\u00e9 de soleil. Une guerre mill\u00e9naire s\u2019y poursuit entre deux blocs divis\u00e9s g\u00e9ographiquement avec au Nord les Multins, des peuples jug\u00e9s difformes et barbares, et au Sud les\u2026","rel":"","context":"Similar post","block_context":{"text":"Similar post","link":""},"img":{"alt_text":"","src":"https:\/\/i0.wp.com\/hydralune.com\/wp-content\/uploads\/2016\/07\/imagesite-300x227.jpg?resize=350%2C200&ssl=1","width":350,"height":200},"classes":[]},{"id":1025,"url":"https:\/\/julie-limoges.fr\/?page_id=1025","url_meta":{"origin":733,"position":2},"title":"Bande dessin\u00e9e : Les lumi\u00e8res de l&#8217;Amalou","author":"Kyvar","date":"19 March 2021","format":false,"excerpt":"Article publi\u00e9 originalement sur le site Hydralune. C\u2019est de nouveau mon tour de vous pr\u00e9senter une \u0153uvre qui m\u2019est ch\u00e8re et qui m\u2019a influenc\u00e9e dans mon parcours d\u2019\u00e9crivain. Apr\u00e8s un manga, D\u00f4mu, je reviens dans l'Hexagone pour vous parler d\u2019une bande dessin\u00e9e bien de chez nous\u00a0: les Lumi\u00e8res de Lamalou.\u2026","rel":"","context":"Similar post","block_context":{"text":"Similar post","link":""},"img":{"alt_text":"","src":"https:\/\/i0.wp.com\/julie-limoges.fr\/wp-content\/uploads\/2017\/04\/les-lumieres-de-l-amalou-e1616167326768.jpg?fit=400%2C393&ssl=1&resize=350%2C200","width":350,"height":200},"classes":[]},{"id":660,"url":"https:\/\/julie-limoges.fr\/?page_id=660","url_meta":{"origin":733,"position":3},"title":"Extrait : Mains de Mort","author":"Kyvar","date":"19 October 2015","format":false,"excerpt":"Mains de Mort \u00a0 L\u2019homme s\u2019effondra d\u00e8s que mes doigts effleur\u00e8rent la peau de son visage. Il s\u2019\u00e9croula sur le sol humide, fauch\u00e9 par la mort en un instant. Crev\u00e9 en plein vol. La femme tomba \u00e0 genoux \u00e0 la vue de son compagnon \u2013 sans doute son mari \u2013\u2026","rel":"","context":"Similar post","block_context":{"text":"Similar post","link":""},"img":{"alt_text":"","src":"","width":0,"height":0},"classes":[]},{"id":354,"url":"https:\/\/julie-limoges.fr\/?page_id=354","url_meta":{"origin":733,"position":4},"title":"Express pour Kavir","author":"Kyvar","date":"26 March 2015","format":false,"excerpt":"Will a des dettes, et pas trente-six fa\u00e7ons de les rembourser avant d\u2019y laisser sa peau. Embarqu\u00e9 en compagnie du magnat Slava Volochine \u00e0 bord d\u2019un train pour le bout du monde, il compte bien mettre la main sur les bagages soi-disant remplis d\u2019or de son riche voisin. Il existe\u2026","rel":"","context":"Similar post","block_context":{"text":"Similar post","link":""},"img":{"alt_text":"","src":"https:\/\/i0.wp.com\/julie-limoges.fr\/wp-content\/uploads\/2015\/04\/illuexpress.jpg?resize=350%2C200","width":350,"height":200},"classes":[]},{"id":34,"url":"https:\/\/julie-limoges.fr\/?page_id=34","url_meta":{"origin":733,"position":5},"title":"Mains de mort","author":"Kyvar","date":"18 March 2015","format":false,"excerpt":"Une naissance pour une mort, telle \u00e9tait la doctrine de l'\u00c9quilibre. Chaque jour, on m'envoyait pour ch\u00e2tier ceux qui la bafouaient. Chaque jour, je fauchais du bout des doigts pour la sauvegarder. Une routine am\u00e8re. Un destin que j'\u00e9tais cependant pr\u00eat \u00e0 endosser jusqu'\u00e0 la fin des temps.. \u00a0 Extrait\u2026","rel":"","context":"Similar post","block_context":{"text":"Similar post","link":""},"img":{"alt_text":"","src":"","width":0,"height":0},"classes":[]}],"_links":{"self":[{"href":"https:\/\/julie-limoges.fr\/index.php?rest_route=\/wp\/v2\/pages\/733","targetHints":{"allow":["GET"]}}],"collection":[{"href":"https:\/\/julie-limoges.fr\/index.php?rest_route=\/wp\/v2\/pages"}],"about":[{"href":"https:\/\/julie-limoges.fr\/index.php?rest_route=\/wp\/v2\/types\/page"}],"author":[{"embeddable":true,"href":"https:\/\/julie-limoges.fr\/index.php?rest_route=\/wp\/v2\/users\/1"}],"replies":[{"embeddable":true,"href":"https:\/\/julie-limoges.fr\/index.php?rest_route=%2Fwp%2Fv2%2Fcomments&post=733"}],"version-history":[{"count":1,"href":"https:\/\/julie-limoges.fr\/index.php?rest_route=\/wp\/v2\/pages\/733\/revisions"}],"predecessor-version":[{"id":1422,"href":"https:\/\/julie-limoges.fr\/index.php?rest_route=\/wp\/v2\/pages\/733\/revisions\/1422"}],"up":[{"embeddable":true,"href":"https:\/\/julie-limoges.fr\/index.php?rest_route=\/wp\/v2\/pages\/1093"}],"wp:featuredmedia":[{"embeddable":true,"href":"https:\/\/julie-limoges.fr\/index.php?rest_route=\/wp\/v2\/media\/734"}],"wp:attachment":[{"href":"https:\/\/julie-limoges.fr\/index.php?rest_route=%2Fwp%2Fv2%2Fmedia&parent=733"}],"curies":[{"name":"wp","href":"https:\/\/api.w.org\/{rel}","templated":true}]}}