{"id":757,"date":"2016-01-27T14:46:12","date_gmt":"2016-01-27T13:46:12","guid":{"rendered":"https:\/\/julielimoges.wordpress.com\/?page_id=757"},"modified":"2021-03-19T16:16:30","modified_gmt":"2021-03-19T15:16:30","slug":"photo-flatland","status":"publish","type":"page","link":"https:\/\/julie-limoges.fr\/?page_id=757","title":{"rendered":"Photo : Flatland"},"content":{"rendered":"<div style=\"overflow:hidden;text-align:justify;\">\n<p><em>Flatland<\/em> est une s\u00e9rie de photographies du Turc Aydin Buyuktas qui seraient parfaites pour illustrer la Citerne de mon roman <a href=\"https:\/\/julielimoges.wordpress.com\/romans\/df\/\" target=\"_blank\" rel=\"noopener noreferrer\"><em>Les fronti\u00e8res sombres<\/em><\/a> ! Les photographies se trouvent <a href=\"http:\/\/www.aydinbuyuktas.com\/?page_id=1572\" target=\"_blank\" rel=\"noopener noreferrer\">ici<\/a>, et l&#8217;artiste essaye d&#8217;interroger notre m\u00e9moire en nous pr\u00e9sentant des espaces quotidiens transform\u00e9s de mani\u00e8re \u00e0 nous surprendre.<\/p>\n<p>Un autre de ses travaux, <a href=\"http:\/\/www.aydinbuyuktas.com\/?page_id=903\" target=\"_blank\" rel=\"noopener noreferrer\"><em>Parallel Universes<\/em><\/a>, m&#8217;a aussi int\u00e9ress\u00e9e par son vertige et sa construction. Lui aussi m&#8217;inspire afin de mieux travailler mes descriptions de la Citerne !<\/p>\n<\/div>\n","protected":false},"excerpt":{"rendered":"<p>Flatland est une s\u00e9rie de photographies du Turc Aydin Buyuktas qui seraient parfaites pour illustrer la Citerne de mon roman [&hellip;]<\/p>\n","protected":false},"author":1,"featured_media":758,"parent":1093,"menu_order":0,"comment_status":"closed","ping_status":"closed","template":"page-templates\/full-width-page.php","meta":{"site-sidebar-layout":"default","site-content-layout":"","ast-site-content-layout":"default","site-content-style":"default","site-sidebar-style":"default","ast-global-header-display":"","ast-banner-title-visibility":"","ast-main-header-display":"","ast-hfb-above-header-display":"","ast-hfb-below-header-display":"","ast-hfb-mobile-header-display":"","site-post-title":"","ast-breadcrumbs-content":"","ast-featured-img":"","footer-sml-layout":"","ast-disable-related-posts":"","theme-transparent-header-meta":"","adv-header-id-meta":"","stick-header-meta":"","header-above-stick-meta":"","header-main-stick-meta":"","header-below-stick-meta":"","astra-migrate-meta-layouts":"default","ast-page-background-enabled":"default","ast-page-background-meta":{"desktop":{"background-color":"var(--ast-global-color-4)","background-image":"","background-repeat":"repeat","background-position":"center center","background-size":"auto","background-attachment":"scroll","background-type":"","background-media":"","overlay-type":"","overlay-color":"","overlay-opacity":"","overlay-gradient":""},"tablet":{"background-color":"","background-image":"","background-repeat":"repeat","background-position":"center center","background-size":"auto","background-attachment":"scroll","background-type":"","background-media":"","overlay-type":"","overlay-color":"","overlay-opacity":"","overlay-gradient":""},"mobile":{"background-color":"","background-image":"","background-repeat":"repeat","background-position":"center center","background-size":"auto","background-attachment":"scroll","background-type":"","background-media":"","overlay-type":"","overlay-color":"","overlay-opacity":"","overlay-gradient":""}},"ast-content-background-meta":{"desktop":{"background-color":"var(--ast-global-color-5)","background-image":"","background-repeat":"repeat","background-position":"center center","background-size":"auto","background-attachment":"scroll","background-type":"","background-media":"","overlay-type":"","overlay-color":"","overlay-opacity":"","overlay-gradient":""},"tablet":{"background-color":"var(--ast-global-color-5)","background-image":"","background-repeat":"repeat","background-position":"center center","background-size":"auto","background-attachment":"scroll","background-type":"","background-media":"","overlay-type":"","overlay-color":"","overlay-opacity":"","overlay-gradient":""},"mobile":{"background-color":"var(--ast-global-color-5)","background-image":"","background-repeat":"repeat","background-position":"center center","background-size":"auto","background-attachment":"scroll","background-type":"","background-media":"","overlay-type":"","overlay-color":"","overlay-opacity":"","overlay-gradient":""}},"jetpack_post_was_ever_published":false,"footnotes":""},"class_list":["post-757","page","type-page","status-publish","has-post-thumbnail","hentry"],"jetpack_sharing_enabled":true,"jetpack_shortlink":"https:\/\/wp.me\/P9nlNh-cd","jetpack-related-posts":[{"id":733,"url":"https:\/\/julie-limoges.fr\/?page_id=733","url_meta":{"origin":757,"position":0},"title":"Photo : Babel","author":"Kyvar","date":"17 December 2015","format":false,"excerpt":"Les photographies du projet \"Babel\" de l'Italien Roberto Cracco sont vertigineuses. Elles m'inspirent pour les descriptions de mon roman \"Les fronti\u00e8res sombres\", notamment celles de la Citerne, mais elles me donnent aussi des id\u00e9es pour mes autres projets. Les cadrages, les lignes et les volumes accentu\u00e9s par le noir et\u2026","rel":"","context":"Similar post","block_context":{"text":"Similar post","link":""},"img":{"alt_text":"","src":"https:\/\/i0.wp.com\/julie-limoges.fr\/wp-content\/uploads\/2015\/12\/054.jpg?fit=667%2C1000&ssl=1&resize=350%2C200","width":350,"height":200,"srcset":"https:\/\/i0.wp.com\/julie-limoges.fr\/wp-content\/uploads\/2015\/12\/054.jpg?fit=667%2C1000&ssl=1&resize=350%2C200 1x, https:\/\/i0.wp.com\/julie-limoges.fr\/wp-content\/uploads\/2015\/12\/054.jpg?fit=667%2C1000&ssl=1&resize=525%2C300 1.5x"},"classes":[]},{"id":1341,"url":"https:\/\/julie-limoges.fr\/?page_id=1341","url_meta":{"origin":757,"position":1},"title":"R\u00e9surgence","author":"Kyvar","date":"14 September 2020","format":false,"excerpt":"De par les avanc\u00e9es technologiques, qu'elles soient biologiques, chimiques ou cybern\u00e9tiques, qu'elles soient volontaires ou subites, nous ne sommes d\u00e9j\u00e0 plus les m\u00eames Hommes que nos grands-parents. Quelles seront notre attitude et notre place dans les soci\u00e9t\u00e9s \u00e0 venir ? Quel regard aurons-nous sur nous-m\u00eames et sur nos descendants ?\u2026","rel":"","context":"Similar post","block_context":{"text":"Similar post","link":""},"img":{"alt_text":"","src":"https:\/\/i0.wp.com\/julie-limoges.fr\/wp-content\/uploads\/2020\/06\/cover-nouvelle-s-novella-s-transhumains-post-humains-0-18484700-1566997192.jpeg?resize=350%2C200","width":350,"height":200},"classes":[]},{"id":136,"url":"https:\/\/julie-limoges.fr\/?page_id=136","url_meta":{"origin":757,"position":2},"title":"Extrait : La m\u00e8re de toutes les m\u00e8res","author":"Kyvar","date":"19 March 2015","format":false,"excerpt":"La m\u00e8re de toutes les m\u00e8res \u00a0 Bien avant d'atterrir sur ce monde poubelle, j'avais connu la mer, la vraie, celle qui s'\u00e9tirait jusqu'\u00e0 l'horizon, bleue et houleuse. Elle inspirait les po\u00e8tes, intimidait les marins et bravait jour apr\u00e8s jour la domination des hommes. Il m'arrivait souvent de r\u00eaver du\u2026","rel":"","context":"Similar post","block_context":{"text":"Similar post","link":""},"img":{"alt_text":"","src":"","width":0,"height":0},"classes":[]},{"id":791,"url":"https:\/\/julie-limoges.fr\/?page_id=791","url_meta":{"origin":757,"position":3},"title":"Une lutte biologique","author":"Kyvar","date":"11 March 2016","format":false,"excerpt":"Chaque jour, nous vivons dans l\u2019appr\u00e9hension du cr\u00e9puscule. Chaque nuit, le Cafard revient et nous impose sa loi. Rien ni personne ne semble pouvoir briser son r\u00e8gne de terreur. Aujourd\u2019hui pourtant, tandis que les derniers rayons du soleil s\u2019\u00e9vanouissent, un autre insecte s\u2019appr\u00eate \u00e0 passer la porte de notre prison.\u2026","rel":"","context":"Similar post","block_context":{"text":"Similar post","link":""},"img":{"alt_text":"","src":"https:\/\/i0.wp.com\/julie-limoges.fr\/wp-content\/uploads\/2016\/02\/12694839_1175123535849541_2724072638475268907_o.jpg?resize=350%2C200","width":350,"height":200},"classes":[]},{"id":34,"url":"https:\/\/julie-limoges.fr\/?page_id=34","url_meta":{"origin":757,"position":4},"title":"Mains de mort","author":"Kyvar","date":"18 March 2015","format":false,"excerpt":"Une naissance pour une mort, telle \u00e9tait la doctrine de l'\u00c9quilibre. Chaque jour, on m'envoyait pour ch\u00e2tier ceux qui la bafouaient. Chaque jour, je fauchais du bout des doigts pour la sauvegarder. Une routine am\u00e8re. Un destin que j'\u00e9tais cependant pr\u00eat \u00e0 endosser jusqu'\u00e0 la fin des temps.. \u00a0 Extrait\u2026","rel":"","context":"Similar post","block_context":{"text":"Similar post","link":""},"img":{"alt_text":"","src":"","width":0,"height":0},"classes":[]},{"id":1038,"url":"https:\/\/julie-limoges.fr\/?page_id=1038","url_meta":{"origin":757,"position":5},"title":"Ce qu&#8217;on en dit","author":"Kyvar","date":"27 July 2017","format":false,"excerpt":"Vous retrouverez ici les critiques et articles sur le cycle Le soleil des hommes ! \u00a0 Nuit de cendres Site de Catherine Loiseau J\u2019ai eu la chance de d\u00e9couvrir ce roman en avant-premi\u00e8re, vu que je suis l\u2019une des marraines de ce tome au sein du\u00a0collectif Hydralune. Franchement, d\u00e8s les\u2026","rel":"","context":"Similar post","block_context":{"text":"Similar post","link":""},"img":{"alt_text":"","src":"https:\/\/i0.wp.com\/julie-limoges.fr\/wp-content\/uploads\/2017\/07\/SDH_cequonendit.jpg?fit=1072%2C435&ssl=1&resize=350%2C200","width":350,"height":200,"srcset":"https:\/\/i0.wp.com\/julie-limoges.fr\/wp-content\/uploads\/2017\/07\/SDH_cequonendit.jpg?fit=1072%2C435&ssl=1&resize=350%2C200 1x, https:\/\/i0.wp.com\/julie-limoges.fr\/wp-content\/uploads\/2017\/07\/SDH_cequonendit.jpg?fit=1072%2C435&ssl=1&resize=525%2C300 1.5x, https:\/\/i0.wp.com\/julie-limoges.fr\/wp-content\/uploads\/2017\/07\/SDH_cequonendit.jpg?fit=1072%2C435&ssl=1&resize=700%2C400 2x, https:\/\/i0.wp.com\/julie-limoges.fr\/wp-content\/uploads\/2017\/07\/SDH_cequonendit.jpg?fit=1072%2C435&ssl=1&resize=1050%2C600 3x"},"classes":[]}],"_links":{"self":[{"href":"https:\/\/julie-limoges.fr\/index.php?rest_route=\/wp\/v2\/pages\/757","targetHints":{"allow":["GET"]}}],"collection":[{"href":"https:\/\/julie-limoges.fr\/index.php?rest_route=\/wp\/v2\/pages"}],"about":[{"href":"https:\/\/julie-limoges.fr\/index.php?rest_route=\/wp\/v2\/types\/page"}],"author":[{"embeddable":true,"href":"https:\/\/julie-limoges.fr\/index.php?rest_route=\/wp\/v2\/users\/1"}],"replies":[{"embeddable":true,"href":"https:\/\/julie-limoges.fr\/index.php?rest_route=%2Fwp%2Fv2%2Fcomments&post=757"}],"version-history":[{"count":1,"href":"https:\/\/julie-limoges.fr\/index.php?rest_route=\/wp\/v2\/pages\/757\/revisions"}],"predecessor-version":[{"id":1423,"href":"https:\/\/julie-limoges.fr\/index.php?rest_route=\/wp\/v2\/pages\/757\/revisions\/1423"}],"up":[{"embeddable":true,"href":"https:\/\/julie-limoges.fr\/index.php?rest_route=\/wp\/v2\/pages\/1093"}],"wp:featuredmedia":[{"embeddable":true,"href":"https:\/\/julie-limoges.fr\/index.php?rest_route=\/wp\/v2\/media\/758"}],"wp:attachment":[{"href":"https:\/\/julie-limoges.fr\/index.php?rest_route=%2Fwp%2Fv2%2Fmedia&parent=757"}],"curies":[{"name":"wp","href":"https:\/\/api.w.org\/{rel}","templated":true}]}}