{"id":791,"date":"2016-03-11T16:38:01","date_gmt":"2016-03-11T15:38:01","guid":{"rendered":"https:\/\/julielimoges.wordpress.com\/?page_id=791"},"modified":"2017-11-16T15:24:11","modified_gmt":"2017-11-16T14:24:11","slug":"une-lutte-biologique","status":"publish","type":"page","link":"https:\/\/julie-limoges.fr\/?page_id=791","title":{"rendered":"Une lutte biologique"},"content":{"rendered":"<div>\n<div style=\"float: right; padding-left: 40px; padding-top: 0;\"><img data-recalc-dims=\"1\" loading=\"lazy\" decoding=\"async\" src=\"https:\/\/i0.wp.com\/julie-limoges.fr\/wp-content\/uploads\/2016\/02\/12694839_1175123535849541_2724072638475268907_o.jpg?resize=250%2C283\" alt=\"\" width=\"250\" height=\"283\" \/><\/div>\n<div style=\"overflow: hidden; text-align: justify;\">\n<p>Chaque jour, nous vivons dans l\u2019appr\u00e9hension du cr\u00e9puscule. Chaque nuit, le Cafard revient et nous impose sa loi. Rien ni personne ne semble pouvoir briser son r\u00e8gne de terreur.<\/p>\n<p>Aujourd\u2019hui pourtant, tandis que les derniers rayons du soleil s\u2019\u00e9vanouissent, un autre insecte s\u2019appr\u00eate \u00e0 passer la porte de notre prison. Au moins aussi vorace et fier que notre ge\u00f4lier, il am\u00e8ne le carnage dans son sillage.<\/p>\n<p>Je n\u2019en esp\u00e8re pas moins : c\u2019est moi qui l\u2019ai invit\u00e9 ce soir.<\/p>\n<p>&nbsp;<\/p>\n<\/div>\n<div style=\"overflow: hidden; text-align: justify; min-width: 400px;\">\n<p><span style=\"font-size: 140%; color: #666;\"><b>Extrait : <\/b><\/span><\/p>\n<p><span style=\"font-style: italic;\">\u00ab Personne ne bouge dans la chambre. Nous retenons notre respiration pour mieux percevoir le moindre fr\u00e9missement dans le vaste b\u00e2timent lugubre.<br \/>\nUn bruit sourd, au loin, suivit d\u2019un battement sec. Les bottes sur le carrelage irr\u00e9gulier du hall. Les cl\u00e9s qui dansent au trousseau. Le craquement des premi\u00e8res marches du grand escalier en bois. Une progression lourde et lente. Les rambardes couinent. La charpente grogne. La pierre des murs susurre et g\u00e9mit. Les murmures s\u2019\u00e9l\u00e8vent dans la cage d\u2019escalier et roulent sur le plafond alangui.<br \/>\nL&#8217;\u00e9difice ploie sous le poids extraordinaire du Cafard. Il se prosterne sur son passage.<br \/>\nLui, l\u2019insecte roi qui parcourt son domaine de t\u00e9n\u00e8bres en souverain. \u00bb<br \/>\n<\/span><\/p>\n<p>&nbsp;<\/p>\n<\/div>\n<div style=\"overflow: hidden; text-align: justify; min-width: 400px;\"><span style=\"font-size: 140%; color: #666;\"><b>On en parle : <\/b><\/span><\/p>\n<p>\u00ab Superbe nouvelle, tr\u00e8s imag\u00e9e, tr\u00e8s forte en descriptions pertinentes, bas\u00e9e sur un sujet difficile. Une lutte \u00e0 mort assez \u00e9trange&#8230; \u00bb<br \/>\n(<a class=\"lien\" href=\"http:\/\/lamorcestbien.blogspot.fr\/p\/morts-dents-lames-ii.html?spref=fb\" target=\"_blank\" rel=\"noopener\">Bob Cancereug\u00e8ne<\/a>)<\/p>\n<p>\u00ab Pour le style, sans h\u00e9sitation, St\u00e9phane Croenne pour &#8220;La m\u00e9thode du docteur A&#8221;, et &#8220;une lutte biologique&#8221; de Julie Limoges (surtout tout le milieu du texte, suffocant, Kafka n&#8217;est pas loin). \u00bb<br \/>\n(<a class=\"lien\" href=\"https:\/\/www.babelio.com\/livres\/Labruyere-Morts-Dents-Lames-II\/832317\" rel=\"noopener\">SoniaKayseri<\/a>)<\/p>\n<p>&nbsp;<\/p>\n<\/div>\n<p><span style=\"font-size: 140%; color: #666;\"><b>O\u00f9 la trouver : <\/b><\/span><\/p>\n<p><a href=\"http:\/\/www.editions-la-madoliere.com\/381.htm\" target=\"blank\">Les \u00e9ditions La Madoli\u00e8re <\/a><\/p>\n<p>&nbsp;<\/p>\n<\/div>\n","protected":false},"excerpt":{"rendered":"<p>Chaque jour, nous vivons dans l\u2019appr\u00e9hension du cr\u00e9puscule. Chaque nuit, le Cafard revient et nous impose sa loi. Rien ni [&hellip;]<\/p>\n","protected":false},"author":1,"featured_media":0,"parent":32,"menu_order":5,"comment_status":"closed","ping_status":"closed","template":"","meta":{"site-sidebar-layout":"default","site-content-layout":"","ast-site-content-layout":"default","site-content-style":"default","site-sidebar-style":"default","ast-global-header-display":"","ast-banner-title-visibility":"","ast-main-header-display":"","ast-hfb-above-header-display":"","ast-hfb-below-header-display":"","ast-hfb-mobile-header-display":"","site-post-title":"","ast-breadcrumbs-content":"","ast-featured-img":"","footer-sml-layout":"","ast-disable-related-posts":"","theme-transparent-header-meta":"","adv-header-id-meta":"","stick-header-meta":"","header-above-stick-meta":"","header-main-stick-meta":"","header-below-stick-meta":"","astra-migrate-meta-layouts":"default","ast-page-background-enabled":"default","ast-page-background-meta":{"desktop":{"background-color":"var(--ast-global-color-4)","background-image":"","background-repeat":"repeat","background-position":"center center","background-size":"auto","background-attachment":"scroll","background-type":"","background-media":"","overlay-type":"","overlay-color":"","overlay-opacity":"","overlay-gradient":""},"tablet":{"background-color":"","background-image":"","background-repeat":"repeat","background-position":"center center","background-size":"auto","background-attachment":"scroll","background-type":"","background-media":"","overlay-type":"","overlay-color":"","overlay-opacity":"","overlay-gradient":""},"mobile":{"background-color":"","background-image":"","background-repeat":"repeat","background-position":"center center","background-size":"auto","background-attachment":"scroll","background-type":"","background-media":"","overlay-type":"","overlay-color":"","overlay-opacity":"","overlay-gradient":""}},"ast-content-background-meta":{"desktop":{"background-color":"var(--ast-global-color-5)","background-image":"","background-repeat":"repeat","background-position":"center center","background-size":"auto","background-attachment":"scroll","background-type":"","background-media":"","overlay-type":"","overlay-color":"","overlay-opacity":"","overlay-gradient":""},"tablet":{"background-color":"var(--ast-global-color-5)","background-image":"","background-repeat":"repeat","background-position":"center center","background-size":"auto","background-attachment":"scroll","background-type":"","background-media":"","overlay-type":"","overlay-color":"","overlay-opacity":"","overlay-gradient":""},"mobile":{"background-color":"var(--ast-global-color-5)","background-image":"","background-repeat":"repeat","background-position":"center center","background-size":"auto","background-attachment":"scroll","background-type":"","background-media":"","overlay-type":"","overlay-color":"","overlay-opacity":"","overlay-gradient":""}},"jetpack_post_was_ever_published":false,"footnotes":""},"class_list":["post-791","page","type-page","status-publish","hentry"],"jetpack_sharing_enabled":true,"jetpack_shortlink":"https:\/\/wp.me\/P9nlNh-cL","jetpack-related-posts":[{"id":34,"url":"https:\/\/julie-limoges.fr\/?page_id=34","url_meta":{"origin":791,"position":0},"title":"Mains de mort","author":"Kyvar","date":"18 March 2015","format":false,"excerpt":"Une naissance pour une mort, telle \u00e9tait la doctrine de l'\u00c9quilibre. Chaque jour, on m'envoyait pour ch\u00e2tier ceux qui la bafouaient. Chaque jour, je fauchais du bout des doigts pour la sauvegarder. Une routine am\u00e8re. Un destin que j'\u00e9tais cependant pr\u00eat \u00e0 endosser jusqu'\u00e0 la fin des temps.. \u00a0 Extrait\u2026","rel":"","context":"Similar post","block_context":{"text":"Similar post","link":""},"img":{"alt_text":"","src":"","width":0,"height":0},"classes":[]},{"id":1341,"url":"https:\/\/julie-limoges.fr\/?page_id=1341","url_meta":{"origin":791,"position":1},"title":"R\u00e9surgence","author":"Kyvar","date":"14 September 2020","format":false,"excerpt":"De par les avanc\u00e9es technologiques, qu'elles soient biologiques, chimiques ou cybern\u00e9tiques, qu'elles soient volontaires ou subites, nous ne sommes d\u00e9j\u00e0 plus les m\u00eames Hommes que nos grands-parents. Quelles seront notre attitude et notre place dans les soci\u00e9t\u00e9s \u00e0 venir ? Quel regard aurons-nous sur nous-m\u00eames et sur nos descendants ?\u2026","rel":"","context":"Similar post","block_context":{"text":"Similar post","link":""},"img":{"alt_text":"","src":"https:\/\/i0.wp.com\/julie-limoges.fr\/wp-content\/uploads\/2020\/06\/cover-nouvelle-s-novella-s-transhumains-post-humains-0-18484700-1566997192.jpeg?resize=350%2C200","width":350,"height":200},"classes":[]},{"id":136,"url":"https:\/\/julie-limoges.fr\/?page_id=136","url_meta":{"origin":791,"position":2},"title":"Extrait : La m\u00e8re de toutes les m\u00e8res","author":"Kyvar","date":"19 March 2015","format":false,"excerpt":"La m\u00e8re de toutes les m\u00e8res \u00a0 Bien avant d'atterrir sur ce monde poubelle, j'avais connu la mer, la vraie, celle qui s'\u00e9tirait jusqu'\u00e0 l'horizon, bleue et houleuse. Elle inspirait les po\u00e8tes, intimidait les marins et bravait jour apr\u00e8s jour la domination des hommes. Il m'arrivait souvent de r\u00eaver du\u2026","rel":"","context":"Similar post","block_context":{"text":"Similar post","link":""},"img":{"alt_text":"","src":"","width":0,"height":0},"classes":[]},{"id":1028,"url":"https:\/\/julie-limoges.fr\/?page_id=1028","url_meta":{"origin":791,"position":3},"title":"Manga : D\u00f4mu","author":"Kyvar","date":"19 March 2021","format":false,"excerpt":"Article publi\u00e9 originalement sur le site Hydralune. Je ne m\u2019en cache pas, j\u2019ai \u00e9t\u00e9 bien plus influenc\u00e9e par le cin\u00e9ma et la bande dessin\u00e9e que par la litt\u00e9rature. Alors, quand j\u2019ai d\u00fb choisir une \u0153uvre qui me tient \u00e0 c\u0153ur pour la pr\u00e9senter ici, c\u2019est naturellement vers ces m\u00e9dias que\u2026","rel":"","context":"Similar post","block_context":{"text":"Similar post","link":""},"img":{"alt_text":"","src":"https:\/\/i0.wp.com\/julie-limoges.fr\/wp-content\/uploads\/2021\/03\/Domu-reves-d-enfants.jpg?fit=400%2C560&ssl=1&resize=350%2C200","width":350,"height":200},"classes":[]},{"id":1038,"url":"https:\/\/julie-limoges.fr\/?page_id=1038","url_meta":{"origin":791,"position":4},"title":"Ce qu&#8217;on en dit","author":"Kyvar","date":"27 July 2017","format":false,"excerpt":"Vous retrouverez ici les critiques et articles sur le cycle Le soleil des hommes ! \u00a0 Nuit de cendres Site de Catherine Loiseau J\u2019ai eu la chance de d\u00e9couvrir ce roman en avant-premi\u00e8re, vu que je suis l\u2019une des marraines de ce tome au sein du\u00a0collectif Hydralune. Franchement, d\u00e8s les\u2026","rel":"","context":"Similar post","block_context":{"text":"Similar post","link":""},"img":{"alt_text":"","src":"https:\/\/i0.wp.com\/julie-limoges.fr\/wp-content\/uploads\/2017\/07\/SDH_cequonendit.jpg?fit=1072%2C435&ssl=1&resize=350%2C200","width":350,"height":200,"srcset":"https:\/\/i0.wp.com\/julie-limoges.fr\/wp-content\/uploads\/2017\/07\/SDH_cequonendit.jpg?fit=1072%2C435&ssl=1&resize=350%2C200 1x, https:\/\/i0.wp.com\/julie-limoges.fr\/wp-content\/uploads\/2017\/07\/SDH_cequonendit.jpg?fit=1072%2C435&ssl=1&resize=525%2C300 1.5x, https:\/\/i0.wp.com\/julie-limoges.fr\/wp-content\/uploads\/2017\/07\/SDH_cequonendit.jpg?fit=1072%2C435&ssl=1&resize=700%2C400 2x, https:\/\/i0.wp.com\/julie-limoges.fr\/wp-content\/uploads\/2017\/07\/SDH_cequonendit.jpg?fit=1072%2C435&ssl=1&resize=1050%2C600 3x"},"classes":[]},{"id":660,"url":"https:\/\/julie-limoges.fr\/?page_id=660","url_meta":{"origin":791,"position":5},"title":"Extrait : Mains de Mort","author":"Kyvar","date":"19 October 2015","format":false,"excerpt":"Mains de Mort \u00a0 L\u2019homme s\u2019effondra d\u00e8s que mes doigts effleur\u00e8rent la peau de son visage. Il s\u2019\u00e9croula sur le sol humide, fauch\u00e9 par la mort en un instant. Crev\u00e9 en plein vol. La femme tomba \u00e0 genoux \u00e0 la vue de son compagnon \u2013 sans doute son mari \u2013\u2026","rel":"","context":"Similar post","block_context":{"text":"Similar post","link":""},"img":{"alt_text":"","src":"","width":0,"height":0},"classes":[]}],"_links":{"self":[{"href":"https:\/\/julie-limoges.fr\/index.php?rest_route=\/wp\/v2\/pages\/791","targetHints":{"allow":["GET"]}}],"collection":[{"href":"https:\/\/julie-limoges.fr\/index.php?rest_route=\/wp\/v2\/pages"}],"about":[{"href":"https:\/\/julie-limoges.fr\/index.php?rest_route=\/wp\/v2\/types\/page"}],"author":[{"embeddable":true,"href":"https:\/\/julie-limoges.fr\/index.php?rest_route=\/wp\/v2\/users\/1"}],"replies":[{"embeddable":true,"href":"https:\/\/julie-limoges.fr\/index.php?rest_route=%2Fwp%2Fv2%2Fcomments&post=791"}],"version-history":[{"count":5,"href":"https:\/\/julie-limoges.fr\/index.php?rest_route=\/wp\/v2\/pages\/791\/revisions"}],"predecessor-version":[{"id":1188,"href":"https:\/\/julie-limoges.fr\/index.php?rest_route=\/wp\/v2\/pages\/791\/revisions\/1188"}],"up":[{"embeddable":true,"href":"https:\/\/julie-limoges.fr\/index.php?rest_route=\/wp\/v2\/pages\/32"}],"wp:attachment":[{"href":"https:\/\/julie-limoges.fr\/index.php?rest_route=%2Fwp%2Fv2%2Fmedia&parent=791"}],"curies":[{"name":"wp","href":"https:\/\/api.w.org\/{rel}","templated":true}]}}