{"id":962,"date":"2015-03-18T15:49:48","date_gmt":"2015-03-18T15:49:48","guid":{"rendered":"http:\/\/absilou.wordpress.com\/?page_id=1"},"modified":"2020-09-17T16:02:39","modified_gmt":"2020-09-17T14:02:39","slug":"a-propos","status":"publish","type":"page","link":"https:\/\/julie-limoges.fr\/?page_id=962","title":{"rendered":"\u00c0 propos"},"content":{"rendered":"<div style=\"overflow: hidden; text-align: justify;\">\n<p>N\u00e9e en 1983, je me destine tout d&#8217;abord \u00e0 une carri\u00e8re sans histoire dans le vaste, et tr\u00e8s restreint, monde de l&#8217;oc\u00e9anographie. Apr\u00e8s un malheureux incident \u2014 et la d\u00e9couverte de ma phobie des requins \u2014, je me tourne vers le domaine plus terrestre de la communication visuelle.<\/p>\n<p>Je d\u00e9chante cependant tr\u00e8s vite lorsque je me rends compte que le merveilleux milieu de la com n&#8217;a rien \u00e0 envier \u00e0 la pire cage \u00e0 requins. Je choisis alors \u2014 courageusement ! \u2014 de sortir de ma grotte et de prendre la poudre d\u2019escampette.<\/p>\n<p>Partie \u00e0 l&#8217;autre bout de la plan\u00e8te pour me morfondre sur mon sort, tout en apprenant une nouvelle langue histoire de survivre, je d\u00e9cide apr\u00e8s une ann\u00e9e de rentrer au bercail. L\u2019 \u00e9ni\u00e8me tremblement de terre a eu raison de ma vindicte, car, apr\u00e8s tout, mieux vaut dessiner des pots de yaourt sous le fouet que finir sous quarante tonnes de b\u00e9ton !<\/p>\n<p>\u00c0 mon retour, je tente n\u00e9anmoins ma chance dans une sp\u00e9cialit\u00e9 fort diff\u00e9rente et obtiens un dipl\u00f4me en ing\u00e9nierie informatique, domaine qui, \u00e0 d\u00e9faut d&#8217;\u00eatre dr\u00f4le, permet de manger jusqu&#8217;\u00e0 la fin du mois.<\/p>\n<p>Toujours captiv\u00e9e par le dessin malgr\u00e9 mes m\u00e9saventures, je continue \u00e0 d\u00e9velopper mon univers graphique. C&#8217;est lors de l&#8217;\u00e9bauche d&#8217;un court roman pour mettre en sc\u00e8ne l&#8217;un de mes projets que je d\u00e9couvre les plaisirs, et les difficult\u00e9s, de l&#8217;\u00e9criture. Ce m\u00e9dium, qui me paraissait jusqu&#8217;ici inaccessible, devient alors une vraie passion.<\/p>\n<p>Passion qui ne m\u2019a plus quitt\u00e9e depuis.<\/p>\n<\/div>\n<div style=\"overflow: hidden; text-align: justify;\">N&#8217;h\u00e9sitez pas \u00e0 me contacter via cette adresse : <span style=\"line-height: 5px; color: #666;\"><b>limogesj.co@gmail.com<\/b><\/span><\/p>\n<p>Liens Facebook :<\/p>\n<p><a href=\"https:\/\/www.facebook.com\/JulieLimogesAuteur\/\"><span style=\"line-height: 5px; color: #666;\"><b>Julie Limoges Auteur<\/b><\/span><\/a><\/p>\n<p><strong><a href=\"https:\/\/www.facebook.com\/soleildeshommes\/\">Le soleil des hommes<\/a><\/strong><\/p>\n<p>Lien Twitter :<\/p>\n<p><strong><a href=\"https:\/\/twitter.com\/JulieLimoges2\">Julie Limoges Auteur<\/a><\/strong><\/p>\n<\/div>\n","protected":false},"excerpt":{"rendered":"<p>N\u00e9e en 1983, je me destine tout d&#8217;abord \u00e0 une carri\u00e8re sans histoire dans le vaste, et tr\u00e8s restreint, monde [&hellip;]<\/p>\n","protected":false},"author":1,"featured_media":0,"parent":0,"menu_order":0,"comment_status":"closed","ping_status":"open","template":"","meta":{"site-sidebar-layout":"default","site-content-layout":"","ast-site-content-layout":"default","site-content-style":"default","site-sidebar-style":"default","ast-global-header-display":"","ast-banner-title-visibility":"","ast-main-header-display":"","ast-hfb-above-header-display":"","ast-hfb-below-header-display":"","ast-hfb-mobile-header-display":"","site-post-title":"","ast-breadcrumbs-content":"","ast-featured-img":"","footer-sml-layout":"","ast-disable-related-posts":"","theme-transparent-header-meta":"","adv-header-id-meta":"","stick-header-meta":"","header-above-stick-meta":"","header-main-stick-meta":"","header-below-stick-meta":"","astra-migrate-meta-layouts":"default","ast-page-background-enabled":"default","ast-page-background-meta":{"desktop":{"background-color":"var(--ast-global-color-4)","background-image":"","background-repeat":"repeat","background-position":"center center","background-size":"auto","background-attachment":"scroll","background-type":"","background-media":"","overlay-type":"","overlay-color":"","overlay-opacity":"","overlay-gradient":""},"tablet":{"background-color":"","background-image":"","background-repeat":"repeat","background-position":"center center","background-size":"auto","background-attachment":"scroll","background-type":"","background-media":"","overlay-type":"","overlay-color":"","overlay-opacity":"","overlay-gradient":""},"mobile":{"background-color":"","background-image":"","background-repeat":"repeat","background-position":"center center","background-size":"auto","background-attachment":"scroll","background-type":"","background-media":"","overlay-type":"","overlay-color":"","overlay-opacity":"","overlay-gradient":""}},"ast-content-background-meta":{"desktop":{"background-color":"var(--ast-global-color-5)","background-image":"","background-repeat":"repeat","background-position":"center center","background-size":"auto","background-attachment":"scroll","background-type":"","background-media":"","overlay-type":"","overlay-color":"","overlay-opacity":"","overlay-gradient":""},"tablet":{"background-color":"var(--ast-global-color-5)","background-image":"","background-repeat":"repeat","background-position":"center center","background-size":"auto","background-attachment":"scroll","background-type":"","background-media":"","overlay-type":"","overlay-color":"","overlay-opacity":"","overlay-gradient":""},"mobile":{"background-color":"var(--ast-global-color-5)","background-image":"","background-repeat":"repeat","background-position":"center center","background-size":"auto","background-attachment":"scroll","background-type":"","background-media":"","overlay-type":"","overlay-color":"","overlay-opacity":"","overlay-gradient":""}},"jetpack_post_was_ever_published":false,"footnotes":""},"class_list":["post-962","page","type-page","status-publish","hentry"],"jetpack_sharing_enabled":false,"jetpack_shortlink":"https:\/\/wp.me\/P9nlNh-fw","jetpack-related-posts":[{"id":269,"url":"https:\/\/julie-limoges.fr\/?page_id=269","url_meta":{"origin":962,"position":0},"title":"Tome 1 : Le chant de Kali","author":"Kyvar","date":"20 March 2015","format":false,"excerpt":"Pitch : Seven, un futur trentenaire plus tr\u00e8s jeune ou tr\u00e8s frais, est contraint d\u2019aider quotidiennement Ash, une cr\u00e9ature du Premier Sous-monde, \u00e0 r\u00e9soudre des affaires sensibles afin d\u2019honorer un march\u00e9 de dupe dont il ne se sent pas redevable. La derni\u00e8re affaire que son partenaire de circonstance lui impose\u2026","rel":"","context":"Similar post","block_context":{"text":"Similar post","link":""},"img":{"alt_text":"","src":"https:\/\/i0.wp.com\/julie-limoges.fr\/wp-content\/uploads\/2015\/03\/DF1.jpg?fit=1072%2C435&ssl=1&resize=350%2C200","width":350,"height":200,"srcset":"https:\/\/i0.wp.com\/julie-limoges.fr\/wp-content\/uploads\/2015\/03\/DF1.jpg?fit=1072%2C435&ssl=1&resize=350%2C200 1x, https:\/\/i0.wp.com\/julie-limoges.fr\/wp-content\/uploads\/2015\/03\/DF1.jpg?fit=1072%2C435&ssl=1&resize=525%2C300 1.5x, https:\/\/i0.wp.com\/julie-limoges.fr\/wp-content\/uploads\/2015\/03\/DF1.jpg?fit=1072%2C435&ssl=1&resize=700%2C400 2x, https:\/\/i0.wp.com\/julie-limoges.fr\/wp-content\/uploads\/2015\/03\/DF1.jpg?fit=1072%2C435&ssl=1&resize=1050%2C600 3x"},"classes":[]},{"id":136,"url":"https:\/\/julie-limoges.fr\/?page_id=136","url_meta":{"origin":962,"position":1},"title":"Extrait : La m\u00e8re de toutes les m\u00e8res","author":"Kyvar","date":"19 March 2015","format":false,"excerpt":"La m\u00e8re de toutes les m\u00e8res \u00a0 Bien avant d'atterrir sur ce monde poubelle, j'avais connu la mer, la vraie, celle qui s'\u00e9tirait jusqu'\u00e0 l'horizon, bleue et houleuse. Elle inspirait les po\u00e8tes, intimidait les marins et bravait jour apr\u00e8s jour la domination des hommes. Il m'arrivait souvent de r\u00eaver du\u2026","rel":"","context":"Similar post","block_context":{"text":"Similar post","link":""},"img":{"alt_text":"","src":"","width":0,"height":0},"classes":[]},{"id":660,"url":"https:\/\/julie-limoges.fr\/?page_id=660","url_meta":{"origin":962,"position":2},"title":"Extrait : Mains de Mort","author":"Kyvar","date":"19 October 2015","format":false,"excerpt":"Mains de Mort \u00a0 L\u2019homme s\u2019effondra d\u00e8s que mes doigts effleur\u00e8rent la peau de son visage. Il s\u2019\u00e9croula sur le sol humide, fauch\u00e9 par la mort en un instant. Crev\u00e9 en plein vol. La femme tomba \u00e0 genoux \u00e0 la vue de son compagnon \u2013 sans doute son mari \u2013\u2026","rel":"","context":"Similar post","block_context":{"text":"Similar post","link":""},"img":{"alt_text":"","src":"","width":0,"height":0},"classes":[]},{"id":134,"url":"https:\/\/julie-limoges.fr\/?page_id=134","url_meta":{"origin":962,"position":3},"title":"La m\u00e8re de toutes les m\u00e8res","author":"Kyvar","date":"19 March 2015","format":false,"excerpt":"Employ\u00e9 d'une raffinerie sur une plan\u00e8te recouverte de p\u00e9trole, Jean travaille chaque jour avec acharnement. D\u00e9sireux de rejoindre sa femme sur le point d'accoucher, il d\u00e9cide d'embarquer \u00e0 bord de la Go\u00e9lette. Il sait que le navire s'appr\u00eate \u00e0 braver l'interdiction de naviguer, en vigueur depuis les disparitions inexplicables de\u2026","rel":"","context":"Similar post","block_context":{"text":"Similar post","link":""},"img":{"alt_text":"","src":"https:\/\/i0.wp.com\/julie-limoges.fr\/wp-content\/uploads\/2015\/03\/audiolameredesmeres.jpg?resize=350%2C200","width":350,"height":200},"classes":[]},{"id":1410,"url":"https:\/\/julie-limoges.fr\/?page_id=1410","url_meta":{"origin":962,"position":4},"title":"La musique du Soleil des hommes","author":"Kyvar","date":"18 March 2021","format":false,"excerpt":"(d'abord publi\u00e9 sur le site hydralune.com) Illustration de Slava Gerj Comme Catherine et nombre de mes confr\u00e8res, la musique joue un r\u00f4le primordial dans la conception et l\u2019\u00e9criture de mes romans. En revanche, pour ma part, je ne peux pas \u00e9crire en \u00e9coutant de la musique. Je suis tellement emport\u00e9e\u2026","rel":"","context":"Similar post","block_context":{"text":"Similar post","link":""},"img":{"alt_text":"","src":"https:\/\/i0.wp.com\/hydralune.com\/wp-content\/uploads\/2016\/07\/imagesite-300x227.jpg?resize=350%2C200&ssl=1","width":350,"height":200},"classes":[]},{"id":1038,"url":"https:\/\/julie-limoges.fr\/?page_id=1038","url_meta":{"origin":962,"position":5},"title":"Ce qu&#8217;on en dit","author":"Kyvar","date":"27 July 2017","format":false,"excerpt":"Vous retrouverez ici les critiques et articles sur le cycle Le soleil des hommes ! \u00a0 Nuit de cendres Site de Catherine Loiseau J\u2019ai eu la chance de d\u00e9couvrir ce roman en avant-premi\u00e8re, vu que je suis l\u2019une des marraines de ce tome au sein du\u00a0collectif Hydralune. Franchement, d\u00e8s les\u2026","rel":"","context":"Similar post","block_context":{"text":"Similar post","link":""},"img":{"alt_text":"","src":"https:\/\/i0.wp.com\/julie-limoges.fr\/wp-content\/uploads\/2017\/07\/SDH_cequonendit.jpg?fit=1072%2C435&ssl=1&resize=350%2C200","width":350,"height":200,"srcset":"https:\/\/i0.wp.com\/julie-limoges.fr\/wp-content\/uploads\/2017\/07\/SDH_cequonendit.jpg?fit=1072%2C435&ssl=1&resize=350%2C200 1x, https:\/\/i0.wp.com\/julie-limoges.fr\/wp-content\/uploads\/2017\/07\/SDH_cequonendit.jpg?fit=1072%2C435&ssl=1&resize=525%2C300 1.5x, https:\/\/i0.wp.com\/julie-limoges.fr\/wp-content\/uploads\/2017\/07\/SDH_cequonendit.jpg?fit=1072%2C435&ssl=1&resize=700%2C400 2x, https:\/\/i0.wp.com\/julie-limoges.fr\/wp-content\/uploads\/2017\/07\/SDH_cequonendit.jpg?fit=1072%2C435&ssl=1&resize=1050%2C600 3x"},"classes":[]}],"_links":{"self":[{"href":"https:\/\/julie-limoges.fr\/index.php?rest_route=\/wp\/v2\/pages\/962","targetHints":{"allow":["GET"]}}],"collection":[{"href":"https:\/\/julie-limoges.fr\/index.php?rest_route=\/wp\/v2\/pages"}],"about":[{"href":"https:\/\/julie-limoges.fr\/index.php?rest_route=\/wp\/v2\/types\/page"}],"author":[{"embeddable":true,"href":"https:\/\/julie-limoges.fr\/index.php?rest_route=\/wp\/v2\/users\/1"}],"replies":[{"embeddable":true,"href":"https:\/\/julie-limoges.fr\/index.php?rest_route=%2Fwp%2Fv2%2Fcomments&post=962"}],"version-history":[{"count":4,"href":"https:\/\/julie-limoges.fr\/index.php?rest_route=\/wp\/v2\/pages\/962\/revisions"}],"predecessor-version":[{"id":1358,"href":"https:\/\/julie-limoges.fr\/index.php?rest_route=\/wp\/v2\/pages\/962\/revisions\/1358"}],"wp:attachment":[{"href":"https:\/\/julie-limoges.fr\/index.php?rest_route=%2Fwp%2Fv2%2Fmedia&parent=962"}],"curies":[{"name":"wp","href":"https:\/\/api.w.org\/{rel}","templated":true}]}}