{"id":999,"date":"2017-03-03T17:23:30","date_gmt":"2017-03-03T16:23:30","guid":{"rendered":"https:\/\/julielimoges.wordpress.com\/?page_id=999"},"modified":"2021-03-18T17:25:39","modified_gmt":"2021-03-18T16:25:39","slug":"autour-du-roman","status":"publish","type":"page","link":"https:\/\/julie-limoges.fr\/?page_id=999","title":{"rendered":"Cartes"},"content":{"rendered":"<div style=\"overflow: hidden; text-align: justify;\">\n<p>Beaucoup de lecteurs m&#8217;ont dit qu&#8217;ils auraient aim\u00e9 disposer d&#8217;une carte pendant leur lecture. Je vous propose donc deux cartes (la deuxi\u00e8me est pr\u00e9sente dans les \u00e9ditions du tome 3 !).<\/p>\n<p>Une premi\u00e8re, r\u00e9duite, pr\u00e9sentant six des douze R\u00e9gions et un des dix Duch\u00e9s. Elle couvre les tomes 1 et 2. Je me suis appliqu\u00e9e \u00e0 bien d\u00e9tailler les endroits visit\u00e9s par les protagonistes et j&#8217;ai juste \u00e9bauch\u00e9 ceux seulement cit\u00e9s.<\/p>\n<div data-carousel-extra='{&quot;blog_id&quot;:1,&quot;permalink&quot;:&quot;https:\/\/julie-limoges.fr\/?page_id=999&quot;}' id='gallery-1' class='gallery galleryid-999 gallery-columns-1 gallery-size-large'><figure class='gallery-item'>\n\t\t\t<div class='gallery-icon landscape'>\n\t\t\t\t<a href='https:\/\/julie-limoges.fr\/?attachment_id=1008'><img loading=\"lazy\" decoding=\"async\" width=\"1024\" height=\"864\" src=\"https:\/\/i0.wp.com\/julie-limoges.fr\/wp-content\/uploads\/2017\/03\/cartesdh_v1_edite.jpg?fit=1024%2C864&amp;ssl=1\" class=\"attachment-large size-large\" alt=\"\" srcset=\"https:\/\/i0.wp.com\/julie-limoges.fr\/wp-content\/uploads\/2017\/03\/cartesdh_v1_edite.jpg?w=1400&amp;ssl=1 1400w, https:\/\/i0.wp.com\/julie-limoges.fr\/wp-content\/uploads\/2017\/03\/cartesdh_v1_edite.jpg?resize=300%2C253&amp;ssl=1 300w, https:\/\/i0.wp.com\/julie-limoges.fr\/wp-content\/uploads\/2017\/03\/cartesdh_v1_edite.jpg?resize=768%2C648&amp;ssl=1 768w, https:\/\/i0.wp.com\/julie-limoges.fr\/wp-content\/uploads\/2017\/03\/cartesdh_v1_edite.jpg?resize=1024%2C864&amp;ssl=1 1024w, https:\/\/i0.wp.com\/julie-limoges.fr\/wp-content\/uploads\/2017\/03\/cartesdh_v1_edite.jpg?resize=1200%2C1012&amp;ssl=1 1200w\" sizes=\"auto, (max-width: 1000px) 100vw, 1000px\" data-attachment-id=\"1008\" data-permalink=\"https:\/\/julie-limoges.fr\/?attachment_id=1008\" data-orig-file=\"https:\/\/i0.wp.com\/julie-limoges.fr\/wp-content\/uploads\/2017\/03\/cartesdh_v1_edite.jpg?fit=1400%2C1181&amp;ssl=1\" data-orig-size=\"1400,1181\" data-comments-opened=\"1\" data-image-meta=\"{&quot;aperture&quot;:&quot;0&quot;,&quot;credit&quot;:&quot;&quot;,&quot;camera&quot;:&quot;&quot;,&quot;caption&quot;:&quot;&quot;,&quot;created_timestamp&quot;:&quot;0&quot;,&quot;copyright&quot;:&quot;&quot;,&quot;focal_length&quot;:&quot;0&quot;,&quot;iso&quot;:&quot;0&quot;,&quot;shutter_speed&quot;:&quot;0&quot;,&quot;title&quot;:&quot;&quot;,&quot;orientation&quot;:&quot;0&quot;}\" data-image-title=\"carteSDH_V1_edite\" data-image-description=\"\" data-image-caption=\"\" data-large-file=\"https:\/\/i0.wp.com\/julie-limoges.fr\/wp-content\/uploads\/2017\/03\/cartesdh_v1_edite.jpg?fit=1024%2C864&amp;ssl=1\" \/><\/a>\n\t\t\t<\/div><\/figure>\n\t\t<\/div>\n\n<\/div>\n<p>\u00a0<\/p>\n<p style=\"text-align: justify;\">Une deuxi\u00e8me plus vaste, mais moins d\u00e9taill\u00e9e, pour le tome 3. L&#8217;horizon s&#8217;\u00e9largit!\u00a0<\/p>\n<p><img data-recalc-dims=\"1\" decoding=\"async\" src=\"https:\/\/i0.wp.com\/julie-limoges.fr\/wp-content\/uploads\/2021\/03\/carteSDH3-1.jpg?ssl=1\" alt=\"\" \/><\/p>\n<div align=\"right\"><a title=\"le soleil des hommes\" href=\"https:\/\/julielimoges.wordpress.com\/sdh\/\">Retour<\/a><\/div>\n<p>\u00a0<\/p>\n\n","protected":false},"excerpt":{"rendered":"<p>Beaucoup de lecteurs m&#8217;ont dit qu&#8217;ils auraient aim\u00e9 disposer d&#8217;une carte pendant leur lecture. Je vous propose donc deux cartes [&hellip;]<\/p>\n","protected":false},"author":1,"featured_media":1165,"parent":13,"menu_order":5,"comment_status":"closed","ping_status":"closed","template":"page-templates\/full-width-page.php","meta":{"site-sidebar-layout":"default","site-content-layout":"","ast-site-content-layout":"default","site-content-style":"default","site-sidebar-style":"default","ast-global-header-display":"","ast-banner-title-visibility":"","ast-main-header-display":"","ast-hfb-above-header-display":"","ast-hfb-below-header-display":"","ast-hfb-mobile-header-display":"","site-post-title":"","ast-breadcrumbs-content":"","ast-featured-img":"","footer-sml-layout":"","ast-disable-related-posts":"","theme-transparent-header-meta":"","adv-header-id-meta":"","stick-header-meta":"","header-above-stick-meta":"","header-main-stick-meta":"","header-below-stick-meta":"","astra-migrate-meta-layouts":"default","ast-page-background-enabled":"default","ast-page-background-meta":{"desktop":{"background-color":"var(--ast-global-color-4)","background-image":"","background-repeat":"repeat","background-position":"center center","background-size":"auto","background-attachment":"scroll","background-type":"","background-media":"","overlay-type":"","overlay-color":"","overlay-opacity":"","overlay-gradient":""},"tablet":{"background-color":"","background-image":"","background-repeat":"repeat","background-position":"center center","background-size":"auto","background-attachment":"scroll","background-type":"","background-media":"","overlay-type":"","overlay-color":"","overlay-opacity":"","overlay-gradient":""},"mobile":{"background-color":"","background-image":"","background-repeat":"repeat","background-position":"center center","background-size":"auto","background-attachment":"scroll","background-type":"","background-media":"","overlay-type":"","overlay-color":"","overlay-opacity":"","overlay-gradient":""}},"ast-content-background-meta":{"desktop":{"background-color":"var(--ast-global-color-5)","background-image":"","background-repeat":"repeat","background-position":"center center","background-size":"auto","background-attachment":"scroll","background-type":"","background-media":"","overlay-type":"","overlay-color":"","overlay-opacity":"","overlay-gradient":""},"tablet":{"background-color":"var(--ast-global-color-5)","background-image":"","background-repeat":"repeat","background-position":"center center","background-size":"auto","background-attachment":"scroll","background-type":"","background-media":"","overlay-type":"","overlay-color":"","overlay-opacity":"","overlay-gradient":""},"mobile":{"background-color":"var(--ast-global-color-5)","background-image":"","background-repeat":"repeat","background-position":"center center","background-size":"auto","background-attachment":"scroll","background-type":"","background-media":"","overlay-type":"","overlay-color":"","overlay-opacity":"","overlay-gradient":""}},"jetpack_post_was_ever_published":false,"footnotes":""},"class_list":["post-999","page","type-page","status-publish","has-post-thumbnail","hentry"],"jetpack_sharing_enabled":true,"jetpack_shortlink":"https:\/\/wp.me\/P9nlNh-g7","jetpack-related-posts":[{"id":1038,"url":"https:\/\/julie-limoges.fr\/?page_id=1038","url_meta":{"origin":999,"position":0},"title":"Ce qu&#8217;on en dit","author":"Kyvar","date":"27 July 2017","format":false,"excerpt":"Vous retrouverez ici les critiques et articles sur le cycle Le soleil des hommes ! \u00a0 Nuit de cendres Site de Catherine Loiseau J\u2019ai eu la chance de d\u00e9couvrir ce roman en avant-premi\u00e8re, vu que je suis l\u2019une des marraines de ce tome au sein du\u00a0collectif Hydralune. Franchement, d\u00e8s les\u2026","rel":"","context":"Similar post","block_context":{"text":"Similar post","link":""},"img":{"alt_text":"","src":"https:\/\/i0.wp.com\/julie-limoges.fr\/wp-content\/uploads\/2017\/07\/SDH_cequonendit.jpg?fit=1072%2C435&ssl=1&resize=350%2C200","width":350,"height":200,"srcset":"https:\/\/i0.wp.com\/julie-limoges.fr\/wp-content\/uploads\/2017\/07\/SDH_cequonendit.jpg?fit=1072%2C435&ssl=1&resize=350%2C200 1x, https:\/\/i0.wp.com\/julie-limoges.fr\/wp-content\/uploads\/2017\/07\/SDH_cequonendit.jpg?fit=1072%2C435&ssl=1&resize=525%2C300 1.5x, https:\/\/i0.wp.com\/julie-limoges.fr\/wp-content\/uploads\/2017\/07\/SDH_cequonendit.jpg?fit=1072%2C435&ssl=1&resize=700%2C400 2x, https:\/\/i0.wp.com\/julie-limoges.fr\/wp-content\/uploads\/2017\/07\/SDH_cequonendit.jpg?fit=1072%2C435&ssl=1&resize=1050%2C600 3x"},"classes":[]},{"id":269,"url":"https:\/\/julie-limoges.fr\/?page_id=269","url_meta":{"origin":999,"position":1},"title":"Tome 1 : Le chant de Kali","author":"Kyvar","date":"20 March 2015","format":false,"excerpt":"Pitch : Seven, un futur trentenaire plus tr\u00e8s jeune ou tr\u00e8s frais, est contraint d\u2019aider quotidiennement Ash, une cr\u00e9ature du Premier Sous-monde, \u00e0 r\u00e9soudre des affaires sensibles afin d\u2019honorer un march\u00e9 de dupe dont il ne se sent pas redevable. La derni\u00e8re affaire que son partenaire de circonstance lui impose\u2026","rel":"","context":"Similar post","block_context":{"text":"Similar post","link":""},"img":{"alt_text":"","src":"https:\/\/i0.wp.com\/julie-limoges.fr\/wp-content\/uploads\/2015\/03\/DF1.jpg?fit=1072%2C435&ssl=1&resize=350%2C200","width":350,"height":200,"srcset":"https:\/\/i0.wp.com\/julie-limoges.fr\/wp-content\/uploads\/2015\/03\/DF1.jpg?fit=1072%2C435&ssl=1&resize=350%2C200 1x, https:\/\/i0.wp.com\/julie-limoges.fr\/wp-content\/uploads\/2015\/03\/DF1.jpg?fit=1072%2C435&ssl=1&resize=525%2C300 1.5x, https:\/\/i0.wp.com\/julie-limoges.fr\/wp-content\/uploads\/2015\/03\/DF1.jpg?fit=1072%2C435&ssl=1&resize=700%2C400 2x, https:\/\/i0.wp.com\/julie-limoges.fr\/wp-content\/uploads\/2015\/03\/DF1.jpg?fit=1072%2C435&ssl=1&resize=1050%2C600 3x"},"classes":[]},{"id":1373,"url":"https:\/\/julie-limoges.fr\/?page_id=1373","url_meta":{"origin":999,"position":2},"title":"Tome 3 : La Danse de l&#8217;acier","author":"Kyvar","date":"17 March 2021","format":false,"excerpt":"Quatri\u00e8me de couverture : Les Porteurs de guerre sont l\u00e0. L\u2019invasion multine se poursuit et rien ne semble pouvoir l\u2019arr\u00eater. Elle menace maintenant de fondre sur Atorn, la capitale des R\u00e9gions. Bien inconscient de ce danger, Akhyla se remet difficilement de ses blessures \u00e0 Vach-Tyrel. Lui et ses compagnons cherchent\u2026","rel":"","context":"Similar post","block_context":{"text":"Similar post","link":""},"img":{"alt_text":"","src":"https:\/\/i0.wp.com\/julie-limoges.fr\/wp-content\/uploads\/2015\/03\/titleSDH.jpg?fit=1072%2C435&ssl=1&resize=350%2C200","width":350,"height":200,"srcset":"https:\/\/i0.wp.com\/julie-limoges.fr\/wp-content\/uploads\/2015\/03\/titleSDH.jpg?fit=1072%2C435&ssl=1&resize=350%2C200 1x, https:\/\/i0.wp.com\/julie-limoges.fr\/wp-content\/uploads\/2015\/03\/titleSDH.jpg?fit=1072%2C435&ssl=1&resize=525%2C300 1.5x, https:\/\/i0.wp.com\/julie-limoges.fr\/wp-content\/uploads\/2015\/03\/titleSDH.jpg?fit=1072%2C435&ssl=1&resize=700%2C400 2x, https:\/\/i0.wp.com\/julie-limoges.fr\/wp-content\/uploads\/2015\/03\/titleSDH.jpg?fit=1072%2C435&ssl=1&resize=1050%2C600 3x"},"classes":[]},{"id":77,"url":"https:\/\/julie-limoges.fr\/?page_id=77","url_meta":{"origin":999,"position":3},"title":"Tome 2 : Jusqu&#8217;au ciel","author":"Kyvar","date":"19 March 2015","format":false,"excerpt":"Quatri\u00e8me de couverture : Le temps presse. Dans l\u2019ombre et la moiteur, les r\u00e9giments des Duch\u00e9s ont submerg\u00e9 Arham. Les d\u00e9fenses du Bastion ont c\u00e9d\u00e9, d\u00e9versant des milliers de civils affol\u00e9s dans la sombre for\u00eat environnante. S\u00e9par\u00e9s de leur groupe, Akhyla et Ekam entreprennent de rejoindre le sud \u00e0 travers\u2026","rel":"","context":"Similar post","block_context":{"text":"Similar post","link":""},"img":{"alt_text":"","src":"https:\/\/i0.wp.com\/julie-limoges.fr\/wp-content\/uploads\/2015\/03\/SDH2.jpg?fit=1072%2C435&ssl=1&resize=350%2C200","width":350,"height":200,"srcset":"https:\/\/i0.wp.com\/julie-limoges.fr\/wp-content\/uploads\/2015\/03\/SDH2.jpg?fit=1072%2C435&ssl=1&resize=350%2C200 1x, https:\/\/i0.wp.com\/julie-limoges.fr\/wp-content\/uploads\/2015\/03\/SDH2.jpg?fit=1072%2C435&ssl=1&resize=525%2C300 1.5x, https:\/\/i0.wp.com\/julie-limoges.fr\/wp-content\/uploads\/2015\/03\/SDH2.jpg?fit=1072%2C435&ssl=1&resize=700%2C400 2x, https:\/\/i0.wp.com\/julie-limoges.fr\/wp-content\/uploads\/2015\/03\/SDH2.jpg?fit=1072%2C435&ssl=1&resize=1050%2C600 3x"},"classes":[]},{"id":1476,"url":"https:\/\/julie-limoges.fr\/?page_id=1476","url_meta":{"origin":999,"position":4},"title":"Memento Natalis","author":"Kyvar","date":"9 January 2023","format":false,"excerpt":"\u00a0 Imaginez un monde o\u00f9 plus personne ne mourrait, toujours plus vieillissant et bloqu\u00e9 dans une horrible routine. Une certaine f\u00eate interdite pourrait-elle faire office de r\u00e9bellion et, mieux, briser cette mal\u00e9diction ? \u00a0 \u00a0 \u00a0 \u00a0 Extrait : \u2014 Je sors les cartes, les arr\u00eata Auguste. Car nous sommes\u2026","rel":"","context":"Similar post","block_context":{"text":"Similar post","link":""},"img":{"alt_text":"","src":"https:\/\/i0.wp.com\/julie-limoges.fr\/wp-content\/uploads\/2023\/01\/MenentoLimoges.jpg?resize=350%2C200&ssl=1","width":350,"height":200},"classes":[]},{"id":263,"url":"https:\/\/julie-limoges.fr\/?page_id=263","url_meta":{"origin":999,"position":5},"title":"Tome 1 : Nuit de cendres","author":"Kyvar","date":"20 March 2015","format":false,"excerpt":"Quatri\u00e8me de couverture : Sale temps sur le monde. Dans la nuit perp\u00e9tuelle et sous la pluie, la guerre s\u2019appr\u00eate \u00e0 s\u2019abattre une fois encore sur les terres exsangues du royaume des Hommes. Accul\u00e9s par des hordes d\u00e9charn\u00e9es au sud, les Humains doivent \u00e0 pr\u00e9sent faire face aux arm\u00e9es multines\u2026","rel":"","context":"Similar post","block_context":{"text":"Similar post","link":""},"img":{"alt_text":"","src":"https:\/\/i0.wp.com\/julie-limoges.fr\/wp-content\/uploads\/2015\/03\/SDH1.jpg?fit=1072%2C435&ssl=1&resize=350%2C200","width":350,"height":200,"srcset":"https:\/\/i0.wp.com\/julie-limoges.fr\/wp-content\/uploads\/2015\/03\/SDH1.jpg?fit=1072%2C435&ssl=1&resize=350%2C200 1x, https:\/\/i0.wp.com\/julie-limoges.fr\/wp-content\/uploads\/2015\/03\/SDH1.jpg?fit=1072%2C435&ssl=1&resize=525%2C300 1.5x, https:\/\/i0.wp.com\/julie-limoges.fr\/wp-content\/uploads\/2015\/03\/SDH1.jpg?fit=1072%2C435&ssl=1&resize=700%2C400 2x, https:\/\/i0.wp.com\/julie-limoges.fr\/wp-content\/uploads\/2015\/03\/SDH1.jpg?fit=1072%2C435&ssl=1&resize=1050%2C600 3x"},"classes":[]}],"_links":{"self":[{"href":"https:\/\/julie-limoges.fr\/index.php?rest_route=\/wp\/v2\/pages\/999","targetHints":{"allow":["GET"]}}],"collection":[{"href":"https:\/\/julie-limoges.fr\/index.php?rest_route=\/wp\/v2\/pages"}],"about":[{"href":"https:\/\/julie-limoges.fr\/index.php?rest_route=\/wp\/v2\/types\/page"}],"author":[{"embeddable":true,"href":"https:\/\/julie-limoges.fr\/index.php?rest_route=\/wp\/v2\/users\/1"}],"replies":[{"embeddable":true,"href":"https:\/\/julie-limoges.fr\/index.php?rest_route=%2Fwp%2Fv2%2Fcomments&post=999"}],"version-history":[{"count":7,"href":"https:\/\/julie-limoges.fr\/index.php?rest_route=\/wp\/v2\/pages\/999\/revisions"}],"predecessor-version":[{"id":1394,"href":"https:\/\/julie-limoges.fr\/index.php?rest_route=\/wp\/v2\/pages\/999\/revisions\/1394"}],"up":[{"embeddable":true,"href":"https:\/\/julie-limoges.fr\/index.php?rest_route=\/wp\/v2\/pages\/13"}],"wp:featuredmedia":[{"embeddable":true,"href":"https:\/\/julie-limoges.fr\/index.php?rest_route=\/wp\/v2\/media\/1165"}],"wp:attachment":[{"href":"https:\/\/julie-limoges.fr\/index.php?rest_route=%2Fwp%2Fv2%2Fmedia&parent=999"}],"curies":[{"name":"wp","href":"https:\/\/api.w.org\/{rel}","templated":true}]}}